

{"id":129,"date":"2018-01-18T14:46:04","date_gmt":"2018-01-18T13:46:04","guid":{"rendered":"https:\/\/project.inria.fr\/rescom2018\/?page_id=129"},"modified":"2018-06-20T18:54:59","modified_gmt":"2018-06-20T16:54:59","slug":"participants","status":"publish","type":"page","link":"https:\/\/project.inria.fr\/rescom2018\/participants\/","title":{"rendered":"Participants"},"content":{"rendered":"<style type=\"text\/css\">\n.tg  {border-collapse:collapse;border-spacing:0;}\n.tg td{font-family:Arial, sans-serif;font-size:14px;padding:10px 5px;border-style:solid;border-width:1px;overflow:hidden;word-break:normal;}\n.tg th{font-family:Arial, sans-serif;font-size:14px;font-weight:normal;padding:10px 5px;border-style:solid;border-width:1px;overflow:hidden;word-break:normal;}\n.tg .tg-woug{font-size:14px;background-color:#ecf4ff;vertical-align:top}\n.tg .tg-4xo4{font-size:14px;background-color:#ffffff;vertical-align:top}\n.tg .tg-ecrz{font-size:14px;vertical-align:top}\n<\/style>\n<table class=\"tg\">\n<tr>\n<th class=\"tg-woug\">Nom<\/th>\n<th class=\"tg-woug\">Pr\u00e9nom<\/th>\n<th class=\"tg-woug\">Institut<\/th>\n<\/tr>\n<tr>\n<td class=\"tg-ecrz\">Alahdab <\/td>\n<td class=\"tg-ecrz\">Mhd Luay <\/td>\n<td class=\"tg-ecrz\">Telecom Paris-tech <\/td>\n<\/tr>\n<tr>\n<td class=\"tg-ecrz\">Allybokus <\/td>\n<td class=\"tg-ecrz\">Zaid <\/td>\n<td class=\"tg-ecrz\">Inria Sophia Antipolis <\/td>\n<\/tr>\n<tr>\n<td class=\"tg-ecrz\">Ammar <\/td>\n<td class=\"tg-ecrz\">Nesrine <\/td>\n<td class=\"tg-ecrz\">Nokia Bell Labs <\/td>\n<\/tr>\n<tr>\n<td class=\"tg-ecrz\">Benblidia <\/td>\n<td class=\"tg-ecrz\">Mohammed Anis <\/td>\n<td class=\"tg-ecrz\">UTT <\/td>\n<\/tr>\n<tr>\n<td class=\"tg-ecrz\">Bielova <\/td>\n<td class=\"tg-ecrz\">Nataliia <\/td>\n<td class=\"tg-ecrz\">Inria  Sophia Antipolis<\/td>\n<\/tr>\n<tr>\n<td class=\"tg-ecrz\">Bitaillou <\/td>\n<td class=\"tg-ecrz\">Alexi <\/td>\n<td class=\"tg-ecrz\">Universit\u00e9 de Nantes<\/td>\n<\/tr>\n<tr>\n<td class=\"tg-ecrz\">Boulos <\/td>\n<td class=\"tg-ecrz\">Karen <\/td>\n<td class=\"tg-ecrz\">Universit\u00e9 D&rsquo;Orsay <\/td>\n<\/tr>\n<tr>\n<td class=\"tg-ecrz\">Canc\u00e9 <\/td>\n<td class=\"tg-ecrz\">Christophe <\/td>\n<td class=\"tg-ecrz\">CNRS <\/td>\n<\/tr>\n<tr>\n<td class=\"tg-ecrz\">Carneiro Viana <\/td>\n<td class=\"tg-ecrz\">Aline <\/td>\n<td class=\"tg-ecrz\">Inria Saclay &#8211; Ile de France <\/td>\n<\/tr>\n<tr>\n<td class=\"tg-ecrz\">Cazacu <\/td>\n<td class=\"tg-ecrz\">Vasile <\/td>\n<td class=\"tg-ecrz\">CNRS <\/td>\n<\/tr>\n<tr>\n<td class=\"tg-ecrz\">Cheniour <\/td>\n<td class=\"tg-ecrz\">Abderhaman <\/td>\n<td class=\"tg-ecrz\">Maison De L&rsquo;orient et de la M\u00e9diterran\u00e9e <\/td>\n<\/tr>\n<tr>\n<td class=\"tg-ecrz\">Cohen <\/td>\n<td class=\"tg-ecrz\">Nathann <\/td>\n<td class=\"tg-ecrz\">Laboratoire de Recherche en Informatique (LRI) <\/td>\n<\/tr>\n<tr>\n<td class=\"tg-ecrz\">Cointet <\/td>\n<td class=\"tg-ecrz\">Jean-philippe <\/td>\n<td class=\"tg-ecrz\">Sciences Po <\/td>\n<\/tr>\n<tr>\n<td class=\"tg-ecrz\">Coudert <\/td>\n<td class=\"tg-ecrz\">David <\/td>\n<td class=\"tg-ecrz\">Inria Sophia Antipolis <\/td>\n<\/tr>\n<tr>\n<td class=\"tg-ecrz\">Cros <\/td>\n<td class=\"tg-ecrz\">Marie-jos\u00e9e <\/td>\n<td class=\"tg-ecrz\">INRA <\/td>\n<\/tr>\n<tr>\n<td class=\"tg-ecrz\">Dai <\/td>\n<td class=\"tg-ecrz\">Sicheng <\/td>\n<td class=\"tg-ecrz\">ENS de Lyon <\/td>\n<\/tr>\n<tr>\n<td class=\"tg-ecrz\">Devienne <\/td>\n<td class=\"tg-ecrz\">Philippe <\/td>\n<td class=\"tg-ecrz\">CNRS <\/td>\n<\/tr>\n<tr>\n<td class=\"tg-ecrz\">Dias De Amorim <\/td>\n<td class=\"tg-ecrz\">Marcelo <\/td>\n<td class=\"tg-ecrz\">Sorbonne Universit\u00e9 <\/td>\n<\/tr>\n<tr>\n<td class=\"tg-ecrz\">Ducourthial <\/td>\n<td class=\"tg-ecrz\">Bertrand <\/td>\n<td class=\"tg-ecrz\">Universit\u00e9 de Technologie de Compi\u00e8gne <\/td>\n<\/tr>\n<tr>\n<td class=\"tg-ecrz\">Dumora <\/td>\n<td class=\"tg-ecrz\">Christophe <\/td>\n<td class=\"tg-ecrz\">Universit\u00e9 De Bordeaux <\/td>\n<\/tr>\n<tr>\n<td class=\"tg-ecrz\">Elhadad <\/td>\n<td class=\"tg-ecrz\">Mohamed <\/td>\n<td class=\"tg-ecrz\">Inria <\/td>\n<\/tr>\n<tr>\n<td class=\"tg-ecrz\">Eliassi-rad <\/td>\n<td class=\"tg-ecrz\">Tina <\/td>\n<td class=\"tg-ecrz\">Northeastern University <\/td>\n<\/tr>\n<tr>\n<td class=\"tg-ecrz\">Enguehard <\/td>\n<td class=\"tg-ecrz\">Marcel <\/td>\n<td class=\"tg-ecrz\">Telecom Paristech <\/td>\n<\/tr>\n<tr>\n<td class=\"tg-ecrz\">Farina <\/td>\n<td class=\"tg-ecrz\">Giovanni <\/td>\n<td class=\"tg-ecrz\">LIP6 &#8211; Sorbonne Universit\u00e9 <\/td>\n<\/tr>\n<tr>\n<td class=\"tg-ecrz\">Fitelson <\/td>\n<td class=\"tg-ecrz\">Branden <\/td>\n<td class=\"tg-ecrz\">Northeastern University <\/td>\n<\/tr>\n<tr>\n<td class=\"tg-ecrz\">Fleury <\/td>\n<td class=\"tg-ecrz\">Eric <\/td>\n<td class=\"tg-ecrz\">Inria <\/td>\n<\/tr>\n<tr>\n<td class=\"tg-ecrz\">Frittella <\/td>\n<td class=\"tg-ecrz\">Sabine <\/td>\n<td class=\"tg-ecrz\">INSA CVL <\/td>\n<\/tr>\n<tr>\n<td class=\"tg-ecrz\">Gagliardi <\/td>\n<td class=\"tg-ecrz\">Luca <\/td>\n<td class=\"tg-ecrz\">UCBL <\/td>\n<\/tr>\n<tr>\n<td class=\"tg-ecrz\">Gauvin <\/td>\n<td class=\"tg-ecrz\">Laetitia <\/td>\n<td class=\"tg-ecrz\">ISI Foundation<\/td>\n<\/tr>\n<tr>\n<td class=\"tg-ecrz\">Giovanidis <\/td>\n<td class=\"tg-ecrz\">Anastasios <\/td>\n<td class=\"tg-ecrz\">CNRS et Sorbonne Universit\u00e9 <\/td>\n<\/tr>\n<tr>\n<td class=\"tg-ecrz\">Giroire <\/td>\n<td class=\"tg-ecrz\">Fr\u00e9d\u00e9ric <\/td>\n<td class=\"tg-ecrz\">CNRS \/ Universit\u00e9 C\u00f4te d&rsquo;Azur <\/td>\n<\/tr>\n<tr>\n<td class=\"tg-ecrz\">Gouvy <\/td>\n<td class=\"tg-ecrz\">Nicolas <\/td>\n<td class=\"tg-ecrz\">Ecole HEI &#8211; Yncrea Hauts De France <\/td>\n<\/tr>\n<tr>\n<td class=\"tg-ecrz\">Green <\/td>\n<td class=\"tg-ecrz\">Thomas <\/td>\n<td class=\"tg-ecrz\">Orange \/ Telecom Paristech <\/td>\n<\/tr>\n<tr>\n<td class=\"tg-ecrz\">Hamed <\/td>\n<td class=\"tg-ecrz\">Imen <\/td>\n<td class=\"tg-ecrz\">Universit\u00e9 Paris 13 <\/td>\n<\/tr>\n<tr>\n<td class=\"tg-ecrz\">Hemmer <\/td>\n<td class=\"tg-ecrz\">Adrien <\/td>\n<td class=\"tg-ecrz\">Universit\u00e9 de Nantes \/ LS2N \/ RIO <\/td>\n<\/tr>\n<tr>\n<td class=\"tg-ecrz\">Irain <\/td>\n<td class=\"tg-ecrz\">Malik <\/td>\n<td class=\"tg-ecrz\">Universit\u00e9 Toulouse III &#8211; Paul Sabatier <\/td>\n<\/tr>\n<tr>\n<td class=\"tg-ecrz\">Jacquet <\/td>\n<td class=\"tg-ecrz\">Philippe <\/td>\n<td class=\"tg-ecrz\">Nokia Bell Labs <\/td>\n<\/tr>\n<tr>\n<td class=\"tg-ecrz\">Jonglez <\/td>\n<td class=\"tg-ecrz\">Baptiste <\/td>\n<td class=\"tg-ecrz\">Univ. Grenoble Alpes <\/td>\n<\/tr>\n<tr>\n<td class=\"tg-ecrz\">Karsai <\/td>\n<td class=\"tg-ecrz\">Marton <\/td>\n<td class=\"tg-ecrz\">ENS Lyon \/ Inria <\/td>\n<\/tr>\n<tr>\n<td class=\"tg-ecrz\">Lahad <\/td>\n<td class=\"tg-ecrz\">Bachir <\/td>\n<td class=\"tg-ecrz\">Paris Saclay <\/td>\n<\/tr>\n<tr>\n<td class=\"tg-ecrz\">Lahbib <\/td>\n<td class=\"tg-ecrz\">Asma <\/td>\n<td class=\"tg-ecrz\">Telecom SudParis <\/td>\n<\/tr>\n<tr>\n<td class=\"tg-ecrz\">Laouiti <\/td>\n<td class=\"tg-ecrz\">Anis <\/td>\n<td class=\"tg-ecrz\">Telecom SudParis <\/td>\n<\/tr>\n<tr>\n<td class=\"tg-ecrz\">Lerique <\/td>\n<td class=\"tg-ecrz\">S\u00e9bastien <\/td>\n<td class=\"tg-ecrz\">Inria \/ ENS Lyon <\/td>\n<\/tr>\n<tr>\n<td class=\"tg-ecrz\">Levy <\/td>\n<td class=\"tg-ecrz\">Jacobo <\/td>\n<td class=\"tg-ecrz\">ENS Lyon <\/td>\n<\/tr>\n<tr>\n<td class=\"tg-ecrz\">Mbacke <\/td>\n<td class=\"tg-ecrz\">Abdoul Aziz <\/td>\n<td class=\"tg-ecrz\">Inria <\/td>\n<\/tr>\n<tr>\n<td class=\"tg-ecrz\">Milioris <\/td>\n<td class=\"tg-ecrz\">Dimitrios <\/td>\n<td class=\"tg-ecrz\">Nokia Bell Labs <\/td>\n<\/tr>\n<tr>\n<td class=\"tg-ecrz\">Minet <\/td>\n<td class=\"tg-ecrz\">Pascale <\/td>\n<td class=\"tg-ecrz\">Inria <\/td>\n<\/tr>\n<tr>\n<td class=\"tg-ecrz\">Muhlethaler <\/td>\n<td class=\"tg-ecrz\">Paul <\/td>\n<td class=\"tg-ecrz\">Inria <\/td>\n<\/tr>\n<tr>\n<td class=\"tg-ecrz\">Nassar <\/td>\n<td class=\"tg-ecrz\">Jad <\/td>\n<td class=\"tg-ecrz\">HEI, Yncrea Hauts de France &#8211; Inria <\/td>\n<\/tr>\n<tr>\n<td class=\"tg-ecrz\">Nisse <\/td>\n<td class=\"tg-ecrz\">Nicolas <\/td>\n<td class=\"tg-ecrz\">Inria Sophia Antipolis<\/td>\n<\/tr>\n<tr>\n<td class=\"tg-ecrz\">Nougnanke <\/td>\n<td class=\"tg-ecrz\">Kokouvi Benoit <\/td>\n<td class=\"tg-ecrz\">Ups <\/td>\n<\/tr>\n<tr>\n<td class=\"tg-ecrz\">Obozinski <\/td>\n<td class=\"tg-ecrz\">Guillaume <\/td>\n<td class=\"tg-ecrz\">Ecole des Ponts Paris Tech <\/td>\n<\/tr>\n<tr>\n<td class=\"tg-ecrz\">Panisson <\/td>\n<td class=\"tg-ecrz\">Andr\u00e9 <\/td>\n<td class=\"tg-ecrz\">ISI Foundation <\/td>\n<\/tr>\n<tr>\n<td class=\"tg-ecrz\">Parrein <\/td>\n<td class=\"tg-ecrz\">Beno\u00eet <\/td>\n<td class=\"tg-ecrz\">Universit\u00e9 de Nantes <\/td>\n<\/tr>\n<tr>\n<td class=\"tg-ecrz\">Perennes <\/td>\n<td class=\"tg-ecrz\">St\u00e9phane <\/td>\n<td class=\"tg-ecrz\">CNRS \/ UCA Laboratoire I3S <\/td>\n<\/tr>\n<tr>\n<td class=\"tg-ecrz\">Putina <\/td>\n<td class=\"tg-ecrz\">Andrian <\/td>\n<td class=\"tg-ecrz\">Telecom Paristech <\/td>\n<\/tr>\n<tr>\n<td class=\"tg-ecrz\">Rizo <\/td>\n<td class=\"tg-ecrz\">Ana <\/td>\n<td class=\"tg-ecrz\"><\/td>\n<\/tr>\n<tr>\n<td class=\"tg-ecrz\">Salutari <\/td>\n<td class=\"tg-ecrz\">Flavia <\/td>\n<td class=\"tg-ecrz\">Telecom Paristech <\/td>\n<\/tr>\n<tr>\n<td class=\"tg-ecrz\">Saverimoutou <\/td>\n<td class=\"tg-ecrz\">Antoine <\/td>\n<td class=\"tg-ecrz\">Institut Mines-T\u00e9l\u00e9com Atlantique <\/td>\n<\/tr>\n<tr>\n<td class=\"tg-ecrz\">Sfar Toumi <\/td>\n<td class=\"tg-ecrz\">Hela <\/td>\n<td class=\"tg-ecrz\">T\u00e9l\u00e9com SudParis <\/td>\n<\/tr>\n<tr>\n<td class=\"tg-ecrz\">Tomassilli <\/td>\n<td class=\"tg-ecrz\">Andrea <\/td>\n<td class=\"tg-ecrz\">Universit\u00e9 C\u00f4te d&rsquo;Azur <\/td>\n<\/tr>\n<tr>\n<td class=\"tg-ecrz\">Touati <\/td>\n<td class=\"tg-ecrz\">Hadjer <\/td>\n<td class=\"tg-ecrz\">Telecom SudParis <\/td>\n<\/tr>\n<tr>\n<td class=\"tg-ecrz\">Toufga <\/td>\n<td class=\"tg-ecrz\">Soufian <\/td>\n<td class=\"tg-ecrz\"><\/td>\n<\/tr>\n<tr>\n<td class=\"tg-ecrz\">Unicomb <\/td>\n<td class=\"tg-ecrz\">Samuel <\/td>\n<td class=\"tg-ecrz\">Ecole Normale Sup\u00e9rieure de Lyon <\/td>\n<\/tr>\n<tr>\n<td class=\"tg-ecrz\">Valko <\/td>\n<td class=\"tg-ecrz\">Michal <\/td>\n<td class=\"tg-ecrz\">Inria Lille &#8211; Nord Europe <\/td>\n<\/tr>\n<tr>\n<td class=\"tg-ecrz\">Vazirgiannis <\/td>\n<td class=\"tg-ecrz\">Michalis <\/td>\n<td class=\"tg-ecrz\">LIX, Ecole Polytechnique<\/td>\n<\/tr>\n<tr>\n<td class=\"tg-ecrz\">Younus <\/td>\n<td class=\"tg-ecrz\">Muhammad Usman <\/td>\n<td class=\"tg-ecrz\">Universit\u00e9 de Toulouse, <\/td>\n<\/tr>\n<tr>\n<td class=\"tg-ecrz\">Zamboni <\/td>\n<td class=\"tg-ecrz\">Mathis <\/td>\n<td class=\"tg-ecrz\"><\/td>\n<\/tr>\n<tr>\n<td class=\"tg-ecrz\"><\/td>\n<td class=\"tg-ecrz\"><\/td>\n<td class=\"tg-ecrz\"><\/td>\n<\/tr>\n<tr>\n<td class=\"tg-ecrz\"><\/td>\n<td class=\"tg-ecrz\"><\/td>\n<td class=\"tg-ecrz\"><\/td>\n<\/tr>\n<tr>\n<td class=\"tg-ecrz\"><\/td>\n<td class=\"tg-ecrz\"><\/td>\n<td class=\"tg-ecrz\"><\/td>\n<\/tr>\n<\/table>\n","protected":false},"excerpt":{"rendered":"<p>Nom Pr\u00e9nom Institut Alahdab Mhd Luay Telecom Paris-tech Allybokus Zaid Inria Sophia Antipolis Ammar Nesrine Nokia Bell Labs Benblidia Mohammed Anis UTT Bielova Nataliia Inria Sophia Antipolis Bitaillou Alexi Universit\u00e9 de Nantes Boulos Karen Universit\u00e9 D&rsquo;Orsay Canc\u00e9 Christophe CNRS Carneiro Viana Aline Inria Saclay &#8211; Ile de France Cazacu Vasile\u2026<\/p>\n<p> <a class=\"continue-reading-link\" href=\"https:\/\/project.inria.fr\/rescom2018\/participants\/\"><span>Continue reading<\/span><i class=\"crycon-right-dir\"><\/i><\/a> <\/p>\n","protected":false},"author":659,"featured_media":0,"parent":0,"menu_order":0,"comment_status":"closed","ping_status":"closed","template":"","meta":{"footnotes":""},"class_list":["post-129","page","type-page","status-publish","hentry"],"_links":{"self":[{"href":"https:\/\/project.inria.fr\/rescom2018\/wp-json\/wp\/v2\/pages\/129","targetHints":{"allow":["GET"]}}],"collection":[{"href":"https:\/\/project.inria.fr\/rescom2018\/wp-json\/wp\/v2\/pages"}],"about":[{"href":"https:\/\/project.inria.fr\/rescom2018\/wp-json\/wp\/v2\/types\/page"}],"author":[{"embeddable":true,"href":"https:\/\/project.inria.fr\/rescom2018\/wp-json\/wp\/v2\/users\/659"}],"replies":[{"embeddable":true,"href":"https:\/\/project.inria.fr\/rescom2018\/wp-json\/wp\/v2\/comments?post=129"}],"version-history":[{"count":9,"href":"https:\/\/project.inria.fr\/rescom2018\/wp-json\/wp\/v2\/pages\/129\/revisions"}],"predecessor-version":[{"id":327,"href":"https:\/\/project.inria.fr\/rescom2018\/wp-json\/wp\/v2\/pages\/129\/revisions\/327"}],"wp:attachment":[{"href":"https:\/\/project.inria.fr\/rescom2018\/wp-json\/wp\/v2\/media?parent=129"}],"curies":[{"name":"wp","href":"https:\/\/api.w.org\/{rel}","templated":true}]}}