

{"id":134,"date":"2018-01-18T15:05:17","date_gmt":"2018-01-18T14:05:17","guid":{"rendered":"https:\/\/project.inria.fr\/rescom2018\/?page_id=134"},"modified":"2018-03-30T11:19:30","modified_gmt":"2018-03-30T09:19:30","slug":"poster","status":"publish","type":"page","link":"https:\/\/project.inria.fr\/rescom2018\/poster\/","title":{"rendered":"Th\u00e8se en 3 minutes"},"content":{"rendered":"<p><strong>Pour toute inscription \u00ab\u00a0jeune chercheur\u00a0\u00bb (De la seconde ann\u00e9e de th\u00e8se \u00e0 th\u00e8se +2) nous demandons de soumettre une pr\u00e9sentation de 3 minutes et un r\u00e9sum\u00e9 (1 page au style CORES\/AlgoTel en fran\u00e7ais ou en anglais)<\/strong><\/p>\n<p>Envoyez votre poster et votre r\u00e9sum\u00e9 par <a href=\"mailto:eric.fleury@inria.fr?Subject=Soumission r\u00e9sum\u00e9 poster ResCom 2018\" target=\"_top\">e-mail<\/a>.<\/p>\n<h3>Liste des posters pr\u00e9sent\u00e9s<\/h3>\n<table style=\"width: 100%;\" cellspacing=\"10\" cellpadding=\"10\">\n<tbody>\n<tr align=\"left\">\n<td>Nom, Pr\u00e9nom<\/td>\n<td>Affiliation<\/td>\n<td><\/td>\n<td><\/td>\n<\/tr>\n<tr>\n<td colspan=\"2\">R\u00e9sum\u00e9<\/td>\n<\/tr>\n<tr align=\"left\">\n<td>Nom, Pr\u00e9nom<\/td>\n<td>Affiliation<\/td>\n<td><\/td>\n<td><\/td>\n<\/tr>\n<tr>\n<td colspan=\"2\">R\u00e9sum\u00e9<\/td>\n<\/tr>\n<\/tbody>\n<\/table>\n","protected":false},"excerpt":{"rendered":"<p>Pour toute inscription \u00ab\u00a0jeune chercheur\u00a0\u00bb (De la seconde ann\u00e9e de th\u00e8se \u00e0 th\u00e8se +2) nous demandons de soumettre une pr\u00e9sentation de 3 minutes et un r\u00e9sum\u00e9 (1 page au style CORES\/AlgoTel en fran\u00e7ais ou en anglais) Envoyez votre poster et votre r\u00e9sum\u00e9 par e-mail. Liste des posters pr\u00e9sent\u00e9s Nom, Pr\u00e9nom\u2026<\/p>\n<p> <a class=\"continue-reading-link\" href=\"https:\/\/project.inria.fr\/rescom2018\/poster\/\"><span>Continue reading<\/span><i class=\"crycon-right-dir\"><\/i><\/a> <\/p>\n","protected":false},"author":659,"featured_media":0,"parent":0,"menu_order":0,"comment_status":"closed","ping_status":"closed","template":"","meta":{"footnotes":""},"class_list":["post-134","page","type-page","status-publish","hentry"],"_links":{"self":[{"href":"https:\/\/project.inria.fr\/rescom2018\/wp-json\/wp\/v2\/pages\/134","targetHints":{"allow":["GET"]}}],"collection":[{"href":"https:\/\/project.inria.fr\/rescom2018\/wp-json\/wp\/v2\/pages"}],"about":[{"href":"https:\/\/project.inria.fr\/rescom2018\/wp-json\/wp\/v2\/types\/page"}],"author":[{"embeddable":true,"href":"https:\/\/project.inria.fr\/rescom2018\/wp-json\/wp\/v2\/users\/659"}],"replies":[{"embeddable":true,"href":"https:\/\/project.inria.fr\/rescom2018\/wp-json\/wp\/v2\/comments?post=134"}],"version-history":[{"count":3,"href":"https:\/\/project.inria.fr\/rescom2018\/wp-json\/wp\/v2\/pages\/134\/revisions"}],"predecessor-version":[{"id":281,"href":"https:\/\/project.inria.fr\/rescom2018\/wp-json\/wp\/v2\/pages\/134\/revisions\/281"}],"wp:attachment":[{"href":"https:\/\/project.inria.fr\/rescom2018\/wp-json\/wp\/v2\/media?parent=134"}],"curies":[{"name":"wp","href":"https:\/\/api.w.org\/{rel}","templated":true}]}}