

{"id":138,"date":"2018-01-18T15:22:19","date_gmt":"2018-01-18T14:22:19","guid":{"rendered":"https:\/\/project.inria.fr\/rescom2018\/?page_id=138"},"modified":"2018-01-18T15:22:19","modified_gmt":"2018-01-18T14:22:19","slug":"mentions-legales","status":"publish","type":"page","link":"https:\/\/project.inria.fr\/rescom2018\/mentions-legales\/","title":{"rendered":"Mentions l\u00e9gales"},"content":{"rendered":"<h3>Legal notice<\/h3>\n<p>Ce site web est h\u00e9berg\u00e9 par Inria<\/p>\n<pre>\r\nInria\r\nDomaine de Voluceau\r\nRocquencourt - B.P. 105\r\n78153 Le Chesnay Cedex - France\r\nT\u00e9l\u00e9phone: +33 1 39 63 55 11\r\n<\/pre>\n<h3>Protection des informations nominatives<\/h3>\n<p>Conform\u00e9ment \u00e0 la loi n\u00b0 78-17 du 6 janvier 1978, relative \u00e0 l&rsquo;Informatique, aux fichiers et aux Libert\u00e9s (articles 38, 39, 40), vous disposez d&rsquo;un droit d&rsquo;acc\u00e8s, de rectification et de suppression des donn\u00e9es vous concernant, en ligne sur ce site.<\/p>\n<h3>Webmaster:<\/h3>\n<p> Eric Fleury<\/p>\n","protected":false},"excerpt":{"rendered":"<p>Legal notice Ce site web est h\u00e9berg\u00e9 par Inria Inria Domaine de Voluceau Rocquencourt &#8211; B.P. 105 78153 Le Chesnay Cedex &#8211; France T\u00e9l\u00e9phone: +33 1 39 63 55 11 Protection des informations nominatives Conform\u00e9ment \u00e0 la loi n\u00b0 78-17 du 6 janvier 1978, relative \u00e0 l&rsquo;Informatique, aux fichiers et\u2026<\/p>\n<p> <a class=\"continue-reading-link\" href=\"https:\/\/project.inria.fr\/rescom2018\/mentions-legales\/\"><span>Continue reading<\/span><i class=\"crycon-right-dir\"><\/i><\/a> <\/p>\n","protected":false},"author":659,"featured_media":0,"parent":0,"menu_order":0,"comment_status":"closed","ping_status":"closed","template":"","meta":{"footnotes":""},"class_list":["post-138","page","type-page","status-publish","hentry"],"_links":{"self":[{"href":"https:\/\/project.inria.fr\/rescom2018\/wp-json\/wp\/v2\/pages\/138","targetHints":{"allow":["GET"]}}],"collection":[{"href":"https:\/\/project.inria.fr\/rescom2018\/wp-json\/wp\/v2\/pages"}],"about":[{"href":"https:\/\/project.inria.fr\/rescom2018\/wp-json\/wp\/v2\/types\/page"}],"author":[{"embeddable":true,"href":"https:\/\/project.inria.fr\/rescom2018\/wp-json\/wp\/v2\/users\/659"}],"replies":[{"embeddable":true,"href":"https:\/\/project.inria.fr\/rescom2018\/wp-json\/wp\/v2\/comments?post=138"}],"version-history":[{"count":1,"href":"https:\/\/project.inria.fr\/rescom2018\/wp-json\/wp\/v2\/pages\/138\/revisions"}],"predecessor-version":[{"id":139,"href":"https:\/\/project.inria.fr\/rescom2018\/wp-json\/wp\/v2\/pages\/138\/revisions\/139"}],"wp:attachment":[{"href":"https:\/\/project.inria.fr\/rescom2018\/wp-json\/wp\/v2\/media?parent=138"}],"curies":[{"name":"wp","href":"https:\/\/api.w.org\/{rel}","templated":true}]}}