

{"id":140,"date":"2018-01-18T15:33:41","date_gmt":"2018-01-18T14:33:41","guid":{"rendered":"https:\/\/project.inria.fr\/rescom2018\/?page_id=140"},"modified":"2018-06-19T15:15:36","modified_gmt":"2018-06-19T13:15:36","slug":"programme","status":"publish","type":"page","link":"https:\/\/project.inria.fr\/rescom2018\/programme\/","title":{"rendered":"Programme"},"content":{"rendered":"<p>Slides of the lectures are (progressively) available <a href=\"http:\/\/perso.ens-lyon.fr\/marton.karsai\/protected\/rescom2018\/lectures\/\" target=\"_blank\" rel=\"noopener\">here<\/a><\/p>\n<table class=\"tg\" width=\"300\">\n<tbody>\n<tr>\n<th colspan=\"2\">Jour #1, Lundi 18 Juin 2018<\/th>\n<\/tr>\n<tr>\n<td>10:30<\/td>\n<td>D\u00e9part de la navette de la gare de Nice<\/td>\n<\/tr>\n<tr>\n<td>10:45<\/td>\n<td>D\u00e9part de la navette de l&rsquo;a\u00e9roport de Nice<\/td>\n<\/tr>\n<tr class=\"tr-break\">\n<td width=\"110\">12:45 \u2014 13:30<\/td>\n<td>Arriv\u00e9e \u00e0 La-Tour-Fondue \/ Panier repas<\/td>\n<\/tr>\n<tr class=\"tr-break\">\n<td width=\"110\">13:30 \u2014 14:00<\/td>\n<td>Travers\u00e9e en bateau IGESA pour l&rsquo;ile de Porquerolles<\/td>\n<\/tr>\n<tr class=\"tr-invited\">\n<td>15:00 \u2014 16:30<\/td>\n<td>Cours 1 (partie 1), Laetitia Gauvin, <em>Introduction au Network Science (NS)<\/em><\/td>\n<\/tr>\n<tr class=\"tr-break\">\n<td>16:30 \u2014 17:00<\/td>\n<td>Pause caf\u00e9<\/td>\n<\/tr>\n<tr class=\"tr-invited\">\n<td>17:00 \u2014 18:30<\/td>\n<td>Cours 2 (partie 1), Guillaume Obozinski, <em>Introduction au Machine Learning (ML)<\/em><\/td>\n<\/tr>\n<tr class=\"tr-invited\">\n<td>18:30 \u2014 19:15<\/td>\n<td>Pr\u00e9sentation du Hackathon<\/td>\n<\/tr>\n<tr class=\"tr-break\">\n<td>19:15 \u2014 20:15<\/td>\n<td>D\u00eener<\/td>\n<\/tr>\n<tr class=\"tr-empty\">\n<td><\/td>\n<td><\/td>\n<\/tr>\n<tr class=\"tr-empty\">\n<td><\/td>\n<td><\/td>\n<\/tr>\n<tr>\n<th colspan=\"2\">Jour #2, Mardi 19 Juin 2018<\/th>\n<\/tr>\n<tr class=\"tr-break\">\n<td width=\"110\">\u00a0\u00a07:15 \u2014 \u00a0\u00a08:15<\/td>\n<td>Petit D\u00e9jeuner<\/td>\n<\/tr>\n<tr class=\"tr-invited\">\n<td>\u00a0\u00a08:30 \u2014 10:00<\/td>\n<td>Cours 2 (partie 2), Guillaume Obozinski, <em>Introduction au Machine Learning (ML)<\/em><\/td>\n<\/tr>\n<tr class=\"tr-break\">\n<td>10:00 \u2014 10:30<\/td>\n<td>Pause caf\u00e9<\/td>\n<\/tr>\n<tr class=\"tr-invited\">\n<td>10:30 \u2014 12:00<\/td>\n<td>Cours d&rsquo;ouverture, Nataliia Bielova, <em>Loyaut\u00e9\/transparence des algorithmes et des donn\u00e9es<\/em><\/td>\n<\/tr>\n<tr class=\"tr-break\">\n<td width=\"110\">12:00 \u2014 14:00<\/td>\n<td>D\u00e9jeuner<\/td>\n<\/tr>\n<tr class=\"tr-invited\">\n<td>14:00 \u2014 15:30<\/td>\n<td>Cours 1 (partie 2), Laetitia Gauvin, <em>Introduction au Network Science (NS)<\/em><\/td>\n<\/tr>\n<tr class=\"tr-break\">\n<td>15:30 \u2014 16:00<\/td>\n<td>Pause caf\u00e9<\/td>\n<\/tr>\n<tr class=\"tr-invited\">\n<td>16:00 \u2014 17:00<\/td>\n<td>Th\u00e8se en 3 minutes<\/td>\n<\/tr>\n<tr class=\"tr-invited\">\n<td>17:00 \u2014 18:30<\/td>\n<td>Cours 3 (partie 1), Michalis Vazirgiannis, <em>Introduction au Data Science (DS)<\/em><\/td>\n<\/tr>\n<tr class=\"tr-invited\">\n<td>18:30 \u2014 19:30<\/td>\n<td>Hackathon<\/td>\n<\/tr>\n<tr class=\"tr-break\">\n<td>19:30 \u2014 20:15<\/td>\n<td>D\u00eener<\/td>\n<\/tr>\n<tr class=\"tr-empty\">\n<td><\/td>\n<td><\/td>\n<\/tr>\n<tr class=\"tr-empty\">\n<td><\/td>\n<td><\/td>\n<\/tr>\n<tr>\n<th colspan=\"2\">Jour #3, Mercredi 20 Juin 2018<\/th>\n<\/tr>\n<tr class=\"tr-break\">\n<td width=\"110\">\u00a0\u00a07:15 \u2014 \u00a0\u00a08:15<\/td>\n<td>Petit D\u00e9jeuner<\/td>\n<\/tr>\n<tr class=\"tr-invited\">\n<td>\u00a0\u00a08:30 \u2014 10:00<\/td>\n<td>Cours 3 (partie 2), Michalis Vazirgiannis, <em>Introduction au Data Science (DS)<\/em><\/td>\n<\/tr>\n<tr class=\"tr-break\">\n<td>10:00 \u2014 10:30<\/td>\n<td>Pause caf\u00e9<\/td>\n<\/tr>\n<tr class=\"tr-invited\">\n<td>10:30 \u2014 12:00<\/td>\n<td>Cours 2 (partie 3), Guillaume Obozinski, <em>Travaux pratique Machine Learning (ML)<\/em><\/td>\n<\/tr>\n<tr class=\"tr-break\">\n<td width=\"110\">12:00 \u2014 13:00<\/td>\n<td>D\u00e9jeuner<\/td>\n<\/tr>\n<tr class=\"tr-invited\">\n<td>13:00 \u2014 17:30<\/td>\n<td>Activit\u00e9s sociales<\/td>\n<\/tr>\n<tr>\n<td>17:30 \u2014 19:00<\/td>\n<td>Cours d&rsquo;ouverture, Jean-Philippe Cointet, <em>Analyse des m\u00e9dia sociaux<\/em><\/td>\n<\/tr>\n<tr class=\"tr-break\">\n<td>19:15 \u2014 21:00<\/td>\n<td>D\u00eener<\/td>\n<\/tr>\n<tr class=\"tr-empty\">\n<td><\/td>\n<td><\/td>\n<\/tr>\n<tr class=\"tr-empty\">\n<td><\/td>\n<td><\/td>\n<\/tr>\n<tr>\n<th colspan=\"2\">Jour #4, Jeudi 21 Juin 2018<\/th>\n<\/tr>\n<tr class=\"tr-break\">\n<td width=\"110\">\u00a0\u00a07:15 \u2014 \u00a0\u00a08:15<\/td>\n<td>Petit D\u00e9jeuner<\/td>\n<\/tr>\n<tr class=\"tr-invited\">\n<td>\u00a0\u00a08:30 \u2014 10:00<\/td>\n<td>Cours 4 (partie 1), Tina Eliassi-Rad, <em>Machine Learning on networks (ML)<\/em><\/td>\n<\/tr>\n<tr class=\"tr-break\">\n<td>10:00 \u2014 10:30<\/td>\n<td>Pause caf\u00e9<\/td>\n<\/tr>\n<tr class=\"tr-invited\">\n<td>10:30 \u2014 12:00<\/td>\n<td>Cours 5 (partie 1), Andr\u00e9 Panisson, <em>Th\u00e9orie du Data Science (DS)<\/em><\/td>\n<\/tr>\n<tr class=\"tr-break\">\n<td width=\"110\">12:00 \u2014 14:00<\/td>\n<td>D\u00e9jeuner<\/td>\n<\/tr>\n<tr class=\"tr-invited\">\n<td>14:00 \u2014 15:30<\/td>\n<td>Cours 5 (partie 2), Andr\u00e9 Panisson, <em>Th\u00e9orie du Data Science (DS)<\/em><\/td>\n<\/tr>\n<tr class=\"tr-break\">\n<td>15:30 \u2014 16:00<\/td>\n<td>Pause caf\u00e9<\/td>\n<\/tr>\n<tr class=\"tr-invited\">\n<td>16:00 \u2014 17:30<\/td>\n<td>Cours 4 (partie 2), Tina Eliassi-Rad, <em>Machine Learning on networks (ML)<\/em><\/td>\n<\/tr>\n<tr class=\"tr-invited\">\n<td>17:30 \u2014 19:00<\/td>\n<td>Hackathon<\/td>\n<\/tr>\n<tr class=\"tr-break\">\n<td>19:15 \u2014 20:15<\/td>\n<td>D\u00eener<\/td>\n<\/tr>\n<tr class=\"tr-empty\">\n<td><\/td>\n<td><\/td>\n<\/tr>\n<tr class=\"tr-empty\">\n<td><\/td>\n<td><\/td>\n<\/tr>\n<tr>\n<th colspan=\"2\">Jour #5, Vendredi 22 Juin 2018<\/th>\n<\/tr>\n<tr class=\"tr-break\">\n<td width=\"110\">\u00a0\u00a07:5 \u2014 \u00a0\u00a08:15<\/td>\n<td>Petit D\u00e9jeuner<\/td>\n<\/tr>\n<tr class=\"tr-invited\">\n<td>\u00a0\u00a08:30 \u2014 10:00<\/td>\n<td>Cours 5 (partie 3), Andr\u00e9 Panisson, <em>Travaux pratique Data Science (DS)<\/em><\/td>\n<\/tr>\n<tr class=\"tr-break\">\n<td>10:00 \u2014 10:30<\/td>\n<td>Pause caf\u00e9<\/td>\n<\/tr>\n<tr class=\"tr-invited\">\n<td>10:30 \u2014 12:00<\/td>\n<td>Pr\u00e9sentation des r\u00e9sultats par les \u00e9quipes du hackathon<\/td>\n<\/tr>\n<tr class=\"tr-break\">\n<td width=\"110\">12:00 \u2014 13:00<\/td>\n<td>D\u00e9jeuner &amp; remise du prix Hackathon<\/td>\n<\/tr>\n<tr>\n<td>13:00<\/td>\n<td>Fin de l&rsquo;\u00e9cole th\u00e9matique ResCom 2018<\/td>\n<\/tr>\n<tr>\n<td>13:00 \u2014 13:30<\/td>\n<td>Travers\u00e9e en bateau IGESA pour retour \u00e0 La Tour Fondue<\/td>\n<\/tr>\n<tr class=\"tr-empty\">\n<td><\/td>\n<td><\/td>\n<\/tr>\n<tr class=\"tr-empty\">\n<td><\/td>\n<td><\/td>\n<\/tr>\n<\/tbody>\n<\/table>\n","protected":false},"excerpt":{"rendered":"<p>Slides of the lectures are (progressively) available here Jour #1, Lundi 18 Juin 2018 10:30 D\u00e9part de la navette de la gare de Nice 10:45 D\u00e9part de la navette de l&rsquo;a\u00e9roport de Nice 12:45 \u2014 13:30 Arriv\u00e9e \u00e0 La-Tour-Fondue \/ Panier repas 13:30 \u2014 14:00 Travers\u00e9e en bateau IGESA pour\u2026<\/p>\n<p> <a class=\"continue-reading-link\" href=\"https:\/\/project.inria.fr\/rescom2018\/programme\/\"><span>Continue reading<\/span><i class=\"crycon-right-dir\"><\/i><\/a> <\/p>\n","protected":false},"author":659,"featured_media":0,"parent":0,"menu_order":0,"comment_status":"closed","ping_status":"closed","template":"","meta":{"footnotes":""},"class_list":["post-140","page","type-page","status-publish","hentry"],"_links":{"self":[{"href":"https:\/\/project.inria.fr\/rescom2018\/wp-json\/wp\/v2\/pages\/140","targetHints":{"allow":["GET"]}}],"collection":[{"href":"https:\/\/project.inria.fr\/rescom2018\/wp-json\/wp\/v2\/pages"}],"about":[{"href":"https:\/\/project.inria.fr\/rescom2018\/wp-json\/wp\/v2\/types\/page"}],"author":[{"embeddable":true,"href":"https:\/\/project.inria.fr\/rescom2018\/wp-json\/wp\/v2\/users\/659"}],"replies":[{"embeddable":true,"href":"https:\/\/project.inria.fr\/rescom2018\/wp-json\/wp\/v2\/comments?post=140"}],"version-history":[{"count":46,"href":"https:\/\/project.inria.fr\/rescom2018\/wp-json\/wp\/v2\/pages\/140\/revisions"}],"predecessor-version":[{"id":324,"href":"https:\/\/project.inria.fr\/rescom2018\/wp-json\/wp\/v2\/pages\/140\/revisions\/324"}],"wp:attachment":[{"href":"https:\/\/project.inria.fr\/rescom2018\/wp-json\/wp\/v2\/media?parent=140"}],"curies":[{"name":"wp","href":"https:\/\/api.w.org\/{rel}","templated":true}]}}