

{"id":4,"date":"2011-12-08T11:55:34","date_gmt":"2011-12-08T11:55:34","guid":{"rendered":"http:\/\/project.inria.fr\/template1\/?page_id=4"},"modified":"2013-04-19T14:17:57","modified_gmt":"2013-04-19T12:17:57","slug":"h","status":"publish","type":"page","link":"https:\/\/project.inria.fr\/reset\/fr\/","title":{"rendered":"Accueil"},"content":{"rendered":"<p><strong>Reset<\/strong> \u00e9tudie la machinerie d\u2019expression g\u00e9nique bact\u00e9rienne, \u00e0 l\u2019aide de mod\u00e8les et d\u2019exp\u00e9riences, et d\u00e9veloppe des applications biotechnologiques bas\u00e9es sur le contr\u00f4le de la machinerie d\u2019expression g\u00e9nique.<\/p>\n<p><strong>Derni\u00e8res actualit\u00e9s.<\/strong><\/p>\n<p><ul class=\"lcp_catlist\" id=\"lcp_instance_0\"><li><a href=\"https:\/\/project.inria.fr\/reset\/fr\/workshop-october-20-2017\/\">Workshop contr\u00f4le de croissance microbienne et applications biotechnologiques<\/a><div class=\"lcp_excerpt\">Ev\u00e8nement satellite du colloque annuel du GDR BioSynSys \u00e0 Montpellier (20 October 20, 2017). Pour plus d&rsquo; information, voir la page du workshop.\n<\/div><\/li><li><a href=\"https:\/\/project.inria.fr\/reset\/fr\/final-reset-meeting\/\">Derni\u00e8re r\u00e9union annuelle de Reset<\/a><div class=\"lcp_excerpt\">La derni\u00e8re r\u00e9union annuelle de Reset aura eu lieu \u00e0 l&rsquo;INRIA Grenoble &#8211; Rh\u00f4ne-Alpes le 18 septembre 2017, en pr\u00e9sence de repr\u00e9sentants de tous les partenaires et de l&rsquo;ANR.\n<\/div><\/li><li><a href=\"https:\/\/project.inria.fr\/reset\/fr\/third-annual-reset-meeting\/\">Troisi\u00e8me r\u00e9union annuelle de Reset<\/a><div class=\"lcp_excerpt\">La troisi\u00e8me r\u00e9union annuelle de Reset a eu lieu \u00e0 l&rsquo;INRIA Grenoble &#8211; Rh\u00f4ne-Alpes le 26 novembre 2015, en pr\u00e9sence de repr\u00e9sentants de tous les partenaires et de l&rsquo;ANR.\n<\/div><\/li><\/ul><\/p>","protected":false},"excerpt":{"rendered":"<p>Reset \u00e9tudie la machinerie d\u2019expression g\u00e9nique bact\u00e9rienne, \u00e0 l\u2019aide de mod\u00e8les et d\u2019exp\u00e9riences, et d\u00e9veloppe des applications biotechnologiques bas\u00e9es sur le contr\u00f4le de la machinerie d\u2019expression g\u00e9nique. Derni\u00e8res actualit\u00e9s.<\/p>\n","protected":false},"author":1,"featured_media":0,"parent":0,"menu_order":1,"comment_status":"closed","ping_status":"open","template":"","meta":{"footnotes":""},"class_list":["post-4","page","type-page","status-publish","hentry","nodate","item-wrap"],"_links":{"self":[{"href":"https:\/\/project.inria.fr\/reset\/fr\/wp-json\/wp\/v2\/pages\/4","targetHints":{"allow":["GET"]}}],"collection":[{"href":"https:\/\/project.inria.fr\/reset\/fr\/wp-json\/wp\/v2\/pages"}],"about":[{"href":"https:\/\/project.inria.fr\/reset\/fr\/wp-json\/wp\/v2\/types\/page"}],"author":[{"embeddable":true,"href":"https:\/\/project.inria.fr\/reset\/fr\/wp-json\/wp\/v2\/users\/1"}],"replies":[{"embeddable":true,"href":"https:\/\/project.inria.fr\/reset\/fr\/wp-json\/wp\/v2\/comments?post=4"}],"version-history":[{"count":15,"href":"https:\/\/project.inria.fr\/reset\/fr\/wp-json\/wp\/v2\/pages\/4\/revisions"}],"predecessor-version":[{"id":167,"href":"https:\/\/project.inria.fr\/reset\/fr\/wp-json\/wp\/v2\/pages\/4\/revisions\/167"}],"wp:attachment":[{"href":"https:\/\/project.inria.fr\/reset\/fr\/wp-json\/wp\/v2\/media?parent=4"}],"curies":[{"name":"wp","href":"https:\/\/api.w.org\/{rel}","templated":true}]}}