

{"id":55,"date":"2013-01-21T10:22:01","date_gmt":"2013-01-21T09:22:01","guid":{"rendered":"https:\/\/project.inria.fr\/reset\/?page_id=55"},"modified":"2016-03-23T22:23:15","modified_gmt":"2016-03-23T21:23:15","slug":"project","status":"publish","type":"page","link":"https:\/\/project.inria.fr\/reset\/fr\/project\/","title":{"rendered":"Projet"},"content":{"rendered":"<p>Le projet Reset est financ\u00e9 dans le cadre du deuxi\u00e8me <a title=\"PIA website\" href=\"http:\/\/www.agence-nationale-recherche.fr\/investissementsdavenir\/AAP-BIOINFORMATIQUE-2011.html\" target=\"_blank\">appel \u00e0 projets Bioinformatique du programme Investissement d&rsquo;avenir<\/a>. Le projet a d\u00e9but\u00e9 le 1 octobre 2012, pour une dur\u00e9e de 5 ans. Sept partenaires sont impliqu\u00e9s dans Reset, y compris l&rsquo;entreprise Metabolic Explorer SA.<\/p>\n<p>Reset \u00e9tudie la machinerie d&rsquo;expression g\u00e9nique bact\u00e9rienne, \u00e0 l&rsquo;aide de mod\u00e8les et d&rsquo;exp\u00e9riences, et d\u00e9veloppe des applications biotechnologiques bas\u00e9es sur le contr\u00f4le de la machinerie d&rsquo;expression g\u00e9nique.<\/p>\n<p><a href=\"https:\/\/project.inria.fr\/reset\/files\/2013\/01\/Logos_project_quadri.png\"><img loading=\"lazy\" decoding=\"async\" class=\"aligncenter\" src=\"https:\/\/project.inria.fr\/reset\/files\/2013\/01\/Logos_project_quadri.png\" alt=\"Logos_project_quadri\" width=\"229\" height=\"102\" \/><\/a><\/p>","protected":false},"excerpt":{"rendered":"<p>Le projet Reset est financ\u00e9 dans le cadre du deuxi\u00e8me appel \u00e0 projets Bioinformatique du programme Investissement d&rsquo;avenir. Le projet a d\u00e9but\u00e9 le 1 octobre 2012, pour une dur\u00e9e de 5 ans. Sept partenaires sont impliqu\u00e9s dans Reset, y compris l&rsquo;entreprise Metabolic Explorer SA. Reset \u00e9tudie la machinerie d&rsquo;expression g\u00e9nique bact\u00e9rienne, \u00e0 l&rsquo;aide de mod\u00e8les &hellip; <\/p>\n<p><a class=\"more-link btn\" href=\"https:\/\/project.inria.fr\/reset\/fr\/project\/\">Lire la suite<\/a><\/p>\n","protected":false},"author":253,"featured_media":0,"parent":0,"menu_order":2,"comment_status":"open","ping_status":"open","template":"","meta":{"footnotes":""},"class_list":["post-55","page","type-page","status-publish","hentry","nodate","item-wrap"],"_links":{"self":[{"href":"https:\/\/project.inria.fr\/reset\/fr\/wp-json\/wp\/v2\/pages\/55","targetHints":{"allow":["GET"]}}],"collection":[{"href":"https:\/\/project.inria.fr\/reset\/fr\/wp-json\/wp\/v2\/pages"}],"about":[{"href":"https:\/\/project.inria.fr\/reset\/fr\/wp-json\/wp\/v2\/types\/page"}],"author":[{"embeddable":true,"href":"https:\/\/project.inria.fr\/reset\/fr\/wp-json\/wp\/v2\/users\/253"}],"replies":[{"embeddable":true,"href":"https:\/\/project.inria.fr\/reset\/fr\/wp-json\/wp\/v2\/comments?post=55"}],"version-history":[{"count":12,"href":"https:\/\/project.inria.fr\/reset\/fr\/wp-json\/wp\/v2\/pages\/55\/revisions"}],"predecessor-version":[{"id":190,"href":"https:\/\/project.inria.fr\/reset\/fr\/wp-json\/wp\/v2\/pages\/55\/revisions\/190"}],"wp:attachment":[{"href":"https:\/\/project.inria.fr\/reset\/fr\/wp-json\/wp\/v2\/media?parent=55"}],"curies":[{"name":"wp","href":"https:\/\/api.w.org\/{rel}","templated":true}]}}