

{"id":209,"date":"2020-11-24T10:16:41","date_gmt":"2020-11-24T09:16:41","guid":{"rendered":"https:\/\/project.inria.fr\/resourcearbitration\/?page_id=209"},"modified":"2020-11-24T10:40:13","modified_gmt":"2020-11-24T09:40:13","slug":"radr-2020","status":"publish","type":"page","link":"https:\/\/project.inria.fr\/resourcearbitration\/radr-2020\/","title":{"rendered":"RADR 2020"},"content":{"rendered":"<h5>For the 2020 edition the program was:<\/h5>\n<ul>\n<li><strong>Introduction. <\/strong><a href=\"https:\/\/project.inria.fr\/resourcearbitration\/files\/2020\/05\/RADR_2020_Introduction.pdf\">Slides.<\/a><\/li>\n<li><strong>An Implementation of User-Level Processes using Address Space Sharing<\/strong>,\u00a0Atsushi Hori, Balazs Gerofi and Yutaka Ishikawa. <a href=\"https:\/\/project.inria.fr\/resourcearbitration\/files\/2020\/05\/RADR-1.pdf\">Slides.<\/a><\/li>\n<li><strong>NUMA-aware CPU core allocation in cooperating dynamic applications,<\/strong>\u00a0Jiri Dokulil and Siegfried Benkner. <a href=\"https:\/\/project.inria.fr\/resourcearbitration\/files\/2020\/05\/RADR-2.pdf\">Slides.<\/a><\/li>\n<li><strong>Overlapping MPI communications with Intel TBB computation<\/strong>,\u00a0Cassandra Rocha Barbosa, Pierre Lemarinier, Marc Sergent, Guillaume Papaur\u00e9 and Marc P\u00e9rache. <a href=\"https:\/\/project.inria.fr\/resourcearbitration\/files\/2020\/05\/RADR-3.pdf\">Slides.<\/a><\/li>\n<li><strong>System Software for Resource Arbitration on Future Many-* Architectures<\/strong>,\u00a0Florian Schmaus, Sebastian Maier, Tobias Langer, Jonas Rabenstein, Timo H\u00f6nig, Lars Bauer, J\u00f6rg Henkel, Wolfgang Schr\u00f6der-Preikschat. <a href=\"https:\/\/project.inria.fr\/resourcearbitration\/files\/2020\/05\/RADR-4.pdf\">Slides.<\/a><\/li>\n<\/ul>\n<p>The workshop was\u00a0held virtually on May 18, 2020.<\/p>\n<p>&nbsp;<\/p>\n<p>&nbsp;<\/p>\n<p>&nbsp;<\/p>\n<p>&nbsp;<\/p>\n","protected":false},"excerpt":{"rendered":"<p>For the 2020 edition the program was: Introduction. Slides. An Implementation of User-Level Processes using Address Space Sharing,\u00a0Atsushi Hori, Balazs Gerofi and Yutaka Ishikawa. Slides. NUMA-aware CPU core allocation in cooperating dynamic applications,\u00a0Jiri Dokulil and Siegfried Benkner. Slides. Overlapping MPI communications with Intel TBB computation,\u00a0Cassandra Rocha Barbosa, Pierre Lemarinier, Marc\u2026<\/p>\n<p> <a class=\"continue-reading-link\" href=\"https:\/\/project.inria.fr\/resourcearbitration\/radr-2020\/\"><span>Continue reading<\/span><i class=\"crycon-right-dir\"><\/i><\/a> <\/p>\n","protected":false},"author":1365,"featured_media":0,"parent":0,"menu_order":3,"comment_status":"closed","ping_status":"closed","template":"","meta":{"footnotes":""},"class_list":["post-209","page","type-page","status-publish","hentry"],"_links":{"self":[{"href":"https:\/\/project.inria.fr\/resourcearbitration\/wp-json\/wp\/v2\/pages\/209","targetHints":{"allow":["GET"]}}],"collection":[{"href":"https:\/\/project.inria.fr\/resourcearbitration\/wp-json\/wp\/v2\/pages"}],"about":[{"href":"https:\/\/project.inria.fr\/resourcearbitration\/wp-json\/wp\/v2\/types\/page"}],"author":[{"embeddable":true,"href":"https:\/\/project.inria.fr\/resourcearbitration\/wp-json\/wp\/v2\/users\/1365"}],"replies":[{"embeddable":true,"href":"https:\/\/project.inria.fr\/resourcearbitration\/wp-json\/wp\/v2\/comments?post=209"}],"version-history":[{"count":5,"href":"https:\/\/project.inria.fr\/resourcearbitration\/wp-json\/wp\/v2\/pages\/209\/revisions"}],"predecessor-version":[{"id":227,"href":"https:\/\/project.inria.fr\/resourcearbitration\/wp-json\/wp\/v2\/pages\/209\/revisions\/227"}],"wp:attachment":[{"href":"https:\/\/project.inria.fr\/resourcearbitration\/wp-json\/wp\/v2\/media?parent=209"}],"curies":[{"name":"wp","href":"https:\/\/api.w.org\/{rel}","templated":true}]}}