

{"id":4,"date":"2011-12-08T11:55:34","date_gmt":"2011-12-08T11:55:34","guid":{"rendered":"http:\/\/project.inria.fr\/template1\/?page_id=4"},"modified":"2019-02-11T14:44:49","modified_gmt":"2019-02-11T13:44:49","slug":"home","status":"publish","type":"page","link":"https:\/\/project.inria.fr\/roboticsprincipia\/","title":{"rendered":"Home"},"content":{"rendered":"<p><\/p>\n<h2 style=\"text-align: center;\"><strong>Robotics Principia<\/strong><\/h2>\n<p style=\"text-align: center;\">a <a href=\"https:\/\/www.gdr-robotique.org\/\">GdR Robotics<\/a> Winter School<\/p>\n<h4 style=\"text-align: center;\"><strong>January 21-25th 2019<\/strong><\/h4>\n<p style=\"text-align: center;\"><a href=\"https:\/\/www.inria.fr\/centre\/sophia\"><em>Inria Sophia Antipolis &#8211; M\u00e9dit\u00e9rran\u00e9e<\/em><\/a><\/p>\n<p style=\"text-align: center;\"><a href=\"https:\/\/project.inria.fr\/roboticsprincipia\/files\/2019\/01\/E-programme-5.pdf\">E-programme<\/a><\/p>\n<p>&nbsp;<\/p>\n<p style=\"text-align: justify;\">This school is aimed primarily at PhD students in robotics in first year and aims to teach the basics of robotics. It is organized within the framework of CNRS GdR Robotics (national network of robotics) at the initiative of the CHORALE and HEPHAISTOS project of INRIA. It is important for PhD students to catch the fundamental basics in robotics in a minimum of time.\u00a0 Understanding the background and fundamental basics may help them to understand quicker the main concepts and tools.\u00a0As the lectures will be delivered in English, all foreign students working in the French laboratories will have access to the winter school. The number of participants will be limited to 30. Inscriptions are mandatory. <a href=\"https:\/\/v4.congres-vert.org\/en\/rp2019\">Click here to register<\/a>. <strong>Inscription fees include accomodation from 1\/20 to 1\/25 and lunch.<\/strong><\/p>\n<p style=\"text-align: justify;\">The program consists of lectures in the morning and early afternoon. The rest of the afternoon and evening students will work in groups on a predefined task called &#8220;hands on&#8221; which will be given to them at the beginning and which must be done with a robotic system. The main results will be presented publicly on Friday afternoon.<\/p>\n<p style=\"text-align: justify;\">From an international point of view, we have invited two very well-known specialists working in robotics (Bruno Siciliano, Manfred Husty).<\/p>\n<p>&nbsp;<\/p>\n<p>Pre-registration: 15\/9 &#8211; 16\/11<br \/>\nNotification of acceptance: 18\/11<br \/>\nRegistration: 18\/11 &#8211; 30\/11<br \/>\nWinter School: 21-25\/01<\/p>\n<p>Video hands-on:<a href=\"https:\/\/www.youtube.com\/watch?v=OLPk5yp6QHw&amp;feature=youtu.be\">https:\/\/www.youtube.com\/watch?v=OLPk5yp6QHw&amp;feature=youtu.be<\/a><\/p>\n<p>Diaporama :\u00a0<a href=\"https:\/\/project.inria.fr\/roboticsprincipia\/diaporama\/\">https:\/\/project.inria.fr\/roboticsprincipia\/diaporama\/<\/a><\/p>\n<p><a href=\"https:\/\/project.inria.fr\/roboticsprincipia\/files\/2018\/07\/inr_logo_scientifique_eng_v2.png\"><img loading=\"lazy\" decoding=\"async\" class=\"alignnone wp-image-123\" src=\"https:\/\/project.inria.fr\/roboticsprincipia\/files\/2018\/07\/inr_logo_scientifique_eng_v2-300x105.png\" alt=\"\" width=\"231\" height=\"81\" srcset=\"https:\/\/project.inria.fr\/roboticsprincipia\/files\/2018\/07\/inr_logo_scientifique_eng_v2-300x105.png 300w, https:\/\/project.inria.fr\/roboticsprincipia\/files\/2018\/07\/inr_logo_scientifique_eng_v2-150x53.png 150w, https:\/\/project.inria.fr\/roboticsprincipia\/files\/2018\/07\/inr_logo_scientifique_eng_v2.png 645w\" sizes=\"auto, (max-width: 231px) 100vw, 231px\" \/>\u00a0\u00a0\u00a0\u00a0\u00a0\u00a0\u00a0\u00a0<\/a><a href=\"https:\/\/project.inria.fr\/roboticsprincipia\/files\/2018\/07\/NewlogoI3S_0.png\"><img loading=\"lazy\" decoding=\"async\" class=\"alignnone size-full wp-image-133\" src=\"https:\/\/project.inria.fr\/roboticsprincipia\/files\/2018\/07\/NewlogoI3S_0.png\" alt=\"\" width=\"250\" height=\"70\" srcset=\"https:\/\/project.inria.fr\/roboticsprincipia\/files\/2018\/07\/NewlogoI3S_0.png 250w, https:\/\/project.inria.fr\/roboticsprincipia\/files\/2018\/07\/NewlogoI3S_0-150x42.png 150w\" sizes=\"auto, (max-width: 250px) 100vw, 250px\" \/> \u00a0 \u00a0 \u00a0 <\/a><a href=\"https:\/\/project.inria.fr\/roboticsprincipia\/files\/2018\/07\/gdrrobotique.png\"><img loading=\"lazy\" decoding=\"async\" class=\"alignnone wp-image-127\" src=\"https:\/\/project.inria.fr\/roboticsprincipia\/files\/2018\/07\/gdrrobotique-300x134.png\" alt=\"\" width=\"271\" height=\"121\" srcset=\"https:\/\/project.inria.fr\/roboticsprincipia\/files\/2018\/07\/gdrrobotique-300x134.png 300w, https:\/\/project.inria.fr\/roboticsprincipia\/files\/2018\/07\/gdrrobotique-150x67.png 150w, https:\/\/project.inria.fr\/roboticsprincipia\/files\/2018\/07\/gdrrobotique.png 333w\" sizes=\"auto, (max-width: 271px) 100vw, 271px\" \/><\/a><a href=\"https:\/\/project.inria.fr\/roboticsprincipia\/files\/2018\/07\/NewlogoI3S_0.png\">\u00a0\u00a0\u00a0\u00a0\u00a0\u00a0<\/a><a href=\"https:\/\/project.inria.fr\/roboticsprincipia\/files\/2018\/07\/uca-jedi.png\"><img loading=\"lazy\" decoding=\"async\" class=\"alignnone wp-image-129\" src=\"https:\/\/project.inria.fr\/roboticsprincipia\/files\/2018\/07\/uca-jedi-300x97.png\" alt=\"\" width=\"263\" height=\"85\" srcset=\"https:\/\/project.inria.fr\/roboticsprincipia\/files\/2018\/07\/uca-jedi-300x97.png 300w, https:\/\/project.inria.fr\/roboticsprincipia\/files\/2018\/07\/uca-jedi-768x248.png 768w, https:\/\/project.inria.fr\/roboticsprincipia\/files\/2018\/07\/uca-jedi-150x48.png 150w, https:\/\/project.inria.fr\/roboticsprincipia\/files\/2018\/07\/uca-jedi.png 805w\" sizes=\"auto, (max-width: 263px) 100vw, 263px\" \/><\/a><a href=\"https:\/\/project.inria.fr\/roboticsprincipia\/files\/2018\/07\/NewlogoI3S_0.png\">\u00a0\u00a0\u00a0\u00a0<\/a><a href=\"https:\/\/project.inria.fr\/roboticsprincipia\/files\/2018\/07\/EDSTIC.png\">\u00a0\u00a0\u00a0\u00a0 <img loading=\"lazy\" decoding=\"async\" class=\"alignnone wp-image-126\" src=\"https:\/\/project.inria.fr\/roboticsprincipia\/files\/2018\/07\/EDSTIC-300x137.png\" alt=\"\" width=\"252\" height=\"115\" srcset=\"https:\/\/project.inria.fr\/roboticsprincipia\/files\/2018\/07\/EDSTIC-300x137.png 300w, https:\/\/project.inria.fr\/roboticsprincipia\/files\/2018\/07\/EDSTIC-150x69.png 150w, https:\/\/project.inria.fr\/roboticsprincipia\/files\/2018\/07\/EDSTIC.png 608w\" sizes=\"auto, (max-width: 252px) 100vw, 252px\" \/><\/a><a href=\"https:\/\/project.inria.fr\/roboticsprincipia\/files\/2018\/07\/NewlogoI3S_0.png\">\u00a0\u00a0\u00a0\u00a0\u00a0\u00a0\u00a0<\/a><a href=\"https:\/\/project.inria.fr\/roboticsprincipia\/files\/2018\/07\/uca.png\"><img loading=\"lazy\" decoding=\"async\" class=\"alignnone size-medium wp-image-131\" src=\"https:\/\/project.inria.fr\/roboticsprincipia\/files\/2018\/07\/uca-300x73.png\" alt=\"\" width=\"300\" height=\"73\" srcset=\"https:\/\/project.inria.fr\/roboticsprincipia\/files\/2018\/07\/uca-300x73.png 300w, https:\/\/project.inria.fr\/roboticsprincipia\/files\/2018\/07\/uca-768x187.png 768w, https:\/\/project.inria.fr\/roboticsprincipia\/files\/2018\/07\/uca-1024x249.png 1024w, https:\/\/project.inria.fr\/roboticsprincipia\/files\/2018\/07\/uca-150x36.png 150w, https:\/\/project.inria.fr\/roboticsprincipia\/files\/2018\/07\/uca.png 1336w\" sizes=\"auto, (max-width: 300px) 100vw, 300px\" \/><\/a><a href=\"https:\/\/project.inria.fr\/roboticsprincipia\/files\/2018\/07\/NewlogoI3S_0.png\">\u00a0\u00a0\u00a0\u00a0<\/a><a href=\"https:\/\/project.inria.fr\/roboticsprincipia\/files\/2018\/09\/logo_redoc.jpg\"><img loading=\"lazy\" decoding=\"async\" class=\"alignnone size-medium wp-image-222\" src=\"https:\/\/project.inria.fr\/roboticsprincipia\/files\/2018\/09\/logo_redoc-300x147.jpg\" alt=\"\" width=\"300\" height=\"147\" srcset=\"https:\/\/project.inria.fr\/roboticsprincipia\/files\/2018\/09\/logo_redoc-300x147.jpg 300w, https:\/\/project.inria.fr\/roboticsprincipia\/files\/2018\/09\/logo_redoc-150x73.jpg 150w, https:\/\/project.inria.fr\/roboticsprincipia\/files\/2018\/09\/logo_redoc.jpg 368w\" sizes=\"auto, (max-width: 300px) 100vw, 300px\" \/><\/a><a href=\"https:\/\/project.inria.fr\/roboticsprincipia\/files\/2019\/01\/CNRS_logo.png\">\u00a0 \u00a0 \u00a0\u00a0<img loading=\"lazy\" decoding=\"async\" class=\"alignnone wp-image-321\" src=\"https:\/\/project.inria.fr\/roboticsprincipia\/files\/2019\/01\/CNRS_logo-300x300.png\" alt=\"\" width=\"147\" height=\"147\" srcset=\"https:\/\/project.inria.fr\/roboticsprincipia\/files\/2019\/01\/CNRS_logo-300x300.png 300w, https:\/\/project.inria.fr\/roboticsprincipia\/files\/2019\/01\/CNRS_logo-150x150.png 150w, https:\/\/project.inria.fr\/roboticsprincipia\/files\/2019\/01\/CNRS_logo.png 605w\" sizes=\"auto, (max-width: 147px) 100vw, 147px\" \/><\/a><\/p>","protected":false},"excerpt":{"rendered":"<p>Robotics Principia a GdR Robotics Winter School January 21-25th 2019 Inria Sophia Antipolis &#8211; M\u00e9dit\u00e9rran\u00e9e E-programme &nbsp; This school is aimed primarily at PhD students in robotics in first year and aims to teach the basics of robotics. It is organized within the framework of CNRS GdR Robotics (national network\u2026<\/p>\n<p> <a class=\"continue-reading-link\" href=\"https:\/\/project.inria.fr\/roboticsprincipia\/\"><span>Continue reading<\/span><i class=\"crycon-right-dir\"><\/i><\/a> <\/p>\n","protected":false},"author":1,"featured_media":0,"parent":0,"menu_order":0,"comment_status":"closed","ping_status":"open","template":"","meta":{"footnotes":""},"class_list":["post-4","page","type-page","status-publish","hentry"],"_links":{"self":[{"href":"https:\/\/project.inria.fr\/roboticsprincipia\/wp-json\/wp\/v2\/pages\/4","targetHints":{"allow":["GET"]}}],"collection":[{"href":"https:\/\/project.inria.fr\/roboticsprincipia\/wp-json\/wp\/v2\/pages"}],"about":[{"href":"https:\/\/project.inria.fr\/roboticsprincipia\/wp-json\/wp\/v2\/types\/page"}],"author":[{"embeddable":true,"href":"https:\/\/project.inria.fr\/roboticsprincipia\/wp-json\/wp\/v2\/users\/1"}],"replies":[{"embeddable":true,"href":"https:\/\/project.inria.fr\/roboticsprincipia\/wp-json\/wp\/v2\/comments?post=4"}],"version-history":[{"count":59,"href":"https:\/\/project.inria.fr\/roboticsprincipia\/wp-json\/wp\/v2\/pages\/4\/revisions"}],"predecessor-version":[{"id":491,"href":"https:\/\/project.inria.fr\/roboticsprincipia\/wp-json\/wp\/v2\/pages\/4\/revisions\/491"}],"wp:attachment":[{"href":"https:\/\/project.inria.fr\/roboticsprincipia\/wp-json\/wp\/v2\/media?parent=4"}],"curies":[{"name":"wp","href":"https:\/\/api.w.org\/{rel}","templated":true}]}}