

{"id":66,"date":"2019-06-19T15:45:15","date_gmt":"2019-06-19T13:45:15","guid":{"rendered":"https:\/\/project.inria.fr\/s3pm\/?page_id=66"},"modified":"2021-01-14T13:55:44","modified_gmt":"2021-01-14T12:55:44","slug":"results","status":"publish","type":"page","link":"https:\/\/project.inria.fr\/s3pm\/results\/","title":{"rendered":"Results"},"content":{"rendered":"<p><\/p>\n<p id=\"aui_3_4_0_1_428\">The project started on May 2013 and ended in May 2017.<\/p>\n<p>The final report is available <a href=\"https:\/\/project.inria.fr\/s3pm\/files\/2019\/06\/Final-Report.pdf\">here<\/a>.<\/p>\n<p><strong>Additional results:<\/strong><\/p>\n<ul>\n<li>A patent was submitted on\u00a0\u00abSyst\u00e8me de Simulation bas\u00e9 sur un apprentissage, dispositifs, m\u00e9thodes et programmes correspondants\u00bb patent# R25634FR<\/li>\n<li>A first version of the ontology for describing the surgical processes was impemented (OntoSPM) and published in a national conference. A journal paper is under review.<\/li>\n<li>Software about Test&amp;Flip computation was protected by the APP french agency.\u00a0A journal paper is in preparation.<\/li>\n<li>Software about virtual reality interaction and collaborative environment\u00a0(#SEVEN)\u00a0\u00a0was protected by the APP french agency.<\/li>\n<li>A realistic virtual reality immersive environment for scrub nurses was developed and acceptability was demonstrated on 15 srub nurses.<\/li>\n<\/ul>\n<p><strong>International mobility<\/strong><\/p>\n<ul>\n<li>Pierre-Louis H\u00e9naux. Wilson Centre, Toronto, Canada. August 2016 &#8211; July 2017. Referent: Dr. Carol-Anne Moulton.<\/li>\n<\/ul>\n<p><strong>Videos and images<\/strong>:<\/p>\n<ul>\n<li>Interview in french for Inserm: at\u00a0<a href=\"http:\/\/www.serimedis.inserm.fr\/fr\/asset\/content\/id\/62266\/bypassnavigation\/1\">http:\/\/www.serimedis.inserm.fr\/fr\/asset\/content\/id\/62266\/bypassnavigation\/1<\/a><\/li>\n<li>The building of the virtual reality immersive environment of the operating room<\/li>\n<li><iframe loading=\"lazy\" src=\"https:\/\/www.youtube.com\/embed\/eWCjp6l8NOM?feature=oembed\" width=\"960\" height=\"540\" frameborder=\"0\" allowfullscreen=\"allowfullscreen\"><\/iframe><iframe loading=\"lazy\" width=\"960\" height=\"540\" src=\"https:\/\/www.youtube.com\/embed\/N7nyseTB3vU?feature=oembed\" frameborder=\"0\" allow=\"accelerometer; autoplay; clipboard-write; encrypted-media; gyroscope; picture-in-picture\" allowfullscreen><\/iframe><\/li>\n<\/ul>\n<p>&nbsp;<\/p>\n<div id=\"attachment_84\" style=\"width: 1994px\" class=\"wp-caption aligncenter\"><a href=\"https:\/\/project.inria.fr\/s3pm\/files\/2019\/06\/P1010332.jpg\"><img loading=\"lazy\" decoding=\"async\" aria-describedby=\"caption-attachment-84\" class=\"wp-image-84 size-full\" src=\"https:\/\/project.inria.fr\/s3pm\/files\/2019\/06\/P1010332.jpg\" alt=\"\" width=\"1984\" height=\"1116\" srcset=\"https:\/\/project.inria.fr\/s3pm\/files\/2019\/06\/P1010332.jpg 1984w, https:\/\/project.inria.fr\/s3pm\/files\/2019\/06\/P1010332-300x169.jpg 300w, https:\/\/project.inria.fr\/s3pm\/files\/2019\/06\/P1010332-768x432.jpg 768w, https:\/\/project.inria.fr\/s3pm\/files\/2019\/06\/P1010332-1024x576.jpg 1024w, https:\/\/project.inria.fr\/s3pm\/files\/2019\/06\/P1010332-150x84.jpg 150w\" sizes=\"auto, (max-width: 1984px) 100vw, 1984px\" \/><\/a><p id=\"caption-attachment-84\" class=\"wp-caption-text\">OR 3 at the neurosurgical department of the University Hospital in Rennes (France)<\/p><\/div>\n<div id=\"attachment_82\" style=\"width: 2762px\" class=\"wp-caption aligncenter\"><a href=\"https:\/\/project.inria.fr\/s3pm\/files\/2019\/06\/demo01-2014.jpg\"><img loading=\"lazy\" decoding=\"async\" aria-describedby=\"caption-attachment-82\" class=\"wp-image-82 size-full\" src=\"https:\/\/project.inria.fr\/s3pm\/files\/2019\/06\/demo01-2014.jpg\" alt=\"\" width=\"2752\" height=\"1078\" srcset=\"https:\/\/project.inria.fr\/s3pm\/files\/2019\/06\/demo01-2014.jpg 2752w, https:\/\/project.inria.fr\/s3pm\/files\/2019\/06\/demo01-2014-300x118.jpg 300w, https:\/\/project.inria.fr\/s3pm\/files\/2019\/06\/demo01-2014-768x301.jpg 768w, https:\/\/project.inria.fr\/s3pm\/files\/2019\/06\/demo01-2014-1024x401.jpg 1024w, https:\/\/project.inria.fr\/s3pm\/files\/2019\/06\/demo01-2014-150x59.jpg 150w\" sizes=\"auto, (max-width: 2752px) 100vw, 2752px\" \/><\/a><p id=\"caption-attachment-82\" class=\"wp-caption-text\">Virtual OR 3 displayed within the Immersia envirnoment<\/p><\/div>\n<div id=\"attachment_81\" style=\"width: 1954px\" class=\"wp-caption aligncenter\"><a href=\"https:\/\/project.inria.fr\/s3pm\/files\/2019\/06\/IMG_2090.jpg\"><img loading=\"lazy\" decoding=\"async\" aria-describedby=\"caption-attachment-81\" class=\"size-full wp-image-81\" src=\"https:\/\/project.inria.fr\/s3pm\/files\/2019\/06\/IMG_2090.jpg\" alt=\"\" width=\"1944\" height=\"1296\" srcset=\"https:\/\/project.inria.fr\/s3pm\/files\/2019\/06\/IMG_2090.jpg 1944w, https:\/\/project.inria.fr\/s3pm\/files\/2019\/06\/IMG_2090-300x200.jpg 300w, https:\/\/project.inria.fr\/s3pm\/files\/2019\/06\/IMG_2090-768x512.jpg 768w, https:\/\/project.inria.fr\/s3pm\/files\/2019\/06\/IMG_2090-1024x683.jpg 1024w, https:\/\/project.inria.fr\/s3pm\/files\/2019\/06\/IMG_2090-150x100.jpg 150w\" sizes=\"auto, (max-width: 1944px) 100vw, 1944px\" \/><\/a><p id=\"caption-attachment-81\" class=\"wp-caption-text\">From the user&#8217;s point of view<\/p><\/div>\n<p><a href=\"https:\/\/project.inria.fr\/s3pm\/files\/2019\/06\/OntoSPM.png\"><img loading=\"lazy\" decoding=\"async\" class=\"aligncenter size-full wp-image-80\" src=\"https:\/\/project.inria.fr\/s3pm\/files\/2019\/06\/OntoSPM.png\" alt=\"\" width=\"676\" height=\"391\" srcset=\"https:\/\/project.inria.fr\/s3pm\/files\/2019\/06\/OntoSPM.png 676w, https:\/\/project.inria.fr\/s3pm\/files\/2019\/06\/OntoSPM-300x174.png 300w, https:\/\/project.inria.fr\/s3pm\/files\/2019\/06\/OntoSPM-150x87.png 150w\" sizes=\"auto, (max-width: 676px) 100vw, 676px\" \/><\/a><\/p>\n<ul>\n<li>First results of generic models computed by T&amp;F<\/li>\n<\/ul>\n<p><a href=\"https:\/\/project.inria.fr\/s3pm\/files\/2019\/06\/1evt_PhaseNoHoldNoIrrigate_phase8_problem.png\"><img loading=\"lazy\" decoding=\"async\" class=\"aligncenter size-full wp-image-79\" src=\"https:\/\/project.inria.fr\/s3pm\/files\/2019\/06\/1evt_PhaseNoHoldNoIrrigate_phase8_problem.png\" alt=\"\" width=\"2502\" height=\"3237\" srcset=\"https:\/\/project.inria.fr\/s3pm\/files\/2019\/06\/1evt_PhaseNoHoldNoIrrigate_phase8_problem.png 2502w, https:\/\/project.inria.fr\/s3pm\/files\/2019\/06\/1evt_PhaseNoHoldNoIrrigate_phase8_problem-232x300.png 232w, https:\/\/project.inria.fr\/s3pm\/files\/2019\/06\/1evt_PhaseNoHoldNoIrrigate_phase8_problem-768x994.png 768w, https:\/\/project.inria.fr\/s3pm\/files\/2019\/06\/1evt_PhaseNoHoldNoIrrigate_phase8_problem-791x1024.png 791w, https:\/\/project.inria.fr\/s3pm\/files\/2019\/06\/1evt_PhaseNoHoldNoIrrigate_phase8_problem-116x150.png 116w\" sizes=\"auto, (max-width: 2502px) 100vw, 2502px\" \/><\/a><a href=\"https:\/\/project.inria.fr\/s3pm\/files\/2019\/06\/1evt_Phase23_HOLD.png\"><img loading=\"lazy\" decoding=\"async\" class=\"aligncenter size-full wp-image-78\" src=\"https:\/\/project.inria.fr\/s3pm\/files\/2019\/06\/1evt_Phase23_HOLD.png\" alt=\"\" width=\"4364\" height=\"3077\" srcset=\"https:\/\/project.inria.fr\/s3pm\/files\/2019\/06\/1evt_Phase23_HOLD.png 4364w, https:\/\/project.inria.fr\/s3pm\/files\/2019\/06\/1evt_Phase23_HOLD-300x212.png 300w, https:\/\/project.inria.fr\/s3pm\/files\/2019\/06\/1evt_Phase23_HOLD-768x542.png 768w, https:\/\/project.inria.fr\/s3pm\/files\/2019\/06\/1evt_Phase23_HOLD-1024x722.png 1024w, https:\/\/project.inria.fr\/s3pm\/files\/2019\/06\/1evt_Phase23_HOLD-150x106.png 150w\" sizes=\"auto, (max-width: 4364px) 100vw, 4364px\" \/><\/a><\/p>","protected":false},"excerpt":{"rendered":"<p>The project started on May 2013 and ended in May 2017. The final report is available here. Additional results: A patent was submitted on\u00a0\u00abSyst\u00e8me de\u2026<\/p>\n<p> <a class=\"continue-reading-link\" href=\"https:\/\/project.inria.fr\/s3pm\/results\/\"><span>Continue reading<\/span><i class=\"crycon-right-dir\"><\/i><\/a> <\/p>\n","protected":false},"author":1611,"featured_media":0,"parent":0,"menu_order":0,"comment_status":"closed","ping_status":"closed","template":"","meta":{"footnotes":""},"class_list":["post-66","page","type-page","status-publish","hentry"],"_links":{"self":[{"href":"https:\/\/project.inria.fr\/s3pm\/wp-json\/wp\/v2\/pages\/66","targetHints":{"allow":["GET"]}}],"collection":[{"href":"https:\/\/project.inria.fr\/s3pm\/wp-json\/wp\/v2\/pages"}],"about":[{"href":"https:\/\/project.inria.fr\/s3pm\/wp-json\/wp\/v2\/types\/page"}],"author":[{"embeddable":true,"href":"https:\/\/project.inria.fr\/s3pm\/wp-json\/wp\/v2\/users\/1611"}],"replies":[{"embeddable":true,"href":"https:\/\/project.inria.fr\/s3pm\/wp-json\/wp\/v2\/comments?post=66"}],"version-history":[{"count":3,"href":"https:\/\/project.inria.fr\/s3pm\/wp-json\/wp\/v2\/pages\/66\/revisions"}],"predecessor-version":[{"id":110,"href":"https:\/\/project.inria.fr\/s3pm\/wp-json\/wp\/v2\/pages\/66\/revisions\/110"}],"wp:attachment":[{"href":"https:\/\/project.inria.fr\/s3pm\/wp-json\/wp\/v2\/media?parent=66"}],"curies":[{"name":"wp","href":"https:\/\/api.w.org\/{rel}","templated":true}]}}