

{"id":67,"date":"2019-06-19T15:45:15","date_gmt":"2019-06-19T13:45:15","guid":{"rendered":"https:\/\/project.inria.fr\/s3pm\/?page_id=67"},"modified":"2019-06-19T15:53:56","modified_gmt":"2019-06-19T13:53:56","slug":"publications","status":"publish","type":"page","link":"https:\/\/project.inria.fr\/s3pm\/publications\/","title":{"rendered":"Publications"},"content":{"rendered":"<p><\/p>\n<div id=\"aui_3_4_0_1_402\" class=\"journal-content-article\">\n<div id=\"p_p_id_mybibliodisplay_WAR_Biblioportlet_\" class=\"portlet-boundary portlet-boundary_mybibliodisplay_WAR_Biblioportlet_ portlet-borderless my-biblio-display-portlet  portlet-draggable yui3-dd-drop yui3-dd-draggable\">\n<div id=\"aui_3_4_0_1_433\" class=\"portlet-body\">\n<div id=\"aui_3_4_0_1_432\" class=\"portlet-borderless-container\">\n<div id=\"aui_3_4_0_1_431\" class=\"portlet-body\">\n<ul>\n<li><label> Flavien L\u00e9cuyer, Val\u00e9rie Gouranton, Adrien Reuzeau, Ronan Gaugne, Bruno Arnaldi: <\/label> <a href=\"https:\/\/hal.archives-ouvertes.fr\/hal-02119288\"> Create by doing &#8211; Action sequencing in VR <\/a> <label> Computer Graphics International <\/label> <label> : 2019 <\/label><\/li>\n<li><label> Bernard Gibaud, Germain Forestier, Carolin Feldmann, Giancarlo Ferrigno, Paulo Gon\u00e7alves, Tam\u00e1s Haidegger, Chantal Julliard, Darko Kati\u0107, Hannes Kenngott, Lena Maier-Hein, Keno M\u00e4rz, Elena De Momi, D\u00e9nes \u00c1kos Nagy, Hirenkumar Nakawala, Juliane Neumann, Thomas Neumuth, Javier Rojas Balderrama, Stefanie Speidel, Martin Wagner, Pierre Jannin: <\/label> <a href=\"https:\/\/hal-univ-rennes1.archives-ouvertes.fr\/hal-01862533\"> Toward a standard ontology of surgical process models <\/a> <label> International Journal of Computer Assisted Radiology and Surgery <\/label> <label> : 2017 <\/label><\/li>\n<li><label> Guillaume Claude, Val\u00e9rie Gouranton, Beno\u00eet Caillaud, Bernard Gibaud, Bruno Arnaldi, and Pierre Jannin: <\/label> <strong>Synthesis and Simulation of Surgical Process Models<\/strong> <label> The 22nd Medicine Meets Virtual Reality Conference (NextMed \/ MMVR22) <\/label> <label> : 2016 <\/label><\/li>\n<li><label> Guillaume Claude, Val\u00e9rie Gouranton, Benoit Caillaud, Bernard Gibaud, Pierre Jannin, Bruno Arnaldi: <\/label> <a href=\"https:\/\/hal.archives-ouvertes.fr\/hal-01391776\"> From Observations to Collaborative Simulation: Application to Surgical Training <\/a> <label> International Conference on Artificial Reality and Telexistence, Eurographics Symposium on Virtual Environments <\/label> <label> : 2016 <\/label><\/li>\n<li><label> Guillaume CLAUDE: <\/label> <a href=\"https:\/\/tel.archives-ouvertes.fr\/tel-01419698\/document\"> S\u00e9quencement d&#8217;actions en environnement virtuel collaboratif <\/a> <label> Ph.D. Thesis <\/label> <label> : 2016 <\/label><\/li>\n<li><label> Guillaume Claude, Val\u00e9rie Gouranton, and Bruno Arnaldi: <\/label> <a href=\"https:\/\/hal.archives-ouvertes.fr\/hal-01199738\"> Roles in Collaborative Virtual Environments for Training <\/a> <label> Proceeding of the 25th International Conference on Artificial Reality and Telexistence, and the 20th Eurographics Symposium on Virtual Environments (ICAT-EGVE) <\/label> <label> : 2015 <\/label><\/li>\n<li><label> Guillaume Claude, Val\u00e9rie Gouranton, and Bruno Arnaldi: <\/label> <a href=\"https:\/\/hal-univ-rennes1.archives-ouvertes.fr\/hal-01147733\"> Versatile Scenario Guidance for Collaborative Virtual Environments <\/a> <label> Proceedings of the 10th International Conference on Computer Graphics Theory and Applications (GRAPP&#8217;15) <\/label> <label> : 2015 <\/label><\/li>\n<li><label> Bernard Gibaud, C\u00e9dric Penet, and Pierre Jannin: <\/label> <strong>OntoSPM: a Core Ontology of Surgical Procedure Models<\/strong> <label> Surgetica <\/label> <label> : 2014 <\/label><\/li>\n<li><label> Guillaume Claude, Val\u00e9rie Gouranton, Rozenn Bouville Berthelot, and Bruno Arnaldi: <\/label> <a href=\"https:\/\/hal.archives-ouvertes.fr\/hal-01086237\"> #SEVEN, a Sensor Effector Based Scenarios Model for Driving Collaborative Virtual Environment <\/a> <label> International Conference on Artificial Reality and Telexistence, Eurographics Symposium on Virtual Environments (ICAT-EGVE) <\/label> <label> : 2014 <\/label><\/li>\n<li><label> Beno\u00eet Caillaud: <\/label> <a href=\"http:\/\/hal.inria.fr\/hal-00872284\"> Surgical Process Mining with Test and Flip Net Synthesis <\/a> <label> Application of Region Theory (ART) <\/label> <label> : 2013 <\/label><\/li>\n<\/ul>\n<\/div>\n<\/div>\n<\/div>\n<\/div>\n<div id=\"p_p_id_56_INSTANCE_nTqYJoZzclp4_\" class=\"portlet-boundary portlet-boundary_56_ portlet-borderless portlet-journal-content  portlet-draggable yui3-dd-drop\">\n<div class=\"portlet-body\">\n<div class=\"portlet-borderless-container\">\n<div class=\"portlet-body\">\n<div class=\"journal-content-article\">\n<ul>\n<li class=\"ValeurRes Titre\">Fabien Despinoy, David Bouget, Germain Forestier, C\u00e9dric Penet, Nabil Zemiti, Philippe Poignet, and Pierre Jannin. <a href=\"http:\/\/ieeexplore.ieee.org\/xpl\/articleDetails.jsp?arnumber=7302557\">Unsupervised Trajectory Segmentation for Surgical Gesture Recognition in Robotic Training<\/a>.\u00a0<i>IEEE Transactions on Biomedical Engineering<\/i>, 2015. DOI: 10.1109\/TBME.2015.2493100<\/li>\n<\/ul>\n<ul>\n<li><span class=\"AuthorName\">Darko\u00a0Kati\u0107,<\/span> <span class=\"AuthorName_container\"><span class=\"AuthorName\">Chantal\u00a0Julliard<\/span><\/span>, <span class=\"AuthorName_container\"><span class=\"AuthorName\">Anna-Laura\u00a0Wekerle, Hannes\u00a0Kenngott, Beat\u00a0Peter\u00a0M\u00fcller-Stich, R\u00fcdiger\u00a0Dillmann, Stefanie\u00a0Speidel, Pierre\u00a0Jannin, and Bernard\u00a0Gibaud.<\/span><\/span> <a href=\"http:\/\/link.springer.com\/article\/10.1007%2Fs11548-015-1222-1\">LapOntoSPM: an ontology for laparoscopic surgeries and its application to surgical phase recognition<\/a>. <em>International Journal of Computer Assisted Radiology ad Surgery<\/em>, 2015. DOI: 10.1007\/s11548-015-1222-1<\/li>\n<\/ul>\n<ul>\n<li><span class=\"authorName S_C_authorName svAuthor\">Germain Forestier<\/span>, <span class=\"authorName S_C_authorName svAuthor\">Fran\u00e7ois Petitjean,<\/span> <span class=\"authorName S_C_authorName svAuthor\">Laurent Riffaud,<\/span> and <span class=\"authorName S_C_authorName svAuthor\">Pierre Jannin<\/span>.<a href=\"http:\/\/www.sciencedirect.com\/science\/article\/pii\/S0933365714001225\"> Non-linear temporal scaling of surgical processes<\/a>. <span class=\"cLink\"><em>Artificial Intelligence in Medicine<\/em>, 2014. DOI: <\/span><span class=\"S_C_ddDoi\">10.1016\/j.artmed.2014.10.007<\/span><\/li>\n<\/ul>\n<ul>\n<li><span class=\"AuthorName_container\"><span class=\"AuthorName\">Florent\u00a0Lalys, and Pierre\u00a0Jannin<\/span><\/span>. <a href=\"http:\/\/link.springer.com\/article\/10.1007%2Fs11548-013-0940-5\">Surgical Process Modelling: A Review<\/a>.<span class=\"JournalTitle\"> <em>International Journal of Computer Assisted Radiology and Surgery<\/em><\/span>, 2013. DOI: 10.1007\/s11548-013-0940-5<\/li>\n<\/ul>\n<h4 id=\"aui_3_4_0_1_401\">News Coverage<\/h4>\n<ul>\n<li>Un entra\u00eenement chirurgical.<em> Science Ouest<\/em>, N\u00b0340, mars 2016. <a href=\"http:\/\/www.espace-sciences.org\/sciences-ouest\/340\/dossier\/un-entrainement-chirurgical\">http:\/\/www.espace-sciences.org\/sciences-ouest\/340\/dossier\/un-entrainement-chirurgical<\/a><\/li>\n<li>M\u00e9decine : Les \u00e9tonnantes \u00e9volutions de la neurochirurgie. <em>Ouest-France<\/em>, Dimanche 13 mars 2016. <a href=\"http:\/\/www.entreprises.ouest-france.fr\/article\/medecine-etonnantes-evolutions-neurochirurgie-13-03-2016-259347\">http:\/\/www.entreprises.ouest-france.fr\/article\/medecine-etonnantes-evolutions-neurochirurgie-13-03-2016-259347<\/a><\/li>\n<li>Une salle d&#8217;op\u00e9ration virtuelle pour former les \u00e9quipes chirurgicales. <em>Inria newsletter n\u00b034<\/em>, f\u00e9vrier 2015. <a href=\"http:\/\/emergences.inria.fr\/2015\/Newsletter34\/L33_S3PM\">http:\/\/emergences.inria.fr\/2015\/Newsletter34\/L33_S3PM<\/a><\/li>\n<\/ul>\n<\/div>\n<\/div>\n<\/div>\n<\/div>\n<\/div>\n<\/div>\n<p><\/p>","protected":false},"excerpt":{"rendered":"<p>Flavien L\u00e9cuyer, Val\u00e9rie Gouranton, Adrien Reuzeau, Ronan Gaugne, Bruno Arnaldi: Create by doing &#8211; Action sequencing in VR Computer Graphics International : 2019 Bernard Gibaud,\u2026<\/p>\n<p> <a class=\"continue-reading-link\" href=\"https:\/\/project.inria.fr\/s3pm\/publications\/\"><span>Continue reading<\/span><i class=\"crycon-right-dir\"><\/i><\/a> <\/p>\n","protected":false},"author":1611,"featured_media":0,"parent":0,"menu_order":0,"comment_status":"closed","ping_status":"closed","template":"","meta":{"footnotes":""},"class_list":["post-67","page","type-page","status-publish","hentry"],"_links":{"self":[{"href":"https:\/\/project.inria.fr\/s3pm\/wp-json\/wp\/v2\/pages\/67","targetHints":{"allow":["GET"]}}],"collection":[{"href":"https:\/\/project.inria.fr\/s3pm\/wp-json\/wp\/v2\/pages"}],"about":[{"href":"https:\/\/project.inria.fr\/s3pm\/wp-json\/wp\/v2\/types\/page"}],"author":[{"embeddable":true,"href":"https:\/\/project.inria.fr\/s3pm\/wp-json\/wp\/v2\/users\/1611"}],"replies":[{"embeddable":true,"href":"https:\/\/project.inria.fr\/s3pm\/wp-json\/wp\/v2\/comments?post=67"}],"version-history":[{"count":2,"href":"https:\/\/project.inria.fr\/s3pm\/wp-json\/wp\/v2\/pages\/67\/revisions"}],"predecessor-version":[{"id":89,"href":"https:\/\/project.inria.fr\/s3pm\/wp-json\/wp\/v2\/pages\/67\/revisions\/89"}],"wp:attachment":[{"href":"https:\/\/project.inria.fr\/s3pm\/wp-json\/wp\/v2\/media?parent=67"}],"curies":[{"name":"wp","href":"https:\/\/api.w.org\/{rel}","templated":true}]}}