

{"id":66,"date":"2019-06-19T16:07:30","date_gmt":"2019-06-19T14:07:30","guid":{"rendered":"https:\/\/project.inria.fr\/sabre\/?page_id=66"},"modified":"2019-06-19T16:08:39","modified_gmt":"2019-06-19T14:08:39","slug":"publications","status":"publish","type":"page","link":"https:\/\/project.inria.fr\/sabre\/publications\/","title":{"rendered":"Publications"},"content":{"rendered":"<p>&nbsp;<\/p>\n<ul>\n<li id=\"aui_3_4_0_1_309\"><label id=\"aui_3_4_0_1_308\"> Rahmouni, Lyes and Adrian, Simon and Kristof, Coolsand Andriulli, Francesco P: <\/label> <a href=\"https:\/\/doi.org\/10.1016\/j.crhy.2018.02.002\"> Conforming discretizations of boundary element solutions to the electroencephalography forward problem <\/a> <label> Comptes Rendus Phisique (CRAS) <\/label> <label> : 2018 <\/label><\/li>\n<li><label> Libessart, E., Arzel, M., Lahuec, C., Andriulli, F.: <\/label> <strong>40 Gop\/s\/mm2 fixed-point operators for Brain Computer Interface in 65 nm CMOS (accepted)<\/strong> <label> 2018 IEEE International Symposium on Circuits and Systems (ISCAS) <\/label> <label> : 2018 <\/label><\/li>\n<li><label> Ortiz Guzman, John Erick and Pillain, Axelle and Rahmouni, Lyes and Andriulli, Francesco P: <\/label> <strong>A Calderon Regularized Symmetric Formulation for the Electroencephalography Forward Problem<\/strong> <label> Journal of Computational Physics <\/label> <label> : 2017 <\/label> <label> (submitted)<\/label><\/li>\n<li><label> J.T. Lindgren, A. Merlini, A. L\u00e9cuyer and F.P. Andriulli: <\/label> <strong>simBCI \u2013 A framework for studying BCI methods by simulated EEG<\/strong> <label> IEEE Transactions on Neural Systems and Rehabilitation Engineering <\/label> <label> : 2017 <\/label> <label> (submitted)<\/label><\/li>\n<li><label> N. Kosmyna and A. L\u00e8cuyer: <\/label> <strong>A Feature Space for Brain-Computer Interfaces<\/strong> <label> Plot One <\/label> <label> : 2017 <\/label> <label> (submitted)<\/label><\/li>\n<li><label> Pillain, Axelle and Rahmouni, Lyes and Andriulli, Francesco P: <\/label> <strong>On a Surface Integral Equation to Handle Anisotropic Conductivities in the EEG forward problem<\/strong> <label> Physics in medicine and Biology <\/label> <label> : 2017 <\/label> <label> (submitted)<\/label><\/li>\n<li><label> N. Kosmyna and A. L\u00e9cuyer: <\/label> <a href=\"https:\/\/doi.org\/10.3389\/fnhum.2017.00396\"> Designing Guiding Systems for Brain-Computer Interfaces <\/a> <label> Frontiers in Human Neuroscience <\/label> <label> : 2017 <\/label><\/li>\n<li><label> Lindgren, J. T: <\/label> <a href=\"https:\/\/doi.org\/10.1088\/1741-2552\/aa86d0\"> As above, so below? Towards understanding inverse models in BCI <\/a> <label> Journal of Neural Engineering <\/label> <label> : 2017 <\/label><\/li>\n<li><label> Libessart, E., Arzel, M., Lahuec, C., Andriulli, F.: <\/label> <a href=\"https:\/\/hal.archives-ouvertes.fr\/hal-01630144\"> Implantation en virgule fixe d&#8217;un op\u00e9rateur de calcul d&#8217;inverse \u00e0 base de Newton-Raphson, sans normalisation et sans bloc m\u00e9moire <\/a> <label> GRETSI 2017 <\/label> <label> : 2017 <\/label><\/li>\n<li><label> Rahmouni, L., Pillain, A., Merlini, A., Andriulli, F. P: <\/label> <a href=\"https:\/\/doi.org\/10.1109\/ICEAA.2017.8065650\"> Integral equation modelling of brain fibers for handling white matter anisotropies in the EEG forward problem <\/a> <label> 2017 International Conference on Electromagnetics in Advanced Applications (ICEAA) <\/label> <label> : 2017 <\/label><\/li>\n<li><label> Rahmouni, L., Adrian, S. B., Cools, K., Andriulli, F. P.: <\/label> <a href=\"https:\/\/doi.org\/10.1109\/ICEAA.2017.8065652\"> A mixed discretized adjoint double layer formulation for the electroencephalography forward problem with high brain-skull contrast ratios. <\/a> <label> 2017 International Conference on Electromagnetics in Advanced Applications (ICEAA) <\/label> <label> : 2017 <\/label><\/li>\n<li><label> John Erick Ortiz Guzman ; Simon Adrian ; Rajendra Mitharwal ; Yves Beghein ; Thomas Eibert ; Kristof Cools ; Francesco Andriulli: <\/label> <a href=\"http:\/\/ieeexplore.ieee.org\/document\/7600394\/\"> On the Hierarchical Preconditioning of the PMCHWT Integral Equation on Simply and Multiply Connected Geometries <\/a> <label> IEEE Antennas and Wireless Propagation Letters <\/label> <label> : 2017 <\/label><\/li>\n<li><label> Lyes Rahmouni, Rajendra Mitharwal, Francesco P. Andriulli: <\/label> <a href=\"https:\/\/doi.org\/10.1016\/j.jcp.2017.07.013\"> Two Volume Integral Equations for the Inhomogeneous and Anisotropic Forward Problem in Electroencephalography * <\/a> <label> Journal of Computational Physics <\/label> <label> : 2017 <\/label><\/li>\n<li><label> Erwan Libessart, Matthieu Arzel, Cyril Lahuec and Francesco Andriulli: <\/label> <a href=\"https:\/\/doi.org\/10.1109\/LSP.2017.2694225\"> A scaling-less Newton-Raphson pipelined implementation for a fixed-point reciprocal operator <\/a> <label> IEEE Signal Processing Letters <\/label> <label> : 2017 <\/label><\/li>\n<li><label> Erwan Libessart, Matthieu Arzel, Cyril Lahuec and Francesco Andriulli: <\/label> <a href=\"https:\/\/doi.org\/10.1109\/NEWCAS.2017.8010129\"> A scaling-less Newton-Raphson pipelined implementation for a fixed-point inverse square root operator <\/a> <label> IEEE NEWCAS 2017 <\/label> <label> : 2017 <\/label><\/li>\n<li><label> Erwan Libessart, Matthieu Arzel, Cyril Lahuec and Francesco Andriulli: <\/label> <strong>Acc\u00e9l\u00e9ration mat\u00e9rielle pour l&#8217;imagerie c\u00e9r\u00e9brale par EEG<\/strong> <label> 13\u00e8me Colloque du GDR SoC\/SiP <\/label> <label> : 2017 <\/label><\/li>\n<li><label> Pillain, Axelle and Rahmouni, Lyes and Andriulli, Francesco P: <\/label> <a href=\"https:\/\/doi.org\/10.1109\/ISBI.2016.7493252\"> On the Handling of Brain Tissue Anisotropy in the Forward EEG Problem with a Conformingly Discretized Surface Integral Method <\/a> <label> ISBI 2016, 2016 International Symposium on Biomedical Imaging <\/label> <label> : 2016 <\/label><\/li>\n<li><label> Ortiz Guzman, John Erick and Pillain, Axelle and Rahmouni, Lyes and Andriulli, Francesco P: <\/label> <a href=\"https:\/\/doi.org\/10.1109\/ISBI.2016.7493376\"> On the Preconditioning of the Symmetric Formulation for the EEG Forward Problem by Leveraging on Calderon Formulas <\/a> <label> Biomedical Imaging (ISBI), 2016 IEEE International Symposium on <\/label> <label> : 2016 <\/label><\/li>\n<li><label> Rahmouni, Lyes and Mitharwal, Rajendra and Andriulli, Francesco P: <\/label> <a href=\"https:\/\/doi.org\/10.1109\/ISBI.2016.7493378\"> A Mixed Discretized Surface-Volume Integral Equation for Solving EEG Forward Problems with Inhomogeneous and Anisotropic Head Models <\/a> <label> Biomedical Imaging (ISBI), 2016 IEEE 13th International Symposium on <\/label> <label> : 2016 <\/label><\/li>\n<li><label> Rahmouni, Lyes and Mitharwal, Rajendra and Andriulli, Francesco P: <\/label> <a href=\"https:\/\/doi.org\/10.1109\/EMBC.2015.7319286\"> A novel volume integral equation for solving the Electroencephalography forward problem <\/a> <label> Engineering in Medicine and Biology Society (EMBC), 2015 37th Annual International Conference of the IEEE <\/label> <label> : 2015 <\/label><\/li>\n<\/ul>\n<p>&nbsp;<\/p>\n<p>&nbsp;<\/p>","protected":false},"excerpt":{"rendered":"<p>&nbsp; Rahmouni, Lyes and Adrian, Simon and Kristof, Coolsand Andriulli, Francesco P: Conforming discretizations of boundary element solutions to the electroencephalography forward problem Comptes Rendus\u2026<\/p>\n<p> <a class=\"continue-reading-link\" href=\"https:\/\/project.inria.fr\/sabre\/publications\/\"><span>Continue reading<\/span><i class=\"crycon-right-dir\"><\/i><\/a> <\/p>\n","protected":false},"author":1611,"featured_media":0,"parent":0,"menu_order":0,"comment_status":"closed","ping_status":"closed","template":"","meta":{"footnotes":""},"class_list":["post-66","page","type-page","status-publish","hentry"],"_links":{"self":[{"href":"https:\/\/project.inria.fr\/sabre\/wp-json\/wp\/v2\/pages\/66","targetHints":{"allow":["GET"]}}],"collection":[{"href":"https:\/\/project.inria.fr\/sabre\/wp-json\/wp\/v2\/pages"}],"about":[{"href":"https:\/\/project.inria.fr\/sabre\/wp-json\/wp\/v2\/types\/page"}],"author":[{"embeddable":true,"href":"https:\/\/project.inria.fr\/sabre\/wp-json\/wp\/v2\/users\/1611"}],"replies":[{"embeddable":true,"href":"https:\/\/project.inria.fr\/sabre\/wp-json\/wp\/v2\/comments?post=66"}],"version-history":[{"count":2,"href":"https:\/\/project.inria.fr\/sabre\/wp-json\/wp\/v2\/pages\/66\/revisions"}],"predecessor-version":[{"id":82,"href":"https:\/\/project.inria.fr\/sabre\/wp-json\/wp\/v2\/pages\/66\/revisions\/82"}],"wp:attachment":[{"href":"https:\/\/project.inria.fr\/sabre\/wp-json\/wp\/v2\/media?parent=66"}],"curies":[{"name":"wp","href":"https:\/\/api.w.org\/{rel}","templated":true}]}}