

{"id":68,"date":"2019-06-19T16:07:30","date_gmt":"2019-06-19T14:07:30","guid":{"rendered":"https:\/\/project.inria.fr\/sabre\/?page_id=68"},"modified":"2019-06-19T16:08:49","modified_gmt":"2019-06-19T14:08:49","slug":"awards","status":"publish","type":"page","link":"https:\/\/project.inria.fr\/sabre\/awards\/","title":{"rendered":"Awards"},"content":{"rendered":"<p><\/p>\n<div id=\"aui_3_4_0_1_318\" class=\"journal-content-article\">\n<ul id=\"aui_3_4_0_1_317\">\n<li id=\"aui_3_4_0_1_316\">Francesco P. Andriulli has received the 2015 EurAAP Leopold B. Felsen Award for Excellence in Electrodynamics.<\/li>\n<li>Natalyia Kosmyna has been awarded the L&#8217;Or\u00e9al-UNESCO 2016 for Women and Sciences fellow grant.<\/li>\n<li>Francesco P. Andriulli has received the ICEAA IEEE-APWC Award.<\/li>\n<li>Natalyia Kosmyna has been awarded the &#8220;Prix de th\u00e8se 2016 de la communaut\u00e9 Universit\u00e9 Grenobles Aples&#8221;.<\/li>\n<li>Francesco P. Andriulli has been awarded an ERC Consolidator Grant 2016.<\/li>\n<li>Natalyia Kosmyna has been awarded the title of &#8220;Top French Talent 2017&#8221; by MIT innovators Under 35.<\/li>\n<\/ul>\n<\/div>\n<div class=\"lfr-meta-actions icons-container\"><\/div>\n<p><\/p>","protected":false},"excerpt":{"rendered":"<p>Francesco P. Andriulli has received the 2015 EurAAP Leopold B. Felsen Award for Excellence in Electrodynamics. Natalyia Kosmyna has been awarded the L&#8217;Or\u00e9al-UNESCO 2016 for\u2026<\/p>\n<p> <a class=\"continue-reading-link\" href=\"https:\/\/project.inria.fr\/sabre\/awards\/\"><span>Continue reading<\/span><i class=\"crycon-right-dir\"><\/i><\/a> <\/p>\n","protected":false},"author":1611,"featured_media":0,"parent":0,"menu_order":0,"comment_status":"closed","ping_status":"closed","template":"","meta":{"footnotes":""},"class_list":["post-68","page","type-page","status-publish","hentry"],"_links":{"self":[{"href":"https:\/\/project.inria.fr\/sabre\/wp-json\/wp\/v2\/pages\/68","targetHints":{"allow":["GET"]}}],"collection":[{"href":"https:\/\/project.inria.fr\/sabre\/wp-json\/wp\/v2\/pages"}],"about":[{"href":"https:\/\/project.inria.fr\/sabre\/wp-json\/wp\/v2\/types\/page"}],"author":[{"embeddable":true,"href":"https:\/\/project.inria.fr\/sabre\/wp-json\/wp\/v2\/users\/1611"}],"replies":[{"embeddable":true,"href":"https:\/\/project.inria.fr\/sabre\/wp-json\/wp\/v2\/comments?post=68"}],"version-history":[{"count":2,"href":"https:\/\/project.inria.fr\/sabre\/wp-json\/wp\/v2\/pages\/68\/revisions"}],"predecessor-version":[{"id":83,"href":"https:\/\/project.inria.fr\/sabre\/wp-json\/wp\/v2\/pages\/68\/revisions\/83"}],"wp:attachment":[{"href":"https:\/\/project.inria.fr\/sabre\/wp-json\/wp\/v2\/media?parent=68"}],"curies":[{"name":"wp","href":"https:\/\/api.w.org\/{rel}","templated":true}]}}