

{"id":4,"date":"2011-12-08T11:55:34","date_gmt":"2011-12-08T11:55:34","guid":{"rendered":"http:\/\/project.inria.fr\/template1\/?page_id=4"},"modified":"2015-09-10T17:38:32","modified_gmt":"2015-09-10T15:38:32","slug":"home","status":"publish","type":"page","link":"https:\/\/project.inria.fr\/sanp\/","title":{"rendered":"Home"},"content":{"rendered":"<h3 style=\"text-align: center;\"><strong><span style=\"color: #993366;\">WORKSHOP on SANP 2015<\/span><\/strong><\/h3>\n<h3 style=\"text-align: center;\"><strong><span style=\"color: #993366;\">Thursday\u00a0 24 \u2013 Friday 25 September 2015<\/span><\/strong><\/h3>\n<h3 style=\"text-align: center;\"><strong><span style=\"color: #993366;\">Inria Sophia Antipolis<\/span><\/strong><\/h3>\n<p style=\"text-align: center;\">\u00a0\u00a0 <img loading=\"lazy\" decoding=\"async\" class=\"\" src=\"http:\/\/www.math-evry.cnrs.fr\/lib\/tpl\/lamme\/images\/logo_lamme.svg\" alt=\"Logo du LaMME\" width=\"57\" height=\"70\" \/><img decoding=\"async\" class=\"decoded\" src=\"https:\/\/team.inria.fr\/ayin\/files\/2015\/06\/inria_small.png\" alt=\"https:\/\/team.inria.fr\/ayin\/files\/2015\/06\/inria_small.png\" \/><img loading=\"lazy\" decoding=\"async\" class=\"\" src=\"http:\/\/lsa.hse.ru\/mirror\/pubs\/share\/direct\/134245521\" alt=\"\" width=\"57\" height=\"70\" \/><\/p>\n<p><strong><br \/>\n<\/strong><\/p>\n<p><strong>Invited Speakers<\/strong><\/p>\n<ul>\n<li>Vlad Bally (Universit\u00e9 Paris-Est, Marne la Vall\u00e9e)<\/li>\n<li>Thierry Bodineau (CMAP, Ecole Polytechnique)<\/li>\n<li>Ugo Boscain (CMAP, Ecole Polytechnique)<\/li>\n<li>Patrick Cattiaux (Universit\u00e9 de Toulouse)<\/li>\n<li>Djalil Chafai (Universit\u00e9 Paris-Dauphine)<\/li>\n<li>Fran\u00e7ois Delarue (Universit\u00e9 de Nice)<\/li>\n<li>Jean-Fran\u00e7ois Jabir (CIMFAV, Fac. de Ingenieria, Universidad de Valparaiso)<\/li>\n<li>St\u00e9phane Menozzi (Universit\u00e9 d&#8217;Evry et HSE Moscou)<\/li>\n<li>Stanislav Molchanov (Universit\u00e9 de Charlotte et HSE Moscou)<\/li>\n<li>Gilles Pag\u00e8s (Universit\u00e9 Pierre et Marie Curie)<\/li>\n<li>Fabien Panloup (Universit\u00e9 de Toulouse)<\/li>\n<li>Enrico Priola (Universit\u00e9 de Turin)<\/li>\n<li>Christophe Profeta (Universit\u00e9 d&#8217;Evry)<\/li>\n<\/ul>\n<p><strong>Registration<\/strong><\/p>\n<p>There are no registration fees.<\/p>\n<p>To confirm your participation, please contact C. Faber :<\/p>\n<p>Christine.Faber@inria.fr \/ Tel : +33 (0) 4 92 38 79 32 \/ Fax : +33 (0 ) 4 92 38 79 80<\/p>\n","protected":false},"excerpt":{"rendered":"<p>WORKSHOP on SANP 2015 Thursday\u00a0 24 \u2013 Friday 25 September 2015 Inria Sophia Antipolis \u00a0\u00a0 Invited Speakers Vlad Bally (Universit\u00e9 Paris-Est, Marne la Vall\u00e9e) Thierry Bodineau (CMAP, Ecole Polytechnique) Ugo Boscain (CMAP, Ecole Polytechnique) Patrick Cattiaux (Universit\u00e9 de Toulouse) Djalil Chafai (Universit\u00e9 Paris-Dauphine) Fran\u00e7ois Delarue (Universit\u00e9 de Nice) Jean-Fran\u00e7ois Jabir (CIMFAV, Fac. de Ingenieria, Universidad &hellip; <\/p>\n<p><a class=\"more-link btn\" href=\"https:\/\/project.inria.fr\/sanp\/\">Continue reading<\/a><\/p>\n","protected":false},"author":1,"featured_media":0,"parent":0,"menu_order":0,"comment_status":"closed","ping_status":"open","template":"","meta":{"footnotes":""},"class_list":["post-4","page","type-page","status-publish","hentry","nodate","item-wrap"],"_links":{"self":[{"href":"https:\/\/project.inria.fr\/sanp\/wp-json\/wp\/v2\/pages\/4","targetHints":{"allow":["GET"]}}],"collection":[{"href":"https:\/\/project.inria.fr\/sanp\/wp-json\/wp\/v2\/pages"}],"about":[{"href":"https:\/\/project.inria.fr\/sanp\/wp-json\/wp\/v2\/types\/page"}],"author":[{"embeddable":true,"href":"https:\/\/project.inria.fr\/sanp\/wp-json\/wp\/v2\/users\/1"}],"replies":[{"embeddable":true,"href":"https:\/\/project.inria.fr\/sanp\/wp-json\/wp\/v2\/comments?post=4"}],"version-history":[{"count":27,"href":"https:\/\/project.inria.fr\/sanp\/wp-json\/wp\/v2\/pages\/4\/revisions"}],"predecessor-version":[{"id":156,"href":"https:\/\/project.inria.fr\/sanp\/wp-json\/wp\/v2\/pages\/4\/revisions\/156"}],"wp:attachment":[{"href":"https:\/\/project.inria.fr\/sanp\/wp-json\/wp\/v2\/media?parent=4"}],"curies":[{"name":"wp","href":"https:\/\/api.w.org\/{rel}","templated":true}]}}