

{"id":64,"date":"2015-06-29T12:31:27","date_gmt":"2015-06-29T10:31:27","guid":{"rendered":"https:\/\/project.inria.fr\/sanp\/?page_id=64"},"modified":"2015-09-25T11:28:16","modified_gmt":"2015-09-25T09:28:16","slug":"participants","status":"publish","type":"page","link":"https:\/\/project.inria.fr\/sanp\/participants\/","title":{"rendered":"Participants"},"content":{"rendered":"<ul>\n<li>Vlad Bally (Universit\u00e9 Paris-Est, Marne la Vall\u00e9e)<\/li>\n<li>Denis Belomestny (Universit\u00e9 Duisburg Essen)<\/li>\n<li>C\u00e9dric Bernardin (Dieudonn\u00e9 &#8211; Universit\u00e9 de Nice)<\/li>\n<li>Thierry Bodineau (CMAP, Ecole Polytechnique)<\/li>\n<li>Maxime Bonelli (Inria)<\/li>\n<li>Mireille Bossy (Inria)<\/li>\n<li>Ugo Boscain (CMAP, Ecole Polytechnique)<\/li>\n<li>Patrick Cattiaux (Universit\u00e9 de Toulouse)<\/li>\n<li>Djalil Chafai (Universit\u00e9 Paris-Dauphine)<\/li>\n<li>Gennaro Cibelli (Universit\u00e9 More)<\/li>\n<li>Fran\u00e7ois Delarue (Universit\u00e9 de Nice)<\/li>\n<li>Igor Honor\u00e9 (Universit\u00e9 de Nice)<\/li>\n<li>Lorick Huang (Universit\u00e9 Paris Diderot)<\/li>\n<li>Jean-Fran\u00e7ois Jabir (CIMFAV, Fac. de Ingenieria, Universidad de Valparaiso)<\/li>\n<li>Valentin Konakov (LSA Moscou)<\/li>\n<li>Anna Kozhina (LSA Moscou)<\/li>\n<li>Radu Maftei (Inria)<\/li>\n<li>Anna Markova (LSA Moscou)<\/li>\n<li>St\u00e9phane Menozzi (Universit\u00e9 d&#8217;Evry et HSE Moscou)<\/li>\n<li>Stanislav Molchanov (Universite de Charlotte et HSE Moscou)<\/li>\n<li>Gilles Pag\u00e8s (Universit\u00e9 Pierre et Marie Curie)<\/li>\n<li>Fabien Panloup (Universit\u00e9 de Toulouse)<\/li>\n<li>Christophe Profeta (Universit\u00e9 d&#8217;Evry)<\/li>\n<li>Vladimir Panov (LSA Moscou)<\/li>\n<li>Enrico Priola (Universit\u00e9 de Turin)<\/li>\n<li>Alexandre Richard (Inria)<\/li>\n<li>Foguen Rinel (Universit\u00e9 de Nice)<\/li>\n<li>Khaled Salhi (Inria)<\/li>\n<li>Denis Talay (Inria)<\/li>\n<li>Etienne Tanr\u00e9 (Inria)<\/li>\n<\/ul>\n","protected":false},"excerpt":{"rendered":"<p>Vlad Bally (Universit\u00e9 Paris-Est, Marne la Vall\u00e9e) Denis Belomestny (Universit\u00e9 Duisburg Essen) C\u00e9dric Bernardin (Dieudonn\u00e9 &#8211; Universit\u00e9 de Nice) Thierry Bodineau (CMAP, Ecole Polytechnique) Maxime Bonelli (Inria) Mireille Bossy (Inria) Ugo Boscain (CMAP, Ecole Polytechnique) Patrick Cattiaux (Universit\u00e9 de Toulouse) Djalil Chafai (Universit\u00e9 Paris-Dauphine) Gennaro Cibelli (Universit\u00e9 More) Fran\u00e7ois Delarue (Universit\u00e9 de Nice) Igor Honor\u00e9 &hellip; <\/p>\n<p><a class=\"more-link btn\" href=\"https:\/\/project.inria.fr\/sanp\/participants\/\">Continue reading<\/a><\/p>\n","protected":false},"author":761,"featured_media":0,"parent":0,"menu_order":0,"comment_status":"closed","ping_status":"closed","template":"","meta":{"footnotes":""},"class_list":["post-64","page","type-page","status-publish","hentry","nodate","item-wrap"],"_links":{"self":[{"href":"https:\/\/project.inria.fr\/sanp\/wp-json\/wp\/v2\/pages\/64","targetHints":{"allow":["GET"]}}],"collection":[{"href":"https:\/\/project.inria.fr\/sanp\/wp-json\/wp\/v2\/pages"}],"about":[{"href":"https:\/\/project.inria.fr\/sanp\/wp-json\/wp\/v2\/types\/page"}],"author":[{"embeddable":true,"href":"https:\/\/project.inria.fr\/sanp\/wp-json\/wp\/v2\/users\/761"}],"replies":[{"embeddable":true,"href":"https:\/\/project.inria.fr\/sanp\/wp-json\/wp\/v2\/comments?post=64"}],"version-history":[{"count":17,"href":"https:\/\/project.inria.fr\/sanp\/wp-json\/wp\/v2\/pages\/64\/revisions"}],"predecessor-version":[{"id":173,"href":"https:\/\/project.inria.fr\/sanp\/wp-json\/wp\/v2\/pages\/64\/revisions\/173"}],"wp:attachment":[{"href":"https:\/\/project.inria.fr\/sanp\/wp-json\/wp\/v2\/media?parent=64"}],"curies":[{"name":"wp","href":"https:\/\/api.w.org\/{rel}","templated":true}]}}