

{"id":150,"date":"2020-11-30T14:57:07","date_gmt":"2020-11-30T13:57:07","guid":{"rendered":"https:\/\/project.inria.fr\/saturnin\/?page_id=150"},"modified":"2020-11-30T14:57:07","modified_gmt":"2020-11-30T13:57:07","slug":"related-works","status":"publish","type":"page","link":"https:\/\/project.inria.fr\/saturnin\/related-works\/","title":{"rendered":"Related works"},"content":{"rendered":"<p>We list here some third-party works that are related to Saturnin. This list is not exhaustive and not ordered.<\/p>\n<ul>\n<li><em>QCB: Efficient Quantum-secure Authenticated Encryption<\/em> (Ritam Bhaumik, Xavier Bonnetain, Andr\u00e9 Chailloux, Ga\u00ebtan Leurent, Mar\u00eda Naya-Plasencia, Andr\u00e9 Schrottenloher, Yannick Seurin) <a href=\"https:\/\/eprint.iacr.org\/2020\/1304.pdf\">[link]<\/a> &#8211; this paper introduces and studies the &#8220;QCB&#8221; mode for Authenticated Encryption, which we have proposed to use in our second-round update.<\/li>\n<li><em>Quantum Search for Lightweight Block Ciphers: GIFT, SKINNY, SATURNIN<\/em> (Subodh Bijwe, Amit Kumar, Chauhan, Somitra Kumar Sanadhya) <a href=\"https:\/\/eprint.iacr.org\/2020\/1485.pdf\">[link]<\/a> &#8211; this paper performs quantum gate counts of exhaustive key search with Grover&#8217;s algorithm, and Saturnin is among the studied block ciphers.<\/li>\n<li><em>Lightweight Cryptography Primitives<\/em> (Rhys Weatherley): the author performed a benchmark of second-round NIST candidates on microcontrollers (<a href=\"https:\/\/rweather.github.io\/lightweight-crypto\/performance_avr.html\">8-bit AVR platforms<\/a> and <a href=\"https:\/\/rweather.github.io\/lightweight-crypto\/performance.html\">32-bit platforms<\/a>). Saturnin is among the algorithms studied, including Saturnin-Short and Saturnin-Hash. Implementations are available on <a href=\"https:\/\/github.com\/rweather\/lightweight-crypto\">this Github repository<\/a>.<\/li>\n<li><em>Assembly or Optimized C for Lighweight Cryptography on RISC-V?<\/em> (Fabio Campos, Lars Jellema, Mauk Lemmen, Lars M\u00fcller, Daan Sprenkels, Beno\u00eet Viguier) <a href=\"https:\/\/eprint.iacr.org\/2020\/836.pdf\">[link]<\/a> &#8211; This paper studies and compares different optimization strategies for implementing some of the NIST candidates. Saturnin is among the studied candidates.<\/li>\n<\/ul>\n<p><\/p>","protected":false},"excerpt":{"rendered":"<p>We list here some third-party works that are related to Saturnin. This list is not exhaustive and not ordered. QCB: Efficient Quantum-secure Authenticated Encryption (Ritam Bhaumik, Xavier Bonnetain, Andr\u00e9 Chailloux, Ga\u00ebtan Leurent, Mar\u00eda Naya-Plasencia, Andr\u00e9 Schrottenloher, Yannick Seurin) [link] &#8211; this paper introduces and studies the &#8220;QCB&#8221; mode for Authenticated\u2026<\/p>\n<p> <a class=\"continue-reading-link\" href=\"https:\/\/project.inria.fr\/saturnin\/related-works\/\"><span>Continue reading<\/span><i class=\"crycon-right-dir\"><\/i><\/a> <\/p>\n","protected":false},"author":1367,"featured_media":0,"parent":0,"menu_order":0,"comment_status":"closed","ping_status":"closed","template":"","meta":{"footnotes":""},"class_list":["post-150","page","type-page","status-publish","hentry"],"_links":{"self":[{"href":"https:\/\/project.inria.fr\/saturnin\/wp-json\/wp\/v2\/pages\/150","targetHints":{"allow":["GET"]}}],"collection":[{"href":"https:\/\/project.inria.fr\/saturnin\/wp-json\/wp\/v2\/pages"}],"about":[{"href":"https:\/\/project.inria.fr\/saturnin\/wp-json\/wp\/v2\/types\/page"}],"author":[{"embeddable":true,"href":"https:\/\/project.inria.fr\/saturnin\/wp-json\/wp\/v2\/users\/1367"}],"replies":[{"embeddable":true,"href":"https:\/\/project.inria.fr\/saturnin\/wp-json\/wp\/v2\/comments?post=150"}],"version-history":[{"count":1,"href":"https:\/\/project.inria.fr\/saturnin\/wp-json\/wp\/v2\/pages\/150\/revisions"}],"predecessor-version":[{"id":151,"href":"https:\/\/project.inria.fr\/saturnin\/wp-json\/wp\/v2\/pages\/150\/revisions\/151"}],"wp:attachment":[{"href":"https:\/\/project.inria.fr\/saturnin\/wp-json\/wp\/v2\/media?parent=150"}],"curies":[{"name":"wp","href":"https:\/\/api.w.org\/{rel}","templated":true}]}}