

{"id":98,"date":"2021-12-20T10:17:28","date_gmt":"2021-12-20T09:17:28","guid":{"rendered":"https:\/\/project.inria.fr\/sbac2022\/?page_id=98"},"modified":"2022-09-26T15:23:24","modified_gmt":"2022-09-26T13:23:24","slug":"venue","status":"publish","type":"page","link":"https:\/\/project.inria.fr\/sbac2022\/conference\/venue\/","title":{"rendered":"Venue"},"content":{"rendered":"<p>The conference will take place in the ENSEIRB-MATMECA building of Bordeaux-INP, close to the <em>&#8220;Arts et M\u00e9tiers&#8221;<\/em> tram stop, on the tram <strong>line B<\/strong>.<\/p>\n<p><strong>Street Adress:<\/strong><br \/>\nAvenue des Facult\u00e9s<br \/>\n33400 Talence<\/p>\n<h4>Hotel suggestions:<\/h4>\n<p>We provide some suggestions of hotels easily accessible from the conference location. The prices are indicative.<\/p>\n<h5>Close to the conference (walking distance):<\/h5>\n<p>T\u00e9n\u00e9o Apparthotel Talence Espeleta 70\u20ac<br \/>\nT\u00e9n\u00e9o Apparthotel Talence Centre 85\u20ac<\/p>\n<h5>Other hotels (close to tram B line)<\/h5>\n<p>Bordeaux Cosy B&amp;B 100\u20ac<br \/>\nStaycity Aparthotel Bordeaux City Centre 90\u20ac<br \/>\nL&#8217;H\u00f4tel Particulier Bordeaux 140\u20ac<br \/>\nH\u00f4tel Gambetta Bordeaux 80\u20ac<br \/>\nH\u00f4tel du Th\u00e9\u00e2tre 100\u20ac<br \/>\nH\u00f4tel Saint R\u00e9mi 70\u20ac<br \/>\nH\u00f4tel de l&#8217;Op\u00e9ra 70\u20ac<br \/>\nPatio de l&#8217;Intendance 160\u20ac<\/p>\n","protected":false},"excerpt":{"rendered":"<p>The conference will take place in the ENSEIRB-MATMECA building of Bordeaux-INP, close to the &#8220;Arts et M\u00e9tiers&#8221; tram stop, on the tram line B. Street Adress: Avenue des Facult\u00e9s 33400 Talence Hotel suggestions: We provide some suggestions of hotels easily accessible from the conference location. The prices are indicative. Close\u2026<\/p>\n<p> <a class=\"continue-reading-link\" href=\"https:\/\/project.inria.fr\/sbac2022\/conference\/venue\/\"><span>Continue reading<\/span><i class=\"crycon-right-dir\"><\/i><\/a> <\/p>\n","protected":false},"author":2137,"featured_media":0,"parent":96,"menu_order":0,"comment_status":"closed","ping_status":"closed","template":"","meta":{"_mc_calendar":[],"footnotes":""},"class_list":["post-98","page","type-page","status-publish","hentry"],"_links":{"self":[{"href":"https:\/\/project.inria.fr\/sbac2022\/wp-json\/wp\/v2\/pages\/98","targetHints":{"allow":["GET"]}}],"collection":[{"href":"https:\/\/project.inria.fr\/sbac2022\/wp-json\/wp\/v2\/pages"}],"about":[{"href":"https:\/\/project.inria.fr\/sbac2022\/wp-json\/wp\/v2\/types\/page"}],"author":[{"embeddable":true,"href":"https:\/\/project.inria.fr\/sbac2022\/wp-json\/wp\/v2\/users\/2137"}],"replies":[{"embeddable":true,"href":"https:\/\/project.inria.fr\/sbac2022\/wp-json\/wp\/v2\/comments?post=98"}],"version-history":[{"count":3,"href":"https:\/\/project.inria.fr\/sbac2022\/wp-json\/wp\/v2\/pages\/98\/revisions"}],"predecessor-version":[{"id":289,"href":"https:\/\/project.inria.fr\/sbac2022\/wp-json\/wp\/v2\/pages\/98\/revisions\/289"}],"up":[{"embeddable":true,"href":"https:\/\/project.inria.fr\/sbac2022\/wp-json\/wp\/v2\/pages\/96"}],"wp:attachment":[{"href":"https:\/\/project.inria.fr\/sbac2022\/wp-json\/wp\/v2\/media?parent=98"}],"curies":[{"name":"wp","href":"https:\/\/api.w.org\/{rel}","templated":true}]}}