

{"id":126,"date":"2014-01-30T16:17:46","date_gmt":"2014-01-30T15:17:46","guid":{"rendered":"https:\/\/project.inria.fr\/sca2014\/?page_id=126"},"modified":"2014-07-22T11:40:07","modified_gmt":"2014-07-22T09:40:07","slug":"program","status":"publish","type":"page","link":"https:\/\/project.inria.fr\/sca2014\/program\/","title":{"rendered":"Program"},"content":{"rendered":"<p><strong>Presentations: full papers and TVCG presentations have 25 minutes each (20 minutes presentation with 5 minutes for questions and presenter switching)<\/strong><\/p>\n<table width=\"620\" border=\"0\" cellspacing=\"0\" cellpadding=\"0\">\n<tbody>\n<tr>\n<td colspan=\"2\" valign=\"top\" height=\"25\">\u00a0<strong>Monday, July 21<\/strong><\/td>\n<\/tr>\n<tr>\n<td valign=\"top\" width=\"127\" height=\"25\">8:00 &#8211; 9:00 am<\/td>\n<td valign=\"top\" width=\"573\" height=\"10\"><strong>Registration<\/strong><\/td>\n<\/tr>\n<tr>\n<td valign=\"top\" width=\"127\" height=\"25\">9:00 &#8211; 9:15 am<\/td>\n<td valign=\"top\" width=\"573\" height=\"10\"><strong>Opening Remarks<\/strong><\/td>\n<\/tr>\n<tr>\n<td valign=\"top\" height=\"25\">9:15 &#8211; 10:30 am<\/td>\n<td valign=\"top\" height=\"10\"><strong>1st session: Big Water<\/strong><\/p>\n<p>Session Chair: Nils Thuerey<\/td>\n<\/tr>\n<tr>\n<td valign=\"top\" height=\"25\"><\/td>\n<td valign=\"top\" height=\"10\">Coupling 3D Eulerian, Heightfield and Particle Methods for Interactive Simulation of Large Scale Liquid Phenomena<\/p>\n<p><em> Nuttapong Chentanez, Matthias Mueller, Tae-Yong Kim<\/em><\/td>\n<\/tr>\n<tr>\n<td valign=\"top\" height=\"25\"><\/td>\n<td valign=\"top\" height=\"10\">Implicit Incompressible SPH (TVCG)<\/p>\n<p><em>Markus Ihmsen, Jens Cornelis, Barbara Solenthaler, Christopher Horvath, Matthias Teschner<\/em><\/td>\n<\/tr>\n<tr>\n<td valign=\"top\" height=\"25\"><\/td>\n<td valign=\"top\" height=\"10\">Ocean Waves Animation using Boundary Integral Equations and Explicit Mesh Tracking<\/p>\n<p><em>Todd Keeler, Robert Bridson<\/em><\/td>\n<\/tr>\n<tr>\n<td valign=\"top\" width=\"127\" height=\"25\">10:30 &#8211; 11:00 am<\/td>\n<td valign=\"top\" width=\"573\" height=\"10\"><strong>Break<\/strong><\/td>\n<\/tr>\n<tr>\n<td valign=\"top\" height=\"25\">11:00 &#8211; 12:15 pm<\/td>\n<td valign=\"top\" height=\"10\"><strong>2nd session: Bending and stretching<\/strong><\/p>\n<p>Session Chair: Theodore Kim<\/td>\n<\/tr>\n<tr>\n<td valign=\"top\" height=\"25\"><\/td>\n<td valign=\"top\" height=\"10\">Position-based Elastic Rod<\/p>\n<p><em>Nobuyuki Umetani, Ryan Schmidt, Jos Stam<\/em><\/td>\n<\/tr>\n<tr>\n<td valign=\"top\" height=\"25\"><\/td>\n<td valign=\"top\" height=\"10\">Optimization Integrator for Large Time Steps<\/p>\n<p><em>Theodore Gast, Craig Schroeder<\/em><\/td>\n<\/tr>\n<tr>\n<td valign=\"top\" height=\"25\"><\/td>\n<td valign=\"top\" height=\"10\">Stable Orthotropic Materials<\/p>\n<p><em>Yijing Li, Jernej Barbic<\/em><\/td>\n<\/tr>\n<tr>\n<td valign=\"top\" width=\"127\" height=\"25\">12:15 &#8211; 2:00 pm<\/td>\n<td valign=\"top\" width=\"573\" height=\"10\"><strong>Lunch<\/strong><\/td>\n<\/tr>\n<tr>\n<td valign=\"top\" width=\"127\" height=\"25\">2:00 &#8211; 3:00 pm<\/td>\n<td valign=\"top\" width=\"573\" height=\"10\"><a title=\"Keynote Speakers\" href=\"https:\/\/project.inria.fr\/sca2014\/keynote-speakers\/\"><strong>Keynote<\/strong><\/a>: Doug L. James<\/td>\n<\/tr>\n<tr>\n<td valign=\"top\" width=\"127\" height=\"25\">3:00 &#8211; 3:30 pm<\/td>\n<td valign=\"top\" width=\"573\" height=\"10\"><strong>Break<\/strong><\/td>\n<\/tr>\n<tr>\n<td valign=\"top\" height=\"25\">3:30 &#8211; 4:20 pm<\/td>\n<td valign=\"top\" height=\"10\"><strong>3rd session: Fracture<\/strong><\/p>\n<p>Session Chair: Matthias M\u00fcller-Fischer<\/td>\n<\/tr>\n<tr>\n<td valign=\"top\" height=\"25\"><\/td>\n<td valign=\"top\" height=\"10\">A Peridynamic Perspective on Spring-Mass Fracture<\/p>\n<p><em>Joshua Levine, Adam Bargteil, Christopher Corsi, Jerry Tessendorf, Robert Geist<\/em><\/td>\n<\/tr>\n<tr>\n<td valign=\"top\" height=\"25\"><\/td>\n<td valign=\"top\" height=\"10\">Adaptive Tetrahedral Meshes for Brittle Fracture Simulation<\/p>\n<p><em>Dan Koschier, Sebastian Lipponer, Jan Bender<\/em><\/td>\n<\/tr>\n<tr>\n<td valign=\"top\" width=\"127\" height=\"25\">4:20 &#8211; 4:45 pm<\/td>\n<td valign=\"top\" width=\"573\" height=\"10\"><strong>Posters fast forward<\/strong><\/td>\n<\/tr>\n<tr>\n<td valign=\"top\" width=\"127\" height=\"25\">7:00 &#8211; 8:30 pm<\/td>\n<td valign=\"top\" width=\"573\" height=\"10\"><strong>Posters reception<\/strong><\/td>\n<\/tr>\n<tr>\n<td colspan=\"2\" valign=\"top\" height=\"25\"><strong>Tuesday, July 22<\/strong><\/td>\n<\/tr>\n<tr>\n<td valign=\"top\" height=\"25\">9:15 &#8211; 10:30 am<\/td>\n<td valign=\"top\" height=\"10\"><strong>4th session: Potpourri<\/strong><\/p>\n<p>Session Chair: Chris Wojtan<\/td>\n<\/tr>\n<tr>\n<td valign=\"top\" height=\"25\"><\/td>\n<td valign=\"top\" height=\"10\">Implicit Multibody Penalty-based Distributed Contact (TVCG)<\/p>\n<p><em>Hongyi Xu, Yili Zhao, Jernej Barbic<\/em><\/td>\n<\/tr>\n<tr>\n<td valign=\"top\" height=\"25\"><\/td>\n<td valign=\"top\" height=\"10\">Fast Grid-Based Nonlinear Elasticity for 2D Deformations<\/p>\n<p><em>Rajsekhar Setaluri, Yu Wang, Nathan Mitchell, Ladislav Kavan, Eftychios Sifakis<\/em><\/td>\n<\/tr>\n<tr>\n<td valign=\"top\" height=\"25\"><\/td>\n<td valign=\"top\" height=\"10\">Large-Scale Liquid Simulation on Adaptive Hexahedral Grids (TVCG)<\/p>\n<p><em>Florian Ferstl, R\u00fcdiger Westermann, Christian Dick<\/em><\/td>\n<\/tr>\n<tr>\n<td valign=\"top\" width=\"127\" height=\"25\">10:30 &#8211; 11:00 am<\/td>\n<td valign=\"top\" width=\"573\" height=\"10\"><strong>Break<\/strong><\/td>\n<\/tr>\n<tr>\n<td valign=\"top\" height=\"25\">11:00 &#8211; 11:50 am<\/td>\n<td valign=\"top\" height=\"10\"><strong>5th session: Mesh abuse<br \/>\n<\/strong>Session Chair: Matthias Teschner<\/td>\n<\/tr>\n<tr>\n<td valign=\"top\" height=\"25\"><\/td>\n<td valign=\"top\" height=\"10\">An Adaptive Virtual Node Algorithm with Robust Mesh Cutting<\/p>\n<p><em>Yuting Wang, Chenfanfu Jiang, Craig Schroeder, Joseph Teran<\/em><\/td>\n<\/tr>\n<tr>\n<td valign=\"top\" height=\"25\"><\/td>\n<td valign=\"top\" height=\"10\">Efficient Denting and Bending of Rigid Bodies<\/p>\n<p><em>Saket Patkar, Mridul Aanjaneya, Aric Bartle, Minjae Lee, Ron Fedkiw<\/em><\/td>\n<\/tr>\n<tr>\n<td valign=\"top\" height=\"25\">11:50 &#8211; 12:15 pm<\/td>\n<td valign=\"top\" height=\"10\"><strong>Town hall discussion<\/strong> &#8211; status and future of SCA<\/td>\n<\/tr>\n<tr>\n<td valign=\"top\" width=\"127\" height=\"25\">12:15 &#8211; 2:00 pm<\/td>\n<td valign=\"top\" width=\"573\" height=\"10\"><strong>Lunch<\/strong><\/td>\n<\/tr>\n<tr>\n<td valign=\"top\" width=\"127\" height=\"25\">2:00 &#8211; 3:40 pm<\/td>\n<td valign=\"top\" width=\"573\" height=\"10\"><strong>6th session: Crowds<\/strong><\/p>\n<p>Session Chair: Jack Wang<\/td>\n<\/tr>\n<tr>\n<td valign=\"top\" width=\"127\" height=\"25\"><\/td>\n<td valign=\"top\" width=\"573\" height=\"10\">DenseSense: Interactive Crowd Simulation using Density-Dependent Filter<\/p>\n<p><em> Andrew Best, Sahil Narang, Sean Curtis, Dinesh Manocha<\/em><\/td>\n<\/tr>\n<tr>\n<td valign=\"top\" height=\"25\"><\/td>\n<td valign=\"top\" height=\"10\">A Holonomic Model for Crowd Simulation<\/p>\n<p><em>Rowan Hughes, Jan Ondrej, John Dingliana<\/em><\/td>\n<\/tr>\n<tr>\n<td valign=\"top\" height=\"25\"><\/td>\n<td valign=\"top\" height=\"10\">SteerFit: Automated Parameter Fitting for Steering Algorithms<\/p>\n<p><em>Glen Berseth, Mubbasir Kapadia, Brandon Haworth, Petros Faloutsos<\/em><\/td>\n<\/tr>\n<tr>\n<td valign=\"top\" height=\"25\"><\/td>\n<td valign=\"top\" height=\"10\">A Whole Surface Approach to Crowd Simulation on Arbitrary Topologies (TVCG)<\/p>\n<p><em>Brian C. Ricks, Parris K. Egbert<\/em><\/td>\n<\/tr>\n<tr>\n<td valign=\"top\" width=\"127\" height=\"25\">3:40 &#8211; 4:10 pm<\/td>\n<td valign=\"top\" width=\"573\" height=\"10\"><strong>Break<\/strong><\/td>\n<\/tr>\n<tr>\n<td valign=\"top\" width=\"127\" height=\"25\">4:10 &#8211; 5:50 pm<\/td>\n<td valign=\"top\" width=\"573\" height=\"10\"><strong>7th session: Mechanical characters<br \/>\n<\/strong>Session Chair: Jernej Barbic<\/td>\n<\/tr>\n<tr>\n<td valign=\"top\" width=\"127\" height=\"25\"><\/td>\n<td valign=\"top\" width=\"573\" height=\"10\">ChaCra: An Interactive Design System for Rapid Character Crafting<\/p>\n<p><em>Vittorio Megaro, Bernhard Thomaszewski, Damien Gauge, Eitan Grinspun, Stelian Coros, Markus Gross<\/em><\/td>\n<\/tr>\n<tr>\n<td valign=\"top\" width=\"127\" height=\"25\"><\/td>\n<td valign=\"top\" width=\"573\" height=\"10\">Interactive Design of Modular Tensegrity Characters<\/p>\n<p><em>Damien Gauge, Stelian Coros, Sandro Mani, Bernhard Thomaszewski<\/em><\/td>\n<\/tr>\n<tr>\n<td valign=\"top\" width=\"127\" height=\"25\">8:30 &#8211; 10:30 pm<\/td>\n<td valign=\"top\" width=\"573\" height=\"10\"><a title=\"Banquet\" href=\"https:\/\/project.inria.fr\/sca2014\/banquet\/\"><strong>Banquet<\/strong><\/a><\/td>\n<\/tr>\n<tr>\n<td colspan=\"2\" valign=\"top\" height=\"25\"><strong>Wednesday, July 23<\/strong><\/td>\n<\/tr>\n<tr>\n<td valign=\"top\" height=\"25\">9:15 &#8211; 10:30 am<\/td>\n<td valign=\"top\" height=\"10\"><strong>8th session: Skin and cloth<br \/>\n<\/strong>Session Chair: Rasmus Tamstorf<\/td>\n<\/tr>\n<tr>\n<td valign=\"top\" height=\"25\"><\/td>\n<td valign=\"top\" height=\"10\">Steklov-Poincare Skinning<\/p>\n<p><em>Ming Gao, Nathan Mitchell,\u00a0Eftychios Sifakis<\/em><\/td>\n<\/tr>\n<tr>\n<td valign=\"top\" height=\"25\"><\/td>\n<td valign=\"top\" height=\"10\">Strain Based Dynamics<\/p>\n<p><em>Matthias Mueller, Nuttapong Chentanez, Tae-Yong Kim, Miles Macklin<\/em><\/td>\n<\/tr>\n<tr>\n<td valign=\"top\" height=\"25\"><\/td>\n<td valign=\"top\" height=\"10\">View-Dependent Adaptive Cloth Simulation<\/p>\n<p><em>Woojong Koh, Rahul Narain, James O&#8217;Brien<\/em><\/td>\n<\/tr>\n<tr>\n<td valign=\"top\" width=\"127\" height=\"25\">10:30 &#8211; 11:00 am<\/td>\n<td valign=\"top\" width=\"573\" height=\"10\"><strong>Break<\/strong><\/td>\n<\/tr>\n<tr>\n<td valign=\"top\" height=\"25\">11:00 &#8211; 11:50 am<\/td>\n<td valign=\"top\" height=\"10\"><strong>9th session: Humans and cameras<br \/>\n<\/strong>Session Chair: Stelian Coros<\/td>\n<\/tr>\n<tr>\n<td valign=\"top\" height=\"25\"><\/td>\n<td valign=\"top\" height=\"10\">Efficient Unsupervised Temporal Segmentation of Human Motion<\/p>\n<p><em>Anna V\u00f6gele, Bj\u00f6rn Kr\u00fcger, Reinhard Klein<\/em><\/td>\n<\/tr>\n<tr>\n<td valign=\"top\" height=\"25\"><\/td>\n<td valign=\"top\" height=\"10\">Camera Motion Graphs<\/p>\n<p><em>Cunka Bassirou Sanokho, Clement Desoche, Billal Merabti, Marc Christie, Tsai-yen Li<\/em><\/td>\n<\/tr>\n<tr>\n<td valign=\"top\" height=\"25\">11:50 &#8211; 12:15 pm<\/td>\n<td valign=\"top\" height=\"10\"><strong>Awards and wrap-up<\/strong><\/td>\n<\/tr>\n<\/tbody>\n<\/table>\n<p><\/p>","protected":false},"excerpt":{"rendered":"<p>Presentations: full papers and TVCG presentations have 25 minutes each (20 minutes presentation with 5 minutes for questions and presenter switching) \u00a0Monday, July 21 8:00 &#8211; 9:00 am Registration 9:00 &#8211; 9:15 am Opening Remarks 9:15 &#8211; 10:30 am 1st session: Big Water Session Chair: Nils Thuerey Coupling 3D Eulerian, Heightfield and Particle Methods for &hellip; <\/p>\n<p><a class=\"more-link btn\" href=\"https:\/\/project.inria.fr\/sca2014\/program\/\">Continue reading<\/a><\/p>\n","protected":false},"author":392,"featured_media":0,"parent":0,"menu_order":0,"comment_status":"closed","ping_status":"closed","template":"","meta":{"footnotes":""},"class_list":["post-126","page","type-page","status-publish","hentry","nodate","item-wrap"],"_links":{"self":[{"href":"https:\/\/project.inria.fr\/sca2014\/wp-json\/wp\/v2\/pages\/126","targetHints":{"allow":["GET"]}}],"collection":[{"href":"https:\/\/project.inria.fr\/sca2014\/wp-json\/wp\/v2\/pages"}],"about":[{"href":"https:\/\/project.inria.fr\/sca2014\/wp-json\/wp\/v2\/types\/page"}],"author":[{"embeddable":true,"href":"https:\/\/project.inria.fr\/sca2014\/wp-json\/wp\/v2\/users\/392"}],"replies":[{"embeddable":true,"href":"https:\/\/project.inria.fr\/sca2014\/wp-json\/wp\/v2\/comments?post=126"}],"version-history":[{"count":15,"href":"https:\/\/project.inria.fr\/sca2014\/wp-json\/wp\/v2\/pages\/126\/revisions"}],"predecessor-version":[{"id":160,"href":"https:\/\/project.inria.fr\/sca2014\/wp-json\/wp\/v2\/pages\/126\/revisions\/160"}],"wp:attachment":[{"href":"https:\/\/project.inria.fr\/sca2014\/wp-json\/wp\/v2\/media?parent=126"}],"curies":[{"name":"wp","href":"https:\/\/api.w.org\/{rel}","templated":true}]}}