

{"id":71,"date":"2021-11-04T17:50:58","date_gmt":"2021-11-04T16:50:58","guid":{"rendered":"https:\/\/project.inria.fr\/scratchs\/?page_id=71"},"modified":"2024-06-21T09:34:22","modified_gmt":"2024-06-21T07:34:22","slug":"publications","status":"publish","type":"page","link":"https:\/\/project.inria.fr\/scratchs\/publications\/","title":{"rendered":"Publications"},"content":{"rendered":"\n<h2 class=\"wp-block-heading\">Papers<\/h2>\n\n\n\n<ul class=\"wp-block-list\"><li><strong><a href=\"https:\/\/silm-workshop.github.io\/2023-program\/#cacheprotection\">Work in Progress: Thwarting Timing Attacks in Microcontrollers using Fine-grained Hardware Protections<\/a><\/strong> <br>Jean-Loup Hatchikian-Houdot, Nicolas Gaudin, Pascal Cotret, Fr\u00e9d\u00e9ric Besson, Guy Gogniat, Guillaume Hiet, Vianney Lap\u00f4tre and Pierre Wilke<br>SILM Workshop 2023, colocated with Euro S&amp;P, Delft, Netherlands<\/li><li>On The Effect of Replacement Policies on The Security of Randomized Cache Architectures<br>Moritz Peters, Nicolas Gaudin, Jan Philipp Thoma, Vianney Lap\u00f4tre, Pascal Cotret, Guy Gogniat, Tim G\u00fcneysu<br>ASIACCS&#8217;24 (Jul&#8217;24, Singapore)<\/li><li>A Fine-Grained Dynamic Partitioning Against Cache-Based Timing Attacks via Cache Locking<br>Nicolas Gaudin, Pascal Cotret, Guy Gogniat, and Vianney Lapotre<br>To appear in ISVLSI&#8217;24, July 2024, Knoxville, Tennessee, USA<\/li><li>Formal Hardware\/Software Models for Cache Locking Enabling Fast and Secure Code<br>Jean-Loup Hatchikian-Houdot, Pierre Wilke, Fr\u00e9d\u00e9ric Besson, Guillaume Hiet<br>To appear in ESORICS&#8217;24, September 2024, Poland<\/li><\/ul>\n\n\n\n<h2 class=\"wp-block-heading\">Posters \/ Talks<\/h2>\n\n\n\n<ul class=\"wp-block-list\"><li>Jean-Loup Hatchikian-Houdot presented the SCRATCHS project at RESSI&#8217;22 (<a href=\"https:\/\/ressi2022.sciencesconf.org\/\">RESSI 2022 : Rendez-vous de la Recherche et de l&#8217;Enseignement de la S\u00e9curit\u00e9 des Syst\u00e8mes d&#8217;Information<\/a>)<\/li><li>Jean-Loup Hatchikian-Houdot and Nicolas Gaudin presented the SCRATCHS project at CominLabs Days&#8217;22 (October 10-11 2022)<\/li><li>Nicolas Gaudin presented a poster at the International Winter School of Microarchitectural Security (Dec&#8217;22)<\/li><li>Nicolas Gaudin presented a poster at the SHARP pole at Lab-STICC (Jul&#8217;22)<\/li><li>Nicolas Gaudin presented a poster at the presentation of the transversal Cyber axis at Lab-STICC (Jan&#8217;23)<\/li><li>Nicolas Gaudin gave a talk at the Cyberus Summer School (Jul&#8217;23) (<a href=\"https:\/\/master-cyberus.eu\/news\/conferences\/join-the-cyberus-summer-school-2023\">Cyberus<\/a>)<\/li><li>Vianney Lap\u00f4tre gave a talk at the Winter School FETCH&#8217;24 in Belgium : &#8220;Cache locking against cache-based side-channel attacks&#8221; (\u00c9cole d&#8217;hiver Francophone sur les Technologies de Conception des Syst\u00e8mes Embarqu\u00e9s H\u00e9t\u00e9rog\u00e8nes (FETCH)), (Feb&#8217;24)<\/li><li>Nicolas Gaudin gave a talk titled &#8220;Verrouillage des lignes de cache pour la lutte contre les attaques par canaux auxiliaires exploitant les m\u00e9moires caches&#8221; at <a href=\"https:\/\/www.cyberonboard.org\/fr\" data-type=\"URL\" data-id=\"https:\/\/www.cyberonboard.org\/fr\">CyberOnBoard<\/a> (Mar&#8217;24)<\/li><\/ul>\n\n\n\n<h2 class=\"wp-block-heading\">Dissemination<\/h2>\n\n\n\n<ul class=\"wp-block-list\"><li>Vianney Lap\u00f4tre will present the SCRATCHS project (Sep&#8217;23) <a href=\"https:\/\/www.gdr-soc.cnrs.fr\/2023\/05\/26\/journee-thematique-du-club-des-partenaires-sur-le-risc-v\/\" data-type=\"URL\" data-id=\"https:\/\/www.gdr-soc.cnrs.fr\/2023\/05\/26\/journee-thematique-du-club-des-partenaires-sur-le-risc-v\/\">https:\/\/www.gdr-soc.cnrs.fr\/2023\/05\/26\/journee-thematique-du-club-des-partenaires-sur-le-risc-v\/<\/a><\/li><li>Nicolas Gaudin presented the project at the Chair for Security Engineering at the Ruhr-Universit\u00e4t Bochum, Germany, in June 2023<\/li><\/ul>\n\n\n\n<h2 class=\"wp-block-heading\">International collaboration<\/h2>\n\n\n\n<p>3-month mobility by Nicolas Gaudin from Jun&#8217;23 to Aug&#8217;23 at the Ruhr-University Bochum, Germany, in Prof. Dr.-Ing. Tim Gueneysu&#8217;s group (<a href=\"https:\/\/informatik.rub.de\/seceng\/personen\/gueneysu\/\">https:\/\/informatik.rub.de\/seceng\/personen\/gueneysu\/<\/a>).<br>This mobility resulted in a publication at ASIACCS&#8217;24 (see above)<\/p>\n","protected":false},"excerpt":{"rendered":"<p>Papers Work in Progress: Thwarting Timing Attacks in Microcontrollers using Fine-grained Hardware Protections Jean-Loup Hatchikian-Houdot, Nicolas Gaudin, Pascal Cotret, Fr\u00e9d\u00e9ric Besson, Guy Gogniat, Guillaume Hiet,\u2026<\/p>\n<p> <a class=\"continue-reading-link\" href=\"https:\/\/project.inria.fr\/scratchs\/publications\/\"><span>Continue reading<\/span><i class=\"crycon-right-dir\"><\/i><\/a> <\/p>\n","protected":false},"author":2098,"featured_media":0,"parent":0,"menu_order":0,"comment_status":"closed","ping_status":"closed","template":"","meta":{"footnotes":""},"class_list":["post-71","page","type-page","status-publish","hentry"],"_links":{"self":[{"href":"https:\/\/project.inria.fr\/scratchs\/wp-json\/wp\/v2\/pages\/71","targetHints":{"allow":["GET"]}}],"collection":[{"href":"https:\/\/project.inria.fr\/scratchs\/wp-json\/wp\/v2\/pages"}],"about":[{"href":"https:\/\/project.inria.fr\/scratchs\/wp-json\/wp\/v2\/types\/page"}],"author":[{"embeddable":true,"href":"https:\/\/project.inria.fr\/scratchs\/wp-json\/wp\/v2\/users\/2098"}],"replies":[{"embeddable":true,"href":"https:\/\/project.inria.fr\/scratchs\/wp-json\/wp\/v2\/comments?post=71"}],"version-history":[{"count":14,"href":"https:\/\/project.inria.fr\/scratchs\/wp-json\/wp\/v2\/pages\/71\/revisions"}],"predecessor-version":[{"id":149,"href":"https:\/\/project.inria.fr\/scratchs\/wp-json\/wp\/v2\/pages\/71\/revisions\/149"}],"wp:attachment":[{"href":"https:\/\/project.inria.fr\/scratchs\/wp-json\/wp\/v2\/media?parent=71"}],"curies":[{"name":"wp","href":"https:\/\/api.w.org\/{rel}","templated":true}]}}