

{"id":73,"date":"2021-11-04T17:51:07","date_gmt":"2021-11-04T16:51:07","guid":{"rendered":"https:\/\/project.inria.fr\/scratchs\/?page_id=73"},"modified":"2023-09-04T22:26:39","modified_gmt":"2023-09-04T20:26:39","slug":"team-members","status":"publish","type":"page","link":"https:\/\/project.inria.fr\/scratchs\/team-members\/","title":{"rendered":"Team Members"},"content":{"rendered":"<ul>\n<li><a href=\"http:\/\/people.rennes.inria.fr\/Frederic.Besson\/\">Fr\u00e9d\u00e9ric Besson<\/a><\/li>\n<li><a href=\"https:\/\/pcotret.github.io\/\">Pascal Cotret<\/a><\/li>\n<li><a href=\"http:\/\/www-labsticc.univ-ubs.fr\/~gogniat\/\">Guy Gogniat<\/a><\/li>\n<li><a href=\"https:\/\/guillaume.hiet.fr\/\">Guillaume Hiet<\/a><\/li>\n<li><a href=\"http:\/\/labsticc.univ-ubs.fr\/~lapotre\/\">Vianney Lap\u00f4tre<\/a><\/li>\n<li><a href=\"https:\/\/pwilke.fr\/\">Pierre Wilke<\/a><\/li>\n<\/ul>\n<p>PhD students :<\/p>\n<ul>\n<li><a href=\"https:\/\/labsticc.fr\/fr\/annuaire\/gaudin-nicolas\">Nicolas Gaudin<\/a><\/li>\n<li>Jean-Loup Hatchikian-Houdot<\/li>\n<\/ul>\n<p><a href=\"https:\/\/project.inria.fr\/scratchs\/files\/2022\/01\/inr_logo_rouge-1.png\"><img loading=\"lazy\" decoding=\"async\" class=\"alignnone wp-image-101\" src=\"https:\/\/project.inria.fr\/scratchs\/files\/2022\/01\/inr_logo_rouge-1-300x106.png\" alt=\"\" width=\"204\" height=\"72\" srcset=\"https:\/\/project.inria.fr\/scratchs\/files\/2022\/01\/inr_logo_rouge-1-300x106.png 300w, https:\/\/project.inria.fr\/scratchs\/files\/2022\/01\/inr_logo_rouge-1-150x53.png 150w, https:\/\/project.inria.fr\/scratchs\/files\/2022\/01\/inr_logo_rouge-1.png 645w\" sizes=\"auto, (max-width: 204px) 100vw, 204px\" \/><\/a><span class=\"image-wrapper invisible\"><a href=\"https:\/\/project.inria.fr\/scratchs\/files\/2022\/01\/enstab.jpg\"><img loading=\"lazy\" decoding=\"async\" class=\"alignnone  wp-image-105\" src=\"https:\/\/project.inria.fr\/scratchs\/files\/2022\/01\/enstab-300x116.jpg\" alt=\"\" width=\"225\" height=\"87\" srcset=\"https:\/\/project.inria.fr\/scratchs\/files\/2022\/01\/enstab-300x116.jpg 300w, https:\/\/project.inria.fr\/scratchs\/files\/2022\/01\/enstab-150x58.jpg 150w, https:\/\/project.inria.fr\/scratchs\/files\/2022\/01\/enstab.jpg 700w\" sizes=\"auto, (max-width: 225px) 100vw, 225px\" \/><\/a><a href=\"https:\/\/project.inria.fr\/scratchs\/files\/2022\/01\/ubs.png\"><img loading=\"lazy\" decoding=\"async\" class=\"alignnone  wp-image-108\" src=\"https:\/\/project.inria.fr\/scratchs\/files\/2022\/01\/ubs.png\" alt=\"\" width=\"130\" height=\"92\" srcset=\"https:\/\/project.inria.fr\/scratchs\/files\/2022\/01\/ubs.png 212w, https:\/\/project.inria.fr\/scratchs\/files\/2022\/01\/ubs-150x106.png 150w\" sizes=\"auto, (max-width: 130px) 100vw, 130px\" \/><\/a><a href=\"https:\/\/project.inria.fr\/scratchs\/files\/2022\/01\/index.png\"><img loading=\"lazy\" decoding=\"async\" class=\"alignnone size-full wp-image-102\" src=\"https:\/\/project.inria.fr\/scratchs\/files\/2022\/01\/index.png\" alt=\"\" width=\"200\" height=\"111\" srcset=\"https:\/\/project.inria.fr\/scratchs\/files\/2022\/01\/index.png 200w, https:\/\/project.inria.fr\/scratchs\/files\/2022\/01\/index-150x83.png 150w\" sizes=\"auto, (max-width: 200px) 100vw, 200px\" \/><\/a><\/span><\/p>\n<p><a href=\"https:\/\/project.inria.fr\/scratchs\/files\/2022\/01\/irisa.png\"><img loading=\"lazy\" decoding=\"async\" class=\"alignnone size-full wp-image-106\" src=\"https:\/\/project.inria.fr\/scratchs\/files\/2022\/01\/irisa.png\" alt=\"\" width=\"272\" height=\"84\" srcset=\"https:\/\/project.inria.fr\/scratchs\/files\/2022\/01\/irisa.png 272w, https:\/\/project.inria.fr\/scratchs\/files\/2022\/01\/irisa-150x46.png 150w\" sizes=\"auto, (max-width: 272px) 100vw, 272px\" \/><\/a> <a href=\"https:\/\/project.inria.fr\/scratchs\/files\/2022\/01\/labsticc.png\"><img loading=\"lazy\" decoding=\"async\" class=\"alignnone  wp-image-107\" src=\"https:\/\/project.inria.fr\/scratchs\/files\/2022\/01\/labsticc-300x137.png\" alt=\"\" width=\"206\" height=\"94\" srcset=\"https:\/\/project.inria.fr\/scratchs\/files\/2022\/01\/labsticc-300x137.png 300w, https:\/\/project.inria.fr\/scratchs\/files\/2022\/01\/labsticc-150x69.png 150w, https:\/\/project.inria.fr\/scratchs\/files\/2022\/01\/labsticc.png 400w\" sizes=\"auto, (max-width: 206px) 100vw, 206px\" \/><\/a><\/p>\n","protected":false},"excerpt":{"rendered":"<p>Fr\u00e9d\u00e9ric Besson Pascal Cotret Guy Gogniat Guillaume Hiet Vianney Lap\u00f4tre Pierre Wilke PhD students : Nicolas Gaudin Jean-Loup Hatchikian-Houdot<\/p>\n<p> <a class=\"continue-reading-link\" href=\"https:\/\/project.inria.fr\/scratchs\/team-members\/\"><span>Continue reading<\/span><i class=\"crycon-right-dir\"><\/i><\/a> <\/p>\n","protected":false},"author":1754,"featured_media":0,"parent":0,"menu_order":0,"comment_status":"closed","ping_status":"closed","template":"","meta":{"footnotes":""},"class_list":["post-73","page","type-page","status-publish","hentry"],"_links":{"self":[{"href":"https:\/\/project.inria.fr\/scratchs\/wp-json\/wp\/v2\/pages\/73","targetHints":{"allow":["GET"]}}],"collection":[{"href":"https:\/\/project.inria.fr\/scratchs\/wp-json\/wp\/v2\/pages"}],"about":[{"href":"https:\/\/project.inria.fr\/scratchs\/wp-json\/wp\/v2\/types\/page"}],"author":[{"embeddable":true,"href":"https:\/\/project.inria.fr\/scratchs\/wp-json\/wp\/v2\/users\/1754"}],"replies":[{"embeddable":true,"href":"https:\/\/project.inria.fr\/scratchs\/wp-json\/wp\/v2\/comments?post=73"}],"version-history":[{"count":7,"href":"https:\/\/project.inria.fr\/scratchs\/wp-json\/wp\/v2\/pages\/73\/revisions"}],"predecessor-version":[{"id":133,"href":"https:\/\/project.inria.fr\/scratchs\/wp-json\/wp\/v2\/pages\/73\/revisions\/133"}],"wp:attachment":[{"href":"https:\/\/project.inria.fr\/scratchs\/wp-json\/wp\/v2\/media?parent=73"}],"curies":[{"name":"wp","href":"https:\/\/api.w.org\/{rel}","templated":true}]}}