

{"id":65,"date":"2019-06-19T16:44:11","date_gmt":"2019-06-19T14:44:11","guid":{"rendered":"https:\/\/project.inria.fr\/sedela\/?page_id=65"},"modified":"2019-10-30T17:00:19","modified_gmt":"2019-10-30T16:00:19","slug":"results","status":"publish","type":"page","link":"https:\/\/project.inria.fr\/sedela\/results\/","title":{"rendered":"Results"},"content":{"rendered":"<p><\/p>\n<h4>Trusted Collaborative Services<\/h4>\n<p><b>1- State of the art on data integration techniques and usage policies<\/b><\/p>\n<p>This report presents the state of the art of the two main issues to construct the decentralized and semantic learning Infrastructure for lifelong learning, i.e. semantic personal data integration and trusted data sharing.<\/p>\n<ul>\n<li><a href=\"https:\/\/hal.archives-ouvertes.fr\/hal-02311447\">Full report<\/a><\/li>\n<li>A short version of the report is published at\u00a0Atelier Web des Donn\u00e9es (AWD) at EGC 2019.\u00a0 <a href=\"https:\/\/hal.archives-ouvertes.fr\/hal-01990846\">Paper.<\/a><\/li>\n<li>Presentation at Journ\u00e9e scientifique &#8220;Data Science, IA et Education&#8221;, 2019<a href=\"https:\/\/docs.google.com\/presentation\/d\/1NXKRZw8cGqZzcaqKvW6qVJjQtET3mMeuhSz6XNWATzs\/edit?usp=sharing\">\u00a0Slides<\/a>.<\/li>\n<\/ul>\n<h4>2- On-demand Semantic integration service<\/h4>\n<p>ODMTP (On Demand Mapper with Triple pattern matching) enables triple pattern matching over non-RDF datasources.<\/p>\n<p><strong>Live demos available for:<\/strong><\/p>\n<ul>\n<li><a href=\"http:\/\/query.linkeddatafragments.org\/#datasources=http%3A%2F%2Fodmtp.priloo.univ-nantes.fr%2Ftwitter%2Fextended%2F&amp;query=PREFIX%20it%3A%20%3Chttp%3A%2F%2Fwww.influencetracker.com%2Fontology%23%3E%0A%0ASELECT%20%3Fs%20WHERE%20%7B%0A%20%20%3Fs%20it%3AincludedHashtag%20%22SemanticWeb%22.%0A%7D\">Twitter<\/a><\/li>\n<li><a href=\"http:\/\/query.linkeddatafragments.org\/#datasources=http%3A%2F%2Fodmtp.priloo.univ-nantes.fr%2Fgithub%2Fextended%2F&amp;query=PREFIX%20schema%3A%20%3Chttp%3A%2F%2Fschema.org%2F%3E%0A%0ASELECT%20%3Frepo%0AWHERE%20%7B%0A%09%3Frepo%20schema%3Alanguage%20%22Java%22%0A%7D\">github<\/a> for Github (limited to 60 request per hour)<\/li>\n<li><a href=\"http:\/\/odmtp.priloo.univ-nantes.fr\/linkedin\/authentification\/\">LinkdIn<\/a> for your Linkedin profile (you will need to login to access your personal LI profile).<\/li>\n<li><strong><a href=\"https:\/\/hal.archives-ouvertes.fr\/hal-01990875\">Source Code at\u00a0<\/a><a href=\"https:\/\/github.com\/benjimor\/odmtp-tpf\">github<\/a><\/strong><\/li>\n<\/ul>\n<p><strong>Demos presented at:<\/strong><\/p>\n<ul>\n<li>1<strong>6th International Semantic Web Conference (ISWC2017)<\/strong><strong>, <a href=\"https:\/\/hal.archives-ouvertes.fr\/hal-01583518\">demo paper<\/a><\/strong><\/li>\n<li><strong>atelier Web des Donn\u00e9es (AWD) with\u00a0 EGC 2019, <a href=\"https:\/\/hal.archives-ouvertes.fr\/hal-01990875\">demo paper\u00a0<\/a><\/strong><\/li>\n<\/ul>\n<h4>3- A classification model for RDF datasets licenses<\/h4>\n<p>Web applications facilitate combining resources (linked data, web services, source code, documents, etc.) to create new ones. For a\u00a0resource producer, choosing the appropriate license for a combined resource is not easy. It involves choosing a license compliant with all the licenses of combined resources and analyzing the reusability of the resulting resource through the compatibility of its license. The risk is either, to choose a license too restrictive making the resource difficult to reuse or to choose a not enough restrictive license that will not sufficiently protect the resource. Finding the right trade-off between compliance and compatibility is a difficult process. An automatic ordering over licenses would facilitate this task. Our research question is: given a license li, how to automatically position li over a set of licenses in terms of compatibility and compliance? We propose CaLi, a model that partially orders licenses. Our approach uses restrictiveness relations among licenses to define compatibility and compliance. We validate experimentally CaLi with a quadratic algorithm and show its usability through a prototype of a license-based search engine. Our work is a step towards facilitating and encouraging the publication and reuse of licensed resources in the Web of Data.<\/p>\n<ul>\n<li><strong>Research Paper published at 16th Extended Semantic Web Conference (ESWC2019), <a href=\"https:\/\/hal.archives-ouvertes.fr\/hal-02069076\">paper<\/a><\/strong><\/li>\n<li><strong>Demo paper\u00a0published\u00a0at 34\u00e8me Conf\u00e9rence sur la Gestion de Donn\u00e9es \u2013 Principes, Technologies et Applications (BDA 2018). <a href=\"https:\/\/hal.archives-ouvertes.fr\/hal-01934596\">Demo paper.<\/a><\/strong><\/li>\n<\/ul>\n<p><strong>Live demos:<\/strong><\/p>\n<ul>\n<li>Find dataset compatible License :<a href=\"http:\/\/cali.priloo.univ-nantes.fr\/ld\/\">http:\/\/cali.priloo.univ-nantes.fr\/ld<\/a><\/li>\n<li>Find Respository Compatible License:\u00a0<a href=\"http:\/\/cali.priloo.univ-nantes.fr\/rep\/\">http:\/\/cali.priloo.univ-nantes.fr\/rep\/<\/a><\/li>\n<li>A video of demonstrations in\u00a0<a href=\"https:\/\/www.youtube.com\/watch?v=YkSWHSiD-Ps&amp;feature=youtu.be\">youtube<\/a><\/li>\n<\/ul>\n<h4>4- Recommending Plausible Federated SPARQL queries<\/h4>\n<p>Federated SPARQL queries allow to query multiple interlinked datasets hosted by remote SPARQL endpoints. However, finding federated queries over a growing number of datasets is challenging. In this paper, we propose PFed, an approach to recommend plausible federated queries based on real query logs of different datasets. The problem is not to find similar federated queries, but plausible complementary queries over different datasets. Starting with a real SPARQL query from a given log, PFed stretches the query with real queries from different logs. To prune the research space, PFed proposes semantic summary to prune the query logs. Experimental results with real logs of DBpedia and SWDF demonstrate that PFed is able to prune drastically the logs and<br \/>\nrecommend plausible federated queries.<\/p>\n<ul>\n<li><strong>Research paper published at 30th International Conference on Database and Expert Systems Applications &#8211; DEXA 2019<\/strong>.\u00a0 <a href=\"https:\/\/hal.archives-ouvertes.fr\/hal-02278260\">Paper<\/a>, <a href=\"https:\/\/docs.google.com\/presentation\/d\/1PO7QxRwN7suqYbwhk_J0yvphOGdD1aeqAtyYT1IhH_g\/edit#slide=id.g5c8094a9c8_0_0\">talk<\/a><\/li>\n<\/ul>\n<ul>\n<li><strong>Source code<\/strong> on <a href=\"https:\/\/github.com\/GDD-Nantes\/PFed\">github<\/a><\/li>\n<li><strong><a href=\"https:\/\/pfed.herokuapp.com\/\">Live Demo<\/a><\/strong><\/li>\n<\/ul>\n<p><\/p>","protected":false},"excerpt":{"rendered":"<p>Trusted Collaborative Services 1- State of the art on data integration techniques and usage policies This report presents the state of the art of the\u2026<\/p>\n<p> <a class=\"continue-reading-link\" href=\"https:\/\/project.inria.fr\/sedela\/results\/\"><span>Continue reading<\/span><i class=\"crycon-right-dir\"><\/i><\/a> <\/p>\n","protected":false},"author":1611,"featured_media":0,"parent":0,"menu_order":0,"comment_status":"closed","ping_status":"closed","template":"","meta":{"footnotes":""},"class_list":["post-65","page","type-page","status-publish","hentry"],"_links":{"self":[{"href":"https:\/\/project.inria.fr\/sedela\/wp-json\/wp\/v2\/pages\/65","targetHints":{"allow":["GET"]}}],"collection":[{"href":"https:\/\/project.inria.fr\/sedela\/wp-json\/wp\/v2\/pages"}],"about":[{"href":"https:\/\/project.inria.fr\/sedela\/wp-json\/wp\/v2\/types\/page"}],"author":[{"embeddable":true,"href":"https:\/\/project.inria.fr\/sedela\/wp-json\/wp\/v2\/users\/1611"}],"replies":[{"embeddable":true,"href":"https:\/\/project.inria.fr\/sedela\/wp-json\/wp\/v2\/comments?post=65"}],"version-history":[{"count":2,"href":"https:\/\/project.inria.fr\/sedela\/wp-json\/wp\/v2\/pages\/65\/revisions"}],"predecessor-version":[{"id":81,"href":"https:\/\/project.inria.fr\/sedela\/wp-json\/wp\/v2\/pages\/65\/revisions\/81"}],"wp:attachment":[{"href":"https:\/\/project.inria.fr\/sedela\/wp-json\/wp\/v2\/media?parent=65"}],"curies":[{"name":"wp","href":"https:\/\/api.w.org\/{rel}","templated":true}]}}