

{"id":200,"date":"2019-08-27T16:14:49","date_gmt":"2019-08-27T14:14:49","guid":{"rendered":"https:\/\/project.inria.fr\/sfc2019\/?page_id=200"},"modified":"2019-08-27T16:14:49","modified_gmt":"2019-08-27T14:14:49","slug":"actes","status":"publish","type":"page","link":"https:\/\/project.inria.fr\/sfc2019\/actes\/","title":{"rendered":"Actes"},"content":{"rendered":"<p>Les actes de la conf\u00e9rence sont disponibles en t\u00e9l\u00e9chargement ici :\u00a0<a href=\"https:\/\/project.inria.fr\/sfc2019\/files\/2019\/08\/proceedings-sfc-2019.pdf\">proceedings-sfc-2019<\/a><\/p>\n","protected":false},"excerpt":{"rendered":"<p>Les actes de la conf\u00e9rence sont disponibles en t\u00e9l\u00e9chargement ici :\u00a0proceedings-sfc-2019<\/p>\n<p> <a class=\"continue-reading-link\" href=\"https:\/\/project.inria.fr\/sfc2019\/actes\/\"><span>Continue reading<\/span><i class=\"crycon-right-dir\"><\/i><\/a> <\/p>\n","protected":false},"author":1191,"featured_media":0,"parent":0,"menu_order":0,"comment_status":"closed","ping_status":"closed","template":"","meta":{"footnotes":""},"class_list":["post-200","page","type-page","status-publish","hentry"],"_links":{"self":[{"href":"https:\/\/project.inria.fr\/sfc2019\/wp-json\/wp\/v2\/pages\/200","targetHints":{"allow":["GET"]}}],"collection":[{"href":"https:\/\/project.inria.fr\/sfc2019\/wp-json\/wp\/v2\/pages"}],"about":[{"href":"https:\/\/project.inria.fr\/sfc2019\/wp-json\/wp\/v2\/types\/page"}],"author":[{"embeddable":true,"href":"https:\/\/project.inria.fr\/sfc2019\/wp-json\/wp\/v2\/users\/1191"}],"replies":[{"embeddable":true,"href":"https:\/\/project.inria.fr\/sfc2019\/wp-json\/wp\/v2\/comments?post=200"}],"version-history":[{"count":1,"href":"https:\/\/project.inria.fr\/sfc2019\/wp-json\/wp\/v2\/pages\/200\/revisions"}],"predecessor-version":[{"id":202,"href":"https:\/\/project.inria.fr\/sfc2019\/wp-json\/wp\/v2\/pages\/200\/revisions\/202"}],"wp:attachment":[{"href":"https:\/\/project.inria.fr\/sfc2019\/wp-json\/wp\/v2\/media?parent=200"}],"curies":[{"name":"wp","href":"https:\/\/api.w.org\/{rel}","templated":true}]}}