

{"id":82,"date":"2019-04-17T11:34:27","date_gmt":"2019-04-17T09:34:27","guid":{"rendered":"https:\/\/project.inria.fr\/sfc2019\/?page_id=82"},"modified":"2020-02-07T10:24:02","modified_gmt":"2020-02-07T09:24:02","slug":"comites","status":"publish","type":"page","link":"https:\/\/project.inria.fr\/sfc2019\/comites\/","title":{"rendered":"Comit\u00e9s"},"content":{"rendered":"<h3>Pr\u00e9sidents du comit\u00e9 de programme<\/h3>\n<ul>\n<li>Miguel Couceiro, UL, CNRS, Inria, LORIA Nancy<\/li>\n<li>Amedeo Napoli, UL, CNRS, Inria, LORIA Nancy<\/li>\n<\/ul>\n<h3>Comit\u00e9 de programme 2019<\/h3>\n<ul>\n<li>Khalid Benabdeslem, LIRIS, Universit\u00e9 Claude Bernard, Lyon<\/li>\n<li>Patrice Bertrand, Universit\u00e9 Paris Dauphine<\/li>\n<li>Paula Brito, Universit\u00e9 de Porto, Portugal<\/li>\n<li>Fran\u00e7ois Brucker, Ecole Centrale Marseille<\/li>\n<li>V\u00e9ronique Cariou, ONIRIS Nantes<\/li>\n<li>Guillaume Cleuziou, Universit\u00e9 d&rsquo;Orl\u00e9ans<\/li>\n<li>Francisco De-Carvalho, Universit\u00e9 Pernambuco, Br\u00e9sil<\/li>\n<li>Jean Diatta, Universit\u00e9 de La R\u00e9union<\/li>\n<li>Bernard Fichet, Universit\u00e9 Aix-Marseille<\/li>\n<li>Nadia Ghazalli, Universit\u00e9 du Qu\u00e9bec \u00e0 Trois-Rivi\u00e8res<\/li>\n<li>Yann Guermeur, Universit\u00e9 de Lorraine, LORIA<\/li>\n<li>Marianne Huchard, Universit\u00e9 de Montpellier, LIRMM<\/li>\n<li>Mehdi Kaytoue, Universit\u00e9 de Lyon, INSA, LIRIS<\/li>\n<li>Pascale Kuntz, Universit\u00e9 de Nantes<\/li>\n<li>Labiod Lazhar, Universit\u00e9 Paris Descartes<\/li>\n<li>Mustapha Lebbah, Universit\u00e9 Paris 13<\/li>\n<li>Vincent Lemaire, Orange Lannion<\/li>\n<li>Vladimir Makarenkov, Universit\u00e9 QAM, Canada<\/li>\n<li>Ahmed Moussa, ENSA Tanger, Maroc<\/li>\n<li>Mohamed Nadif, Universit\u00e9 Paris Descartes Paris<\/li>\n<li>Nd\u00e8ye Niang-Keita, CNAM Paris<\/li>\n<li>Marc Plantevit, Universit\u00e9 Claude Bernard LIRIS, Lyon<\/li>\n<li>Philippe Preux, Universit\u00e9 de Charles de Gaulle<\/li>\n<li>Fabrice Rossi, Universit\u00e9 Panth\u00e9on-Sorbonne<\/li>\n<li>Aghiles Salah, Singapore Management University<\/li>\n<li>Arnaud Soulet, Universit\u00e9 Fran\u00e7ois Rabelais Tours<\/li>\n<li>Julien Velcin, Universit\u00e9 Lyon 2<\/li>\n<\/ul>\n<h3>Comit\u00e9 d\u2019organisation<\/h3>\n<ul>\n<li>Anne-Lise Charbonnier, Inria Nancy Grand Est<\/li>\n<li>Miguel Couceiro, UL, CNRS, Inria, LORIA Nancy<\/li>\n<li>Pascal Cuxac, CNRS, INIST Nancy<\/li>\n<li>Anne G\u00e9gout-Petit, UL, CNRS, Inria, IECL Nancy<\/li>\n<li>Amedeo Napoli, UL, CNRS, Inria, LORIA Nancy<\/li>\n<li>Laureline Nevin, Inria Nancy Grand Est<\/li>\n<\/ul>\n","protected":false},"excerpt":{"rendered":"<p>Pr\u00e9sidents du comit\u00e9 de programme Miguel Couceiro, UL, CNRS, Inria, LORIA Nancy Amedeo Napoli, UL, CNRS, Inria, LORIA Nancy Comit\u00e9 de programme 2019 Khalid Benabdeslem, LIRIS, Universit\u00e9 Claude Bernard, Lyon Patrice Bertrand, Universit\u00e9 Paris Dauphine Paula Brito, Universit\u00e9 de Porto, Portugal Fran\u00e7ois Brucker, Ecole Centrale Marseille V\u00e9ronique Cariou, ONIRIS Nantes\u2026<\/p>\n<p> <a class=\"continue-reading-link\" href=\"https:\/\/project.inria.fr\/sfc2019\/comites\/\"><span>Continue reading<\/span><i class=\"crycon-right-dir\"><\/i><\/a> <\/p>\n","protected":false},"author":1191,"featured_media":0,"parent":0,"menu_order":0,"comment_status":"closed","ping_status":"closed","template":"","meta":{"footnotes":""},"class_list":["post-82","page","type-page","status-publish","hentry"],"_links":{"self":[{"href":"https:\/\/project.inria.fr\/sfc2019\/wp-json\/wp\/v2\/pages\/82","targetHints":{"allow":["GET"]}}],"collection":[{"href":"https:\/\/project.inria.fr\/sfc2019\/wp-json\/wp\/v2\/pages"}],"about":[{"href":"https:\/\/project.inria.fr\/sfc2019\/wp-json\/wp\/v2\/types\/page"}],"author":[{"embeddable":true,"href":"https:\/\/project.inria.fr\/sfc2019\/wp-json\/wp\/v2\/users\/1191"}],"replies":[{"embeddable":true,"href":"https:\/\/project.inria.fr\/sfc2019\/wp-json\/wp\/v2\/comments?post=82"}],"version-history":[{"count":6,"href":"https:\/\/project.inria.fr\/sfc2019\/wp-json\/wp\/v2\/pages\/82\/revisions"}],"predecessor-version":[{"id":260,"href":"https:\/\/project.inria.fr\/sfc2019\/wp-json\/wp\/v2\/pages\/82\/revisions\/260"}],"wp:attachment":[{"href":"https:\/\/project.inria.fr\/sfc2019\/wp-json\/wp\/v2\/media?parent=82"}],"curies":[{"name":"wp","href":"https:\/\/api.w.org\/{rel}","templated":true}]}}