

{"id":84,"date":"2019-04-17T11:34:41","date_gmt":"2019-04-17T09:34:41","guid":{"rendered":"https:\/\/project.inria.fr\/sfc2019\/?page_id=84"},"modified":"2019-09-18T15:01:53","modified_gmt":"2019-09-18T13:01:53","slug":"programme","status":"publish","type":"page","link":"https:\/\/project.inria.fr\/sfc2019\/programme\/","title":{"rendered":"Programme"},"content":{"rendered":"<h1>Programme pr\u00e9visionnel<\/h1>\n<p>Pr\u00e9sentation longue = 30 minutes, courte = 20 minutes<\/p>\n<h2>Mardi 3 septembre<\/h2>\n<h5><strong>13h30 &#8211; 14h30<\/strong> Pr\u00e9sentation invit\u00e9e par\u00a0Bernard de Baets : <em>Monotonicity, a deep property in data science <strong><a href=\"https:\/\/project.inria.fr\/sfc2019\/files\/2019\/09\/debaets-sfc2019.pdf\">(T\u00e9l\u00e9charger)<\/a><\/strong><\/em><\/h5>\n<h5><strong>14h30 &#8211; 16h00<\/strong>\u00a0Pr\u00e9sentations (3 longues)<\/h5>\n<ul>\n<li>Mickael Febrissy, Aghiles Salah, Melissa Ailem and Mohamed Nadif : <em>Factorisation matricielle non-n\u00e9gative s\u00e9mantique\u00a0<a href=\"https:\/\/project.inria.fr\/sfc2019\/files\/2019\/09\/febrissy-sfc2019.pdf\">(T\u00e9l\u00e9charger)<\/a><\/em><\/li>\n<li>Patrice Bertrand and Jean Diatta :\u00a0<em>Hi\u00e9rarchies, hi\u00e9rarchies faibles et convexit\u00e9s d\u2019intervalle\u00a0<a href=\"https:\/\/project.inria.fr\/sfc2019\/files\/2019\/09\/bertrand-sfc2019.pdf\">(T\u00e9l\u00e9charger)<\/a><\/em><\/li>\n<li>V\u00e9ronique Cariou and Tom F. Wilderjans : <em>Three-way clustering around latent variables approach with constraints to improve configurations\u2019 interpretability\u00a0<a href=\"https:\/\/project.inria.fr\/sfc2019\/files\/2019\/09\/cariou-sfc2019.pdf\">(T\u00e9l\u00e9charger)<\/a><\/em><\/li>\n<\/ul>\n<h5><strong>16h00 &#8211; 17h00<\/strong> Pause et d\u00e9part commun \u00e0 l&rsquo;INIST (2 All\u00e9e du Parc de Brabois, 54500 Vandoeuvre-l\u00e8s-Nancy, voir <a href=\"https:\/\/www.inist.fr\/\">https:\/\/www.inist.fr\/<\/a>)<\/h5>\n<h5><strong>17h00 &#8211; 18h00<\/strong>\u00a0Pr\u00e9sentations (2 longues)<\/h5>\n<ul>\n<li>Alexandre Bazin, Aur\u00e9lie Bertaux and Christophe Nicolle :\u00a0<em>Repr\u00e9sentation condens\u00e9e de r\u00e8gles d&rsquo;association multidimensionnelles\u00a0<a href=\"https:\/\/project.inria.fr\/sfc2019\/files\/2019\/09\/bazin-sfc2019.pdf\">(T\u00e9l\u00e9charger)<\/a><\/em><\/li>\n<li>Tatiana Makhalova, Sergei O. Kuznetsov and Amedeo Napoli : <em>On Entropy in Pattern Mining\u00a0<a href=\"https:\/\/project.inria.fr\/sfc2019\/files\/2019\/09\/makhalova-sfc2019.pdf\">(T\u00e9l\u00e9charger)<\/a><\/em><\/li>\n<\/ul>\n<h5><strong>18h00 &#8211; 18h15<\/strong> Pr\u00e9sentation sp\u00e9ciale (1\u00e8re session) par Line van den Berg et J\u00e9r\u00f4me Euzenat : <em>Class ? : un jeu pour sensibiliser aux classifications\u00a0<strong><a href=\"https:\/\/project.inria.fr\/sfc2019\/files\/2019\/09\/euzenat-invite-sfc2019.pdf\">(T\u00e9l\u00e9charger)<\/a><\/strong><\/em><\/h5>\n<h5><strong>18h15 &#8211; 19h15<\/strong> Pr\u00e9sentation invit\u00e9e par Alexandre Termier :\u00a0<em>Discovering habits with periodic patterns\u00a0<strong><a href=\"https:\/\/project.inria.fr\/sfc2019\/files\/2019\/09\/termier-invite-sfc2019.pdf\">(T\u00e9l\u00e9charger)<\/a><\/strong><\/em><\/h5>\n<h5><strong>19h15 &#8211; 20h45<\/strong>\u00a0R\u00e9ception de bienvenue \u00e0 l&rsquo;INIST<\/h5>\n<h2>Mercredi 4 septembre<\/h2>\n<h5><strong>9h00 &#8211; 11h00<\/strong>\u00a0Pr\u00e9sentations (2 longues + 3 courtes)<\/h5>\n<ul>\n<li>Stanislas Morbieu, Fran\u00e7ois Role and Mohamed Nadif : <em>M\u00e9thodes d&rsquo;\u00e9valuation pour la substitution de vecteurs de mots\u00a0<a href=\"https:\/\/project.inria.fr\/sfc2019\/files\/2019\/09\/morbieu-sfc2019.pdf\">(T\u00e9l\u00e9charger)<\/a><\/em><\/li>\n<li><span style=\"font-family: Ubuntu;\">Labiod Lazhar and Nadif Mohamed :\u00a0<\/span><em>Une approche simultan\u00e9e pour la r\u00e9duction de dimension et la classification d\u2019un graphe attribu\u00e9\u00a0<a href=\"https:\/\/project.inria.fr\/sfc2019\/files\/2019\/09\/labiod-sfc2019.pdf\">(T\u00e9l\u00e9charger)<\/a><\/em><\/li>\n<li><span style=\"font-family: Ubuntu;\">Beno\u00eet Lallou\u00e9, Jean-Marie Monnez and Eliane Albuisson :\u00a0<\/span><em>Streaming constrained binary logistic regression with online standardized data\u00a0<a href=\"https:\/\/project.inria.fr\/sfc2019\/files\/2019\/09\/lalloue-sfc2019.pdf\">(T\u00e9l\u00e9charger)<\/a><\/em><\/li>\n<li><span style=\"font-family: Ubuntu;\">Nd\u00e8ye Niang and Mory Ouattara :\u00a0<\/span><em>Weighted consensus clustering for multiblock data\u00a0<a href=\"https:\/\/project.inria.fr\/sfc2019\/files\/2019\/09\/niang-sfc2019.pdf\">(T\u00e9l\u00e9charger)<\/a><\/em><\/li>\n<li>Dominique Desbois : <em>Applying symbolic clustering methods for interval data to the agricultural cost estimation problem\u00a0<a href=\"https:\/\/project.inria.fr\/sfc2019\/files\/2019\/09\/desbois-sfc2019.pdf\">(T\u00e9l\u00e9charger)<\/a><\/em><\/li>\n<\/ul>\n<h5><strong>11h00 &#8211; 11h30<\/strong> Pause caf\u00e9<\/h5>\n<h5><strong>11h30 &#8211; 12h30<\/strong> Pr\u00e9sentations (3 courtes)<\/h5>\n<ul>\n<li>Jocelyn Poncelet, Pierre-Antoine Jean, Jacky Montmain, Fran\u00e7ois Trousset, S\u00e9bastien Harispe and Nicolas Pecheur : <em>Impact des mesures de similarit\u00e9 s\u00e9mantique dans un algorithme de partitionnement : d&rsquo;un cas biom\u00e9dical \u00e0 la d\u00e9tection de comportements de consommation\u00a0<a href=\"https:\/\/project.inria.fr\/sfc2019\/files\/2019\/09\/poncelet-sfc2019.pdf\">(T\u00e9l\u00e9charger)<\/a><\/em><\/li>\n<li>Bemarisika Parfait and Totohasina Andr\u00e9 : <em>Nouvelles bases des r\u00e8gles d&rsquo;association non-redondantes<\/em><\/li>\n<li><span style=\"font-family: Ubuntu;\">Laurine Huber, Yannick Toussaint, Charlotte Roze, Mathilde Dargnat and Chlo\u00e9 Braud :\u00a0<\/span><em>Alignement de Structures Argumentatives et Discursives par Fouille de Redescriptions\u00a0<a href=\"https:\/\/project.inria.fr\/sfc2019\/files\/2019\/09\/huber-sfc2019.pdf\">(T\u00e9l\u00e9charger)<\/a><\/em><\/li>\n<\/ul>\n<h5><strong>12h30 &#8211; 13h30<\/strong> Pause d\u00e9jeuner<\/h5>\n<h4>Apr\u00e8s midi AFIA &#8211; SFC<\/h4>\n<h5><strong>13h30 &#8211; 14h30<\/strong> pr\u00e9sentation invit\u00e9e par Karell Bertet :\u00a0<em>Structure de Treillis : panorama des aspects structurels et algorithmiques (T\u00e9l\u00e9charger\u00a0<a href=\"https:\/\/project.inria.fr\/sfc2019\/files\/2019\/09\/bertet-invite-sfc2019-part1.pdf\">part. 1<\/a>,\u00a0<a href=\"https:\/\/project.inria.fr\/sfc2019\/files\/2019\/09\/bertet-invite-sfc2019-part2.pdf\">part. 2<\/a>)<\/em><\/h5>\n<h5><strong>14h30 &#8211; 16h00<\/strong> Pr\u00e9sentations (3 longues)<\/h5>\n<ul>\n<li>Lamine Diop, Cheikh Talibouya Diop, Arnaud Giacometti, Dominique Li and Arnaud Soulet :\u00a0<em>Construction de variables pour la classification par \u00e9chantillonnage de motifs\u00a0<a href=\"https:\/\/project.inria.fr\/sfc2019\/files\/2019\/09\/diop-sfc2019.pdf\">(T\u00e9l\u00e9charger)<\/a><\/em><\/li>\n<li><span style=\"font-family: Ubuntu;\">Rafika Boutalbi, Lazhar Labiod and Mohamed Nadif :\u00a0<\/span><em>Classification crois\u00e9e de donn\u00e9es tensorielles\u00a0<a href=\"https:\/\/project.inria.fr\/sfc2019\/files\/2019\/09\/boutalbi-sfc2019.pdf\">(T\u00e9l\u00e9charger)<\/a><\/em><\/li>\n<li><span style=\"font-family: Ubuntu;\">Guilherme Alves, Miguel Couceiro and Amedeo Napoli :\u00a0<\/span><em>Towards a Constrained Clustering Algorithm Selection\u00a0<a href=\"https:\/\/project.inria.fr\/sfc2019\/files\/2019\/09\/alves-sfc2019.pdf\">(T\u00e9l\u00e9charger)<\/a><\/em><\/li>\n<\/ul>\n<h5><strong>16h00 &#8211; 16h15<\/strong> Pr\u00e9sentation sp\u00e9ciale (2\u00e8me session) par Line van den Berg et J\u00e9r\u00f4me Euzenat :\u00a0<em>Class ? : un jeu pour sensibiliser aux classifications\u00a0<strong><a href=\"https:\/\/project.inria.fr\/sfc2019\/files\/2019\/09\/euzenat-invite-sfc2019.pdf\">(T\u00e9l\u00e9charger)<\/a><\/strong><\/em><\/h5>\n<h5><strong>16h15 &#8211; 16h35<\/strong> Pause caf\u00e9<\/h5>\n<h5><strong>16h35 &#8211; 17h35<\/strong> pr\u00e9sentation invit\u00e9e par Antoine Cornu\u00e9jols :\u00a0<em>Apprentissage et classification par m\u00e9thodes collaboratives : comment choisir ses collaborateurs et qu\u2019\u00e9changer avec eux ?\u00a0<strong><a href=\"https:\/\/project.inria.fr\/sfc2019\/files\/2019\/09\/cornuejols-invite-sfc2019.pdf\">(T\u00e9l\u00e9charger)<\/a><\/strong><\/em><\/h5>\n<h5><strong>18h30<\/strong>\u00a0Visite de la ville<\/h5>\n<h5><strong>20h00<\/strong>\u00a0D\u00eener et surprise<\/h5>\n<p>Maison d&rsquo;H\u00f4te de Myon, 7 Rue Mably, 54000 Nancy (<a href=\"http:\/\/maisondemyon.com\/\">http:\/\/maisondemyon.com\/<\/a>)<\/p>\n<h2>Jeudi 5 septembre<\/h2>\n<h5><strong>9h00 &#8211; 10h00<\/strong>\u00a0Pr\u00e9sentation invit\u00e9e par\u00a0Dino Ienco :\u00a0<em>Apprentissage de repr\u00e9sentations avec des \u00ab connaissances faibles \u00bb : application au clustering et \u00e0 la classification\u00a0<strong><a href=\"https:\/\/project.inria.fr\/sfc2019\/files\/2019\/09\/ienco-invite-sfc2019.pdf\">(T\u00e9l\u00e9charger)<\/a><\/strong><\/em><\/h5>\n<h5><strong>10h00 &#8211; 10h30<\/strong> Pause caf\u00e9<\/h5>\n<h5><strong>10h30 &#8211; 12h30<\/strong>\u00a0Pr\u00e9sentations (4 longues)<\/h5>\n<ul>\n<li>Jean Francois Mari and Odile Horn : <em>Stochastic and Spectral modeling of Land Use\u00a0<a href=\"https:\/\/project.inria.fr\/sfc2019\/files\/2019\/09\/mari-sfc2019.pdf\">(T\u00e9l\u00e9charger)<\/a><\/em><\/li>\n<li><span style=\"font-family: Ubuntu;\">Laure Crochepierre, Antoine Marot, Vincent Barbesant, Benjamin Donnot and Lydia Boudjeloud-Assala :\u00a0<\/span><em>Utilisation de r\u00e9seau de neurones siamois en clustering : application aux \u00e9v\u00e9nements du r\u00e9seau \u00e9lectrique fran\u00e7ais\u00a0<a href=\"https:\/\/project.inria.fr\/sfc2019\/files\/2019\/09\/crochepierre-sfc2019.pdf\">(T\u00e9l\u00e9charger)<\/a><\/em><\/li>\n<li><span style=\"font-family: Ubuntu;\">Milad Leyli Abadi, Allou Sam\u00e9 and Latifa Oukhellou :\u00a0<\/span><em>D\u00e9tection en ligne de multiples changements dans un panel de donn\u00e9es cat\u00e9gorielles\u00a0<a href=\"https:\/\/project.inria.fr\/sfc2019\/files\/2019\/09\/leyli-abadi-sfc2019.pdf\">(T\u00e9l\u00e9charger)<\/a><\/em><\/li>\n<li><span style=\"font-family: Ubuntu;\">Brieuc Conan-Guez, Alain G\u00e9ly, Lydia Boudjeloud-Assala and Alexandre Blansch\u00e9 :\u00a0<\/span><em>Comparaison et Partitionnement de S\u00e9ries Temporelles Bas\u00e9s sur la Forme des S\u00e9ries\u00a0<a href=\"https:\/\/project.inria.fr\/sfc2019\/files\/2019\/09\/conan-guez-sfc2019.pdf\">(T\u00e9l\u00e9charger)<\/a><\/em><\/li>\n<\/ul>\n<h5><strong>12h30 &#8211; 13h00<\/strong> Tutoriel (1\u00e8re session) par Aimene Belfodil :\u00a0<em>Ensembles ordonn\u00e9s et fouille de motifs\u00a0<strong><a href=\"https:\/\/project.inria.fr\/sfc2019\/files\/2019\/09\/belfodil-tutoriel-sfc2019.pdf\">(T\u00e9l\u00e9charger)<\/a><\/strong><\/em><\/h5>\n<h5><strong>13h00 &#8211; 14h00<\/strong> Pause d\u00e9jeuner<\/h5>\n<h5><strong>14h00 &#8211; 14h30<\/strong> Tutoriel (2\u00e8me session) par Aimene Belfodil :\u00a0<em>Ensembles ordonn\u00e9s et fouille de motifs\u00a0<strong><a href=\"https:\/\/project.inria.fr\/sfc2019\/files\/2019\/09\/belfodil-tutoriel-sfc2019.pdf\">(T\u00e9l\u00e9charger)<\/a><\/strong><\/em><\/h5>\n<h5><strong>14h30 &#8211; 16h00<\/strong>\u00a0Pr\u00e9sentations (3 longues)<\/h5>\n<ul>\n<li>Christian Derquenne : <em>Classification de variables : une approche dynamique en grande dimension\u00a0<a href=\"https:\/\/project.inria.fr\/sfc2019\/files\/2019\/09\/derquenne-sfc2019.pdf\">(T\u00e9l\u00e9charger)<\/a><\/em><\/li>\n<li><span style=\"font-family: Ubuntu;\">Nyoman Juniarta, Miguel Couceiro and Amedeo Napoli :\u00a0<\/span><em>Formal Concept Analysis for Identifying Biclusters with Coherent Sign Changes\u00a0<a href=\"https:\/\/project.inria.fr\/sfc2019\/files\/2019\/09\/juniarta-sfc2019.pdf\">(T\u00e9l\u00e9charger)<\/a><\/em><\/li>\n<li><span style=\"font-family: Ubuntu;\">Alain G\u00e9ly, Miguel Couceiro and Amedeo Napoli :\u00a0<\/span><em>Analyse de Concepts Formels, distributivit\u00e9 et mod\u00e8les de graphes m\u00e9dians pour la phylog\u00e9nie\u00a0<a href=\"https:\/\/project.inria.fr\/sfc2019\/files\/2019\/09\/gely-sfc2019.pdf\">(T\u00e9l\u00e9charger)<\/a><\/em><\/li>\n<\/ul>\n<h5><strong>16h00<\/strong> : cl\u00f4ture des journ\u00e9es<\/h5>\n","protected":false},"excerpt":{"rendered":"<p>Programme pr\u00e9visionnel Pr\u00e9sentation longue = 30 minutes, courte = 20 minutes Mardi 3 septembre 13h30 &#8211; 14h30 Pr\u00e9sentation invit\u00e9e par\u00a0Bernard de Baets : Monotonicity, a deep property in data science (T\u00e9l\u00e9charger) 14h30 &#8211; 16h00\u00a0Pr\u00e9sentations (3 longues) Mickael Febrissy, Aghiles Salah, Melissa Ailem and Mohamed Nadif : Factorisation matricielle non-n\u00e9gative s\u00e9mantique\u00a0(T\u00e9l\u00e9charger)\u2026<\/p>\n<p> <a class=\"continue-reading-link\" href=\"https:\/\/project.inria.fr\/sfc2019\/programme\/\"><span>Continue reading<\/span><i class=\"crycon-right-dir\"><\/i><\/a> <\/p>\n","protected":false},"author":1191,"featured_media":0,"parent":0,"menu_order":0,"comment_status":"closed","ping_status":"closed","template":"","meta":{"footnotes":""},"class_list":["post-84","page","type-page","status-publish","hentry"],"_links":{"self":[{"href":"https:\/\/project.inria.fr\/sfc2019\/wp-json\/wp\/v2\/pages\/84","targetHints":{"allow":["GET"]}}],"collection":[{"href":"https:\/\/project.inria.fr\/sfc2019\/wp-json\/wp\/v2\/pages"}],"about":[{"href":"https:\/\/project.inria.fr\/sfc2019\/wp-json\/wp\/v2\/types\/page"}],"author":[{"embeddable":true,"href":"https:\/\/project.inria.fr\/sfc2019\/wp-json\/wp\/v2\/users\/1191"}],"replies":[{"embeddable":true,"href":"https:\/\/project.inria.fr\/sfc2019\/wp-json\/wp\/v2\/comments?post=84"}],"version-history":[{"count":14,"href":"https:\/\/project.inria.fr\/sfc2019\/wp-json\/wp\/v2\/pages\/84\/revisions"}],"predecessor-version":[{"id":259,"href":"https:\/\/project.inria.fr\/sfc2019\/wp-json\/wp\/v2\/pages\/84\/revisions\/259"}],"wp:attachment":[{"href":"https:\/\/project.inria.fr\/sfc2019\/wp-json\/wp\/v2\/media?parent=84"}],"curies":[{"name":"wp","href":"https:\/\/api.w.org\/{rel}","templated":true}]}}