

{"id":89,"date":"2019-04-17T11:36:35","date_gmt":"2019-04-17T09:36:35","guid":{"rendered":"https:\/\/project.inria.fr\/sfc2019\/?page_id=89"},"modified":"2019-07-24T15:18:36","modified_gmt":"2019-07-24T13:18:36","slug":"inscription","status":"publish","type":"page","link":"https:\/\/project.inria.fr\/sfc2019\/inscription\/","title":{"rendered":"Inscription"},"content":{"rendered":"<p><strong>Inscription 2019 : <a href=\"https:\/\/secure.key4events.com\/key4register\/register.aspx?e=1080&amp;c=9826\">ici<\/a><br \/>\n<\/strong>Inscription membre Inria: <a href=\"https:\/\/secure.key4events.com\/key4register\/register.aspx?e=1080&amp;profilehash=d4b89d36-15c6-4b25-852b-592273699f52\">ici<\/a><\/p>\n<p><em>L\u2019inscription comprend l\u2019acc\u00e8s aux expos\u00e9s de la conf\u00e9rence, aux pauses caf\u00e9, aux d\u00e9jeuners (2 jours), et aux \u00e9v\u00e9nements (r\u00e9ception de bienvenue, d\u00eener de gala).<\/em><\/p>\n<p><strong>Membre SFC :\u00a0<\/strong><\/p>\n<p>Pour b\u00e9n\u00e9ficier du tarif membre, une <a href=\"https:\/\/project.inria.fr\/sfc2019\/files\/2019\/07\/sfc2019_formulaire_adhesion.pdf\">adh\u00e9sion \u00e0 la SFC<\/a>\u00a0est obligatoire.<\/p>\n<p>Acad\u00e9mique :\u00a0 280 \u20ac TTC<br \/>\n\u00c9tudiant: 170 \u20ac TTC<br \/>\nIndustriel :\u00a0 350 \u20ac TTC<\/p>\n<p><strong>Non membre SFC :<\/strong><\/p>\n<p>Acad\u00e9mique :\u00a0 300\u20ac TTC<br \/>\n\u00c9tudiant: 190 \u20ac TTC<br \/>\nIndustriel :\u00a0 370\u20ac TTC<\/p>\n<p><strong><span style=\"color: #000000;\"><em>Date limite d&rsquo;inscription : 28 ao\u00fbt 2019<\/em><\/span><\/strong><\/p>\n","protected":false},"excerpt":{"rendered":"<p>Inscription 2019 : ici Inscription membre Inria: ici L\u2019inscription comprend l\u2019acc\u00e8s aux expos\u00e9s de la conf\u00e9rence, aux pauses caf\u00e9, aux d\u00e9jeuners (2 jours), et aux \u00e9v\u00e9nements (r\u00e9ception de bienvenue, d\u00eener de gala). Membre SFC :\u00a0 Pour b\u00e9n\u00e9ficier du tarif membre, une adh\u00e9sion \u00e0 la SFC\u00a0est obligatoire. Acad\u00e9mique :\u00a0 280 \u20ac\u2026<\/p>\n<p> <a class=\"continue-reading-link\" href=\"https:\/\/project.inria.fr\/sfc2019\/inscription\/\"><span>Continue reading<\/span><i class=\"crycon-right-dir\"><\/i><\/a> <\/p>\n","protected":false},"author":1191,"featured_media":0,"parent":0,"menu_order":0,"comment_status":"closed","ping_status":"closed","template":"","meta":{"footnotes":""},"class_list":["post-89","page","type-page","status-publish","hentry"],"_links":{"self":[{"href":"https:\/\/project.inria.fr\/sfc2019\/wp-json\/wp\/v2\/pages\/89","targetHints":{"allow":["GET"]}}],"collection":[{"href":"https:\/\/project.inria.fr\/sfc2019\/wp-json\/wp\/v2\/pages"}],"about":[{"href":"https:\/\/project.inria.fr\/sfc2019\/wp-json\/wp\/v2\/types\/page"}],"author":[{"embeddable":true,"href":"https:\/\/project.inria.fr\/sfc2019\/wp-json\/wp\/v2\/users\/1191"}],"replies":[{"embeddable":true,"href":"https:\/\/project.inria.fr\/sfc2019\/wp-json\/wp\/v2\/comments?post=89"}],"version-history":[{"count":20,"href":"https:\/\/project.inria.fr\/sfc2019\/wp-json\/wp\/v2\/pages\/89\/revisions"}],"predecessor-version":[{"id":197,"href":"https:\/\/project.inria.fr\/sfc2019\/wp-json\/wp\/v2\/pages\/89\/revisions\/197"}],"wp:attachment":[{"href":"https:\/\/project.inria.fr\/sfc2019\/wp-json\/wp\/v2\/media?parent=89"}],"curies":[{"name":"wp","href":"https:\/\/api.w.org\/{rel}","templated":true}]}}