

{"id":91,"date":"2019-04-17T11:37:57","date_gmt":"2019-04-17T09:37:57","guid":{"rendered":"https:\/\/project.inria.fr\/sfc2019\/?page_id=91"},"modified":"2019-08-29T15:18:33","modified_gmt":"2019-08-29T13:18:33","slug":"infos-pratiques","status":"publish","type":"page","link":"https:\/\/project.inria.fr\/sfc2019\/infos-pratiques\/","title":{"rendered":"Infos pratiques"},"content":{"rendered":"<h5><strong>H\u00e9bergement sur Nancy:<\/strong><\/h5>\n<p>Voici quelques suggestions d&rsquo;h\u00e9bergement:<\/p>\n<ul>\n<li><a href=\"http:\/\/www.bestwestern-hotel-crystal.com\/\">Best Western H\u00f4tel Crystal<\/a><br \/>\n5 rue Chanzy, 54000 Nancy<br \/>\nt\u00e9l.: (+33) 3 83 17 54 00<br \/>\n<a href=\"http:\/\/www.tripadvisor.co.uk\/Hotel_Review-g187162-d198182-Reviews-BEST_WESTERN_Hotel_Crystal-Nancy_Meurthe_et_Moselle_Lorraine.html\">Tripadvisor<\/a><\/li>\n<li><a href=\"http:\/\/www.hotel-nancy-stanislas.com\/\">Coeur de City Hotel Nancy Stanislas<\/a><br \/>\n61 rue Pierre Semard, 54000 Nancy<br \/>\nt\u00e9l.: (+33) 3 83 32 28 53<br \/>\nm\u00e9l:\u00a0<a href=\"mailto:nancy@coeurdecity.com\">nancy@coeurdecity.com<\/a><br \/>\n<a href=\"http:\/\/www.tripadvisor.co.uk\/Hotel_Review-g187162-d197317-Reviews-Coeur_de_City_Hotel_Nancy_Stanislas-Nancy_Meurthe_et_Moselle_Lorraine.html\">Tripadvisor<\/a><\/li>\n<li><a href=\"http:\/\/www.hoteldeguise.com\/\">H\u00f4tel de Guise<\/a><br \/>\n18 rue de Guise, 54000 Nancy<br \/>\nt\u00e9l.: (+33) 3 83 32 24 68<br \/>\n<a href=\"http:\/\/www.tripadvisor.co.uk\/Hotel_Review-g187162-d310632-Reviews-Hotel_de_Guise-Nancy_Meurthe_et_Moselle_Lorraine.html\">Tripadvisor<\/a><\/li>\n<li><a href=\"http:\/\/www.residhome.com\/hotel-residence-aparthotel-nancy-123.html\">Residhome Nancy Lorraine<\/a><br \/>\n9 boulevard de la Mothe, 54000 Nancy<br \/>\nt\u00e9l.: (+33) 3 83 19 55 60<br \/>\nm\u00e9l:\u00a0<a href=\"mailto:nancy.lorraine@residhome.com\">nancy.lorraine@residhome.com<\/a><br \/>\n<a href=\"http:\/\/www.tripadvisor.co.uk\/Hotel_Review-g187162-d651537-Reviews-Residhome_Privilege_Nancy_Lorraine-Nancy_Meurthe_et_Moselle_Lorraine.html\">Tripadvisor<\/a><\/li>\n<\/ul>\n<p>Plus de choix:\u00a0<a href=\"http:\/\/www.nancy-tourisme.fr\/sejourner\/hebergement\/\">Office de tourisme<\/a>\u00a0ou\u00a0<a href=\"http:\/\/www.booking.com\/\">booking.com<\/a>.<\/p>\n<h5><strong>Comment venir:<\/strong><\/h5>\n<p>La conf\u00e9rence se tiendra au\u00a0<a href=\"http:\/\/www.inria.fr\/centre\/nancy\">Centre Inria Nancy<\/a>\u00a0615 rue du Jardin Botanique, 54600 Villers-l\u00e8s-Nancy<br \/>\n<a href=\"https:\/\/www.google.fr\/maps\/place\/Inria\/@48.6657481,6.1572781,17z\/data=!3m1!4b1!4m2!3m1!1s0x4794a279f38e6957:0xc0f057fa1a5706d7\">Google Maps<\/a><br \/>\nT\u00e9l.: (+33) 3 83 59 30 00<br \/>\nCoordonn\u00e9es GPS : Latitude 48.665594 \/ Longitude 6.157438<\/p>\n<p><strong>Train<\/strong><b> :<\/b>\u00a0deux gares desservent Nancy.<\/p>\n<ul>\n<li>la Gare de Nancy situ\u00e9e au centre ville (choix recommand\u00e9)<b>,<\/b><\/li>\n<li>la Gare de Lorraine TGV est situ\u00e9e\u00a0entre Metz et Nancy (35km \/ 30 minutes de Nancy centre) desservie par des \u00a0<a href=\"http:\/\/aeroport-mnl.navettes-keolis.com\/\">navettes<\/a><\/li>\n<\/ul>\n<p><strong>Avion<\/strong><b> :<\/b><\/p>\n<ul>\n<li>L\u2019a\u00e9roport\u00a0<a href=\"http:\/\/www.metz-nancy-lorraine.aeroport.fr\/\">Metz-Nancy<\/a>\u00a0est situ\u00e9\u00a0entre Metz et Nancy (35km \/ 40 minutes de Nancy centre). Il est desservi par les m\u00eames \u00a0<a href=\"http:\/\/aeroport-mnl.navettes-keolis.com\/\">navettes<\/a>\u00a0que la Gare de Lorraine TGV dont il est proche.<\/li>\n<\/ul>\n<hr \/>\n<p><strong>Transports en commun \u00e0 Nancy:<\/strong>\u00a0 le\u00a0<a href=\"http:\/\/www.reseau-stan.com\/\">r\u00e9seau Stan<\/a>\u00a0vous permet de vous d\u00e9placer. Pour acc\u00e9der \u00e0 l\u2019Inria Nancy Grand Est, deux options :<\/p>\n<ul>\n<li><i>Ligne de tram 1<\/i>.<br \/>\n<em>Vers SFC 2019 depuis le centre ville \u00a0:<\/em>\u00a0Prendre le tram 1 en direction de Vandoeuvre CHU Brabois (depuis la gare, prendre sortie place de la R\u00e9publique, aller \u00e0 l\u2019arr\u00eat Nancy Gare en haut des marches). Descendre \u00e0 l\u2019arr\u00eat Callot. Suivre la direction du Lyc\u00e9e Jacques Callot. Remonter vers le Campus Sciences. Passer la barri\u00e8re d\u2019acc\u00e8s au campus. Traverser le parking, l\u2019Inria Nancy Grand Est \/ LORIA est en face de vous.\u00a0<span class=\"internal-link\"><a href=\"http:\/\/www.loria.fr\/wp-content\/uploads\/2016\/04\/Trajet-%C3%A0-pied-%C3%A0-partir-de-larr%C3%AAt-de-tram-Callot-Google-Maps.pdf\">Voir<\/a>\u00a0le trajet \u00e0 pied (10 min) de l\u2019arr\u00eat de tram \u201cCallot\u201d au laboratoire.<\/span><em>Vers\u00a0le centre ville depuis SFC 2019:<\/em>\u00a0prendre le tram 1 \u00e0 l\u2019arr\u00eat Callot, direction Essey-Mouzimpr\u00e9. Descendre \u00e0 l\u2019arr\u00eat Nancy Gare, ou \u00e0 l\u2019arr\u00eat Point Central pour le centre ville.<\/li>\n<li><i>Ligne de bus T3<\/i><br \/>\nPrendre le Bus 3 \u00e0 l&rsquo;arr\u00eat Poirel (Nancy) en direction de Villers Campus Sciences (Villers-l\u00e8s-Nancy).Descendre \u00e0 l&rsquo;arr\u00eat Grande Corv\u00e9e (Villers-l\u00e8s-Nancy)<\/li>\n<\/ul>\n","protected":false},"excerpt":{"rendered":"<p>H\u00e9bergement sur Nancy: Voici quelques suggestions d&rsquo;h\u00e9bergement: Best Western H\u00f4tel Crystal 5 rue Chanzy, 54000 Nancy t\u00e9l.: (+33) 3 83 17 54 00 Tripadvisor Coeur de City Hotel Nancy Stanislas 61 rue Pierre Semard, 54000 Nancy t\u00e9l.: (+33) 3 83 32 28 53 m\u00e9l:\u00a0nancy@coeurdecity.com Tripadvisor H\u00f4tel de Guise 18 rue\u2026<\/p>\n<p> <a class=\"continue-reading-link\" href=\"https:\/\/project.inria.fr\/sfc2019\/infos-pratiques\/\"><span>Continue reading<\/span><i class=\"crycon-right-dir\"><\/i><\/a> <\/p>\n","protected":false},"author":1191,"featured_media":0,"parent":0,"menu_order":0,"comment_status":"closed","ping_status":"closed","template":"","meta":{"footnotes":""},"class_list":["post-91","page","type-page","status-publish","hentry"],"_links":{"self":[{"href":"https:\/\/project.inria.fr\/sfc2019\/wp-json\/wp\/v2\/pages\/91","targetHints":{"allow":["GET"]}}],"collection":[{"href":"https:\/\/project.inria.fr\/sfc2019\/wp-json\/wp\/v2\/pages"}],"about":[{"href":"https:\/\/project.inria.fr\/sfc2019\/wp-json\/wp\/v2\/types\/page"}],"author":[{"embeddable":true,"href":"https:\/\/project.inria.fr\/sfc2019\/wp-json\/wp\/v2\/users\/1191"}],"replies":[{"embeddable":true,"href":"https:\/\/project.inria.fr\/sfc2019\/wp-json\/wp\/v2\/comments?post=91"}],"version-history":[{"count":2,"href":"https:\/\/project.inria.fr\/sfc2019\/wp-json\/wp\/v2\/pages\/91\/revisions"}],"predecessor-version":[{"id":226,"href":"https:\/\/project.inria.fr\/sfc2019\/wp-json\/wp\/v2\/pages\/91\/revisions\/226"}],"wp:attachment":[{"href":"https:\/\/project.inria.fr\/sfc2019\/wp-json\/wp\/v2\/media?parent=91"}],"curies":[{"name":"wp","href":"https:\/\/api.w.org\/{rel}","templated":true}]}}