

{"id":93,"date":"2019-04-17T11:38:53","date_gmt":"2019-04-17T09:38:53","guid":{"rendered":"https:\/\/project.inria.fr\/sfc2019\/?page_id=93"},"modified":"2019-05-02T13:53:46","modified_gmt":"2019-05-02T11:53:46","slug":"soumissions","status":"publish","type":"page","link":"https:\/\/project.inria.fr\/sfc2019\/soumissions\/","title":{"rendered":"Soumissions"},"content":{"rendered":"<p>APPEL A COMMUNICATION SFC 2019<\/p>\n<p>26\u00e8mes Rencontres de la Soci\u00e9t\u00e9 Francophone de Classification<br \/>\n3&#8211;<span id=\"OBJ_PREFIX_DWT83_com_zimbra_date\" class=\"Object\" role=\"link\">5 septembre 2019<\/span> \u00e0 Nancy<\/p>\n<p>Les 26\u00e8mes Rencontres de la Soci\u00e9t\u00e9 Francophone de Classification (<span id=\"OBJ_PREFIX_DWT84_com_zimbra_url\" class=\"Object\" role=\"link\"><a href=\"http:\/\/www.sfc-classification.net\/\" target=\"_blank\" rel=\"noopener\">http:\/\/www.sfc-classification.net\/<\/a><\/span>) sont organis\u00e9es au Centre de Recherche Inria Nancy Grand Est \/ LORIA \u00e0 Nancy entre les 3 et <span id=\"OBJ_PREFIX_DWT85_com_zimbra_date\" class=\"Object\" role=\"link\">5 septembre 2019<\/span>.<\/p>\n<p>Les rencontres constituent un rassemblement interdisciplinaire de chercheurs \u00e0 l&rsquo;intersection de la classification, de l&rsquo;apprentissage automatique, des math\u00e9matiques appliqu\u00e9es, des statistiques et de la science des donn\u00e9es.<\/p>\n<p>Les rencontres de 2019 sont plac\u00e9es sous le signe de la diversit\u00e9 et de l&rsquo;hybridation, et ont pour ambition de faire se croiser les nombreux points de vue recouverts par la classification. Ainsi, l&rsquo;\u00e9dition 2019 portera sur les sujets classiques de la SFC qui sont :<\/p>\n<p>Classification et discrimination<br \/>\nM\u00e9thodes combinatoires<br \/>\nClassification hi\u00e9rarchique et non hi\u00e9rarchique<br \/>\nClassification bay\u00e9sienne<br \/>\nMod\u00e8les de m\u00e9langes<br \/>\nApproches math\u00e9matiques et statistiques<br \/>\nM\u00e9ta-heuristiques en classification<br \/>\nRepr\u00e9sentation et visualisation<br \/>\nSimilarit\u00e9s et dissimilarit\u00e9s<br \/>\nAnalyse de donn\u00e9es symboliques<br \/>\nArbres, graphes et treillis<br \/>\nValidation et explications<br \/>\nScience des donn\u00e9es<br \/>\nApplications de la classification dans tous les domaines<\/p>\n<p>Cette ann\u00e9e, le comit\u00e9 de programme souhaite ouvrir cette liste \u00e0 l&rsquo;intelligence artificielle, la fouille de donn\u00e9es et la d\u00e9couverte de connaissances. De fait, les rencontres SFC 2019 encouragent les contributions portant sur ces th\u00e8mes particuliers :<\/p>\n<p>Intelligence artificielle<br \/>\nApprentissage symbolique et num\u00e9rique, supervis\u00e9 et non supervis\u00e9<br \/>\nD\u00e9couverte de connaissances<br \/>\nFouille de donn\u00e9es<br \/>\n(pattern mining et variations, subgroup discovery, exceptional model mining&#8230; )<br \/>\nAnalyse formelle de concepts, extensions et applications<br \/>\nDeep Learning<br \/>\nMeta-larning et meta-mining<br \/>\n&#8230;<\/p>\n<p>Les soumissions (r\u00e9sum\u00e9s \u00e9tendus de 4 \u00e0 6 pages) sont \u00e0 envoyer au plus tard le <span id=\"OBJ_PREFIX_DWT86_com_zimbra_date\" class=\"Object\" role=\"link\">3 juin 2019<\/span>.<br \/>\nLe processus de soumission se fait via Easychair \u00e0 l&rsquo;adresse :<br \/>\n<span id=\"OBJ_PREFIX_DWT87_com_zimbra_url\" class=\"Object\" role=\"link\"><a href=\"https:\/\/easychair.org\/conferences\/?conf=sfc2019\" target=\"_blank\" rel=\"noopener\">https:\/\/easychair.org\/conferences\/?conf=sfc2019<\/a><\/span> (en cours d&rsquo;ouverture)<\/p>\n<p>Vous trouverez ci-dessous les styles Latex et Word \u00e0 utiliser, ainsi qu&rsquo;un exemple document\u00e9 vous permettant de pr\u00e9parer au mieux votre article.<br \/>\nMerci de respecter le format et les marges, et de ne pas num\u00e9roter les pages.<br \/>\nLes papiers allant de 4 \u00e0 6 pages sont \u00e0 soumettre exclusivement au format PDF (non prot\u00e9g\u00e9)<\/p>\n<p><a href=\"https:\/\/project.inria.fr\/sfc2019\/files\/2019\/04\/template_SFC_2019_latex.zip\">Format Latex<\/a><br \/>\n<a href=\"https:\/\/project.inria.fr\/sfc2019\/files\/2019\/04\/template_SFC_2019_Word.docx\">Format Word<\/a><\/p>\n<p>Dates importantes :<br \/>\nR\u00e9ception des r\u00e9sum\u00e9s \u00e9tendus (4 \u00e0 6 pages) : <span id=\"OBJ_PREFIX_DWT88_com_zimbra_date\" class=\"Object\" role=\"link\">3 juin 2019<\/span><br \/>\nNotification aux auteurs : 1er <span id=\"OBJ_PREFIX_DWT89_com_zimbra_date\" class=\"Object\" role=\"link\">juillet 2019<\/span><br \/>\nR\u00e9ception des textes d\u00e9finitifs : <span id=\"OBJ_PREFIX_DWT90_com_zimbra_date\" class=\"Object\" role=\"link\">20 juillet 2019<\/span><br \/>\nDates des rencontres : 3-<span id=\"OBJ_PREFIX_DWT91_com_zimbra_date\" class=\"Object\" role=\"link\">5 septembre 2019<\/span><\/p>\n","protected":false},"excerpt":{"rendered":"<p>APPEL A COMMUNICATION SFC 2019 26\u00e8mes Rencontres de la Soci\u00e9t\u00e9 Francophone de Classification 3&#8211;5 septembre 2019 \u00e0 Nancy Les 26\u00e8mes Rencontres de la Soci\u00e9t\u00e9 Francophone de Classification (http:\/\/www.sfc-classification.net\/) sont organis\u00e9es au Centre de Recherche Inria Nancy Grand Est \/ LORIA \u00e0 Nancy entre les 3 et 5 septembre 2019. Les\u2026<\/p>\n<p> <a class=\"continue-reading-link\" href=\"https:\/\/project.inria.fr\/sfc2019\/soumissions\/\"><span>Continue reading<\/span><i class=\"crycon-right-dir\"><\/i><\/a> <\/p>\n","protected":false},"author":1191,"featured_media":0,"parent":0,"menu_order":0,"comment_status":"closed","ping_status":"closed","template":"","meta":{"footnotes":""},"class_list":["post-93","page","type-page","status-publish","hentry"],"_links":{"self":[{"href":"https:\/\/project.inria.fr\/sfc2019\/wp-json\/wp\/v2\/pages\/93","targetHints":{"allow":["GET"]}}],"collection":[{"href":"https:\/\/project.inria.fr\/sfc2019\/wp-json\/wp\/v2\/pages"}],"about":[{"href":"https:\/\/project.inria.fr\/sfc2019\/wp-json\/wp\/v2\/types\/page"}],"author":[{"embeddable":true,"href":"https:\/\/project.inria.fr\/sfc2019\/wp-json\/wp\/v2\/users\/1191"}],"replies":[{"embeddable":true,"href":"https:\/\/project.inria.fr\/sfc2019\/wp-json\/wp\/v2\/comments?post=93"}],"version-history":[{"count":3,"href":"https:\/\/project.inria.fr\/sfc2019\/wp-json\/wp\/v2\/pages\/93\/revisions"}],"predecessor-version":[{"id":147,"href":"https:\/\/project.inria.fr\/sfc2019\/wp-json\/wp\/v2\/pages\/93\/revisions\/147"}],"wp:attachment":[{"href":"https:\/\/project.inria.fr\/sfc2019\/wp-json\/wp\/v2\/media?parent=93"}],"curies":[{"name":"wp","href":"https:\/\/api.w.org\/{rel}","templated":true}]}}