

{"id":136,"date":"2019-06-20T10:33:57","date_gmt":"2019-06-20T08:33:57","guid":{"rendered":"https:\/\/project.inria.fr\/sherpam\/?page_id=136"},"modified":"2019-06-20T10:34:05","modified_gmt":"2019-06-20T08:34:05","slug":"protocol","status":"publish","type":"page","link":"https:\/\/project.inria.fr\/sherpam\/protocol\/","title":{"rendered":"Clinical protocol"},"content":{"rendered":"<p>A complete folder that clearly explains the aims and the methodology of SHERPAM clinical trials will be submitted to the &#8220;<a href=\"http:\/\/cppouestv.fr\">Ouest V<\/a>&#8221; committee to Protect People and accepted before starting the trials. This folder also presents the letter that informs each participant about the protocol and about his rights. Another folder must be sent to our National Health Authority in order to register each participant to a research study (<a href=\"http:\/\/ansm.sante.fr\">Agence Nationale de S\u00e9curit\u00e9 du M\u00e9dicament et des Produits de Sant\u00e9<\/a>) and to our National Authority regarding personal data use (<a href=\"http:\/\/www.cnil.fr\">Commission Nationale Informatique et Libert\u00e9s<\/a>). All this information is available on our SHERPAM internal exchanges platform. An assistant of editing project from the Clinical Research Management Office will be dedicated in order to verify that our folder is accurate and convenient, and to submit it to our French Authorities.<\/p>\n<p>Clinical trials will be separated into 2 steps:<\/p>\n<ul>\n<li>First step, the first clinical trial that mainly aims to validate the estimation of energetic expenditure issued from our primary SHERPAM device.<\/li>\n<li>Second step: the second clinical trial testing the final SHERPAM device on healthy but also cardiovascular disease patients. Each subject will use SHERPAM device for one month. \u00a0The consortium have started to work on the methodology of this trial . Such collective forward-thinking allows to better identfy the needs and improve SHERPAM device (related to smartphone autonomy for example). The first draft file of the CPP folder and clinical trial protocol can be sent on request for project evaluation (confidential French written file). It is worthwhile to specify this protocol will evolve certainly with SHERPAM device development..<\/li>\n<\/ul>\n<p>The following table specifies the important deadline for protocol submission and beginning.<\/p>\n<table id=\"aui_3_4_0_1_328\" border=\"0\" width=\"461\" cellspacing=\"0\" cellpadding=\"0\">\n<tbody id=\"aui_3_4_0_1_327\">\n<tr>\n<td>\n<p align=\"center\"><strong>Dead-lines<\/strong><\/p>\n<p align=\"center\"><strong>1<sup>rst<\/sup> clinical trial<\/strong><\/p>\n<\/td>\n<td>\n<p align=\"center\"><strong>Steps<\/strong><\/p>\n<\/td>\n<td>\n<p align=\"center\"><strong>Dead-lines<\/strong><\/p>\n<p align=\"center\"><strong>2<sup>nd<\/sup> clinical trial<\/strong><\/p>\n<p align=\"center\"><strong>Touring cyclists + cardiovascular patients<\/strong><\/p>\n<\/td>\n<\/tr>\n<tr>\n<td>\n<p align=\"center\">January 2016<\/p>\n<\/td>\n<td>\n<p align=\"center\">CPP folder submission, ANSM, CNIL<\/p>\n<\/td>\n<td>\n<p align=\"center\">Early January 2017<\/p>\n<\/td>\n<\/tr>\n<tr>\n<td>\n<p align=\"center\">March 2016<\/p>\n<\/td>\n<td>\n<p align=\"center\">Start of the trial<\/p>\n<\/td>\n<td>\n<p align=\"center\">Early July 2017<\/p>\n<\/td>\n<\/tr>\n<tr id=\"aui_3_4_0_1_326\">\n<td>\n<p align=\"center\">August 2016<\/p>\n<\/td>\n<td>\n<p align=\"center\">End of the trial<\/p>\n<\/td>\n<td id=\"aui_3_4_0_1_325\">\n<p id=\"aui_3_4_0_1_324\" align=\"center\">End March 2018<\/p>\n<\/td>\n<\/tr>\n<\/tbody>\n<\/table>\n<p><\/p>","protected":false},"excerpt":{"rendered":"<p>A complete folder that clearly explains the aims and the methodology of SHERPAM clinical trials will be submitted to the &#8220;Ouest V&#8221; committee to Protect\u2026<\/p>\n<p> <a class=\"continue-reading-link\" href=\"https:\/\/project.inria.fr\/sherpam\/protocol\/\"><span>Continue reading<\/span><i class=\"crycon-right-dir\"><\/i><\/a> <\/p>\n","protected":false},"author":1611,"featured_media":0,"parent":0,"menu_order":0,"comment_status":"closed","ping_status":"closed","template":"","meta":{"footnotes":""},"class_list":["post-136","page","type-page","status-publish","hentry"],"_links":{"self":[{"href":"https:\/\/project.inria.fr\/sherpam\/wp-json\/wp\/v2\/pages\/136","targetHints":{"allow":["GET"]}}],"collection":[{"href":"https:\/\/project.inria.fr\/sherpam\/wp-json\/wp\/v2\/pages"}],"about":[{"href":"https:\/\/project.inria.fr\/sherpam\/wp-json\/wp\/v2\/types\/page"}],"author":[{"embeddable":true,"href":"https:\/\/project.inria.fr\/sherpam\/wp-json\/wp\/v2\/users\/1611"}],"replies":[{"embeddable":true,"href":"https:\/\/project.inria.fr\/sherpam\/wp-json\/wp\/v2\/comments?post=136"}],"version-history":[{"count":1,"href":"https:\/\/project.inria.fr\/sherpam\/wp-json\/wp\/v2\/pages\/136\/revisions"}],"predecessor-version":[{"id":137,"href":"https:\/\/project.inria.fr\/sherpam\/wp-json\/wp\/v2\/pages\/136\/revisions\/137"}],"wp:attachment":[{"href":"https:\/\/project.inria.fr\/sherpam\/wp-json\/wp\/v2\/media?parent=136"}],"curies":[{"name":"wp","href":"https:\/\/api.w.org\/{rel}","templated":true}]}}