

{"id":72,"date":"2022-06-09T15:51:06","date_gmt":"2022-06-09T13:51:06","guid":{"rendered":"https:\/\/project.inria.fr\/sifed2022\/?page_id=72"},"modified":"2022-10-28T16:18:02","modified_gmt":"2022-10-28T14:18:02","slug":"program","status":"publish","type":"page","link":"https:\/\/project.inria.fr\/sifed2022\/program\/","title":{"rendered":"Program"},"content":{"rendered":"<p><\/p>\n<p style=\"text-align: center; display: flex; justify-content: center;\"><a class=\"button\" style=\"border-radius: 15px; font-size: 1.1em; background-color: #e0fdba; width: 33vw; border: 1px solid white;\" href=\"#general_program\">General Program<\/a><br \/>\n<a class=\"button\" style=\"border-radius: 15px; font-size: 1.1em; background-color: #e0fdba; width: 33vw; border: 1px solid white;\" href=\"#keynote\">Keynote Speaker<\/a><br \/>\n<a class=\"button\" style=\"border-radius: 15px; font-size: 1.1em; background-color: #e0fdba; width: 33vw; border: 1px solid white;\" href=\"#sessions\">Detailed sessions<\/a><\/p>\n<p id=\"general_program\">&#8212;&#8212;&#8212;&#8212;&#8212;&#8212;&#8212;&#8212;&#8212;&#8211;<\/p>\n<h4>General program of the day \u00a0 \u00a0 \u00a0 \u00a0 \u00a0 <a href=\"https:\/\/project.inria.fr\/sifed2022\/files\/2022\/10\/Booklet_Abstracts.pdf\">Booklet_Abstracts<\/a><\/h4>\n<p>&nbsp;<\/p>\n<table>\n<tbody>\n<tr>\n<th>Time<\/th>\n<th>Program<\/th>\n<\/tr>\n<tr>\n<td>8h15-8h45<\/td>\n<td>Welcome coffee<\/td>\n<\/tr>\n<tr>\n<td>8h45-8h50<\/td>\n<td>Opening<\/td>\n<\/tr>\n<tr>\n<td>8h50-10h10<\/td>\n<td style=\"font-weight: bold;\">Oral Session 1<\/td>\n<\/tr>\n<tr>\n<td>10h10-10h30<\/td>\n<td>Coffee break<\/td>\n<\/tr>\n<tr>\n<td>10h30-11h30<\/td>\n<td style=\"font-weight: bold;\">Oral Session 2<\/td>\n<\/tr>\n<tr>\n<td>11h30-11h45<\/td>\n<td style=\"font-weight: bold;\">Sponsors presentation<\/td>\n<\/tr>\n<tr>\n<td>11h45-12h15<\/td>\n<td style=\"font-weight: bold;\">GRCE general meeting<\/td>\n<\/tr>\n<tr>\n<td>12h15-1h15<\/td>\n<td>Lunch<\/td>\n<\/tr>\n<tr>\n<td>1h15-2h<\/td>\n<td style=\"font-weight: bold;\">Posters and demonstrations<\/td>\n<\/tr>\n<tr>\n<td>2h-3h<\/td>\n<td style=\"font-weight: bold;\">Keynote speaker: Elisa Fromont<\/td>\n<\/tr>\n<tr>\n<td>3h-3h20<\/td>\n<td>Coffee break<\/td>\n<\/tr>\n<tr>\n<td>3h20-4h20<\/td>\n<td style=\"font-weight: bold;\">Oral Session 3<\/td>\n<\/tr>\n<tr>\n<td>4h20-4h40<\/td>\n<td>Closing<\/td>\n<\/tr>\n<\/tbody>\n<\/table>\n<p id=\"keynote\">&#8212;&#8212;&#8212;&#8212;&#8212;&#8212;&#8212;&#8212;&#8212;&#8211;<\/p>\n<h4>Keynote speaker : <strong>Elisa FROMONT<\/strong><\/h4>\n<p><a href=\"https:\/\/project.inria.fr\/sifed2022\/files\/2022\/06\/elisa_fromont.jpg\"><img loading=\"lazy\" decoding=\"async\" class=\"alignnone size-medium wp-image-124\" style=\"float: right; margin: 5px;\" src=\"https:\/\/project.inria.fr\/sifed2022\/files\/2022\/06\/elisa_fromont-300x200.jpg\" alt=\"image Elisa Fromont\" width=\"300\" height=\"200\" srcset=\"https:\/\/project.inria.fr\/sifed2022\/files\/2022\/06\/elisa_fromont-300x200.jpg 300w, https:\/\/project.inria.fr\/sifed2022\/files\/2022\/06\/elisa_fromont-768x512.jpg 768w, https:\/\/project.inria.fr\/sifed2022\/files\/2022\/06\/elisa_fromont-1024x683.jpg 1024w, https:\/\/project.inria.fr\/sifed2022\/files\/2022\/06\/elisa_fromont-150x100.jpg 150w\" sizes=\"auto, (max-width: 300px) 100vw, 300px\" \/><\/a><\/p>\n<p><a href=\"https:\/\/project.inria.fr\/sifed2022\/files\/2022\/10\/ExplainableTimeSeriesClassification_EFromont_SIFED2022.pdf\">Slides<\/a><\/p>\n<p><em>Title<\/em> : <strong>Explainable Time Series Classification<\/strong><\/p>\n<p><em>Abstract<\/em> : I will introduce motivations about explainability in machine learning models and deep learning models as well as state-of-the-art methods. Then, I will present original works, especially on univariate or multivariate time series classification:<\/p>\n<ul>\n<li>Adversarial Regularization for Explainable-by-Design Time Series Classification &#8211; ICTAI 2020<\/li>\n<li>A Performance-Explainability Framework to Benchmark Machine Learning Methods: Application to Multivariate Time Series Classifiers &#8211; IJCAI Workshop on Explainable Artificial Intelligence (XAI), 2020<\/li>\n<li>XEM: An Explainable-by-Design Ensemble Method for Multivariate Time Series Classification, DAMI 2022<\/li>\n<li>XCM: An Explainable Convolutional Neural Network for Multivariate Time Series Classification, Mathematics<\/li>\n<\/ul>\n<p><em>Bio<\/em> : Elisa is a full professor at Universit\u00e9 de Rennes 1 France, since 2017 and a Junior member of the Institut Universitaire de France (2019-2024). Elisa works at IRISA research institute in the INRIA LACODAM (&#8220;Large Scale Collaborative Data Mining&#8221;) team. From 2008 until 2017, she was associate professor at Universit\u00e9 Jean Monnet in Saint-Etienne, France. She worked at the Hubert Curien research institute in the Data Intelligence team. Elisa received her Research Habilitation (HDR) in December 2015 from the University of Saint-Etienne. From 2006 until 2008, she was a postdoctoral researcher in the Machine Learning group of the Katholieke Universteit Leuven, Belgium. She received her PhD in December 2005 from Universit\u00e9 de Rennes 1.<\/p>\n<p><em>Research domains :<\/em><\/p>\n<ul>\n<li><b>Explainable AI<\/b> (interpretability of data mining\/machine learning models and explainable decisions)<\/li>\n<li><b>Data mining for time series analysis<\/b> (including fraud and anomaly detection)<\/li>\n<\/ul>\n<p id=\"sessions\">&#8212;&#8212;&#8212;&#8212;&#8212;&#8212;&#8212;&#8212;&#8212;&#8211;<\/p>\n<h4>Detailed program of sessions<\/h4>\n<h5>Oral Session 1 (<a href=\"https:\/\/project.inria.fr\/sifed2022\/files\/2022\/10\/Session1.zip\">slides<\/a>)<\/h5>\n<p>&lt;td9h10-9h30<\/p>\n<table>\n<tbody>\n<tr>\n<th>Time<\/th>\n<th>Title<\/th>\n<th>Authors<\/th>\n<\/tr>\n<tr>\n<td>8h50-9h10<\/td>\n<td>Handwritting Recognition using Multi-Hypothesis based Semi-Supervised Learning for adaptation to specific documents<\/td>\n<td>Alexandre Chapin, Yann Soullard, Aur\u00e9lie Lema\u00eetre, Bertrand Couasnon (IRISA)<\/td>\n<\/tr>\n<tr>\n<td>9h10-9h30<\/td>\n<td>EAML: Ensemble Self-Attention-based Mutual Learning Network for Document Image Classification<\/td>\n<td>Souhail Bakkali, Zuheng Ming, Mickael Coustaty, Marcal Rusinol, Oriol Ramos Terrades (L3I)<\/td>\n<\/tr>\n<tr>\n<td>9h30-9h50<\/td>\n<td>EXO-POPP : Extraction d\u2019entit\u00e9s nomm\u00e9es dans des actes de mariage manuscrits<\/td>\n<td>Thomas Constum, Pierrick Tranouez, Thierry Paquet (LITIS)<\/td>\n<\/tr>\n<tr>\n<td>9h50-10h10<\/td>\n<td>Localisation d\u2019une fraude dans des documents<\/td>\n<td>Aur\u00e9lie Ling, Cuong van Kieu, Camille Kurtz, Nicole Vincent (LIPADE)<\/td>\n<\/tr>\n<\/tbody>\n<\/table>\n<h5>Oral Session 2 (<a href=\"https:\/\/project.inria.fr\/sifed2022\/files\/2022\/10\/Session2.zip\">slides<\/a>)<\/h5>\n<table>\n<tbody>\n<tr>\n<th>Time<\/th>\n<th>Title<\/th>\n<th>Authors<\/th>\n<\/tr>\n<tr>\n<td>10h30-10h50<\/td>\n<td>D\u00e9tection et association des queues de bulles : cas des multi-bulles<\/td>\n<td>Christophe Rigaud (L3I), Jean-Christophe Burie (L3i), Samuel Petit (Geo Comix)<\/td>\n<\/tr>\n<tr>\n<td>10h50-11h10<\/td>\n<td>Open Source Maif pour une IA transparente &amp; Maitris\u00e9e<\/td>\n<td>Laure Bonafous et S\u00e9bastien Bidault (MAIF)<\/td>\n<\/tr>\n<tr>\n<td>11h10-11h30<\/td>\n<td>Arkindex pour l&#8217;exp\u00e9rimentation en traitement de documents num\u00e9ris\u00e9s<\/td>\n<td>M\u00e9lodie Boillet, Sol\u00e8ne Tarride et Christopher Kermorvant (TEKLIA)<\/td>\n<\/tr>\n<\/tbody>\n<\/table>\n<h5>Oral Session 3 (<a href=\"https:\/\/project.inria.fr\/sifed2022\/files\/2022\/10\/Session3.zip\">slides<\/a><\/h5>\n<table>\n<tbody>\n<tr>\n<th>Time<\/th>\n<th>Title<\/th>\n<th>Authors<\/th>\n<\/tr>\n<tr>\n<td>3h20-3h40<\/td>\n<td>Toward Deep neural network for pen trajectory reconstruction from kinematic sensors<\/td>\n<td>Imbert Florent, Wassim Swaileh, Yann Soullard, Romain Tavenard, Eric Anquetil (IRISA)<\/td>\n<\/tr>\n<tr>\n<td>3h40-4h00<\/td>\n<td>EyCon: Computational Approaches to the Circulation of photographs in late 19th-\/Early 20th-Century periodicals and beyond<\/td>\n<td>Julien Schuh, Marina Giardinetti, Soumik Mallick et Daniel Foliard (LARCA)<\/td>\n<\/tr>\n<tr>\n<td>4h00-4h20<\/td>\n<td>Reconnaissance de texte dans les bandes dessin\u00e9es par Smartphone<\/td>\n<td>Cl\u00e9ment Charrier, Fr\u00e9d\u00e9ric Daubignard (Entreprise ALGONA), R\u00e9my Leconge (Laboratoire PRISME), Fr\u00e9d\u00e9ric Rayar (Laboratoire LIFAT), Sylvie Treuillet (PRISME)<\/td>\n<\/tr>\n<\/tbody>\n<\/table>\n<h5>Session Posters et d\u00e9monstrations &#8211; 1h15-2h<\/h5>\n<h6>Posters<\/h6>\n<table>\n<tbody>\n<tr>\n<th>Title<\/th>\n<th>Authors<\/th>\n<th>Affiliation<\/th>\n<\/tr>\n<tr>\n<td>Leveraging Domain Knowledge for Document Information Extraction<\/td>\n<td>Arthur Hemmer<\/td>\n<td>L3I<\/td>\n<\/tr>\n<tr>\n<td>Reconnaissance et segmentation de l&#8217;\u00e9criture manuscrite d&#8217;enfants<\/td>\n<td>Simon Corbill\u00e9, \u00c9lisa Fromont, \u00c9ric Anquetil<\/td>\n<td>IRISA<\/td>\n<\/tr>\n<tr>\n<td>A comparative study for classification of French language corporate documents on imbalanced datasets<\/td>\n<td>Tri-Cong Pham, Aur\u00e9lie Joseph, Muriel Visani, Nicolas Sidere, Mickael Coustaty<\/td>\n<td>L3I<\/td>\n<\/tr>\n<tr>\n<td>Transformers pour la reconnaissance de documents anciens<\/td>\n<td>Killian Barrere, Yann Soullard, Aur\u00e9lie Lemaitre, Bertrand Co\u00fcasnon<\/td>\n<td>IRISA<\/td>\n<\/tr>\n<tr>\n<td>Information Extraction from Administrative Documents<\/td>\n<td>Dipendra Sharma Kafle<\/td>\n<td>L3I<\/td>\n<\/tr>\n<tr>\n<td>Classification of Untranscribed Handwritten Notarial Documents by Textual Contents<\/td>\n<td>Jos\u00e9 Ramon Prieto Fontcuberta<\/td>\n<td>PRHLT<\/td>\n<\/tr>\n<tr>\n<td>D\u00e9tection de fraude de tickets de caisse en prenant en compte la s\u00e9mantique<\/td>\n<td>Beatriz Mart\u00ednez Torn\u00e9s<\/td>\n<td>L3I<\/td>\n<\/tr>\n<tr>\n<td>Transformation digitale d&#8217;images de documents techniques d&#8217;ing\u00e9nierie et de plans industriels.<\/td>\n<td>Mathieu Fran\u00e7ois<\/td>\n<td>LIRIS<\/td>\n<\/tr>\n<tr>\n<td>Document Forgery Detection in the Context of Double JPEG Compression<\/td>\n<td>Th\u00e9o Taburet, Kais Rouis, Micka\u00ebl Coustaty, Petra Gomez-Kr\u00e4mer, Nicolas Sid\u00e8re, Saddok K\u00e9bairi, Vincent Poulain d\u2019Andecy<\/td>\n<td>L3I<\/td>\n<\/tr>\n<\/tbody>\n<\/table>\n<h6>Demonstrations (with or without poster)<\/h6>\n<table>\n<tbody>\n<tr>\n<th>Title<\/th>\n<th>Authors<\/th>\n<th>Affiliation<\/th>\n<\/tr>\n<tr>\n<td>Geo Comix Translator: a unique tool to speed-up translation process for comics, mangas and webtoons<\/td>\n<td>Christophe Rigaud, Jean-Christophe Burie, Samuel Petit<\/td>\n<td>L3I &#8211; Geo Comix<\/td>\n<\/tr>\n<tr>\n<td>Arkindex pour l&#8217;exp\u00e9rimentation en traitement de documents num\u00e9ris\u00e9s<\/td>\n<td>M\u00e9lodie Boillet, Sol\u00e8ne Tarride et Christopher Kermorvant<\/td>\n<td>TEKLIA<\/td>\n<\/tr>\n<tr>\n<td>Open Source Maif pour une IA transparente &amp; Maitris\u00e9e<\/td>\n<td>Laure Bonafous and S\u00e9bastien Bidault<\/td>\n<td>MAIF<\/td>\n<\/tr>\n<\/tbody>\n<\/table>\n<p><\/p>","protected":false},"excerpt":{"rendered":"<p>General Program Keynote Speaker Detailed sessions &#8212;&#8212;&#8212;&#8212;&#8212;&#8212;&#8212;&#8212;&#8212;&#8211; General program of the day \u00a0 \u00a0 \u00a0 \u00a0 \u00a0 Booklet_Abstracts &nbsp; Time Program 8h15-8h45 Welcome coffee 8h45-8h50 Opening 8h50-10h10 Oral Session 1 10h10-10h30 Coffee break 10h30-11h30 Oral Session 2 11h30-11h45 Sponsors presentation 11h45-12h15 GRCE general meeting 12h15-1h15 Lunch 1h15-2h Posters and demonstrations\u2026<\/p>\n<p> <a class=\"continue-reading-link\" href=\"https:\/\/project.inria.fr\/sifed2022\/program\/\"><span>Continue reading<\/span><i class=\"crycon-right-dir\"><\/i><\/a> <\/p>\n","protected":false},"author":2211,"featured_media":0,"parent":0,"menu_order":0,"comment_status":"closed","ping_status":"closed","template":"","meta":{"footnotes":""},"class_list":["post-72","page","type-page","status-publish","hentry"],"_links":{"self":[{"href":"https:\/\/project.inria.fr\/sifed2022\/wp-json\/wp\/v2\/pages\/72","targetHints":{"allow":["GET"]}}],"collection":[{"href":"https:\/\/project.inria.fr\/sifed2022\/wp-json\/wp\/v2\/pages"}],"about":[{"href":"https:\/\/project.inria.fr\/sifed2022\/wp-json\/wp\/v2\/types\/page"}],"author":[{"embeddable":true,"href":"https:\/\/project.inria.fr\/sifed2022\/wp-json\/wp\/v2\/users\/2211"}],"replies":[{"embeddable":true,"href":"https:\/\/project.inria.fr\/sifed2022\/wp-json\/wp\/v2\/comments?post=72"}],"version-history":[{"count":60,"href":"https:\/\/project.inria.fr\/sifed2022\/wp-json\/wp\/v2\/pages\/72\/revisions"}],"predecessor-version":[{"id":275,"href":"https:\/\/project.inria.fr\/sifed2022\/wp-json\/wp\/v2\/pages\/72\/revisions\/275"}],"wp:attachment":[{"href":"https:\/\/project.inria.fr\/sifed2022\/wp-json\/wp\/v2\/media?parent=72"}],"curies":[{"name":"wp","href":"https:\/\/api.w.org\/{rel}","templated":true}]}}