

{"id":4,"date":"2011-12-08T11:55:34","date_gmt":"2011-12-08T11:55:34","guid":{"rendered":"http:\/\/project.inria.fr\/template1\/?page_id=4"},"modified":"2019-09-09T13:53:07","modified_gmt":"2019-09-09T11:53:07","slug":"home","status":"publish","type":"page","link":"https:\/\/project.inria.fr\/sr4sg\/fr\/home\/","title":{"rendered":"Accueil"},"content":{"rendered":"<p>Sequential Recommendation For Sustainable Gardening est une Action Exploratoire du centre de recherche Inria.<\/p>\n<p><a href=\"https:\/\/project.inria.fr\/sr4sg\/files\/2019\/05\/dvlpt_durable-300x187.jpg\"><img loading=\"lazy\" decoding=\"async\" class=\"size-medium wp-image-64 aligncenter\" src=\"https:\/\/project.inria.fr\/sr4sg\/files\/2019\/05\/dvlpt_durable-300x187-300x187.jpg\" alt=\"\" width=\"300\" height=\"187\" srcset=\"https:\/\/project.inria.fr\/sr4sg\/files\/2019\/05\/dvlpt_durable-300x187.jpg 300w, https:\/\/project.inria.fr\/sr4sg\/files\/2019\/05\/dvlpt_durable-300x187-150x94.jpg 150w\" sizes=\"auto, (max-width: 300px) 100vw, 300px\" \/><\/a><br \/>\nL&rsquo;identification et le partage de bonnes pratiques, p\u00e9rennes, agricoles est un d\u00e9fi \u00e0 la fois soci\u00e9tal et scientifique. La grande capacit\u00e9 de passage \u00e0 l&rsquo;\u00e9chelle des syst\u00e8mes de recommandations actuels, agr\u00e9geant de mani\u00e8re coh\u00e9rentes des donn\u00e9es de millions d&rsquo;utilisateurs engag\u00e9s tout en b\u00e9n\u00e9ficiant constamment de la recherche en apprentissage automatique sugg\u00e8re que connecter ce domaine de recherche \u00e0 l&rsquo;agriculture durable puisse r\u00e9pondre \u00e0 ce d\u00e9fi avec grand succ\u00e8s. Le but du projet \u00ab\u00a0Recommandation S\u00e9quentielle pour la Jardinage Durable\u00a0\u00bb (Sequential Recommendation for Sustainable Gardening, SR4SG)\u00a0\u00bb est triple:<\/p>\n<p>1) <strong>Rassembler<\/strong> <strong>des chercheurs<\/strong> des domaines des syst\u00e8mes de recommandation, de l&rsquo;apprentissage s\u00e9quentiel et par renforcement d&rsquo;une part, et en agriculture durable, \u00e9cologie et pr\u00e9servation de la biodiversit\u00e9 d&rsquo;autre part, pour former une ambitieuse communaut\u00e9 mixte travaillant en \u00e9troite collaboration.<\/p>\n<p>2) <strong>Cr\u00e9er une plateforme collaborative<\/strong> de \u00ab\u00a0Science participative\u00a0\u00bb pour collecter des observations et actions s\u00e9quentiellement chez chaque jardinier, permettre aux utilisateurs de recevoir des recommandations en constante am\u00e9lioration suivant l&rsquo;\u00e9tat de l&rsquo;art du domaine, et aux chercheurs de tester les meilleurs algorithmes et d&rsquo;am\u00e9liorer leur compr\u00e9hension fine des techniques d&rsquo;agriculture durable.<\/p>\n<p>3) <strong>\u00c9tablir<\/strong> <strong>les fondements th\u00e9oriques<\/strong> de l&rsquo;apprentissage s\u00e9quentiel appliqu\u00e9 au jardinage durable, identifier les nouveaux verrous et engager la communaut\u00e9 de chercheurs en apprentissage par renforcement \u00e0 les r\u00e9soudre.<\/p>\n<p>Ce projet finance deux ans d&rsquo;ing\u00e9nieur, un an de postdoctorat, et plusieurs groupes de travail afin d&rsquo;accomplir des progr\u00e8s significatifs concernant ces trois points.<\/p>\n<p>&nbsp;<\/p>\n<p><a href=\"http:\/\/odalricambrymmaillard.neowordpress.fr\">Odalric-ambrym Maillard<\/a><\/p>\n<p>&nbsp;<\/p>","protected":false},"excerpt":{"rendered":"<p>Sequential Recommendation For Sustainable Gardening est une Action Exploratoire du centre de recherche Inria. L&rsquo;identification et le partage de bonnes pratiques, p\u00e9rennes, agricoles est un d\u00e9fi \u00e0 la fois soci\u00e9tal et scientifique. La grande capacit\u00e9 de passage \u00e0 l&rsquo;\u00e9chelle des syst\u00e8mes de recommandations actuels, agr\u00e9geant de mani\u00e8re coh\u00e9rentes des donn\u00e9es\u2026<\/p>\n<p> <a class=\"continue-reading-link\" href=\"https:\/\/project.inria.fr\/sr4sg\/fr\/home\/\"><span>Continue reading<\/span><i class=\"crycon-right-dir\"><\/i><\/a> <\/p>\n","protected":false},"author":1,"featured_media":0,"parent":0,"menu_order":0,"comment_status":"closed","ping_status":"open","template":"","meta":{"footnotes":""},"class_list":["post-4","page","type-page","status-publish","hentry"],"_links":{"self":[{"href":"https:\/\/project.inria.fr\/sr4sg\/fr\/wp-json\/wp\/v2\/pages\/4","targetHints":{"allow":["GET"]}}],"collection":[{"href":"https:\/\/project.inria.fr\/sr4sg\/fr\/wp-json\/wp\/v2\/pages"}],"about":[{"href":"https:\/\/project.inria.fr\/sr4sg\/fr\/wp-json\/wp\/v2\/types\/page"}],"author":[{"embeddable":true,"href":"https:\/\/project.inria.fr\/sr4sg\/fr\/wp-json\/wp\/v2\/users\/1"}],"replies":[{"embeddable":true,"href":"https:\/\/project.inria.fr\/sr4sg\/fr\/wp-json\/wp\/v2\/comments?post=4"}],"version-history":[{"count":14,"href":"https:\/\/project.inria.fr\/sr4sg\/fr\/wp-json\/wp\/v2\/pages\/4\/revisions"}],"predecessor-version":[{"id":115,"href":"https:\/\/project.inria.fr\/sr4sg\/fr\/wp-json\/wp\/v2\/pages\/4\/revisions\/115"}],"wp:attachment":[{"href":"https:\/\/project.inria.fr\/sr4sg\/fr\/wp-json\/wp\/v2\/media?parent=4"}],"curies":[{"name":"wp","href":"https:\/\/api.w.org\/{rel}","templated":true}]}}