

{"id":6,"date":"2011-12-08T11:55:58","date_gmt":"2011-12-08T11:55:58","guid":{"rendered":"http:\/\/project.inria.fr\/template1\/?page_id=6"},"modified":"2021-01-21T09:49:57","modified_gmt":"2021-01-21T08:49:57","slug":"news","status":"publish","type":"page","link":"https:\/\/project.inria.fr\/sr4sg\/fr\/news\/","title":{"rendered":"Actualit\u00e9s"},"content":{"rendered":"<p><\/p>\n<h2 style=\"text-align: center;\">Postdoc (12 mois, min)<\/h2>\n<p>Nous recherchons un postdoctorant, familier de l&rsquo;apprentissage par renforcement etdes syst\u00e8mes de recommandation, pour explorer les d\u00e9fis de l&rsquo;apprentissage par renforcement en agro\u00e9cologie (dont RL causal, contextuel, robuste).<\/p>\n<p>&nbsp;<\/p>\n<h2 style=\"text-align: center;\">Ing\u00e9nieur (24 mois)<\/h2>\n<p>Nous recherchons un talentueux d\u00e9veloppeur logiciel afin de poursuivre la cr\u00e9ation d&rsquo;une plateforme ambitieuse de recommandation et pratique d&rsquo;agriculture durable dans son sens large, commen\u00e7ant cet automne 2019.\u00a0 <a href=\"https:\/\/project.inria.fr\/sr4sg\/files\/2019\/08\/Fiche_Ingenieur_AEx_SR4SG3.pdf\">Job description.<\/a> <a href=\"https:\/\/jobs.inria.fr\/public\/classic\/fr\/offres\/2019-01955\">Application<\/a>.<\/p>\n<h2 style=\"text-align: center;\"><\/h2>\n<p><\/p>","protected":false},"excerpt":{"rendered":"<p>Postdoc (12 mois, min) Nous recherchons un postdoctorant, familier de l&rsquo;apprentissage par renforcement etdes syst\u00e8mes de recommandation, pour explorer les d\u00e9fis de l&rsquo;apprentissage par renforcement en agro\u00e9cologie (dont RL causal, contextuel, robuste). &nbsp; Ing\u00e9nieur (24 mois) Nous recherchons un talentueux d\u00e9veloppeur logiciel afin de poursuivre la cr\u00e9ation d&rsquo;une plateforme ambitieuse\u2026<\/p>\n<p> <a class=\"continue-reading-link\" href=\"https:\/\/project.inria.fr\/sr4sg\/fr\/news\/\"><span>Continue reading<\/span><i class=\"crycon-right-dir\"><\/i><\/a> <\/p>\n","protected":false},"author":1,"featured_media":0,"parent":0,"menu_order":0,"comment_status":"closed","ping_status":"open","template":"","meta":{"footnotes":""},"class_list":["post-6","page","type-page","status-publish","hentry"],"_links":{"self":[{"href":"https:\/\/project.inria.fr\/sr4sg\/fr\/wp-json\/wp\/v2\/pages\/6","targetHints":{"allow":["GET"]}}],"collection":[{"href":"https:\/\/project.inria.fr\/sr4sg\/fr\/wp-json\/wp\/v2\/pages"}],"about":[{"href":"https:\/\/project.inria.fr\/sr4sg\/fr\/wp-json\/wp\/v2\/types\/page"}],"author":[{"embeddable":true,"href":"https:\/\/project.inria.fr\/sr4sg\/fr\/wp-json\/wp\/v2\/users\/1"}],"replies":[{"embeddable":true,"href":"https:\/\/project.inria.fr\/sr4sg\/fr\/wp-json\/wp\/v2\/comments?post=6"}],"version-history":[{"count":21,"href":"https:\/\/project.inria.fr\/sr4sg\/fr\/wp-json\/wp\/v2\/pages\/6\/revisions"}],"predecessor-version":[{"id":189,"href":"https:\/\/project.inria.fr\/sr4sg\/fr\/wp-json\/wp\/v2\/pages\/6\/revisions\/189"}],"wp:attachment":[{"href":"https:\/\/project.inria.fr\/sr4sg\/fr\/wp-json\/wp\/v2\/media?parent=6"}],"curies":[{"name":"wp","href":"https:\/\/api.w.org\/{rel}","templated":true}]}}