

{"id":112,"date":"2019-09-06T16:40:40","date_gmt":"2019-09-06T14:40:40","guid":{"rendered":"https:\/\/project.inria.fr\/sr4sg\/?page_id=112"},"modified":"2020-03-07T19:20:17","modified_gmt":"2020-03-07T18:20:17","slug":"workshop","status":"publish","type":"page","link":"https:\/\/project.inria.fr\/sr4sg\/workshop\/","title":{"rendered":"Journ\u00e9e IA &#038; Biodiv &#8211;  25 Mars 2020 &#8211;  Compagnons de d\u00e9cision num\u00e9riques pour l&#8217;\u00e9co-jardinage"},"content":{"rendered":"<p><\/p>\n<h1 style=\"text-align: center;\"><strong>Journ\u00e9e IA &amp; Biodiv*<br \/>\nCompagnons de d\u00e9cision num\u00e9riques<br \/>\npour l\u2019\u00e9co-jardinage<\/strong><\/h1>\n<h3 style=\"text-align: center;\"><strong>&#8220;IA pour la prise de d\u00e9cision en \u00e9co-jardinage: pourquoi, comment?&#8221;<br \/>\n<\/strong><\/h3>\n<p style=\"text-align: center;\"><a href=\"https:\/\/project.inria.fr\/sr4sg\/files\/2019\/10\/Sustainable-Garden-Lead-1.jpg\"><img loading=\"lazy\" decoding=\"async\" class=\"alignnone size-full wp-image-141\" src=\"https:\/\/project.inria.fr\/sr4sg\/files\/2019\/10\/Sustainable-Garden-Lead-1.jpg\" alt=\"\" width=\"900\" height=\"298\" srcset=\"https:\/\/project.inria.fr\/sr4sg\/files\/2019\/10\/Sustainable-Garden-Lead-1.jpg 900w, https:\/\/project.inria.fr\/sr4sg\/files\/2019\/10\/Sustainable-Garden-Lead-1-300x99.jpg 300w, https:\/\/project.inria.fr\/sr4sg\/files\/2019\/10\/Sustainable-Garden-Lead-1-768x254.jpg 768w, https:\/\/project.inria.fr\/sr4sg\/files\/2019\/10\/Sustainable-Garden-Lead-1-150x50.jpg 150w\" sizes=\"auto, (max-width: 900px) 100vw, 900px\" \/><\/a><\/p>\n<h2 style=\"text-align: center;\"><strong>25 Mars 2020, Inria Lille \u2013 Nord Europe.<\/strong><\/h2>\n<p>*Cette journ\u00e9e s&#8217;inscrit dans le cadre de la th\u00e9matique &#8220;IA &amp; Biodiv&#8221; lanc\u00e9e par l&#8217;ANR afin d&#8217;identifier ce que la biodiversit\u00e9 peut apporter en terme de d\u00e9fis pour le d\u00e9veloppement de l&#8217;IA. L&#8217;ANR souhaite cr\u00e9er \u00e0 terme 6 consortiums de recherches interdisciplinaires d&#8217;ampleur \u00e0 l&#8217;interface entre Intelligence Artificielle et Bio-diversit\u00e9.<\/p>\n<p>&nbsp;<\/p>\n<p style=\"text-align: center;\"><span style=\"color: #ff0000;\"><strong>En raison des restrictions impos\u00e9es \u00e0 l&#8217;organisation d&#8217;\u00e9v\u00e8nements (maximum 10 personnes), dues au Coronavirus,<br \/>\nla journ\u00e9e est malheureusement annul\u00e9e, et report\u00e9e \u00e0 une date ult\u00e9rieure inconnue.<\/strong><\/span><\/p>\n<p style=\"text-align: center;\"><a href=\"https:\/\/evento.renater.fr\/survey\/ia-pour-la-prise-de-decision-en-eco-jardinage-ofkmkpi1\">Inscription (gratuite mais obligatoire)<\/a><\/p>\n<h3><strong>Objectif<\/strong><\/h3>\n<p>L&#8217;IA est aujourd&#8217;hui bien connue pour ses usages en analyse automatique d&#8217;images (paradigme de l&#8217;apprentissage supervis\u00e9). L&#8217;IA, c&#8217;est aussi la <em>prise de d\u00e9cision s\u00e9quentielle<\/em> (paradigme de l&#8217;apprentissage par renforcement) et ses succ\u00e8s m\u00e9diatis\u00e9s ces derni\u00e8res ann\u00e9es dans le domaine des jeux (le jeu de Go, Atari, Poker, etc.). L&#8217;apprentissage par renforcement se rapproche naturellement de la d\u00e9marche du &#8220;<em>jardinier<\/em>&#8221; (observation, exp\u00e9rimentation, essais et erreurs, adaptation, etc.), le terme jardinier \u00e9tant pris dans un sens large (mara\u00eechage, horticulture, sylviculture, etc.).<br \/>\nNous anticipons la cr\u00e9ation d&#8217;un consortium centr\u00e9 sur l&#8217;aide \u00e0 la prise de d\u00e9cision et souhaitons r\u00e9unir les chercheurs int\u00e9ress\u00e9s par la constitution d&#8217;un de ces consortiums.<\/p>\n<p>L&#8217;id\u00e9e de cette journ\u00e9e est de cr\u00e9er une dialectique entre un panel d&#8217;experts en mara\u00eechage, agro\u00e9cologie et \u00e9cologie de la pr\u00e9servation d&#8217;une part et un panel d&#8217;experts en sciences du num\u00e9rique, en IA pour la prise de d\u00e9cision dans l&#8217;incertain, et en sciences des donn\u00e9es d&#8217;autre part. Le premier panel d&#8217;expert pr\u00e9sentera des enjeux de la prise de d\u00e9cision en mara\u00eechage, agro\u00e9cologie et \u00e9cologie de la pr\u00e9servation identifi\u00e9s par des chercheurs et praticiens de ces domaines, le deuxi\u00e8me panel d&#8217;experts pr\u00e9sentera les outils num\u00e9riques existants. L&#8217;objectif sera de d\u00e9finir \u00e0 quels d\u00e9fis et contraintes doit r\u00e9pondre une IA pour la prise de d\u00e9cision en \u00e9co-jardinage et ce qu&#8217;elle pourrait y apporter.<\/p>\n<p>Cette journ\u00e9e est ouverte aux chercheurs travaillant dans les domaines de l\u2019agriculture durable, l\u2019\u00e9cologie et la pr\u00e9servation de la biodiversit\u00e9 d\u2019une part, de la prise de d\u00e9cision s\u00e9quentielle, des compagnons de d\u00e9cisions et de l&#8217;apprentissage par renforcement d\u2019autre part, de l&#8217;agro-ecologie computationnelle, des bases de donn\u00e9es, et des sciences participatives enfin. La journ\u00e9e est \u00e9galement ouverte \u00e0 l&#8217;ensemble des praticiens de l&#8217;\u00e9co-jardinage.<\/p>\n<p>Cette journ\u00e9e est la premi\u00e8re d\u2019une s\u00e9rie de quatre journ\u00e9es organis\u00e9es annuellement afin de promouvoir des collaborations interdisciplinaires focalis\u00e9es sur la r\u00e9solution des d\u00e9fis pos\u00e9s par la cr\u00e9ation de compagnons de d\u00e9cision num\u00e9riques pour l\u2019\u00e9co-jardinage pris dans un sens large, et capables de r\u00e9pondre collectivement \u00e0 de futurs appels \u00e0 projets de recherche, dans le cadre plus g\u00e9n\u00e9ral de l&#8217;<strong>agro-\u00e9cologie computationnelle<\/strong>.<\/p>\n<p>&nbsp;<\/p>\n<h3><strong>Th\u00e8mes<\/strong><\/h3>\n<p>La pr\u00e9sentation de d\u00e9fis dans les th\u00e9matiques suivantes est encourag\u00e9e (Liste non exhaustive):<\/p>\n<p><strong>Biodiversit\u00e9 et agriculture:<br \/>\n<\/strong>Bio-indicateurs, variables de biodiversit\u00e9 essentielles, bio-agresseurs, etc.<br \/>\nEcologie et sciences de la pr\u00e9servation<br \/>\nAgronomie, agro\u00e9cologie<br \/>\nPermaculture, Syn\u00e9coculture<\/p>\n<p><strong>Donn\u00e9es et capteurs:<\/strong><br \/>\nR\u00e9seaux de capteurs, capteurs citoyens, sciences participatives, etc.<br \/>\nBases de donn\u00e9es, repr\u00e9sentation de connaissances, ontologies<br \/>\nProtocoles d\u2019acquisition \u00e9cologique, botanique<br \/>\nPlateformes d&#8217;acquisition et Observatoires num\u00e9riques<\/p>\n<p><strong>Mod\u00e8les et contraintes:<br \/>\n<\/strong>Mod\u00e8les de d\u00e9veloppement et d&#8217;interactions \u00e9cologiques<br \/>\nSyst\u00e8mes dynamiques autonomes, non-stationnarit\u00e9<br \/>\nProcessus D\u00e9cisionnels de Markov\u00a0 (MDPs, POMDPs, etc.)<\/p>\n<p><strong>D\u00e9cision dans l&#8217;incertain:<\/strong><br \/>\nPrise de d\u00e9cision s\u00e9quentielle dans l\u2019incertain<br \/>\nApprentissage par renforcement, bandits manchots<br \/>\nSyst\u00e8mes de recommandation<br \/>\nAversion au risque, robustesse<\/p>\n<p>&nbsp;<\/p>\n<h3><strong>Appel \u00e0 contributions<\/strong><\/h3>\n<p>Nous pr\u00e9voyons une session poster pour pr\u00e9senter des travaux r\u00e9cents publi\u00e9s ou en cours.<br \/>\nLa soumission se fait directement en soumettant un r\u00e9sum\u00e9 \u00e0 <a href=\"mailto:odalric.maillard@inria.fr\">odalric.maillard@inria.fr<\/a>.<\/p>\n<h3><strong>Informations pratiques<\/strong><\/h3>\n<p>Inscription gratuite mais obligatoire en suivant ce lien: <a href=\"https:\/\/evento.renater.fr\/survey\/ia-pour-la-prise-de-decision-en-eco-jardinage-ofkmkpi1\">https:\/\/evento.renater.fr\/survey\/ia-pour-la-prise-de-decision-en-eco-jardinage-ofkmkpi1<\/a><\/p>\n<p>Le programme de la journ\u00e9e sera mis en ligne plus tard sur cette page.<\/p>\n<p>&nbsp;<\/p>\n<h3>\u00a0<strong>Organisation<\/strong><\/h3>\n<ul>\n<li><a href=\"http:\/\/odalricambrymmaillard.neowordpress.fr\">Odalric-Ambrym Maillard<\/a> (<a href=\"https:\/\/team.inria.fr\/sequel\/\">Inria SequeL<\/a>)<\/li>\n<li><a href=\"http:\/\/researchers.lille.inria.fr\/~mtalebim\/\">Mohammad Sadegh Talebi<\/a> (<a href=\"https:\/\/team.inria.fr\/sequel\/\">Inria SequeL<\/a>)<\/li>\n<li><a href=\"https:\/\/www.linkedin.com\/in\/romain-gautron-56a582b0\/?originalSubdomain=fr\">Romain Gautron<\/a> (<a href=\"https:\/\/cgiar.org\/\">CGIAR<\/a>, <a href=\"https:\/\/www.cirad.fr\/\">CIRAD<\/a>)<\/li>\n<\/ul>\n<h3><strong>Contact<\/strong><\/h3>\n<p>Pour toute question, veuillez contacter odalric.maillard@inria.fr<\/p>\n<p>&nbsp;<\/p>\n<p>&nbsp;<\/p>","protected":false},"excerpt":{"rendered":"<p>Journ\u00e9e IA &amp; Biodiv* Compagnons de d\u00e9cision num\u00e9riques pour l\u2019\u00e9co-jardinage &#8220;IA pour la prise de d\u00e9cision en \u00e9co-jardinage: pourquoi, comment?&#8221; 25 Mars 2020, Inria Lille \u2013 Nord Europe. *Cette journ\u00e9e s&#8217;inscrit dans le cadre de la th\u00e9matique &#8220;IA &amp; Biodiv&#8221; lanc\u00e9e par l&#8217;ANR afin d&#8217;identifier ce que la biodiversit\u00e9 peut\u2026<\/p>\n<p> <a class=\"continue-reading-link\" href=\"https:\/\/project.inria.fr\/sr4sg\/workshop\/\"><span>Continue reading<\/span><i class=\"crycon-right-dir\"><\/i><\/a> <\/p>\n","protected":false},"author":950,"featured_media":0,"parent":0,"menu_order":0,"comment_status":"closed","ping_status":"closed","template":"","meta":{"footnotes":""},"class_list":["post-112","page","type-page","status-publish","hentry"],"_links":{"self":[{"href":"https:\/\/project.inria.fr\/sr4sg\/wp-json\/wp\/v2\/pages\/112","targetHints":{"allow":["GET"]}}],"collection":[{"href":"https:\/\/project.inria.fr\/sr4sg\/wp-json\/wp\/v2\/pages"}],"about":[{"href":"https:\/\/project.inria.fr\/sr4sg\/wp-json\/wp\/v2\/types\/page"}],"author":[{"embeddable":true,"href":"https:\/\/project.inria.fr\/sr4sg\/wp-json\/wp\/v2\/users\/950"}],"replies":[{"embeddable":true,"href":"https:\/\/project.inria.fr\/sr4sg\/wp-json\/wp\/v2\/comments?post=112"}],"version-history":[{"count":57,"href":"https:\/\/project.inria.fr\/sr4sg\/wp-json\/wp\/v2\/pages\/112\/revisions"}],"predecessor-version":[{"id":186,"href":"https:\/\/project.inria.fr\/sr4sg\/wp-json\/wp\/v2\/pages\/112\/revisions\/186"}],"wp:attachment":[{"href":"https:\/\/project.inria.fr\/sr4sg\/wp-json\/wp\/v2\/media?parent=112"}],"curies":[{"name":"wp","href":"https:\/\/api.w.org\/{rel}","templated":true}]}}