

{"id":139,"date":"2024-07-15T22:11:18","date_gmt":"2024-07-15T20:11:18","guid":{"rendered":"https:\/\/project.inria.fr\/swam\/?page_id=139"},"modified":"2025-12-02T15:49:47","modified_gmt":"2025-12-02T14:49:47","slug":"associated-institutions","status":"publish","type":"page","link":"https:\/\/project.inria.fr\/swam\/associated-institutions\/","title":{"rendered":"Associated Institutions"},"content":{"rendered":"\n<p><\/p>\n\n\n\n<div class=\"wp-block-media-text alignwide is-stacked-on-mobile\" style=\"grid-template-columns:16% auto\"><figure class=\"wp-block-media-text__media\"><img loading=\"lazy\" decoding=\"async\" width=\"379\" height=\"133\" src=\"https:\/\/project.inria.fr\/swam\/files\/2024\/07\/inria-1.png\" alt=\"\" class=\"wp-image-164 size-full\" srcset=\"https:\/\/project.inria.fr\/swam\/files\/2024\/07\/inria-1.png 379w, https:\/\/project.inria.fr\/swam\/files\/2024\/07\/inria-1-300x105.png 300w, https:\/\/project.inria.fr\/swam\/files\/2024\/07\/inria-1-150x53.png 150w\" sizes=\"auto, (max-width: 379px) 100vw, 379px\" \/><\/figure><div class=\"wp-block-media-text__content\">\n<p style=\"font-size:25px\"><strong>Project-team <a rel=\"noreferrer noopener\" href=\"https:\/\/team.inria.fr\/calisto\/\" target=\"_blank\">CALISTO<\/a>, Inria <\/strong><\/p>\n\n\n\n<p>Centre at Universit\u00e9 C\u00f4te d&#8217;Azur, France.<\/p>\n<\/div><\/div>\n\n\n\n<hr style=\"border: 1px solid #000000;\">\n\n\n\n<div class=\"wp-block-media-text alignwide is-stacked-on-mobile\" style=\"grid-template-columns:19% auto\"><figure class=\"wp-block-media-text__media\"><img loading=\"lazy\" decoding=\"async\" width=\"804\" height=\"464\" src=\"https:\/\/project.inria.fr\/swam\/files\/2024\/07\/uc-chile-1.png\" alt=\"\" class=\"wp-image-166 size-full\" srcset=\"https:\/\/project.inria.fr\/swam\/files\/2024\/07\/uc-chile-1.png 804w, https:\/\/project.inria.fr\/swam\/files\/2024\/07\/uc-chile-1-300x173.png 300w, https:\/\/project.inria.fr\/swam\/files\/2024\/07\/uc-chile-1-768x443.png 768w, https:\/\/project.inria.fr\/swam\/files\/2024\/07\/uc-chile-1-150x87.png 150w\" sizes=\"auto, (max-width: 804px) 100vw, 804px\" \/><\/figure><div class=\"wp-block-media-text__content\">\n<p style=\"font-size:25px\"><strong>Universidad Cat\u00f3lica de Chile <\/strong><\/p>\n\n\n\n<p>Santiago, Chile.<\/p>\n<\/div><\/div>\n\n\n\n<hr style=\"border: 1px solid #000000;\">\n\n\n\n<div class=\"wp-block-media-text alignwide is-stacked-on-mobile\" style=\"grid-template-columns:19% auto\"><figure class=\"wp-block-media-text__media\"><img loading=\"lazy\" decoding=\"async\" width=\"680\" height=\"291\" src=\"https:\/\/project.inria.fr\/swam\/files\/2024\/07\/UC-1.jpg\" alt=\"\" class=\"wp-image-167 size-full\" srcset=\"https:\/\/project.inria.fr\/swam\/files\/2024\/07\/UC-1.jpg 680w, https:\/\/project.inria.fr\/swam\/files\/2024\/07\/UC-1-300x128.jpg 300w, https:\/\/project.inria.fr\/swam\/files\/2024\/07\/UC-1-150x64.jpg 150w\" sizes=\"auto, (max-width: 680px) 100vw, 680px\" \/><\/figure><div class=\"wp-block-media-text__content\">\n<p style=\"font-size:25px\"><strong>Universidad de Chile <\/strong><\/p>\n\n\n\n<p>Santiago, Chile.<\/p>\n<\/div><\/div>\n\n\n\n<hr style=\"border: 1px solid #000000;\">\n\n\n\n<div class=\"wp-block-media-text alignwide is-stacked-on-mobile\" style=\"grid-template-columns:20% auto\"><figure class=\"wp-block-media-text__media\"><img loading=\"lazy\" decoding=\"async\" width=\"647\" height=\"255\" src=\"https:\/\/project.inria.fr\/swam\/files\/2024\/07\/UdeC-1.gif\" alt=\"\" class=\"wp-image-169 size-full\"\/><\/figure><div class=\"wp-block-media-text__content\">\n<p style=\"font-size:25px\"><strong>Universidad de Concepci\u00f3n<\/strong><\/p>\n\n\n\n<p>Concepci\u00f3n, Chile.<\/p>\n<\/div><\/div>\n\n\n\n<hr style=\"border: 1px solid #000000;\">\n\n\n\n<div class=\"wp-block-media-text alignwide is-stacked-on-mobile\" style=\"grid-template-columns:18% auto\"><figure class=\"wp-block-media-text__media\"><img loading=\"lazy\" decoding=\"async\" width=\"300\" height=\"168\" src=\"https:\/\/project.inria.fr\/swam\/files\/2024\/07\/UV-1.png\" alt=\"\" class=\"wp-image-165 size-full\" srcset=\"https:\/\/project.inria.fr\/swam\/files\/2024\/07\/UV-1.png 300w, https:\/\/project.inria.fr\/swam\/files\/2024\/07\/UV-1-150x84.png 150w\" sizes=\"auto, (max-width: 300px) 100vw, 300px\" \/><\/figure><div class=\"wp-block-media-text__content\">\n<p style=\"font-size:25px\"><strong>Universidad de Valpara\u00edso <\/strong><\/p>\n\n\n\n<p>Valpara\u00edso, Chile.<\/p>\n<\/div><\/div>\n\n\n\n<hr style=\"border: 1px solid #000000;\">\n\n\n\n<div class=\"wp-block-media-text alignwide is-stacked-on-mobile\" style=\"grid-template-columns:15% auto\"><figure class=\"wp-block-media-text__media\"><img decoding=\"async\" src=\"https:\/\/upload.wikimedia.org\/wikipedia\/commons\/1\/18\/UMR-CL.jpg\" alt=\"\"\/><\/figure><div class=\"wp-block-media-text__content\">\n<p style=\"font-size:25px\"><strong>Universidad Mayor<\/strong><\/p>\n\n\n\n<p>Temuco, Chile.<\/p>\n<\/div><\/div>\n\n\n\n<hr style=\"border: 1px solid #000000;\">\n\n\n\n<div class=\"wp-block-media-text alignwide is-stacked-on-mobile\" style=\"grid-template-columns:20% auto\"><figure class=\"wp-block-media-text__media\"><img loading=\"lazy\" decoding=\"async\" width=\"1000\" height=\"500\" src=\"https:\/\/project.inria.fr\/swam\/files\/2025\/12\/logo_inphyni.png\" alt=\"\" class=\"wp-image-544 size-full\" srcset=\"https:\/\/project.inria.fr\/swam\/files\/2025\/12\/logo_inphyni.png 1000w, https:\/\/project.inria.fr\/swam\/files\/2025\/12\/logo_inphyni-300x150.png 300w, https:\/\/project.inria.fr\/swam\/files\/2025\/12\/logo_inphyni-768x384.png 768w, https:\/\/project.inria.fr\/swam\/files\/2025\/12\/logo_inphyni-150x75.png 150w\" sizes=\"auto, (max-width: 1000px) 100vw, 1000px\" \/><\/figure><div class=\"wp-block-media-text__content\">\n<p style=\"font-size:25px\"><strong>Institut de Physisque de Nice <\/strong><\/p>\n\n\n\n<p>Nice, France.<\/p>\n<\/div><\/div>\n\n\n\n<div style=\"height:50px\" aria-hidden=\"true\" class=\"wp-block-spacer\"><\/div>\n","protected":false},"excerpt":{"rendered":"<p>Project-team CALISTO, Inria Centre at Universit\u00e9 C\u00f4te d&#8217;Azur, France. Universidad Cat\u00f3lica de Chile Santiago, Chile. Universidad de Chile Santiago, Chile. Universidad de Concepci\u00f3n Concepci\u00f3n, Chile. Universidad de Valpara\u00edso Valpara\u00edso, Chile. Universidad Mayor Temuco, Chile. Institut de Physisque de Nice Nice, France.<\/p>\n<p> <a class=\"continue-reading-link\" href=\"https:\/\/project.inria.fr\/swam\/associated-institutions\/\"><span>Continue reading<\/span><i class=\"crycon-right-dir\"><\/i><\/a> <\/p>\n","protected":false},"author":2485,"featured_media":0,"parent":0,"menu_order":0,"comment_status":"closed","ping_status":"closed","template":"templates\/template-page-with-intro.php","meta":{"footnotes":""},"class_list":["post-139","page","type-page","status-publish","hentry"],"_links":{"self":[{"href":"https:\/\/project.inria.fr\/swam\/wp-json\/wp\/v2\/pages\/139","targetHints":{"allow":["GET"]}}],"collection":[{"href":"https:\/\/project.inria.fr\/swam\/wp-json\/wp\/v2\/pages"}],"about":[{"href":"https:\/\/project.inria.fr\/swam\/wp-json\/wp\/v2\/types\/page"}],"author":[{"embeddable":true,"href":"https:\/\/project.inria.fr\/swam\/wp-json\/wp\/v2\/users\/2485"}],"replies":[{"embeddable":true,"href":"https:\/\/project.inria.fr\/swam\/wp-json\/wp\/v2\/comments?post=139"}],"version-history":[{"count":6,"href":"https:\/\/project.inria.fr\/swam\/wp-json\/wp\/v2\/pages\/139\/revisions"}],"predecessor-version":[{"id":547,"href":"https:\/\/project.inria.fr\/swam\/wp-json\/wp\/v2\/pages\/139\/revisions\/547"}],"wp:attachment":[{"href":"https:\/\/project.inria.fr\/swam\/wp-json\/wp\/v2\/media?parent=139"}],"curies":[{"name":"wp","href":"https:\/\/api.w.org\/{rel}","templated":true}]}}