

{"id":352,"date":"2018-11-22T14:48:31","date_gmt":"2018-11-22T13:48:31","guid":{"rendered":"https:\/\/project.inria.fr\/synchron2018\/?page_id=352"},"modified":"2018-11-22T16:11:41","modified_gmt":"2018-11-22T15:11:41","slug":"social-event","status":"publish","type":"page","link":"https:\/\/project.inria.fr\/synchron2018\/fr\/social-event\/","title":{"rendered":"Social Event"},"content":{"rendered":"<p>L&rsquo;\u00e9v\u00e9nement social du mercredi sera une promenade en bateau et une visite de Saint Tropez.<br \/>\nPrenez avec vous des v\u00eatements pratiques pour vous prot\u00e9ger en cas d\u00e9mbruns sur le bateau.<br \/>\nUn pique nique vous sera distribu\u00e9 pour le midi.<\/p>\n<p>Nous partirons de la villa Clythia en bus \u00e0 12h30, jusqu&rsquo;au port de Sainte Maxime.<br \/>\nLe bateau partira \u00e0 14h. Nous rentrerons en bateau \u00e0 17h30.<\/p>\n<p>Pour la visite de St Tropez, vous trouverez des informations pratiques sur le site de l&rsquo;office de tourisme \u00e0 l&rsquo;adresse suivante<br \/>\nhttps:\/\/www.sainttropeztourisme.com\/fr\/consultez-nos-brochures\/<\/p>\n<p><\/p>","protected":false},"excerpt":{"rendered":"<p>L&rsquo;\u00e9v\u00e9nement social du mercredi sera une promenade en bateau et une visite de Saint Tropez. Prenez avec vous des v\u00eatements pratiques pour vous prot\u00e9ger en cas d\u00e9mbruns sur le bateau. Un pique nique vous sera distribu\u00e9 pour le midi. Nous partirons de la villa Clythia en bus \u00e0 12h30, jusqu&rsquo;au\u2026<\/p>\n<p> <a class=\"continue-reading-link\" href=\"https:\/\/project.inria.fr\/synchron2018\/fr\/social-event\/\"><span>Continue reading<\/span><i class=\"crycon-right-dir\"><\/i><\/a> <\/p>\n","protected":false},"author":1382,"featured_media":0,"parent":0,"menu_order":0,"comment_status":"closed","ping_status":"closed","template":"","meta":{"footnotes":""},"class_list":["post-352","page","type-page","status-publish","hentry"],"_links":{"self":[{"href":"https:\/\/project.inria.fr\/synchron2018\/fr\/wp-json\/wp\/v2\/pages\/352","targetHints":{"allow":["GET"]}}],"collection":[{"href":"https:\/\/project.inria.fr\/synchron2018\/fr\/wp-json\/wp\/v2\/pages"}],"about":[{"href":"https:\/\/project.inria.fr\/synchron2018\/fr\/wp-json\/wp\/v2\/types\/page"}],"author":[{"embeddable":true,"href":"https:\/\/project.inria.fr\/synchron2018\/fr\/wp-json\/wp\/v2\/users\/1382"}],"replies":[{"embeddable":true,"href":"https:\/\/project.inria.fr\/synchron2018\/fr\/wp-json\/wp\/v2\/comments?post=352"}],"version-history":[{"count":5,"href":"https:\/\/project.inria.fr\/synchron2018\/fr\/wp-json\/wp\/v2\/pages\/352\/revisions"}],"predecessor-version":[{"id":363,"href":"https:\/\/project.inria.fr\/synchron2018\/fr\/wp-json\/wp\/v2\/pages\/352\/revisions\/363"}],"wp:attachment":[{"href":"https:\/\/project.inria.fr\/synchron2018\/fr\/wp-json\/wp\/v2\/media?parent=352"}],"curies":[{"name":"wp","href":"https:\/\/api.w.org\/{rel}","templated":true}]}}