

{"id":79,"date":"2018-03-27T16:25:01","date_gmt":"2018-03-27T14:25:01","guid":{"rendered":"https:\/\/project.inria.fr\/synchron2018\/?page_id=79"},"modified":"2018-09-21T11:33:42","modified_gmt":"2018-09-21T09:33:42","slug":"venue","status":"publish","type":"page","link":"https:\/\/project.inria.fr\/synchron2018\/fr\/venue\/","title":{"rendered":"Venue"},"content":{"rendered":"<p>Le <strong> workshop international SYNCHRON <\/strong> sera localis\u00e9 au :<\/p>\n<p>Centre CAES CNRS, <a href=\"https:\/\/www.caes.cnrs.fr\/sejours\/la-villa-clythia\/\">Villa Clythia (site en fran\u00e7ais)<\/a>, dans la ville de Frejus, dans le Var.<\/p>\n<p><a href=\"https:\/\/project.inria.fr\/synchron2018\/files\/2018\/03\/a125-50.jpg\"><img loading=\"lazy\" decoding=\"async\" class=\"size-medium wp-image-138 alignright\" src=\"https:\/\/project.inria.fr\/synchron2018\/files\/2018\/03\/a125-50-225x300.jpg\" sizes=\"auto, (max-width: 225px) 100vw, 225px\" srcset=\"https:\/\/project.inria.fr\/synchron2018\/files\/2018\/03\/a125-50-225x300.jpg 225w, https:\/\/project.inria.fr\/synchron2018\/files\/2018\/03\/a125-50-113x150.jpg 113w, https:\/\/project.inria.fr\/synchron2018\/files\/2018\/03\/a125-50.jpg 480w\" alt=\"\" width=\"225\" height=\"300\" \/><\/a><\/p>\n<div>\n<p>CAES CNRS<br \/>\n<a href=\"https:\/\/www.caes.cnrs.fr\/sejours\/la-villa-clythia\/\">Villa Clythia<\/a><br \/>\n2754, Avenue Henri Giraud<br \/>\n83600 FR\u00c9JUS<br \/>\nT\u00e9l : (+33)4 94 83 66 06<\/p>\n<p><a href=\"mailto:frejus@caes.cnrs.fr\">frejus@caes.cnrs.fr<\/a>\u00a0\u2013\u00a0<a href=\"http:\/\/www.caes.cnrs.fr\/\" target=\"_blank\" rel=\"noopener\">www.caes.cnrs.fr<\/a><\/p>\n<\/div>\n<div><i>(GPS: 43\u00b0 26\u2019 42\u2033 N, 6\u00b0 46\u2019 05\u2033 E)<\/i><\/div>\n<p>&nbsp;<\/p>\n<p><strong>Comment venir \u00e0 la Villa Clythia<\/strong><\/p>\n<p>Par bus depuis Fr\u00e9jus (ligne n\u00b03) avec un arr\u00eat\u00a0 \u201cVilla Clythia\u201d ou par taxi.<\/p>\n<p>Depuis\u00a0 \u201cFr\u00e9jus Gare Routi\u00e8re\u201d et\/ou \u201cSaint Raphael Gare Routi\u00e8re\u201d.<br \/>\nLes horaires sont sur\u00a0<a href=\"http:\/\/www.agglobus-cavem.com\/horaires\/?line=3&amp;view=1#horaire\">le siteweb<\/a>.<br \/>\nArr\u00eat de bus\u00a0 \u201cSaint Rapha\u00ebl gare routi\u00e8re\u201d (<a href=\"http:\/\/www.labex-cappa.fr\/sites\/default\/files\/files\/gare%20routiere-st-raphael-map.pdf\">map<\/a>) est sur la rue qui passe devant la gare rout\u00e8re.<br \/>\nArr\u00eat de bus\u00a0 \u201cFrejus gare routi\u00e8re\u201d(<a href=\"http:\/\/www.labex-cappa.fr\/sites\/default\/files\/files\/gare%20routiere%20frejus-map.pdf\">map<\/a>) est \u00e0\u00a0 <a href=\"https:\/\/www.google.fr\/maps\/dir\/Gare+de+Frejus,+83600+Fr%C3%A9jus\/40+Rue+Gustave+Bret,+83600+Fr%C3%A9jus\/@43.433342,6.7323425,17z\/data=%213m1%214b1%214m14%214m13%211m5%211m1%211s0x12cebd48d1293407:0x10a5ec884badfdf8%212m2%211d6.732861%212d43.432017%211m5%211m1%211s0x12cebd4de6fcf967:0x64af1b7f38c1c27%212m2%211d6.737578%212d43.434894%213e2\">10 minutes de marche <\/a>de la gare de fr\u00e9jus.<br \/>\n<strong>Des stations de Taxi\u00a0<\/strong> sont pr\u00e9sentes \u00e0 ces deux gares<\/p>\n<p><strong>Navette Villa Clythia:<\/strong><br \/>\n<a href=\"https:\/\/project.inria.fr\/synchron2018\/files\/2018\/03\/Clythia-shuttle.jpg\"><img loading=\"lazy\" decoding=\"async\" class=\"wp-image-139 alignleft\" src=\"https:\/\/project.inria.fr\/synchron2018\/files\/2018\/03\/Clythia-shuttle-219x300.jpg\" sizes=\"auto, (max-width: 253px) 100vw, 253px\" srcset=\"https:\/\/project.inria.fr\/synchron2018\/files\/2018\/03\/Clythia-shuttle-219x300.jpg 219w, https:\/\/project.inria.fr\/synchron2018\/files\/2018\/03\/Clythia-shuttle-110x150.jpg 110w, https:\/\/project.inria.fr\/synchron2018\/files\/2018\/03\/Clythia-shuttle.jpg 394w\" alt=\"\" width=\"253\" height=\"346\" \/><\/a><\/p>\n<p>CAES du CNRS<\/p>\n<p>La Villa Clythia<\/p>\n<p>83600\u00a0Fr\u00e9jus<\/p>\n<p>04 94 83 66 06<br \/>\n04 94 95 67 22<\/p>\n<p>frejus@caes.cnrs.fr<\/p>\n<p><strong>\u00a0<\/strong><\/p>\n<p>&nbsp;<\/p>\n<p>&nbsp;<\/p>\n<p><strong>Comment venir \u00e0 Fr\u00e9jus :<\/strong><\/p>\n<p><strong>Par train<\/strong><br \/>\nLa gare la plus proche de la Villa Clythia est Saint Rapha\u00ebl-Valescure (aussi appel\u00e9e \u00ab\u00a0Saint Rapha\u00ebl\u00a0\u00bb). De nombreux trains s&rsquo;arr\u00eatent \u00e0 cette gare.<br \/>\nL&rsquo;horaire des trains reliant Paris (gare de Lyon) \u00e0 Fr\u00e9jus (gare de Saint Rapha\u00ebl-Valescure), est disponible sur\u00a0<a href=\"http:\/\/en.voyages-sncf.com\/en\/train-ticket\">Voyages SNCF website<\/a>.<\/p>\n<p><strong>Par avion<\/strong><br \/>\nl\u00e1\u00e8roport le plus proche est <a href=\"http:\/\/en.nice.aeroport.fr\">Nice airport<\/a>, \u00e0 environ 60 kilom\u00e8tres de Fr\u00e9jus. Pour aller de l&rsquo;a\u00e9roport de Nice \u00e0 Fr\u00e9jus, vous pouvez prendre un bus, un train ou une navette.<\/p>\n<p><strong>Par Bus<\/strong><br \/>\nIl y a au moins deux lignes de bus desservant Fr\u00e9jus.<br \/>\nLe bus 3003 (A\u00e9roport de Nice &#8211; Fr\u00e9jus) de la compagnie de bus Var Lib vous emm\u00e8ne du Terminal 1 ou 2 au centre ville de Fr\u00e9jus. T\u00e9l\u00e9chargez ici l&rsquo;horaire.<br \/>\nLa route 20A (Nice &#8211; Marseille) de la r\u00e9gion PACA vous emm\u00e8ne du Terminal 1 au centre de Fr\u00e9jus.<br \/>\n<a href=\"http:\/\/www.labex-cappa.fr\/sites\/default\/files\/files\/BUS-3003.pdf\">T\u00e9l\u00e9chargez ici l&rsquo;horaire<\/a><br \/>\nLa route 20A (Nice &#8211; Marseille) de la r\u00e9gion PACA vous emm\u00e8ne du Terminal 1 au centre de Fr\u00e9jus.<\/p>\n<p><strong>Par TER<\/strong><br \/>\nLa gare Saint Augustin est \u00e0 moins de \u00a0<a href=\"https:\/\/www.google.com\/maps\/d\/viewer?msa=0&amp;mid=zCKpml5qOi9E.kvIIlLAGfm4E\">a 10 minutes \u00e0 pieds de l`a\u00e9roport de Nice<\/a>. <a href=\"http:\/\/www.labex-cappa.fr\/sites\/default\/files\/files\/Airport-Itinerary-St%20Augustin%20V4_2.pdf\">T\u00e9l\u00e9charger la carte d&rsquo;acc\u00e8s<\/a>.<br \/>\nL&rsquo;horaire des trains partant de Nice (gare \u00ab\u00a0Nice Saint-Augustin A\u00e9roport\u00a0\u00bb) \u00e0 Fr\u00e9jus (gare \u00ab\u00a0Saint Rapha\u00ebl-Valescure\u00a0\u00bb) peut \u00eatre consult\u00e9 sur\u00a0<a href=\"http:\/\/www.voyages-sncf.com\/billet-train\/horaires\">Voyages SNCF website<\/a>.<\/p>\n<p><strong>Par Navettes\u00a0<\/strong><br \/>\nDes navettes depuis l&rsquo;a\u00e9roport vers Fr\u00e9jus sont mises en place par diff\u00e9rentes companies comme <a href=\"http:\/\/www.ecoshuttlenetwork.fr\">Eco Shuttle Network<\/a> ou <a href=\"http:\/\/www.a-t-s.net\">A-T-S.net<\/a>.<\/p>\n<p><a href=\"https:\/\/project.inria.fr\/synchron2018\/files\/2018\/03\/la-piscine.jpg\"><img loading=\"lazy\" decoding=\"async\" class=\"alignnone wp-image-140\" src=\"https:\/\/project.inria.fr\/synchron2018\/files\/2018\/03\/la-piscine-300x183.jpg\" sizes=\"auto, (max-width: 392px) 100vw, 392px\" srcset=\"https:\/\/project.inria.fr\/synchron2018\/files\/2018\/03\/la-piscine-300x183.jpg 300w, https:\/\/project.inria.fr\/synchron2018\/files\/2018\/03\/la-piscine-150x91.jpg 150w, https:\/\/project.inria.fr\/synchron2018\/files\/2018\/03\/la-piscine.jpg 600w\" alt=\"\" width=\"392\" height=\"239\" \/><\/a> <a href=\"https:\/\/project.inria.fr\/synchron2018\/files\/2018\/03\/la-terrasse.jpg\"><img loading=\"lazy\" decoding=\"async\" class=\" wp-image-141 alignright\" src=\"https:\/\/project.inria.fr\/synchron2018\/files\/2018\/03\/la-terrasse-300x200.jpg\" sizes=\"auto, (max-width: 376px) 100vw, 376px\" srcset=\"https:\/\/project.inria.fr\/synchron2018\/files\/2018\/03\/la-terrasse-300x200.jpg 300w, https:\/\/project.inria.fr\/synchron2018\/files\/2018\/03\/la-terrasse-150x100.jpg 150w, https:\/\/project.inria.fr\/synchron2018\/files\/2018\/03\/la-terrasse.jpg 500w\" alt=\"\" width=\"376\" height=\"250\" \/><\/a><\/p>","protected":false},"excerpt":{"rendered":"<p>Le workshop international SYNCHRON sera localis\u00e9 au : Centre CAES CNRS, Villa Clythia (site en fran\u00e7ais), dans la ville de Frejus, dans le Var. CAES CNRS Villa Clythia 2754, Avenue Henri Giraud 83600 FR\u00c9JUS T\u00e9l : (+33)4 94 83 66 06 frejus@caes.cnrs.fr\u00a0\u2013\u00a0www.caes.cnrs.fr (GPS: 43\u00b0 26\u2019 42\u2033 N, 6\u00b0 46\u2019 05\u2033\u2026<\/p>\n<p> <a class=\"continue-reading-link\" href=\"https:\/\/project.inria.fr\/synchron2018\/fr\/venue\/\"><span>Continue reading<\/span><i class=\"crycon-right-dir\"><\/i><\/a> <\/p>\n","protected":false},"author":866,"featured_media":0,"parent":0,"menu_order":0,"comment_status":"closed","ping_status":"closed","template":"","meta":{"footnotes":""},"class_list":["post-79","page","type-page","status-publish","hentry"],"_links":{"self":[{"href":"https:\/\/project.inria.fr\/synchron2018\/fr\/wp-json\/wp\/v2\/pages\/79","targetHints":{"allow":["GET"]}}],"collection":[{"href":"https:\/\/project.inria.fr\/synchron2018\/fr\/wp-json\/wp\/v2\/pages"}],"about":[{"href":"https:\/\/project.inria.fr\/synchron2018\/fr\/wp-json\/wp\/v2\/types\/page"}],"author":[{"embeddable":true,"href":"https:\/\/project.inria.fr\/synchron2018\/fr\/wp-json\/wp\/v2\/users\/866"}],"replies":[{"embeddable":true,"href":"https:\/\/project.inria.fr\/synchron2018\/fr\/wp-json\/wp\/v2\/comments?post=79"}],"version-history":[{"count":14,"href":"https:\/\/project.inria.fr\/synchron2018\/fr\/wp-json\/wp\/v2\/pages\/79\/revisions"}],"predecessor-version":[{"id":207,"href":"https:\/\/project.inria.fr\/synchron2018\/fr\/wp-json\/wp\/v2\/pages\/79\/revisions\/207"}],"wp:attachment":[{"href":"https:\/\/project.inria.fr\/synchron2018\/fr\/wp-json\/wp\/v2\/media?parent=79"}],"curies":[{"name":"wp","href":"https:\/\/api.w.org\/{rel}","templated":true}]}}