

{"id":81,"date":"2018-03-27T16:25:01","date_gmt":"2018-03-27T14:25:01","guid":{"rendered":"https:\/\/project.inria.fr\/synchron2018\/?page_id=81"},"modified":"2018-11-14T15:10:07","modified_gmt":"2018-11-14T14:10:07","slug":"accommodation","status":"publish","type":"page","link":"https:\/\/project.inria.fr\/synchron2018\/fr\/accommodation\/","title":{"rendered":"H\u00e9bergement"},"content":{"rendered":"<p>La Villa Clythia offre un choix de chambres simples et doubles dans le b\u00e2timent principal, ainsi que des bungalows et appartements r\u00e9sidentiels qui peuvent accueillir jusqu&rsquo;\u00e0 8 personnes (ce qui peut \u00eatre l&rsquo;occasion de sociabilisations pour les \u00e9tudiants, par exemple). Voir les descriptifs sur le <a href=\"https:\/\/www.caes.cnrs.fr\/sejours\/la-villa-clythia\/\">site officiel du Centre<\/a>. Indiquez vos choix dans le <a href=\"https:\/\/project.inria.fr\/synchron2018\/registration\/\">formulaire d&rsquo;inscription<\/a> (ils seront modifiables en nous contactant un mois avant le Workshop \u00e0 <a href=\"mailto:synchron2018@inria.fr\">synchron2018@inria.fr<\/a>).<\/p>\n<p>L&rsquo;organisation du Workshop comportera une collation de bienvenue le lundi matin (26 novembre) et un banquet d\u00eenatoire le mercredi (28 novembre). Comme \u00e9v\u00e8nement, nous pr\u00e9voyons une excursion en bateau vers le c\u00e9l\u00e8bre village de Saint-Tropez le mercredi apr\u00e8s-midi (28 novembre).<\/p>\n<p>Les pr\u00e9sentations d\u00e9buteront en milieu de matin\u00e9e du lundi, pour permettre aux participants de rejoindre le Centre. N\u00e9anmoins les arriv\u00e9es seront aussi possibles le dimanche soir (mais sans diner sur place). Le Workshop se cl\u00f4turera\u00a0 le vendredi apr\u00e8s d\u00e9jeuner pour faciliter les retours.<\/p>\n<p>La participation financi\u00e8re au workshop se fait sous forme de frais d&rsquo;inscription au Workshop, (incluant l&rsquo;h\u00e9bergement, les repas et les pauses) sur la base de frais r\u00e9el en fonction de votre pr\u00e9sence. Les frais journaliers sont approximativement de 95\u20ac (\u00e0 ajuster en fonction du type de r\u00e9sidence). Cela n\u00e9c\u00e9ssite de votre part de nous indiquer clairement et bien \u00e0 l&rsquo;avance vos dates de participation, \u00e0 l&rsquo;aide du <a href=\"https:\/\/project.inria.fr\/synchron2018\/registration\/\">formulaire d&rsquo;inscription<\/a> . Nous encourons des p\u00e9nalit\u00e9s en cas de changement trop tardif. Aussi merci de nous pr\u00e9venir de tout ajustement au moins un mois \u00e0 l&rsquo;avance, par email \u00e0 <a href=\"mailto:synchron2018@inria.fr\">synchron2018@inria.fr<\/a>.<\/p>\n<p>Les r\u00e8glements peuvent s&rsquo;effectuer par Carte Bancaire sur place , ou avant le workshop par transfert Bancaire, ou encore Bon de Commande pour les organismes fran\u00e7ais. Veuillez nous communiquer dans les derniers cas les coordonn\u00e9es exactes <span style=\"display: inline !important; float: none; background-color: transparent; color: #555555; font-family: 'Source Sans Pro'; font-size: 18px; font-style: normal; font-variant: normal; font-weight: 400; letter-spacing: normal; line-height: 27px; orphans: 2; text-align: left; text-decoration: none; text-indent: 0px; text-transform: none; -webkit-text-stroke-width: 0px; white-space: normal; word-spacing: 0px;\">(via le formulaire)<\/span> pour envoi de la Facture .<\/p>\n<h3>Prix HT<\/h3>\n<ul>\n<li>Chambre individuelle: 39,65 euros, Chambre partag\u00e9e: 29,65 euros<\/li>\n<li>Petit-D\u00e9jeuner: 5,66 euros<\/li>\n<li>D\u00e9jeuner ou D\u00eener: 17,37 euros<\/li>\n<li>Taxe de s\u00e9jour: 0,88 euros\/jour<\/li>\n<li>Accueil Caf\u00e9 Viennoiseries: 5,67 euros<\/li>\n<li>Pause Biscuiterie Viennoiseries: 5,67 euros<\/li>\n<li>Pause Boisson: 3,31 euros<\/li>\n<li>Location de salle: 6 euros\/Pers\/Jour<\/li>\n<\/ul>\n<p>Le participants souhaitant des services additionnels pour des accompagnants peuvent nous contacter \u00e0 <a href=\"mailto:synchron2018@inria.fr\">synchron2018@inria.fr<\/a>.<\/p>\n<p>Plus g\u00e9n\u00e9ralement, n&rsquo;h\u00e9sitez pas \u00e0 nous contacter \u00e0 cette adresse <a href=\"mailto:synchron2018@inria.fr\">synchron2018@inria.fr<\/a>).<\/p>\n<table border=\"1\" width=\"60%\">\n<tbody>\n<tr>\n<td><a href=\"https:\/\/project.inria.fr\/synchron2018\/files\/2018\/10\/inr_logo_scientifique_eng_v2-3.png\"><img loading=\"lazy\" decoding=\"async\" class=\"aligncenter wp-image-260\" src=\"https:\/\/project.inria.fr\/synchron2018\/files\/2018\/10\/inr_logo_scientifique_eng_v2-3.png\" alt=\"\" width=\"194\" height=\"68\" srcset=\"https:\/\/project.inria.fr\/synchron2018\/files\/2018\/10\/inr_logo_scientifique_eng_v2-3.png 645w, https:\/\/project.inria.fr\/synchron2018\/files\/2018\/10\/inr_logo_scientifique_eng_v2-3-300x105.png 300w, https:\/\/project.inria.fr\/synchron2018\/files\/2018\/10\/inr_logo_scientifique_eng_v2-3-150x53.png 150w\" sizes=\"auto, (max-width: 194px) 100vw, 194px\" \/><\/a><\/td>\n<td><img loading=\"lazy\" decoding=\"async\" class=\"aligncenter\" src=\"https:\/\/www.ansys.com\/-\/media\/ansys\/global\/brandings\/logo-ansys.jpg?h=63&amp;la=en&amp;w=195&amp;hash=00845610D30053C1B154C416D70644472FD47598\" alt=\"\" width=\"232\" height=\"75\" \/><\/td>\n<td><img loading=\"lazy\" decoding=\"async\" class=\"aligncenter\" src=\"https:\/\/project.inria.fr\/synchron2018\/files\/2018\/10\/NewlogoI3S-250x70-1.jpg\" alt=\"\" width=\"312\" height=\"87\" \/><\/td>\n<td><a href=\"https:\/\/project.inria.fr\/synchron2018\/files\/2018\/10\/UCA.png\"><img loading=\"lazy\" decoding=\"async\" class=\"alignleft wp-image-303\" src=\"https:\/\/project.inria.fr\/synchron2018\/files\/2018\/10\/UCA.png\" alt=\"\" width=\"125\" height=\"99\" srcset=\"https:\/\/project.inria.fr\/synchron2018\/files\/2018\/10\/UCA.png 152w, https:\/\/project.inria.fr\/synchron2018\/files\/2018\/10\/UCA-150x118.png 150w\" sizes=\"auto, (max-width: 125px) 100vw, 125px\" \/><\/a><\/td>\n<\/tr>\n<\/tbody>\n<\/table>\n<p><\/p>","protected":false},"excerpt":{"rendered":"<p>La Villa Clythia offre un choix de chambres simples et doubles dans le b\u00e2timent principal, ainsi que des bungalows et appartements r\u00e9sidentiels qui peuvent accueillir jusqu&rsquo;\u00e0 8 personnes (ce qui peut \u00eatre l&rsquo;occasion de sociabilisations pour les \u00e9tudiants, par exemple). Voir les descriptifs sur le site officiel du Centre. Indiquez\u2026<\/p>\n<p> <a class=\"continue-reading-link\" href=\"https:\/\/project.inria.fr\/synchron2018\/fr\/accommodation\/\"><span>Continue reading<\/span><i class=\"crycon-right-dir\"><\/i><\/a> <\/p>\n","protected":false},"author":866,"featured_media":0,"parent":0,"menu_order":0,"comment_status":"closed","ping_status":"closed","template":"","meta":{"footnotes":""},"class_list":["post-81","page","type-page","status-publish","hentry"],"_links":{"self":[{"href":"https:\/\/project.inria.fr\/synchron2018\/fr\/wp-json\/wp\/v2\/pages\/81","targetHints":{"allow":["GET"]}}],"collection":[{"href":"https:\/\/project.inria.fr\/synchron2018\/fr\/wp-json\/wp\/v2\/pages"}],"about":[{"href":"https:\/\/project.inria.fr\/synchron2018\/fr\/wp-json\/wp\/v2\/types\/page"}],"author":[{"embeddable":true,"href":"https:\/\/project.inria.fr\/synchron2018\/fr\/wp-json\/wp\/v2\/users\/866"}],"replies":[{"embeddable":true,"href":"https:\/\/project.inria.fr\/synchron2018\/fr\/wp-json\/wp\/v2\/comments?post=81"}],"version-history":[{"count":36,"href":"https:\/\/project.inria.fr\/synchron2018\/fr\/wp-json\/wp\/v2\/pages\/81\/revisions"}],"predecessor-version":[{"id":342,"href":"https:\/\/project.inria.fr\/synchron2018\/fr\/wp-json\/wp\/v2\/pages\/81\/revisions\/342"}],"wp:attachment":[{"href":"https:\/\/project.inria.fr\/synchron2018\/fr\/wp-json\/wp\/v2\/media?parent=81"}],"curies":[{"name":"wp","href":"https:\/\/api.w.org\/{rel}","templated":true}]}}