

{"id":449,"date":"2022-05-17T14:47:53","date_gmt":"2022-05-17T12:47:53","guid":{"rendered":"https:\/\/project.inria.fr\/synchron2022\/?page_id=449"},"modified":"2022-12-21T12:40:32","modified_gmt":"2022-12-21T11:40:32","slug":"449-2","status":"publish","type":"page","link":"https:\/\/project.inria.fr\/synchron2022\/449-2\/","title":{"rendered":"List of Participants"},"content":{"rendered":"<tbody>\n<tr>\n<td align=\"center\" valign=\"top\"><a><img loading=\"lazy\" decoding=\"async\" class=\"alignnone size-big wp-image-372\" src=\"https:\/\/project.inria.fr\/synchron2022\/files\/2022\/12\/20221130_104711.jpg\" alt=\"\" width=\"605\" height=\"605\" \/><\/a> <\/td>\n<td><\/td>\n<td align=\"left\" valign=\"bottom\">\n<strong><br \/>\n<strong>ALLORANT Baptiste<\/strong>, Centre Inria d&#8217;Universit\u00e9 C\u00f4te d&#8217;Azur<br \/>\n<strong>BAUDART Guillaume<\/strong>, Inria Paris. <a href=\"https:\/\/project.inria.fr\/synchron2022\/files\/2022\/12\/2022_synchron.pdf\">Slides<\/a><br \/>\n<strong>BOURKE Timothy<\/strong>, Inria Paris. <a href=\"https:\/\/project.inria.fr\/synchron2022\/files\/2022\/12\/synchron2022-bourke.pdf\">Slides<\/a><br \/>\n<strong>BREGEON Vincent<\/strong>, Airbus Operation S.A.S<br \/>\n<strong>BUSSONE Gr\u00e9goire<\/strong>, Inria Paris<br \/>\n<strong>CAILLAUD Beno\u00eet<\/strong>, Inria Rennes. <a href=\"https:\/\/team.inria.fr\/hycomes\/research-topics\/non-smooth-daes\/\">Site<\/a><br \/>\n<strong>CAMBEIRO Joao<\/strong>, Centre Inria d&#8217;Universit\u00e9 C\u00f4te d&#8217;Azur<br \/>\n<strong>DE GO\u00cbR Baptiste<\/strong>, VERIMAG Grenoble INP<br \/>\n<strong>DE SIMONE Robert<\/strong>, Centre Inria d&#8217;Universit\u00e9 C\u00f4te d&#8217;Azur. <a href=\"https:\/\/project.inria.fr\/synchron2022\/files\/2022\/12\/LogicTime_Synchron.pdf\">Slides<\/a><br \/>\n<strong>D\u00dcDDER Boris<\/strong>, University of Copenhagen. <a href=\"https:\/\/project.inria.fr\/synchron2022\/files\/2022\/12\/CPS_Duedder.pdf\">Slides<\/a><br \/>\n<strong>ENGELHARDT Kai<\/strong><br \/>\n<strong>FORT Fr\u00e9d\u00e9ric<\/strong>, IRT Saint-Exup\u00e9ry \/ Centre Inria d&#8217;Universit\u00e9 C\u00f4te d&#8217;Azur<br \/>\n<strong>GIRAULT Alain<\/strong>, Inria Grenoble<br \/>\n<strong>GROMOVOY Arseniy,<\/strong> Centre Inria d&#8217;Universit\u00e9 C\u00f4te d&#8217;Azur. <a href=\"https:\/\/project.inria.fr\/synchron2022\/files\/2022\/12\/Synchron-2022-PhD-progress-presentation.pptx\">Slides<\/a><br \/>\n<strong>HONORAT Alexandre<\/strong>, Inria Grenoble<br \/>\n<strong>JAHIER Erwan<\/strong>, VERIMAG Universit\u00e9 Grenoble Alpes. <a href=\"https:\/\/verimag.gricad-pages.univ-grenoble-alpes.fr\/synchrone\/sasa\/\">Site<\/a><br \/>\n<strong>JEANMAIRE Paul<\/strong>, Inria Paris. <a href=\"https:\/\/www.di.ens.fr\/paul.jeanmaire\/docs\/pres-sychron22.pdf\">Slides<\/a><br \/>\n<strong>LIQUORI Luigi,<\/strong> Centre Inria d&#8217;Universit\u00e9 C\u00f4te d&#8217;Azur<br \/>\n<strong>MARANINCHI Florence<\/strong>, VERIMAG Grenoble INP<br \/>\n<strong>MENDLER Michael<\/strong>, Univ. Bamberg. <a href=\"https:\/\/www.uni-bamberg.de\/fileadmin\/uni\/fakultaeten\/wiai_professuren\/grundlagen_informatik\/papersMM\/synchron22-v3-4print.pdf\">Site<\/a><br \/>\n<strong>NICOLLIN Xavier<\/strong>, Inria Grenoble.<br \/>\n<strong>OULKAID Oussama<\/strong>, VERIMAG Universit\u00e9 Grenoble Alpes<br \/>\n<strong>PAUGET Baptiste<\/strong>, Inria\/Ansys. <a href=\"https:\/\/project.inria.fr\/synchron2022\/files\/2022\/12\/Memory-aspect-of-compilation-Synchron-Baptiste-Pauget.pdf\">Slides<\/a><br \/>\n<strong>PERALDI FRATI Marie-Agn\u00e8s<\/strong>, Centre Inria d&#8217;Universit\u00e9 C\u00f4te d&#8217;Azur<br \/>\n<strong>PESIN Basile<\/strong>, Inria Paris. <a href=\"https:\/\/vertmo.org\/talks\/synchron2022.html\">Site <\/a><br \/>\n<strong>POMPOUGNAC Hugo<\/strong>, Centre Inria d&#8217;Universit\u00e9 C\u00f4te d&#8217;Azur. <a href=\"https:\/\/project.inria.fr\/synchron2022\/files\/2022\/12\/Defense_Pompougnac.pdf\">Slides<\/a><br \/>\n<strong>POTOP BUTUCARU Dumitru<\/strong>, Centre Inria d&#8217;Universit\u00e9 C\u00f4te d&#8217;Azur<br \/>\n<strong>POUZET Marc<\/strong>, Inria Paris. <a href=\"https:\/\/project.inria.fr\/synchron2022\/files\/2022\/12\/expose.marc_.pdf\">Monday&#8217;s slides<\/a> <a href=\"https:\/\/project.inria.fr\/synchron2022\/files\/2022\/12\/asserts.pdf\">Thursday&#8217;s slides<\/a><br \/>\n<strong>RAYMOND Pascal<\/strong>, VERIMAG Universit\u00e9 Grenoble Alpes<br \/>\n<strong>RIEG Lionel<\/strong>, VERIMAG Grenoble INP<br \/>\n<strong>ROBINSON Amos<\/strong>. <a href=\"https:\/\/songlark.net\/blog\/synchron22\">Site<\/a><br \/>\n<strong>SIRON Fabien<\/strong>, KRONO-SAFE \/ Centre Inria d&#8217;Universit\u00e9 C\u00f4te d&#8217;Azur<br \/>\n<strong>SYLVESTRE Lo\u00efc<\/strong>, Sorbonne Universit\u00e9 &#8211; LIP6<br \/>\n<strong>TOKARIEV Pavlo<\/strong>, Centre Inria d&#8217;Universit\u00e9 C\u00f4te d&#8217;Azur<br \/>\n<strong>VON HANXLEDEN<\/strong> <strong>Reinhard<\/strong>, Kiel Univiersity. <a href=\"http:\/\/rtsys.informatik.uni-kiel.de\/~biblio\/downloads\/papers\/synchron22.pdf\">Slides<\/a><br \/>\n<strong>ZIMMERMANN Andreas<\/strong>, Univ. Bamberg<\/td>\n<\/tr>\n<\/tbody>\n<\/table>\n<table border=\"1\" width=\"100%\" align=\"center\">\n<tbody>\n<tr>\n<td align=\"center\" valign=\"bottom\"><a href=\"http:\/\/www.inria.fr\"><img loading=\"lazy\" decoding=\"async\" class=\"aligncenter wp-image-260\" src=\"https:\/\/project.inria.fr\/synchron2022\/files\/2022\/10\/inr_logo_rouge.jpg\" alt=\"\" width=\"194\" height=\"68\" \/><\/a><\/td>\n<td><\/td>\n<td align=\"center\" valign=\"bottom\"><a href=\"http:\/\/www.i3s.unice.fr\"><img loading=\"lazy\" decoding=\"async\" class=\"aligncenter wp-image-260\" src=\"https:\/\/project.inria.fr\/synchron2022\/files\/2022\/05\/NewlogoI3S-250x70.jpg\" alt=\"\" width=\"250\" height=\"70\" \/><\/a><\/td>\n<td><\/td>\n<td align=\"center\" valign=\"bottom\"><a href=\"https:\/\/univ-cotedazur.fr\"><img loading=\"lazy\" decoding=\"async\" class=\"alignleft wp-image-260\" src=\"https:\/\/project.inria.fr\/synchron2022\/files\/2022\/05\/UCA.png\" alt=\"\" width=\"97\" height=\"43\" \/><\/a><\/td>\n<\/tr>\n<\/tbody>\n<\/table>\n","protected":false},"excerpt":{"rendered":"<p>ALLORANT Baptiste, Centre Inria d&#8217;Universit\u00e9 C\u00f4te d&#8217;Azur BAUDART Guillaume, Inria Paris. Slides BOURKE Timothy, Inria Paris. Slides BREGEON Vincent, Airbus Operation S.A.S BUSSONE Gr\u00e9goire, Inria Paris CAILLAUD Beno\u00eet, Inria Rennes. Site CAMBEIRO Joao, Centre Inria d&#8217;Universit\u00e9 C\u00f4te d&#8217;Azur DE GO\u00cbR Baptiste, VERIMAG Grenoble INP DE SIMONE Robert, Centre Inria d&#8217;Universit\u00e9\u2026<\/p>\n<p> <a class=\"continue-reading-link\" href=\"https:\/\/project.inria.fr\/synchron2022\/449-2\/\"><span>Continue reading<\/span><i class=\"crycon-right-dir\"><\/i><\/a> <\/p>\n","protected":false},"author":1382,"featured_media":0,"parent":0,"menu_order":0,"comment_status":"closed","ping_status":"closed","template":"","meta":{"footnotes":""},"class_list":["post-449","page","type-page","status-publish","hentry"],"_links":{"self":[{"href":"https:\/\/project.inria.fr\/synchron2022\/wp-json\/wp\/v2\/pages\/449","targetHints":{"allow":["GET"]}}],"collection":[{"href":"https:\/\/project.inria.fr\/synchron2022\/wp-json\/wp\/v2\/pages"}],"about":[{"href":"https:\/\/project.inria.fr\/synchron2022\/wp-json\/wp\/v2\/types\/page"}],"author":[{"embeddable":true,"href":"https:\/\/project.inria.fr\/synchron2022\/wp-json\/wp\/v2\/users\/1382"}],"replies":[{"embeddable":true,"href":"https:\/\/project.inria.fr\/synchron2022\/wp-json\/wp\/v2\/comments?post=449"}],"version-history":[{"count":47,"href":"https:\/\/project.inria.fr\/synchron2022\/wp-json\/wp\/v2\/pages\/449\/revisions"}],"predecessor-version":[{"id":745,"href":"https:\/\/project.inria.fr\/synchron2022\/wp-json\/wp\/v2\/pages\/449\/revisions\/745"}],"wp:attachment":[{"href":"https:\/\/project.inria.fr\/synchron2022\/wp-json\/wp\/v2\/media?parent=449"}],"curies":[{"name":"wp","href":"https:\/\/api.w.org\/{rel}","templated":true}]}}