

{"id":70,"date":"2020-01-14T16:23:02","date_gmt":"2020-01-14T15:23:02","guid":{"rendered":"https:\/\/project.inria.fr\/syncop20\/?page_id=70"},"modified":"2022-02-15T18:29:51","modified_gmt":"2022-02-15T17:29:51","slug":"committees","status":"publish","type":"page","link":"https:\/\/project.inria.fr\/syncop22\/committees\/","title":{"rendered":"Committees"},"content":{"rendered":"<p><\/p>\n<h5>SynCoP general chairs (2022)<\/h5>\n<ul class=\"alt\">\n<li><a href=\"http:\/\/people.rennes.inria.fr\/Nathalie.Bertrand\/index.html\">Nathalie Bertrand<\/a>, Inria Rennes &amp; IRISA, France<\/li>\n<li><a href=\"http:\/\/pagesperso.ls2n.fr\/~delahaye-b\/\">Beno\u00eet Delahaye<\/a>, Universit\u00e9 de Nantes &amp; LS2N, France<\/li>\n<\/ul>\n<h5>SynCoP steering committee<\/h5>\n<ul class=\"alt\">\n<li><a href=\"https:\/\/lipn.univ-paris13.fr\/~andre\/\">\u00c9tienne Andr\u00e9<\/a>, Universit\u00e9 de Lorraine, France<\/li>\n<li><a href=\"http:\/\/www.disi.unige.it\/person\/DelzannoG\/\">Giorgio Delzanno<\/a>, Universit\u00e0 degli studi di Genova, Italy<\/li>\n<li><a href=\"https:\/\/www.irif.fr\/~haberm\/\">Peter Habermehl<\/a>, Universit\u00e9 Paris 7 &amp; CNRS, France<\/li>\n<li><a href=\"http:\/\/www.irccyn.ec-nantes.fr\/~jezequel\/\">Lo\u00efg Jezequel<\/a>, Universit\u00e9 de Nantes &amp; CNRS, France<\/li>\n<li><a href=\"http:\/\/people.cs.aau.dk\/~kgl\/\">Kim Larsen<\/a>, Aalborg University, Denmark<\/li>\n<li><a href=\"http:\/\/www.ipipan.waw.pl\/~penczek\/\">Wojciech Penczek<\/a>, IPI-PAN, Warszawa, Poland<\/li>\n<li><a href=\"https:\/\/lipn.univ-paris13.fr\/~petrucci\/\">Laure Petrucci<\/a>, Universit\u00e9 Paris 13 &amp; CNRS, France<\/li>\n<li><a href=\"https:\/\/cs.au.dk\/~jaco\/\">Jaco van De Pol<\/a>, Aarhus University, Denmark<\/li>\n<\/ul>\n<p><\/p>","protected":false},"excerpt":{"rendered":"<p>SynCoP general chairs (2022) Nathalie Bertrand, Inria Rennes &amp; IRISA, France Beno\u00eet Delahaye, Universit\u00e9 de Nantes &amp; LS2N, France SynCoP steering committee \u00c9tienne Andr\u00e9, Universit\u00e9 de Lorraine, France Giorgio Delzanno, Universit\u00e0 degli studi di Genova, Italy Peter Habermehl, Universit\u00e9 Paris 7 &amp; CNRS, France Lo\u00efg Jezequel, Universit\u00e9 de Nantes &amp;\u2026<\/p>\n<p> <a class=\"continue-reading-link\" href=\"https:\/\/project.inria.fr\/syncop22\/committees\/\"><span>Continue reading<\/span><i class=\"crycon-right-dir\"><\/i><\/a> <\/p>\n","protected":false},"author":1338,"featured_media":0,"parent":0,"menu_order":0,"comment_status":"closed","ping_status":"closed","template":"","meta":{"footnotes":""},"class_list":["post-70","page","type-page","status-publish","hentry"],"_links":{"self":[{"href":"https:\/\/project.inria.fr\/syncop22\/wp-json\/wp\/v2\/pages\/70","targetHints":{"allow":["GET"]}}],"collection":[{"href":"https:\/\/project.inria.fr\/syncop22\/wp-json\/wp\/v2\/pages"}],"about":[{"href":"https:\/\/project.inria.fr\/syncop22\/wp-json\/wp\/v2\/types\/page"}],"author":[{"embeddable":true,"href":"https:\/\/project.inria.fr\/syncop22\/wp-json\/wp\/v2\/users\/1338"}],"replies":[{"embeddable":true,"href":"https:\/\/project.inria.fr\/syncop22\/wp-json\/wp\/v2\/comments?post=70"}],"version-history":[{"count":4,"href":"https:\/\/project.inria.fr\/syncop22\/wp-json\/wp\/v2\/pages\/70\/revisions"}],"predecessor-version":[{"id":107,"href":"https:\/\/project.inria.fr\/syncop22\/wp-json\/wp\/v2\/pages\/70\/revisions\/107"}],"wp:attachment":[{"href":"https:\/\/project.inria.fr\/syncop22\/wp-json\/wp\/v2\/media?parent=70"}],"curies":[{"name":"wp","href":"https:\/\/api.w.org\/{rel}","templated":true}]}}