

{"id":77,"date":"2022-06-21T15:50:27","date_gmt":"2022-06-21T13:50:27","guid":{"rendered":"https:\/\/project.inria.fr\/syncop23\/?page_id=77"},"modified":"2023-01-25T11:15:45","modified_gmt":"2023-01-25T10:15:45","slug":"committees","status":"publish","type":"page","link":"https:\/\/project.inria.fr\/syncop23\/committees\/","title":{"rendered":"Committees"},"content":{"rendered":"<h1 class=\"entry-title\"><\/h1>\n<div class=\"entry-content\">\n<h5>SynCoP general chairs (2023)<\/h5>\n<ul class=\"alt\">\n<li><a href=\"https:\/\/elefauch.github.io\/\">Engel Lefaucheux<\/a>, Inria Nancy &amp; Loria, France<\/li>\n<li><a href=\"http:\/\/pagesperso.ls2n.fr\/~lime-d\/\">Didier Lime<\/a>, <span class=\"ILfuVd\"><span class=\"hgKElc\">\u00c9<\/span><\/span>cole centrale de Nantes &amp; LS2N, France<\/li>\n<\/ul>\n<h5>SynCoP steering committee<\/h5>\n<ul class=\"alt\">\n<li><a href=\"https:\/\/lipn.univ-paris13.fr\/~andre\/\">\u00c9tienne Andr\u00e9<\/a>, Universit\u00e9 Sorbonne Paris Nord, France<\/li>\n<li><a href=\"http:\/\/www.disi.unige.it\/person\/DelzannoG\/\">Giorgio Delzanno<\/a>, Universit\u00e0 degli studi di Genova, Italy<\/li>\n<li><a href=\"https:\/\/www.irif.fr\/~haberm\/\">Peter Habermehl<\/a>, Universit\u00e9 Paris 7 &amp; CNRS, France<\/li>\n<li><span class=\"im\"><a href=\"http:\/\/pagesperso.ls2n.fr\/~delahaye-b\/\">Beno\u00eet Delahaye<\/a>, LS2N, Universit\u00e9 de Nante, France <\/span><\/li>\n<li><a href=\"http:\/\/people.cs.aau.dk\/~kgl\/\">Kim Larsen<\/a>, Aalborg University, Denmark<\/li>\n<li><a href=\"http:\/\/www.ipipan.waw.pl\/~penczek\/\">Wojciech Penczek<\/a>, IPI-PAN, Warszawa, Poland<\/li>\n<li><a href=\"https:\/\/lipn.univ-paris13.fr\/~petrucci\/\">Laure Petrucci<\/a>, Universit\u00e9 Sorbonne Paris Nord &amp; CNRS, France<\/li>\n<li><a href=\"https:\/\/cs.au.dk\/~jaco\/\">Jaco van De Pol<\/a>, Aarhus University, Denmark<\/li>\n<\/ul>\n<\/div>\n","protected":false},"excerpt":{"rendered":"<p>SynCoP general chairs (2023) Engel Lefaucheux, Inria Nancy &amp; Loria, France Didier Lime, \u00c9cole centrale de Nantes &amp; LS2N, France SynCoP steering committee \u00c9tienne Andr\u00e9, Universit\u00e9 Sorbonne Paris Nord, France Giorgio Delzanno, Universit\u00e0 degli studi di Genova, Italy Peter Habermehl, Universit\u00e9 Paris 7 &amp; CNRS, France Beno\u00eet Delahaye, LS2N, Universit\u00e9\u2026<\/p>\n<p> <a class=\"continue-reading-link\" href=\"https:\/\/project.inria.fr\/syncop23\/committees\/\"><span>Continue reading<\/span><i class=\"crycon-right-dir\"><\/i><\/a> <\/p>\n","protected":false},"author":2218,"featured_media":0,"parent":0,"menu_order":0,"comment_status":"closed","ping_status":"closed","template":"","meta":{"footnotes":""},"class_list":["post-77","page","type-page","status-publish","hentry"],"_links":{"self":[{"href":"https:\/\/project.inria.fr\/syncop23\/wp-json\/wp\/v2\/pages\/77","targetHints":{"allow":["GET"]}}],"collection":[{"href":"https:\/\/project.inria.fr\/syncop23\/wp-json\/wp\/v2\/pages"}],"about":[{"href":"https:\/\/project.inria.fr\/syncop23\/wp-json\/wp\/v2\/types\/page"}],"author":[{"embeddable":true,"href":"https:\/\/project.inria.fr\/syncop23\/wp-json\/wp\/v2\/users\/2218"}],"replies":[{"embeddable":true,"href":"https:\/\/project.inria.fr\/syncop23\/wp-json\/wp\/v2\/comments?post=77"}],"version-history":[{"count":5,"href":"https:\/\/project.inria.fr\/syncop23\/wp-json\/wp\/v2\/pages\/77\/revisions"}],"predecessor-version":[{"id":96,"href":"https:\/\/project.inria.fr\/syncop23\/wp-json\/wp\/v2\/pages\/77\/revisions\/96"}],"wp:attachment":[{"href":"https:\/\/project.inria.fr\/syncop23\/wp-json\/wp\/v2\/media?parent=77"}],"curies":[{"name":"wp","href":"https:\/\/api.w.org\/{rel}","templated":true}]}}