

{"id":63,"date":"2019-06-20T10:50:56","date_gmt":"2019-06-20T08:50:56","guid":{"rendered":"https:\/\/project.inria.fr\/tepn\/?page_id=63"},"modified":"2019-06-20T10:52:09","modified_gmt":"2019-06-20T08:52:09","slug":"presentation","status":"publish","type":"page","link":"https:\/\/project.inria.fr\/tepn\/","title":{"rendered":"Presentation"},"content":{"rendered":"<p><\/p>\n<h3>Energy Proportional Networks<\/h3>\n<h4>Toward Energy Proportional Networks<\/h4>\n<p>As in almost all areas of engineering in the past several decades, the design of computer and network systems has been aimed at delivering maximal performance without regarding to the energy efficiency or the percentage of resource utilization. The only places where this tendency was questioned were battery-operated devices (such as laptops and smartphones) for which the users accept limited (but reasonable) performance in exchange for longer use periods. Even though the end users make such decisions on a daily basis by checking their own devices, they have no way of minimizing their energy footprint (or conversely, optimize the network resource usage) in the supporting infrastructure. Thus, the current way of dimensioning and operating the infrastructure supporting the user services, such as cellular networks and data centers, is to dimension for peak usage. The problem with this approach is that usage is rarely at its peak. The overprovisioned systems are also aimed at delivering maximal performance, with energy efficiency being considered as something desired, but non-essential. This project aims at making the network energy consumption proportional to the actual charge of this network (in terms of number of served users, or requested bandwidth). An energy proportional network can be designed by taking intelligent decisions (based on various constraints and metrics) into the network such as switching on and off network components in order to adapt the energy consumption to the user needs. This concept can be summarized under the general term of Green Cognitive Network Approach.<\/p>\n<p><a href=\"https:\/\/project.inria.fr\/tepn\/files\/2019\/06\/EPN.jpg\"><img loading=\"lazy\" decoding=\"async\" class=\"aligncenter size-full wp-image-104\" src=\"https:\/\/project.inria.fr\/tepn\/files\/2019\/06\/EPN.jpg\" alt=\"\" width=\"481\" height=\"359\" srcset=\"https:\/\/project.inria.fr\/tepn\/files\/2019\/06\/EPN.jpg 481w, https:\/\/project.inria.fr\/tepn\/files\/2019\/06\/EPN-300x224.jpg 300w, https:\/\/project.inria.fr\/tepn\/files\/2019\/06\/EPN-150x112.jpg 150w\" sizes=\"auto, (max-width: 481px) 100vw, 481px\" \/><\/a><span lang=\"EN-US\">The consortium involves the following people and teams\u00a0: Nicolas Montavont, Xavier Lagrange, Alberto Blanc (IRISA OCIF &#8211; Telecom Bretagne), R\u00e9mi Gribonval (IRISA METISS) Philippe Mary, Jean-Yves Baudais, Jean-Fran\u00e7ois H\u00e9lard, Matthieu Crussi\u00e8re (IETR SCN), Jacques Palicot, Yves Lou\u00ebt (IETR SCEE), Honggang Zhang (Chaire UEB\/CominLab)<\/span><\/p>","protected":false},"excerpt":{"rendered":"<p>Energy Proportional Networks Toward Energy Proportional Networks As in almost all areas of engineering in the past several decades, the design of computer and network\u2026<\/p>\n<p> <a class=\"continue-reading-link\" href=\"https:\/\/project.inria.fr\/tepn\/\"><span>Continue reading<\/span><i class=\"crycon-right-dir\"><\/i><\/a> <\/p>\n","protected":false},"author":1611,"featured_media":0,"parent":0,"menu_order":0,"comment_status":"closed","ping_status":"closed","template":"","meta":{"footnotes":""},"class_list":["post-63","page","type-page","status-publish","hentry"],"_links":{"self":[{"href":"https:\/\/project.inria.fr\/tepn\/wp-json\/wp\/v2\/pages\/63","targetHints":{"allow":["GET"]}}],"collection":[{"href":"https:\/\/project.inria.fr\/tepn\/wp-json\/wp\/v2\/pages"}],"about":[{"href":"https:\/\/project.inria.fr\/tepn\/wp-json\/wp\/v2\/types\/page"}],"author":[{"embeddable":true,"href":"https:\/\/project.inria.fr\/tepn\/wp-json\/wp\/v2\/users\/1611"}],"replies":[{"embeddable":true,"href":"https:\/\/project.inria.fr\/tepn\/wp-json\/wp\/v2\/comments?post=63"}],"version-history":[{"count":2,"href":"https:\/\/project.inria.fr\/tepn\/wp-json\/wp\/v2\/pages\/63\/revisions"}],"predecessor-version":[{"id":105,"href":"https:\/\/project.inria.fr\/tepn\/wp-json\/wp\/v2\/pages\/63\/revisions\/105"}],"wp:attachment":[{"href":"https:\/\/project.inria.fr\/tepn\/wp-json\/wp\/v2\/media?parent=63"}],"curies":[{"name":"wp","href":"https:\/\/api.w.org\/{rel}","templated":true}]}}