

{"id":65,"date":"2019-06-20T10:50:56","date_gmt":"2019-06-20T08:50:56","guid":{"rendered":"https:\/\/project.inria.fr\/tepn\/?page_id=65"},"modified":"2019-10-30T17:14:19","modified_gmt":"2019-10-30T16:14:19","slug":"publications","status":"publish","type":"page","link":"https:\/\/project.inria.fr\/tepn\/publications\/","title":{"rendered":"Publications"},"content":{"rendered":"<p>&nbsp;<\/p>\n<ul>\n<li><label>Navikkumar Modi, Philippe Mary, Christophe Moy: <\/label> <a href=\"https:\/\/hal.archives-ouvertes.fr\/hal-02307007\"> Transfer Restless Multi-Armed Bandit Policy for Energy Efficient Heterogeneous Cellular Network <\/a> <label> EURASIP Journal on Advances in Signal Processing <\/label> <label> : 2019 <\/label><\/li>\n<li><label> Marwa Chafii, Jacques Palicot, R\u00e9mi Gribonval, Faouzi Bader: <\/label> <a href=\"https:\/\/hal-centralesupelec.archives-ouvertes.fr\/hal-01713821\"> Adaptive Wavelet Packet Modulation <\/a> <label> Communications, IEEE Transactions on <\/label> <label> : 2018 <\/label><\/li>\n<li><label> Marwa Chafii, Jacques Palicot, R\u00e9mi Gribonval: <\/label> <strong>Dispositif de communication \u00e0 modulation temps-fr\u00e9quence adaptative<\/strong> <label> Patent FR3054091 &#8211; 2018-01-19 (BOPI 2018-03) <\/label> <label> : 2018 <\/label><\/li>\n<li><label> Ali Cheaito, Matthieu Crussi\u00e8re, Jean-Fran\u00e7ois H\u00e9lard, and Yves Lou\u00ebt: <\/label> <a href=\"http:\/\/ieeexplore.ieee.org\/document\/7740001\/\"> Quantifying the Memory Effects of Power Amplifiers: EVM Closed-Form Derivations of Multicarrier Signals <\/a> <label> IEEE WIRELESS COMMUNICATIONS LETTERS <\/label> <label> : 2017 <\/label><\/li>\n<li><label> Ali CHEAITO, Mohamed SAAD FARAH, Matthieu CRUSSI\u00c8RE, Jean-Fran\u00e7ois H\u00c9LARD and Yves LOU\u00cbT: <\/label> <a href=\"http:\/\/ieeexplore.ieee.org\/document\/7925797\/\"> Spectral Analysis of Predistorted Non-Linear Amplified Multicarrier Signals <\/a> <label> IEEE Wireless Communications and Networking Conference 2017 <\/label> <label> : 2017 <\/label><\/li>\n<li><label> Navikkumar Modi, Philippe Mary, Christophe Moy: <\/label> <a href=\"https:\/\/hal.archives-ouvertes.fr\/hal-01492886\"> QoS driven Channel Selection Algorithm for Cognitive Radio Network: Multi-User Multi-armed Bandit Approach <\/a> <label> IEEE Transactions on Cognitive Communications and Networking <\/label> <label> : 2017 <\/label><\/li>\n<li><label> Mohamad Maaz, Philippe Mary, Maryline H\u00e9lard: <\/label> <a href=\"https:\/\/hal.archives-ouvertes.fr\/hal-01492991\"> Energy Minimization in HARQ-I Relay-Assisted Networks with Delay-limited Users <\/a> <label> IEEE Transactions on Vehicular Technology <\/label> <label> : 2017 <\/label><\/li>\n<li><label> Navikummar Modi, Christophe Moy, Philippe Mary: <\/label> <a href=\"https:\/\/hal-supelec.archives-ouvertes.fr\/hal-01202581\"> Proc\u00e9d\u00e9 d&#8217;acc\u00e8s opportuniste au spectre <\/a> <label> WO2017013088 &#8211; 2017-01-26 <\/label> <label> : 2017 <\/label><\/li>\n<li><label> Ahmad Mahbubul Alam, Philippe Mary, Jean Yves Baudais, Xavier Lagrange: <\/label> <a href=\"https:\/\/hal.archives-ouvertes.fr\/hal-01551410\"> Asymptotic Analysis of Area Spectral Efficiency and Energy Efficiency in PPP Networks with SLNR Precoder <\/a> <label> Transactions on Communications, vol. 65, no. 7 <\/label> <label> : 2017 <\/label><\/li>\n<li><label> Ahmad Mahbubul Alam, Philippe Mary, Jean Yves Baudais, Xavier Lagrange: <\/label> <a href=\"https:\/\/hal.archives-ouvertes.fr\/hal-01720746\"> Compromis efficacit\u00e9s \u00e9nerg\u00e9tique et spectrale du pr\u00e9codeur SLNR dans un r\u00e9seau cellulaire al\u00e9atoire <\/a> <label> XXVI colloque GRETSI <\/label> <label> : 2017 <\/label><\/li>\n<li><label> Navikkumar Modi, Philippe Mary, Christophe Moy: <\/label> <a href=\"https:\/\/hal.archives-ouvertes.fr\/hal-01720782\"> Apprentissage machine pour l\u2019optimisation \u00e9nerg\u00e9tique des r\u00e9seaux cellulaires h\u00e9t\u00e9rog\u00e8nes sans-fil : une approche bandit \u00e0 bras multiples <\/a> <label> XXVI colloque GRETSI <\/label> <label> : 2017 <\/label><\/li>\n<li><label> Navikkumar Modi, Philippe Mary, Christophe Moy, Sumit Darak: <\/label> <a href=\"http:\/\/www.ursi.org\/proceedings\/procGA17\/papers\/Paper_FC21-2(2691).pdf\"> Proof-of-Concept: Spectrum and Energy Efficient Multi-User CR Network via Vacancy and Quality based Channel Selection <\/a> <label> 32nd General Assembly and Scientific Symposium of the international Union of Radio Science (URSI GASS) <\/label> <label> : 2017 <\/label><\/li>\n<li><label> Molina, Laudin and Blanc, Alberto and Montavont, Nicolas and Simi\\&#8217;c, Ljiljana: <\/label> <a href=\"http:\/\/doi.acm.org\/10.1145\/3132062.3132069\"> Identifying Channel Saturation in Wi-Fi Networks via Passive Monitoring of IEEE 802.11 Beacon Jitter <\/a> <label> Proceedings of the 15th ACM International Symposium on Mobility Management and Wireless Access <\/label> <label> : 2017 <\/label><\/li>\n<li><label> L. Molina and T. Kerdoncuff and D. Shehadeh and N. Montavont and A. Blanc: <\/label> <strong>WMSP: Bringing the Wisdom of the Crowd to WiFi Networks<\/strong> <label> IEEE Transactions on Mobile Computing <\/label> <label> : 2017 <\/label><\/li>\n<li><label> Marwa Chafii, Justin Coon, Dene Hedges: <\/label> <a href=\"https:\/\/hal-centralesupelec.archives-ouvertes.fr\/hal-01488900\"> DCT-OFDM with Index Modulation <\/a> <label> IEEE Communications Letters <\/label> <label> : 2017 <\/label><\/li>\n<li><label> Mouna Ben Mabrouk, Marwa Chafii, Yves Lou\u00ebt, Faouzi Bader: <\/label> <a href=\"https:\/\/hal-centralesupelec.archives-ouvertes.fr\/hal-01501513\"> A Precoding-based PAPR Reduction Technique for UF-OFDM and Filtered-OFDM Modulations in 5G Systems <\/a> <label> European Wireless <\/label> <label> : 2017 <\/label><\/li>\n<li><label> Mouna Ben Mabrouk, Marwa Chafii, Yves Lou\u00ebt, Faouzi Bader: <\/label> <a href=\"https:\/\/hal.archives-ouvertes.fr\/hal-01514625\"> Low-PAPR Conditions for 5G-candidate waveforms <\/a> <label> 32nd General Assembly and Scientific Symposium of the international Union of Radio Science (URSI GASS) <\/label> <label> : 2017 <\/label><\/li>\n<li><label> Ali Cheaito, Mohamed Saad Farah, Matthieu Crussi\u00e8re, Jean-Fran\u00e7ois H\u00e9lard, Yves Lou\u00e2t: <\/label> <a href=\"https:\/\/hal.archives-ouvertes.fr\/hal-01431368\/file\/evm.pdf\"> Spectral Analysis of Predistorted Non-Linear Amplifies Multicarrier Signals <\/a> <label> Wireless Communications and Networking (WCNC) <\/label> <label> : 2017 <\/label><\/li>\n<li><label> Ali Cheaito, Jean-Fran\u00e7ois H\u00e9lard, Yves Lou\u00ebt, Matthieu Crussi\u00e8re: <\/label> <a href=\"https:\/\/hal.archives-ouvertes.fr\/hal-01578690\/\"> Expression Analytique du spectre pour les signaux multiporteuses : impact conjoint des non-lin\u00e9arit\u00e9 de l&#8217;amplificateur de puissance et de la fonction de pr\u00e9distortion <\/a> <label> XXI\u00e8me colloque GRETSI <\/label> <label> : 2017 <\/label><\/li>\n<li><label> S. Gamboa and A. Pelov and P. Maill\u00e9 and X. Lagrange and N. Montavont: <\/label> <strong>Reducing the Energy Footprint of Cellular Networks with Delay-Tolerant Users<\/strong> <label> IEEE Systems Journal <\/label> <label> : 2017 <\/label><\/li>\n<li><label> Marwa Chafii, Jacques Palicot, R\u00e9mi Gribonval: <\/label> <a href=\"https:\/\/hal.archives-ouvertes.fr\/hal-01445465\"> Wavelet modulation: An alternative modulation with low energy consumption <\/a> <label> Comptes Rendus Physique <\/label> <label> : 2017 <\/label><\/li>\n<li><label> Navikkumar Modi, Philippe Mary, Christophe Moy: <\/label> <a href=\"http:\/\/eudl.eu\/issue\/ws\/3\/11\"> Efficient Learning in Stationary and Non-stationary OSA Scenario with QoS Guaranty <\/a> <label> EAI Endorsed Transactions on Wireless Spectrum <\/label> <label> : 2017 <\/label><\/li>\n<li><label> Navikkumar Modi, Philippe Mary, Christophe Moy: <\/label> <a href=\"http:\/\/link.springer.com\/chapter\/10.1007%2F978-3-319-40352-6_1\"> A New Evaluation Criteria for Learning Capability in OSA Context <\/a> <label> 11th EAI International Conference on Cognitive Radio Oriented Wireless Networks (CROWNCOM) <\/label> <label> : 2016 <\/label><\/li>\n<li><label> Sumit J. Darak, Navikkumar Modi, A. Nafkha, Christophe Moy: <\/label> <a href=\"https:\/\/hal.archives-ouvertes.fr\/hal-01451466\"> Spectrum Utilization and Reconfiguration Cost Comparison of Various Decision Making Policies for Opportunistic Spectrum Access Using Real Radio Signals <\/a> <label> 11th EAI International Conference on Cognitive Radio Oriented Wireless Networks (CROWNCOM) <\/label> <label> : 2016 <\/label><\/li>\n<li><label> Laura Melian-Guti\u00e9rrez, Navikkumar Modi, Christophe Moy, F. Bader, I. Perez-Alvarez, S. Zazo: <\/label> <a href=\"http:\/\/ieeexplore.ieee.org\/xpl\/articleDetails.jsp?arnumber=7401030&amp;newsearch=true&amp;queryText=Hybrid%20UCB-HMM:%20A%20Machine%20Learning%20Strategy%20for%20Cognitive%20Radio%20in%20HF%20Band\"> Hybrid UCB-HMM: A Machine Learning Strategy for Cognitive Radio in HF Band <\/a> <label> IEEE Transactions on Cognitive Communications and Networking <\/label> <label> : 2016 <\/label><\/li>\n<li><label> Marwa Chafii, Yahya J. Harbi, Alister G. Burr: <\/label> <strong>Wavelet-OFDM vs. OFDM: Performance Comparison<\/strong> <label> 23rd International Conference on Telecommunications ICT <\/label> <label> : 2016 <\/label><\/li>\n<li><label> Marwa Chafii, M. Lamarana Diallo, Jacques Palicot, Faouzi Bader, R\u00e9mi Gribonval: <\/label> <strong>Adaptive Tone Reservation for better BER Performance in a Frequency Selective Fading Channel<\/strong> <label> IEEE 83rd Vehicular Technology Conference: VTC2016-Spring <\/label> <label> : 2016 <\/label><\/li>\n<li><label> Marwa Chafii, Jacques Palicot, R\u00e9mi Gribonval,: <\/label> <strong>La modulation en ondelettes: une modulation alternative \u00e0 faible consommation d&#8217;\u00e9nergie<\/strong> <label> URSI France, Energy and Radio Science CentraleSup\u00e9lec, Rennes, 2016 Best Paper Award. <\/label> <label> : 2016 <\/label><\/li>\n<li><label> Shehadeh, D. and Kerdoncuff, T. and Blanc, A. and Montavont, N.: <\/label> <strong>How to wake up an access point?<\/strong> <label> WD 2016 : IFIP Wireless Days <\/label> <label> : 2016 <\/label><\/li>\n<li><label> Nicolas Montavont, Dareen Shehadeh, Jacques Palicot, Xavier Lagrange, Alberto Blanc, Re\u0301mi Gribonval, Philippe Mary, Jean-Yves Baudais, Jean-Franc\u0327ois He\u0301lard, Matthieu Crussie\u0300re, Yves Louet, Christophe Moy: <\/label> <strong>Toward Energy Proportional Networks<\/strong> <label> Union Radio-Scientifique internationale (URSI) <\/label> <label> : 2016 <\/label><\/li>\n<li><label> Ali Cheaito, Matthieu Crussi\u00e8re, Jean-Fran\u00e7ois H\u00e9lard, Yves Lou\u00ebt: <\/label> <a href=\"https:\/\/hal-centralesupelec.archives-ouvertes.fr\/hal-01318219\"> Energy-Efficiency Optimization of the High Power Amplifier for Multicarrier Systems: Analytical EVM Derivation <\/a> <label> IEEE Conference on Computer Communications Workshops (INFOCOM WKSHPS 2016), San Francisco, CA, 2016 (Best Paper Award) <\/label> <label> : 2016 <\/label><\/li>\n<li><label> Ali Cheaito, Jean-Fran\u00e7ois H\u00e9lard, Matthieu Crussi\u00e8re, Yves Lou\u00ebt: <\/label> <a href=\"https:\/\/hal.archives-ouvertes.fr\/hal-01431368\"> EVM Derivation of Multicarrier Signals to Determine the Operating Point of the Power Amplifier Considering Clipping and Predistortion <\/a> <label> EURASIP Journal on Wireless Communications and Networking <\/label> <label> : 2016 <\/label><\/li>\n<li><label> Ahmad Mahbubul-Alam, Philippe Mary, Jean-Yves Baudais, Xavier Lagrange: <\/label> <a href=\"https:\/\/hal.archives-ouvertes.fr\/hal-01304725\"> Energy Efficiency-Area Spectral Efficiency Tradeoff in PPP Network with SLNR Precoder <\/a> <label> 17th IEEE international workshop on Signal Processing Advances in Wireless Communications, SPAWC <\/label> <label> : 2016 <\/label><\/li>\n<li><label> Navikkumar Modi, Christophe Moy, Philippe Mary: <\/label> <a href=\"http:\/\/ursi-france.telecom-paristech.fr\/fileadmin\/journees_scient\/docs_journees_2016\/data\/articles\/000042.pdf\"> Machine Learning for Opportunistic Spectrum Access with Energy Consumption Constraint <\/a> <label> URSI France <\/label> <label> : 2016 <\/label><\/li>\n<li><label> Marwa Chafii, Jacques Palicot, R\u00e9mi Gribonval, Alister Burr: <\/label> <a href=\"https:\/\/hal-centralesupelec.archives-ouvertes.fr\/hal-01334787\"> Power Spectral Density Limitations of the Wavelet-OFDM System <\/a> <label> 24th European Signal Processing Conference (EUSIPCO) <\/label> <label> : 2016 <\/label><\/li>\n<li><label> Mamadou Lamarana Diallo, Marwa Chafii, Jacques Palicot, Faouzi Bader: <\/label> <a href=\"https:\/\/hal.archives-ouvertes.fr\/hal-01479181\/\"> Modified Tone Reservation for PAPR Reduction in OFDM Systems <\/a> <label> 24th European Signal Processing Conference (EUSIPCO) <\/label> <label> : 2016 <\/label><\/li>\n<li><label> Marwa Chafii, Jacques Palicot, R\u00e9mi Gribonval, Faouzi Bader: <\/label> <a href=\"https:\/\/hal-supelec.archives-ouvertes.fr\/hal-01128714v3\"> A Necessary Condition for Waveforms with Better PAPR than OFDM <\/a> <label> IEEE Transactions on Communications <\/label> <label> : 2016 <\/label><\/li>\n<li><label> Ali Cheaito, Yves Lou\u00ebt, Matthieu Crussi\u00e8re, Jean-Fran\u00e7ois H\u00e9lard: <\/label> <a href=\"https:\/\/hal-centralesupelec.archives-ouvertes.fr\/hal-01318214\"> Optimal Operating Point of the Power Amplifier with respect to the EVM for TV broadcasting applications <\/a> <label> International Symposium on Broadband Multimedia Systems and Broadcasting <\/label> <label> : 2016 <\/label><\/li>\n<li><label> Laura Melian-Guti\u00e9rrez, Navikkumar Modi, Christophe Moy, I. Perez-Alvarez, F. Bader, S. Zazo: <\/label> <a href=\"http:\/\/ieeexplore.ieee.org\/xpl\/articleDetails.jsp?arnumber=7247209&amp;newsearch=true&amp;queryText=Upper%20confidence%20bound%20learning%20approach%20for%20real%20HF%20measurements\"> Upper Confidence Bound learning approach for real HF measurements <\/a> <label> Communication Workshop (ICCW), 2015 IEEE International Conference on <\/label> <label> : 2015 <\/label><\/li>\n<li><label> Marwa Chafii, Jacques Palicot, R\u00e9mi Gribonval: <\/label> <a href=\"https:\/\/hal-supelec.archives-ouvertes.fr\/hal-01165509\"> L&#8217;optimalit\u00e9 de l&#8217;OFDM en termes de performance en PAPR <\/a> <label> 25\u00e8me Colloque Gretsi 2015 <\/label> <label> : 2015 <\/label><\/li>\n<li><label> Thomas Oberlin, Christian Barillot, R\u00e9mi Gribonval, Pierre Maurel: <\/label> <a href=\"https:\/\/hal.archives-ouvertes.fr\/hal-01170889\"> Symmetrical EEG-FMRI Imaging by Sparse Regularization <\/a> <label> EUSIPCO \u2013 23rd European Signal Processing Conference <\/label> <label> : 2015 <\/label><\/li>\n<li><label> Al Haj Hassan, H. and Gamboa, S. and Nuaymi, L. and Montavont, N. and Pelov, A.: <\/label> <strong>The Smart Grid and Future Mobile Networks: Integrating Renewable Energy Sources and Delay Tolerant Users<\/strong> <label> VTC 2015-Fall : IEEE 82nd Vehicular Technology Conference <\/label> <label> : 2015 <\/label><\/li>\n<li><label> Shehadeh, D. and Montavont, N. and Blanc, A. and Kerdoncuff, T.: <\/label> <strong>Minimal Access Point Set in Urban Area Wifi Networks<\/strong> <label> WiOpt 2015 : 13th International Symposium on Modeling and Optimization in Mobile, Ad Hoc and Wireless Networks <\/label> <label> : 2015 <\/label><\/li>\n<li><label> Gamboa, S. and Pelov, A. and Montavont, N.: <\/label> <strong>Changing paradigms for green cellular networks: The case of delay-tolerant users<\/strong> <label> WiOpt 2015 : 13th International Symposium on Modeling and Optimization in Mobile, Ad Hoc, and Wireless Networks <\/label> <label> : 2015 <\/label><\/li>\n<li><label> Navikkumar Modi, Philippe Mary, Christophe Moy: <\/label> <a href=\"https:\/\/hal.archives-ouvertes.fr\/hal-01169842\"> Apprentissage machine orient\u00e9 QoS pour l&#8217;acc\u00e8s opportuniste au spectre <\/a> <label> XXVe Colloque GRETSI <\/label> <label> : 2015 <\/label><\/li>\n<li><label> Ali Cheaito, Matthieu Crussi\u00e8re, Yves Lou\u00ebt, Jean-Fran\u00e7ois H\u00e9lard: <\/label> <a href=\"https:\/\/hal.archives-ouvertes.fr\/hal-01255157\"> Expression analytique de l&#8217;EVM pour les signaux multiporteuses : impact conjoint des non lin\u00e9arit\u00e9s de l&#8217;amplificateur de puissance et de la fonction de pr\u00e9distorsion <\/a> <label> XXV Colloque GRETSI <\/label> <label> : 2015 <\/label><\/li>\n<li><label> Ali Cheaito, Jean-Fran\u00e7ois H\u00e9lard, Matthieu Crussi\u00e8re, Yves Lou\u00ebt: <\/label> <a href=\"https:\/\/hal.archives-ouvertes.fr\/hal-01242791\"> Impact of Clipping on EVM of the Predistorted Non-Linear Amplified Multicarrier Signals <\/a> <label> IEEE Twelfth International Symposium on Wireless Communication Systems (ISWCS&#8217;15) <\/label> <label> : 2015 <\/label><\/li>\n<li><label> Ali Cheaito, Matthieu Crussi\u00e8re, Yves Lou\u00ebt, Jean-Fran\u00e7ois H\u00e9lard: <\/label> <a href=\"http:\/\/ieeexplore.ieee.org\/xpl\/articleDetails.jsp?reload=true&amp;arnumber=7145831\"> EVM Derivation for Multicarrier Signals: Joint Impact of Non-Linear Amplification and predistortion <\/a> <label> IEEE Vehicular Technology Conference (VTC Spring) <\/label> <label> : 2015 <\/label><\/li>\n<li><label> Sumit Jagdish Darak, Jacques Palicot, Honggang Zhang, Vinod Prasad, Christophe Moy: <\/label> <a href=\"http:\/\/ieeexplore.ieee.org\/document\/6891371\/\"> Reconfigurable Filter Bank With Complete Control Over Subband Bandwidths for Multistandard Wireless Communication Receivers <\/a> <label> IEEE Transactions on Very Large Scale Integration (VLSI) Systems <\/label> <label> : 2015 <\/label><\/li>\n<li><label> Sumit Jagdish Darak, Sumedh Dhabu, Christophe Moy, Honggang Zhang, Jacques Palicot, A. Prasad Vinod: <\/label> <a href=\"https:\/\/hal-supelec.archives-ouvertes.fr\/hal-01136014\"> Low Complexity and Efficient Decentralized Spectrum Learning and Access With Tunable Bandwidth for Heterogeneous Cognitive Radio Networks <\/a> <label> Digital Signal Processing <\/label> <label> : 2015 <\/label><\/li>\n<li><label> Ahmad Mahbubul Alam, Philippe Mary, Jean-Yves Baudais, Xavier Lagrange: <\/label> <a href=\"https:\/\/hal.archives-ouvertes.fr\/hal-01168139\"> Energy Efficiency-Spectral Efficiency Tradeoff in Interference-Limited Wireless Networks with Shadowing <\/a> <label> 2015 IEEE 82nd Vehicular Technology Conference: VTC2015-Fall <\/label> <label> : 2015 <\/label><\/li>\n<li><label> Navikkumar Modi, Philippe Mary, Christophe Moy: <\/label> <a href=\"https:\/\/hal.archives-ouvertes.fr\/hal-01251221\"> QoS driven Channel Selection Algorithm for Opportunistic Spectrum Access <\/a> <label> EEE International Workshop on Advances in Software Defined Radio Access Networks and Context-aware Cognitive Networks 2015 <\/label> <label> : 2015 <\/label><\/li>\n<li><label> Marwa Chafii, Jacques Palicot, R\u00e9mi Gribonval: <\/label> <a href=\"https:\/\/hal-centralesupelec.archives-ouvertes.fr\/hal-01056153\"> Closed-form approximations of the peak-to-average power ratio distribution for multi-carrier modulation and their applications <\/a> <label> EURASIP Journal on Advances in Signal Processing <\/label> <label> : 2014 <\/label><\/li>\n<li><label> Diallo M. L., Palicot J.: <\/label> <strong>Adaptive clipping for a deterministic PAPR. ICTRS, Luxembourg<\/strong> <label> : 2014 <\/label><\/li>\n<li><label> Navikkumar Modi, Christophe Moy, Philippe Mary: <\/label> <a href=\"https:\/\/hal.archives-ouvertes.fr\/hal-01093467\"> Experimental Performance Comparison and Analysis for Various MAB Problems under Cognitive Radio Framework <\/a> <label> Wireless Innovation Forum European Conference, WinnComm Europe&#8217;14, Roma, Italy (presentation only) <\/label> <label> : 2014 <\/label><\/li>\n<li><label> Marwa Chafii, Jacques Palicot, R\u00e9mi Gribonval: <\/label> <a href=\"https:\/\/hal.inria.fr\/hal-01054126\"> Closed-form Approximations of the PAPR Distribution for Multi-Carrier Modulation Systems <\/a> <label> EUSIPCO 2014 &#8211; European Signal Processing Conference <\/label> <label> : 2014 <\/label><\/li>\n<li><label> Marwa Chafii, Jacques Palicot, R\u00e9mi Gribonval: <\/label> <a href=\"https:\/\/hal-supelec.archives-ouvertes.fr\/hal-01072519\"> A PAPR upper bound of generalized waveforms for multi-carrier modulation systems <\/a> <label> 6th International Symposium on Communications, Control, and Signal Processing &#8211; ISCCSP 2014 <\/label> <label> : 2014 <\/label><\/li>\n<li><label> Jacques Palicot, Steve Mclaughlin, Honggang Zhang, Vince H Poor: <\/label> <a href=\"https:\/\/hal-supelec.archives-ouvertes.fr\/hal-00797809\"> Editorial : Special issue on Green Radio <\/a> <label> EURASIP Journal on Wireless Communications and Networking <\/label> <label> : 2013 <\/label><\/li>\n<li><label> Xuan Zhou, Zhifeng Zhao, Rongpeng Li, Yifan Zhou, Jacques Palicot, Honggang Zhang: <\/label> <a href=\"http:\/\/ieeexplore.ieee.org\/xpl\/articleDetails.jsp?arnumber=6589296\"> Human Mobility Patterns in Cellular Networks. Communications Letters, IEEE (Volume:17 , Issue: 10 ) , 1877-1880 <\/a> <label> : 2013 <\/label><\/li>\n<li><label> Jacques Palicot, Honggang Zhang, Christophe Moy: <\/label> <a href=\"https:\/\/hal-supelec.archives-ouvertes.fr\/hal-00937535\"> On the Road Towards Green Radio <\/a> <label> The Radio Science Bulletin <\/label> <label> : 2013 <\/label><\/li>\n<li><label> Xin Tao, Zhifeng Zhao, Rongpeng Li, Jacques Palicot, Honggang Zhang: <\/label> <a href=\"http:\/\/jwcn.eurasipjournals.com\/content\/2013\/1\/194\"> Downlink Interference Minimization in Cooperative Cognitive LTE-Femtocell Networks. EURASIP Journal on Wireless Communications and Networking 2013, 2013:194 <\/a> <label> : 2013 <\/label><\/li>\n<\/ul>\n<p>&nbsp;<\/p>\n<p>&nbsp;<\/p>","protected":false},"excerpt":{"rendered":"<p>&nbsp; Navikkumar Modi, Philippe Mary, Christophe Moy: Transfer Restless Multi-Armed Bandit Policy for Energy Efficient Heterogeneous Cellular Network EURASIP Journal on Advances in Signal Processing\u2026<\/p>\n<p> <a class=\"continue-reading-link\" href=\"https:\/\/project.inria.fr\/tepn\/publications\/\"><span>Continue reading<\/span><i class=\"crycon-right-dir\"><\/i><\/a> <\/p>\n","protected":false},"author":1611,"featured_media":0,"parent":0,"menu_order":0,"comment_status":"closed","ping_status":"closed","template":"","meta":{"footnotes":""},"class_list":["post-65","page","type-page","status-publish","hentry"],"_links":{"self":[{"href":"https:\/\/project.inria.fr\/tepn\/wp-json\/wp\/v2\/pages\/65","targetHints":{"allow":["GET"]}}],"collection":[{"href":"https:\/\/project.inria.fr\/tepn\/wp-json\/wp\/v2\/pages"}],"about":[{"href":"https:\/\/project.inria.fr\/tepn\/wp-json\/wp\/v2\/types\/page"}],"author":[{"embeddable":true,"href":"https:\/\/project.inria.fr\/tepn\/wp-json\/wp\/v2\/users\/1611"}],"replies":[{"embeddable":true,"href":"https:\/\/project.inria.fr\/tepn\/wp-json\/wp\/v2\/comments?post=65"}],"version-history":[{"count":3,"href":"https:\/\/project.inria.fr\/tepn\/wp-json\/wp\/v2\/pages\/65\/revisions"}],"predecessor-version":[{"id":128,"href":"https:\/\/project.inria.fr\/tepn\/wp-json\/wp\/v2\/pages\/65\/revisions\/128"}],"wp:attachment":[{"href":"https:\/\/project.inria.fr\/tepn\/wp-json\/wp\/v2\/media?parent=65"}],"curies":[{"name":"wp","href":"https:\/\/api.w.org\/{rel}","templated":true}]}}