

{"id":4,"date":"2011-12-08T11:55:34","date_gmt":"2011-12-08T11:55:34","guid":{"rendered":"http:\/\/project.inria.fr\/template1\/?page_id=4"},"modified":"2019-03-28T11:13:37","modified_gmt":"2019-03-28T10:13:37","slug":"home","status":"publish","type":"page","link":"https:\/\/project.inria.fr\/tsdays\/","title":{"rendered":"Accueil"},"content":{"rendered":"<p><\/p>\n<div class=\"alert\">\nLes pr\u00e9sentations des orateurs invit\u00e9s et de la session poster sont d&rsquo;ores et d\u00e9j\u00e0 en ligne sur la page du programme !\n<\/div>\n<p>L&rsquo;analyse de donn\u00e9es temporelles est un domaine de recherche de plus en plus actif ces derni\u00e8res ann\u00e9es. En effet, les domaines applicatifs dans lesquels ce type de donn\u00e9es peut entrer en jeu sont tr\u00e8s nombreux (domaine m\u00e9dical, environnemental, financier, \u00e9nerg\u00e9tique, techniques).\u00a0L&rsquo;augmentation de la quantit\u00e9 de donn\u00e9es disponibles ces derni\u00e8res ann\u00e9es a eu un impact consid\u00e9rable sur les travaux de recherche dans ces domaines.<\/p>\n<p>Les diff\u00e9rentes t\u00e2ches qui sont trait\u00e9es avec ce type de donn\u00e9es recoupent celles de l&rsquo;analyse de donn\u00e9es statistiques et informatique : indexation, classification, pr\u00e9diction, analyse de flux, d\u00e9tection d&rsquo;anomalies, fouille de motifs fr\u00e9quents. De nombreuses communaut\u00e9s de chercheurs sp\u00e9cialis\u00e9es utilisant des techniques pointues se d\u00e9veloppent \u00e0 l&rsquo;interface entre des domaines fondamentaux (statistiques, machine learning, bases de donn\u00e9es, th\u00e9orie du signal), de domaines applicatifs, et d&rsquo;une communaut\u00e9 s&rsquo;int\u00e9ressant aux sp\u00e9cificit\u00e9s des donn\u00e9es temporelles !<\/p>\n<p><strong>L&rsquo;objectif des \u00ab\u00a0journ\u00e9es sur les donn\u00e9es temporelles\u00a0\u00bb de Rennes est de croiser les regards sur les approches de l&rsquo;analyse de donn\u00e9es temporelles (s\u00e9ries temporelles et s\u00e9quences) et de leur applications.<\/strong><\/p>\n<p>Les journ\u00e9es se d\u00e9rouleront les <strong>25 et 26 mars 2019<\/strong> au centre <strong>Inria de Rennes<\/strong> organis\u00e9 par les \u00e9quipes LACODAM et LinkMedia d&rsquo;Inria Rennes et de l&rsquo;IRISA en collaboration avec Orange Labs dans le cadre du projet PGMO financ\u00e9 par la Fondation Math\u00e9matique Jacques Hadamard.<\/p>\n<p>Ces journ\u00e9es sont ouvertes \u00e0 tous avec une inscription gratuite. Le programme de ces journ\u00e9es contiendra:<\/p>\n<ul>\n<li>Des pr\u00e9sentations invit\u00e9s (constitution du programme en cours)<\/li>\n<li>Une session Poster sur appel \u00e0 contribution aupr\u00e8s des participants (spotlight presentation et session d\u00e9jeunatoire avec poster)<\/li>\n<\/ul>\n<p><\/p>","protected":false},"excerpt":{"rendered":"<p>Les pr\u00e9sentations des orateurs invit\u00e9s et de la session poster sont d&rsquo;ores et d\u00e9j\u00e0 en ligne sur la page du programme ! L&rsquo;analyse de donn\u00e9es temporelles est un domaine de recherche de plus en plus actif ces derni\u00e8res ann\u00e9es. En effet, les domaines applicatifs dans lesquels ce type de donn\u00e9es\u2026<\/p>\n<p> <a class=\"continue-reading-link\" href=\"https:\/\/project.inria.fr\/tsdays\/\"><span>Continue reading<\/span><i class=\"crycon-right-dir\"><\/i><\/a> <\/p>\n","protected":false},"author":1,"featured_media":0,"parent":0,"menu_order":0,"comment_status":"closed","ping_status":"open","template":"","meta":{"footnotes":""},"class_list":["post-4","page","type-page","status-publish","hentry"],"_links":{"self":[{"href":"https:\/\/project.inria.fr\/tsdays\/wp-json\/wp\/v2\/pages\/4","targetHints":{"allow":["GET"]}}],"collection":[{"href":"https:\/\/project.inria.fr\/tsdays\/wp-json\/wp\/v2\/pages"}],"about":[{"href":"https:\/\/project.inria.fr\/tsdays\/wp-json\/wp\/v2\/types\/page"}],"author":[{"embeddable":true,"href":"https:\/\/project.inria.fr\/tsdays\/wp-json\/wp\/v2\/users\/1"}],"replies":[{"embeddable":true,"href":"https:\/\/project.inria.fr\/tsdays\/wp-json\/wp\/v2\/comments?post=4"}],"version-history":[{"count":8,"href":"https:\/\/project.inria.fr\/tsdays\/wp-json\/wp\/v2\/pages\/4\/revisions"}],"predecessor-version":[{"id":194,"href":"https:\/\/project.inria.fr\/tsdays\/wp-json\/wp\/v2\/pages\/4\/revisions\/194"}],"wp:attachment":[{"href":"https:\/\/project.inria.fr\/tsdays\/wp-json\/wp\/v2\/media?parent=4"}],"curies":[{"name":"wp","href":"https:\/\/api.w.org\/{rel}","templated":true}]}}