

{"id":70,"date":"2018-12-12T08:32:27","date_gmt":"2018-12-12T07:32:27","guid":{"rendered":"https:\/\/project.inria.fr\/tsdays\/?page_id=70"},"modified":"2018-12-12T08:32:27","modified_gmt":"2018-12-12T07:32:27","slug":"informations-pratiques","status":"publish","type":"page","link":"https:\/\/project.inria.fr\/tsdays\/informations-pratiques\/","title":{"rendered":"Informations pratiques"},"content":{"rendered":"<h4>Localisation<\/h4>\n<p>Les journ\u00e9es ont lieu dans l&rsquo;espace conf\u00e9rence d&rsquo;Inria \u00e0 Rennes.<\/p>\n<h4><img decoding=\"async\" class=\"aligncenter\" src=\"https:\/\/www.inria.fr\/var\/inria\/storage\/images\/medias\/rennes\/presentation-images\/diverses\/centre-inria-rennes-bretagne-atlantique-2014\/900077-1-fre-FR\/centre-inria-rennes-bretagne-atlantique-2014_vignette.jpg\" \/>Comment s&rsquo;y rendre ?<\/h4>\n<h5>En train<\/h5>\n<h6>Rennes est reli\u00e9 par TGV \u00e0 Paris, Lille, Lyon, Marseille, Nancy, Strasbourg. L&rsquo;acc\u00e8s au centre Inria Rennes &#8211; Bretagne Atlantique depuis la gare se fait en m\u00e9tro puis bus :<\/h6>\n<ul>\n<li>depuis la gare prendre la ligne de m\u00e9tro &#8211; direction Kennedy &#8211; arr\u00eat R\u00e9publique &#8211; trajet : 5 mn<\/li>\n<li>depuis la place de la R\u00e9publique prendre\u00a0 un des bus suivants :\n<ul>\n<li>ligne C6 &#8211; direction Cesson-S\u00e9vign\u00e9<\/li>\n<li>ligne C4 &#8211; direction Saint-Sulpice<\/li>\n<li>ligne 40express &#8211; direction Beaulieu Atalante<\/li>\n<li>Arr\u00eat : Tournebride &#8211; trajet : 10 &#8211; 15 mn.<\/li>\n<\/ul>\n<\/li>\n<\/ul>\n<p>Voir les horaires sur le <a href=\"http:\/\/www.star.fr\/\" target=\"_blank\" rel=\"external noopener\">site du STAR<\/a> ou appeler \u00ab\u00a0InfoSTAR\u00a0\u00bb au 02 99 79 37 37.\u00a0Prix du ticket de bus \u00e0 l&rsquo;unit\u00e9 : 1,50\u20ac.<\/p>\n<h5>En avion<\/h5>\n<p>Vous pouvez \u00e9galement arriv\u00e9 \u00e0 Rennes en avion (nombreuses lignes int\u00e9rieures). Pour rejoindre le centre Inria Rennes-Bretagne Atlantique en bus depuis l&rsquo;a\u00e9roport, prendre la ligne de bus 57 puis changer \u00e0 \u00ab\u00a0R\u00e9publique\u00a0\u00bb pour le bus ligne 6, C4 ou 40ex. Descendre \u00e0 l&rsquo;arr\u00eat \u00ab\u00a0Tournebride\u00a0\u00bb.<\/p>\n<p>&nbsp;<\/p>\n<h5>Localisation d&rsquo;Inria sur le Campus de Rennes<\/h5>\n<p><img decoding=\"async\" class=\"aligncenter\" src=\"https:\/\/www.inria.fr\/var\/inria\/storage\/images\/medias\/rennes\/presentation-images\/planaccesinriarennesba\/436150-2-fre-FR\/planaccesinriarennesba_xml_medium.jpg\" \/><br \/>\n<a href=\"https:\/\/www.inria.fr\/medias\/rennes\/presentation-documents\/plan-acces-centre-inria-rennes-bretagne-atlantique\">\u00a0T\u00e9l\u00e9charger le plan en PDF<\/a><\/p>\n","protected":false},"excerpt":{"rendered":"<p>Localisation Les journ\u00e9es ont lieu dans l&rsquo;espace conf\u00e9rence d&rsquo;Inria \u00e0 Rennes. Comment s&rsquo;y rendre ? En train Rennes est reli\u00e9 par TGV \u00e0 Paris, Lille, Lyon, Marseille, Nancy, Strasbourg. L&rsquo;acc\u00e8s au centre Inria Rennes &#8211; Bretagne Atlantique depuis la gare se fait en m\u00e9tro puis bus : depuis la gare\u2026<\/p>\n<p> <a class=\"continue-reading-link\" href=\"https:\/\/project.inria.fr\/tsdays\/informations-pratiques\/\"><span>Continue reading<\/span><i class=\"crycon-right-dir\"><\/i><\/a> <\/p>\n","protected":false},"author":733,"featured_media":0,"parent":0,"menu_order":0,"comment_status":"closed","ping_status":"closed","template":"","meta":{"footnotes":""},"class_list":["post-70","page","type-page","status-publish","hentry"],"_links":{"self":[{"href":"https:\/\/project.inria.fr\/tsdays\/wp-json\/wp\/v2\/pages\/70","targetHints":{"allow":["GET"]}}],"collection":[{"href":"https:\/\/project.inria.fr\/tsdays\/wp-json\/wp\/v2\/pages"}],"about":[{"href":"https:\/\/project.inria.fr\/tsdays\/wp-json\/wp\/v2\/types\/page"}],"author":[{"embeddable":true,"href":"https:\/\/project.inria.fr\/tsdays\/wp-json\/wp\/v2\/users\/733"}],"replies":[{"embeddable":true,"href":"https:\/\/project.inria.fr\/tsdays\/wp-json\/wp\/v2\/comments?post=70"}],"version-history":[{"count":1,"href":"https:\/\/project.inria.fr\/tsdays\/wp-json\/wp\/v2\/pages\/70\/revisions"}],"predecessor-version":[{"id":71,"href":"https:\/\/project.inria.fr\/tsdays\/wp-json\/wp\/v2\/pages\/70\/revisions\/71"}],"wp:attachment":[{"href":"https:\/\/project.inria.fr\/tsdays\/wp-json\/wp\/v2\/media?parent=70"}],"curies":[{"name":"wp","href":"https:\/\/api.w.org\/{rel}","templated":true}]}}