

{"id":72,"date":"2018-12-12T08:37:54","date_gmt":"2018-12-12T07:37:54","guid":{"rendered":"https:\/\/project.inria.fr\/tsdays\/?page_id=72"},"modified":"2019-03-21T21:24:25","modified_gmt":"2019-03-21T20:24:25","slug":"inscriptions","status":"publish","type":"page","link":"https:\/\/project.inria.fr\/tsdays\/inscriptions\/","title":{"rendered":"Inscriptions"},"content":{"rendered":"<p>L&rsquo;inscription est gratuite et obligatoire. Une inscription comprend :<\/p>\n<ul>\n<li>l&rsquo;acc\u00e8s \u00e0 toutes les conf\u00e9rences<\/li>\n<li>la possibilit\u00e9 de soumettre un poster sur la th\u00e9matique de l&rsquo;analyse de donn\u00e9es temporelles (acceptation des posters par le comit\u00e9 d&rsquo;organisation)<\/li>\n<li>les pauses<\/li>\n<li>le d\u00e9jeuner du mardi midi (dans la limite du budget disponible par l&rsquo;organisation: en cas de d\u00e9passement de capacit\u00e9, seuls les premiers inscrits pourront en b\u00e9n\u00e9ficier)<\/li>\n<\/ul>\n<div class=\"alert\">\nLes inscriptions sont closes.\n<\/div>\n<p><!--\n\n\n<div class=\"alert\">\nPour des raisons organisationnelles, il n'est plus possible de s'inscrire pour le repas du mardi midi. Vous pouvez continuer \u00e0 vous inscrire, mais nous ne pourrons pas assurer votre restauration. Merci de votre compr\u00e9hension.\n<\/div>\n\n \n\n[formidable id=\"3\"]\n--><\/p>\n<p>Pour toute demande de renseignement, contacter les organisateurs : <a href=\"mailto:tsdays2019@inria.fr\">tsdays2019@inria.fr<\/a>.<\/p>\n","protected":false},"excerpt":{"rendered":"<p>L&rsquo;inscription est gratuite et obligatoire. Une inscription comprend : l&rsquo;acc\u00e8s \u00e0 toutes les conf\u00e9rences la possibilit\u00e9 de soumettre un poster sur la th\u00e9matique de l&rsquo;analyse de donn\u00e9es temporelles (acceptation des posters par le comit\u00e9 d&rsquo;organisation) les pauses le d\u00e9jeuner du mardi midi (dans la limite du budget disponible par l&rsquo;organisation:\u2026<\/p>\n<p> <a class=\"continue-reading-link\" href=\"https:\/\/project.inria.fr\/tsdays\/inscriptions\/\"><span>Continue reading<\/span><i class=\"crycon-right-dir\"><\/i><\/a> <\/p>\n","protected":false},"author":733,"featured_media":0,"parent":0,"menu_order":0,"comment_status":"closed","ping_status":"closed","template":"","meta":{"footnotes":""},"class_list":["post-72","page","type-page","status-publish","hentry"],"_links":{"self":[{"href":"https:\/\/project.inria.fr\/tsdays\/wp-json\/wp\/v2\/pages\/72","targetHints":{"allow":["GET"]}}],"collection":[{"href":"https:\/\/project.inria.fr\/tsdays\/wp-json\/wp\/v2\/pages"}],"about":[{"href":"https:\/\/project.inria.fr\/tsdays\/wp-json\/wp\/v2\/types\/page"}],"author":[{"embeddable":true,"href":"https:\/\/project.inria.fr\/tsdays\/wp-json\/wp\/v2\/users\/733"}],"replies":[{"embeddable":true,"href":"https:\/\/project.inria.fr\/tsdays\/wp-json\/wp\/v2\/comments?post=72"}],"version-history":[{"count":15,"href":"https:\/\/project.inria.fr\/tsdays\/wp-json\/wp\/v2\/pages\/72\/revisions"}],"predecessor-version":[{"id":172,"href":"https:\/\/project.inria.fr\/tsdays\/wp-json\/wp\/v2\/pages\/72\/revisions\/172"}],"wp:attachment":[{"href":"https:\/\/project.inria.fr\/tsdays\/wp-json\/wp\/v2\/media?parent=72"}],"curies":[{"name":"wp","href":"https:\/\/api.w.org\/{rel}","templated":true}]}}