

{"id":180,"date":"2012-11-09T15:51:31","date_gmt":"2012-11-09T14:51:31","guid":{"rendered":"https:\/\/project.inria.fr\/turing2012\/?page_id=180"},"modified":"2013-10-10T08:56:56","modified_gmt":"2013-10-10T06:56:56","slug":"photos","status":"publish","type":"page","link":"https:\/\/project.inria.fr\/turing2012\/photos\/","title":{"rendered":"Photos"},"content":{"rendered":"<p><a href=\"https:\/\/project.inria.fr\/turing2012\/files\/2012\/11\/P1060272.jpg\"><img loading=\"lazy\" decoding=\"async\" class=\"alignnone size-medium wp-image-200\" title=\"Test de Turing\" src=\"https:\/\/project.inria.fr\/turing2012\/files\/2012\/11\/P1060272-300x225.jpg\" alt=\"\" width=\"300\" height=\"225\" srcset=\"https:\/\/project.inria.fr\/turing2012\/files\/2012\/11\/P1060272-300x225.jpg 300w, https:\/\/project.inria.fr\/turing2012\/files\/2012\/11\/P1060272-1024x768.jpg 1024w\" sizes=\"auto, (max-width: 300px) 100vw, 300px\" \/><\/a><a href=\"https:\/\/project.inria.fr\/turing2012\/files\/2012\/11\/P1060285.jpg\"><img loading=\"lazy\" decoding=\"async\" class=\"alignnone size-medium wp-image-197\" title=\"Une bibliographie subjective (Olivier Ridoux)\" src=\"https:\/\/project.inria.fr\/turing2012\/files\/2012\/11\/P1060285-300x225.jpg\" alt=\"\" width=\"300\" height=\"225\" srcset=\"https:\/\/project.inria.fr\/turing2012\/files\/2012\/11\/P1060285-300x225.jpg 300w, https:\/\/project.inria.fr\/turing2012\/files\/2012\/11\/P1060285-1024x768.jpg 1024w\" sizes=\"auto, (max-width: 300px) 100vw, 300px\" \/><\/a><a href=\"https:\/\/project.inria.fr\/turing2012\/files\/2012\/11\/P1020873.jpg\"><img loading=\"lazy\" decoding=\"async\" class=\"alignnone size-medium wp-image-192\" title=\"V\u00e9ritable Enigma (merci \u00e0 l'Espace Ferri\u00e9)\" src=\"https:\/\/project.inria.fr\/turing2012\/files\/2012\/11\/P1020873-300x168.jpg\" alt=\"\" width=\"300\" height=\"168\" srcset=\"https:\/\/project.inria.fr\/turing2012\/files\/2012\/11\/P1020873-300x168.jpg 300w, https:\/\/project.inria.fr\/turing2012\/files\/2012\/11\/P1020873-1024x576.jpg 1024w\" sizes=\"auto, (max-width: 300px) 100vw, 300px\" \/><\/a><a href=\"https:\/\/project.inria.fr\/turing2012\/files\/2012\/11\/P1020860.jpg\"><img loading=\"lazy\" decoding=\"async\" class=\"alignnone size-medium wp-image-190\" title=\"Attroupement autour de l'Enigma\" src=\"https:\/\/project.inria.fr\/turing2012\/files\/2012\/11\/P1020860-300x225.jpg\" alt=\"\" width=\"300\" height=\"225\" srcset=\"https:\/\/project.inria.fr\/turing2012\/files\/2012\/11\/P1020860-300x225.jpg 300w, https:\/\/project.inria.fr\/turing2012\/files\/2012\/11\/P1020860-1024x768.jpg 1024w\" sizes=\"auto, (max-width: 300px) 100vw, 300px\" \/><\/a><a href=\"https:\/\/project.inria.fr\/turing2012\/files\/2012\/11\/IMG_0045.jpg\"><img loading=\"lazy\" decoding=\"async\" class=\"alignnone size-medium wp-image-182\" title=\"Cassez de codes (Mayeul de Werbier)\" src=\"https:\/\/project.inria.fr\/turing2012\/files\/2012\/11\/IMG_0045-225x300.jpg\" alt=\"\" width=\"225\" height=\"300\" srcset=\"https:\/\/project.inria.fr\/turing2012\/files\/2012\/11\/IMG_0045-225x300.jpg 225w, https:\/\/project.inria.fr\/turing2012\/files\/2012\/11\/IMG_0045-768x1024.jpg 768w\" sizes=\"auto, (max-width: 225px) 100vw, 225px\" \/><\/a><a href=\"https:\/\/project.inria.fr\/turing2012\/files\/2012\/11\/P1020859.jpg\"><img loading=\"lazy\" decoding=\"async\" class=\"alignnone size-medium wp-image-189\" title=\"Simulateur d'Enigma (Quentin de Grandmaison)\" src=\"https:\/\/project.inria.fr\/turing2012\/files\/2012\/11\/P1020859-300x225.jpg\" alt=\"\" width=\"300\" height=\"225\" srcset=\"https:\/\/project.inria.fr\/turing2012\/files\/2012\/11\/P1020859-300x225.jpg 300w, https:\/\/project.inria.fr\/turing2012\/files\/2012\/11\/P1020859-1024x768.jpg 1024w\" sizes=\"auto, (max-width: 300px) 100vw, 300px\" \/><\/a><a href=\"https:\/\/project.inria.fr\/turing2012\/files\/2012\/11\/P1020857.jpg\"><img loading=\"lazy\" decoding=\"async\" class=\"alignnone size-medium wp-image-188\" title=\"Que calcule cette machine ? (Louis Rabiet)\" src=\"https:\/\/project.inria.fr\/turing2012\/files\/2012\/11\/P1020857-300x225.jpg\" alt=\"\" width=\"300\" height=\"225\" srcset=\"https:\/\/project.inria.fr\/turing2012\/files\/2012\/11\/P1020857-300x225.jpg 300w, https:\/\/project.inria.fr\/turing2012\/files\/2012\/11\/P1020857-1024x768.jpg 1024w\" sizes=\"auto, (max-width: 300px) 100vw, 300px\" \/><\/a><a href=\"https:\/\/project.inria.fr\/turing2012\/files\/2012\/11\/P1020844.jpg\"><img loading=\"lazy\" decoding=\"async\" class=\"alignnone size-medium wp-image-186\" title=\"Simulateur de machine de Turing (Princeton)\" src=\"https:\/\/project.inria.fr\/turing2012\/files\/2012\/11\/P1020844-300x225.jpg\" alt=\"\" width=\"300\" height=\"225\" srcset=\"https:\/\/project.inria.fr\/turing2012\/files\/2012\/11\/P1020844-300x225.jpg 300w, https:\/\/project.inria.fr\/turing2012\/files\/2012\/11\/P1020844-1024x768.jpg 1024w\" sizes=\"auto, (max-width: 300px) 100vw, 300px\" \/><\/a><a href=\"https:\/\/project.inria.fr\/turing2012\/files\/2012\/11\/P1020843.jpg\"><img loading=\"lazy\" decoding=\"async\" class=\"alignnone size-medium wp-image-185\" title=\"La machine de Turing en papier\" src=\"https:\/\/project.inria.fr\/turing2012\/files\/2012\/11\/P1020843-225x300.jpg\" alt=\"\" width=\"225\" height=\"300\" srcset=\"https:\/\/project.inria.fr\/turing2012\/files\/2012\/11\/P1020843-225x300.jpg 225w, https:\/\/project.inria.fr\/turing2012\/files\/2012\/11\/P1020843-768x1024.jpg 768w\" sizes=\"auto, (max-width: 225px) 100vw, 225px\" \/><\/a><a href=\"https:\/\/project.inria.fr\/turing2012\/files\/2012\/11\/P1020835.jpg\"><img loading=\"lazy\" decoding=\"async\" class=\"alignnone size-medium wp-image-184\" title=\"Chiffrement de C\u00e9sar\" src=\"https:\/\/project.inria.fr\/turing2012\/files\/2012\/11\/P1020835-168x300.jpg\" alt=\"\" width=\"168\" height=\"300\" srcset=\"https:\/\/project.inria.fr\/turing2012\/files\/2012\/11\/P1020835-168x300.jpg 168w, https:\/\/project.inria.fr\/turing2012\/files\/2012\/11\/P1020835-576x1024.jpg 576w\" sizes=\"auto, (max-width: 168px) 100vw, 168px\" \/><\/a><a href=\"https:\/\/project.inria.fr\/turing2012\/files\/2012\/11\/P1020866.jpg\"><img loading=\"lazy\" decoding=\"async\" class=\"alignnone size-medium wp-image-191\" title=\"Quelques organisateurs satisfaits\" src=\"https:\/\/project.inria.fr\/turing2012\/files\/2012\/11\/P1020866-300x225.jpg\" alt=\"\" width=\"300\" height=\"225\" srcset=\"https:\/\/project.inria.fr\/turing2012\/files\/2012\/11\/P1020866-300x225.jpg 300w, https:\/\/project.inria.fr\/turing2012\/files\/2012\/11\/P1020866-1024x768.jpg 1024w\" sizes=\"auto, (max-width: 300px) 100vw, 300px\" \/><\/a><a href=\"https:\/\/project.inria.fr\/turing2012\/files\/2012\/11\/P1020850.jpg\"><img loading=\"lazy\" decoding=\"async\" class=\"alignnone size-medium wp-image-187\" title=\"L'utile et l'agr\u00e9able\" src=\"https:\/\/project.inria.fr\/turing2012\/files\/2012\/11\/P1020850-300x225.jpg\" alt=\"\" width=\"300\" height=\"225\" srcset=\"https:\/\/project.inria.fr\/turing2012\/files\/2012\/11\/P1020850-300x225.jpg 300w, https:\/\/project.inria.fr\/turing2012\/files\/2012\/11\/P1020850-1024x768.jpg 1024w\" sizes=\"auto, (max-width: 300px) 100vw, 300px\" \/><\/a><a href=\"https:\/\/project.inria.fr\/turing2012\/files\/2012\/11\/P1020886.jpg\"><img loading=\"lazy\" decoding=\"async\" class=\"alignnone size-medium wp-image-193\" title=\"Autour d'un verre\" src=\"https:\/\/project.inria.fr\/turing2012\/files\/2012\/11\/P1020886-300x168.jpg\" alt=\"\" width=\"300\" height=\"168\" srcset=\"https:\/\/project.inria.fr\/turing2012\/files\/2012\/11\/P1020886-300x168.jpg 300w, https:\/\/project.inria.fr\/turing2012\/files\/2012\/11\/P1020886-1024x576.jpg 1024w\" sizes=\"auto, (max-width: 300px) 100vw, 300px\" \/><\/a><a href=\"https:\/\/project.inria.fr\/turing2012\/files\/2012\/11\/P1060351.jpg\"><img loading=\"lazy\" decoding=\"async\" title=\"Intelligence artificielle, le film du soir\" src=\"https:\/\/project.inria.fr\/turing2012\/files\/2012\/11\/P1060351-300x225.jpg\" alt=\"\" width=\"300\" height=\"225\" \/><\/a><\/p>","protected":false},"excerpt":{"rendered":"","protected":false},"author":214,"featured_media":0,"parent":0,"menu_order":0,"comment_status":"closed","ping_status":"open","template":"","meta":{"footnotes":""},"class_list":["post-180","page","type-page","status-publish","hentry","nodate","item-wrap"],"_links":{"self":[{"href":"https:\/\/project.inria.fr\/turing2012\/wp-json\/wp\/v2\/pages\/180","targetHints":{"allow":["GET"]}}],"collection":[{"href":"https:\/\/project.inria.fr\/turing2012\/wp-json\/wp\/v2\/pages"}],"about":[{"href":"https:\/\/project.inria.fr\/turing2012\/wp-json\/wp\/v2\/types\/page"}],"author":[{"embeddable":true,"href":"https:\/\/project.inria.fr\/turing2012\/wp-json\/wp\/v2\/users\/214"}],"replies":[{"embeddable":true,"href":"https:\/\/project.inria.fr\/turing2012\/wp-json\/wp\/v2\/comments?post=180"}],"version-history":[{"count":7,"href":"https:\/\/project.inria.fr\/turing2012\/wp-json\/wp\/v2\/pages\/180\/revisions"}],"predecessor-version":[{"id":221,"href":"https:\/\/project.inria.fr\/turing2012\/wp-json\/wp\/v2\/pages\/180\/revisions\/221"}],"wp:attachment":[{"href":"https:\/\/project.inria.fr\/turing2012\/wp-json\/wp\/v2\/media?parent=180"}],"curies":[{"name":"wp","href":"https:\/\/api.w.org\/{rel}","templated":true}]}}