

{"id":4,"date":"2011-12-08T11:55:34","date_gmt":"2011-12-08T11:55:34","guid":{"rendered":"http:\/\/project.inria.fr\/template1\/?page_id=4"},"modified":"2013-10-10T08:56:56","modified_gmt":"2013-10-10T06:56:56","slug":"home","status":"publish","type":"page","link":"https:\/\/project.inria.fr\/turing2012\/","title":{"rendered":"Alan Turing 100e anniversaire"},"content":{"rendered":"<p><\/p>\n<h2><strong><a href=\"http:\/\/project.inria.fr\/turing2012\/files\/2011\/12\/affiche1.jpg\"><img loading=\"lazy\" decoding=\"async\" class=\"alignright size-medium wp-image-113\" title=\"affiche\" src=\"http:\/\/project.inria.fr\/turing2012\/files\/2011\/12\/affiche1-210x300.jpg\" alt=\"\" width=\"210\" height=\"300\" srcset=\"https:\/\/project.inria.fr\/turing2012\/files\/2011\/12\/affiche1-210x300.jpg 210w, https:\/\/project.inria.fr\/turing2012\/files\/2011\/12\/affiche1.jpg 450w\" sizes=\"auto, (max-width: 210px) 100vw, 210px\" \/><\/a><span style=\"color: #ff6600;\">Rendez vous sur le site :\u00a0<\/span><\/strong><span style=\"color: #ff6600;\"><strong>turing2012.irisa.fr<\/strong><\/span><\/h2>\n<p>A l&rsquo;occasion du centi\u00e8me anniversaire de la naissance d&rsquo;Alan Turing, un des fondateurs de la science informatique, un \u00e9v\u00e9nement ludique est organis\u00e9 autour de ses travaux. Au programme : ateliers, \u00e9nigmes, lots, collation et film !<\/p>\n<h2 style=\"text-align: center;\"><span style=\"color: #ff6600;\">jeudi 25 octobre 2012<\/span><\/h2>\n<h2 style=\"text-align: center;\"><span style=\"color: #ff6600;\">14h-22h Campus Beaulieu Hall ISTIC Bat 12D<\/span><\/h2>\n<h2 style=\"text-align: center;\"><span style=\"color: #ff6600;\">ENTR\u00c9E LIBRE<\/span><\/h2>\n<p><strong>PROGRAMME D\u00c9TAILL\u00c9<\/strong><\/p>\n<p><strong>14h-19h : ATELIERS avec CONCOURS permanents<\/strong><\/p>\n<ul>\n<li>\u201cMachine ou humain ? Passez le test de Turing par Quentin Heyler et Marie-Odile Cordier<\/li>\n<li>\u201cLa machine de Turing, ou l\u2019ordinateur de papier\u201d par Louis Rabiet et David Gross-Amblard<\/li>\n<li>\u201cBriser le code : Enigma et la cryptographie\u201d par Quentin de Grandmaison, Florian Duros, Mayeul de Werbier et Micka\u00ebl Foursov<\/li>\n<li>\u00ab\u00a0Reading room : Turing, une bibliographie subjective\u201d par Olivier Ridoux<\/li>\n<\/ul>\n<p><strong>14h et toutes les 30mn, amphi P :<\/strong><\/p>\n<ul>\n<li>projection du documentaire \u00ab\u00a0Le Mod\u00e8le Turing\u00a0\u00bb<\/li>\n<li>\u00e9galement \u00ab\u00a0la machine de Turing en LEGO\u00a0\u00bb (ENS Lyon)<\/li>\n<\/ul>\n<p><strong><strong><span style=\"color: #ff0000;\">Nouveau : 16h30 : pr\u00e9sentation d&rsquo;une v\u00e9ritable machine ENIGMA !<\/span><br \/>\n<\/strong><\/strong><\/p>\n<p><strong>17h-19h, hall ISTIC : collation, 18h20 : r\u00e9sultat des concours<\/strong><\/p>\n<p><strong>19h, amphi P : FILM \u00ab\u00a0A.I. Intelligence artificielle\u00a0\u00bb (Steven Spielberg,VF)<\/strong><\/p>\n<p>Avec la participation de l&rsquo;ENS Cachan Bretagne, l&rsquo;ESIR, Inria, l&rsquo;IRISA, l&rsquo;ISTIC et l&rsquo;Universit\u00e9 de Rennes 1<\/p>\n<p>Avec l&rsquo;aide des associations \u00e9tudiantes :\u00a0<a href=\"http:\/\/bdepalme.org\/\">La Palme<\/a>\u00a0et\u00a0<a href=\"http:\/\/big.ifsic.univ-rennes1.fr\/miage\/\">la BIG<\/a><\/p>","protected":false},"excerpt":{"rendered":"<p>Rendez vous sur le site :\u00a0turing2012.irisa.fr A l&rsquo;occasion du centi\u00e8me anniversaire de la naissance d&rsquo;Alan Turing, un des fondateurs de la science informatique, un \u00e9v\u00e9nement ludique est organis\u00e9 autour de ses travaux. Au programme : ateliers, \u00e9nigmes, lots, collation et film ! jeudi 25 octobre 2012 14h-22h Campus Beaulieu Hall ISTIC Bat 12D ENTR\u00c9E LIBRE &hellip; <\/p>\n<p><a class=\"more-link btn\" href=\"https:\/\/project.inria.fr\/turing2012\/\">Lire la suite<\/a><\/p>\n","protected":false},"author":1,"featured_media":0,"parent":0,"menu_order":0,"comment_status":"closed","ping_status":"open","template":"","meta":{"footnotes":""},"class_list":["post-4","page","type-page","status-publish","hentry","nodate","item-wrap"],"_links":{"self":[{"href":"https:\/\/project.inria.fr\/turing2012\/wp-json\/wp\/v2\/pages\/4","targetHints":{"allow":["GET"]}}],"collection":[{"href":"https:\/\/project.inria.fr\/turing2012\/wp-json\/wp\/v2\/pages"}],"about":[{"href":"https:\/\/project.inria.fr\/turing2012\/wp-json\/wp\/v2\/types\/page"}],"author":[{"embeddable":true,"href":"https:\/\/project.inria.fr\/turing2012\/wp-json\/wp\/v2\/users\/1"}],"replies":[{"embeddable":true,"href":"https:\/\/project.inria.fr\/turing2012\/wp-json\/wp\/v2\/comments?post=4"}],"version-history":[{"count":13,"href":"https:\/\/project.inria.fr\/turing2012\/wp-json\/wp\/v2\/pages\/4\/revisions"}],"predecessor-version":[{"id":211,"href":"https:\/\/project.inria.fr\/turing2012\/wp-json\/wp\/v2\/pages\/4\/revisions\/211"}],"wp:attachment":[{"href":"https:\/\/project.inria.fr\/turing2012\/wp-json\/wp\/v2\/media?parent=4"}],"curies":[{"name":"wp","href":"https:\/\/api.w.org\/{rel}","templated":true}]}}