

{"id":63,"date":"2012-10-06T15:14:04","date_gmt":"2012-10-06T13:14:04","guid":{"rendered":"http:\/\/project.inria.fr\/turing2012\/?page_id=63"},"modified":"2013-10-10T08:56:56","modified_gmt":"2013-10-10T06:56:56","slug":"francais-presentation-et-projection-du-film-a-i-intelligence-artificielle","status":"publish","type":"page","link":"https:\/\/project.inria.fr\/turing2012\/francais-le-programme-des-animations\/francais-presentation-et-projection-du-film-a-i-intelligence-artificielle\/","title":{"rendered":"Pr\u00e9sentation et projection du film \u201cA.I.  Intelligence artificielle\u201d"},"content":{"rendered":"<p><a href=\"http:\/\/project.inria.fr\/turing2012\/files\/2012\/10\/ai.gif\"><img loading=\"lazy\" decoding=\"async\" class=\" wp-image-101 alignleft\" title=\"ai\" src=\"http:\/\/project.inria.fr\/turing2012\/files\/2012\/10\/ai-150x150.gif\" alt=\"\" width=\"250\" height=\"250\" \/><\/a><\/p>\n<p>Production: Steven Spielberg, Kathleen Kennedy, Bonnie Curtis<\/p>\n<p>Sc\u00e9nario: Steven Spielberg d&rsquo;apr\u00e8s la nouvelle de Brian Aldiss<br \/>\nInterpr\u00e8tes: Haley Joel Osment (David), Jude Law (Gigolo Joe), William Hurt (le Professeur Hobby), Frances O&rsquo;Connor (Monica Swinton), Jake Thomas (Martin Swinton), Sam Robards (Henry Swinton), Brendan Gleeson (Lord Johnson-Johnson)<br \/>\nD\u00e9corateur: Rick Carter<br \/>\nConception des robots: Stan Winston Studio<br \/>\nEffets Visuels et Animations: Industrial Light &amp; Magic<br \/>\nEffets Visuels et sonores: 1.85 \/ Dolby Digital \/ DTS \/ SDDS \/ Agr\u00e9\u00e9 THX<br \/>\nDirecteur de la photographie: Janusz Kaminski<br \/>\nMusique: John Williams<br \/>\nDur\u00e9e cin\u00e9ma: 145 mn Couleur<\/p>\n<p>&nbsp;<\/p>\n<p>Dans un futur proche, l&rsquo;effet de serre a caus\u00e9 l&rsquo;inondation de la plupart des grandes villes, les hommes sont contraints de vivre sur des cit\u00e9s flottantes surpeupl\u00e9es. Les naissances sont tr\u00e8s control\u00e9s. Un couple ne doit avoir qu&rsquo;un seul enfant, si il en souhaite un autre il doit se contenter d&rsquo;un andro\u00efde. Monica (Frances O&rsquo;Connor) et Martin Swinton (Jake Thomas) viennent de perdre leur fils. Il a \u00e9t\u00e9 cryog\u00e9nis\u00e9e en attendant la d\u00e9couverte d&rsquo;un rem\u00e8de pour gu\u00e9rir sa maladie. Pour palier \u00e0 leur chagrin les Swinton adoptent David (Haley Joel Osment), un andro\u00efde de onze ans. Monica ne parvient pas \u00e0 aimer David comme son enfant, il n&rsquo;est pas humain et ne peut remplacer son fils ch\u00e9rie. David ressent l&rsquo;antipathie de Monica \u00e0 son encontre. Il la consid\u00e8re pourtant comme sa m\u00e8re, et effectue un p\u00e9riple initiatique \u00e0 la recherche de ce qui le rendra humain.<\/p>","protected":false},"excerpt":{"rendered":"<p>Production: Steven Spielberg, Kathleen Kennedy, Bonnie Curtis Sc\u00e9nario: Steven Spielberg d&rsquo;apr\u00e8s la nouvelle de Brian Aldiss Interpr\u00e8tes: Haley Joel Osment (David), Jude Law (Gigolo Joe), William Hurt (le Professeur Hobby), Frances O&rsquo;Connor (Monica Swinton), Jake Thomas (Martin Swinton), Sam Robards (Henry Swinton), Brendan Gleeson (Lord Johnson-Johnson) D\u00e9corateur: Rick Carter Conception des robots: Stan Winston Studio &hellip; <\/p>\n<p><a class=\"more-link btn\" href=\"https:\/\/project.inria.fr\/turing2012\/francais-le-programme-des-animations\/francais-presentation-et-projection-du-film-a-i-intelligence-artificielle\/\">Lire la suite<\/a><\/p>\n","protected":false},"author":217,"featured_media":0,"parent":66,"menu_order":5,"comment_status":"closed","ping_status":"open","template":"","meta":{"footnotes":""},"class_list":["post-63","page","type-page","status-publish","hentry","nodate","item-wrap"],"_links":{"self":[{"href":"https:\/\/project.inria.fr\/turing2012\/wp-json\/wp\/v2\/pages\/63","targetHints":{"allow":["GET"]}}],"collection":[{"href":"https:\/\/project.inria.fr\/turing2012\/wp-json\/wp\/v2\/pages"}],"about":[{"href":"https:\/\/project.inria.fr\/turing2012\/wp-json\/wp\/v2\/types\/page"}],"author":[{"embeddable":true,"href":"https:\/\/project.inria.fr\/turing2012\/wp-json\/wp\/v2\/users\/217"}],"replies":[{"embeddable":true,"href":"https:\/\/project.inria.fr\/turing2012\/wp-json\/wp\/v2\/comments?post=63"}],"version-history":[{"count":7,"href":"https:\/\/project.inria.fr\/turing2012\/wp-json\/wp\/v2\/pages\/63\/revisions"}],"predecessor-version":[{"id":220,"href":"https:\/\/project.inria.fr\/turing2012\/wp-json\/wp\/v2\/pages\/63\/revisions\/220"}],"up":[{"embeddable":true,"href":"https:\/\/project.inria.fr\/turing2012\/wp-json\/wp\/v2\/pages\/66"}],"wp:attachment":[{"href":"https:\/\/project.inria.fr\/turing2012\/wp-json\/wp\/v2\/media?parent=63"}],"curies":[{"name":"wp","href":"https:\/\/api.w.org\/{rel}","templated":true}]}}