

{"id":111,"date":"2020-02-11T17:53:13","date_gmt":"2020-02-11T16:53:13","guid":{"rendered":"https:\/\/project.inria.fr\/ucancer2020\/?page_id=111"},"modified":"2021-10-19T09:02:28","modified_gmt":"2021-10-19T07:02:28","slug":"program","status":"publish","type":"page","link":"https:\/\/project.inria.fr\/ucancer2020\/program\/","title":{"rendered":"Program"},"content":{"rendered":"<p>Sessions: long talks (45\u2019 including questions) and short talks (25\u2019 including questions).<\/p>\n<h1 style=\"text-align: left;\">Monday October 25<\/h1>\n<p>9:30 &#8211; 10:00 Welcome<\/p>\n<p><span style=\"background-color: #ccffff;\"><strong><em>Session 1: Chemical biology for cancer therapy<\/em><\/strong><\/span><\/p>\n<ul>\n<li>10:00 &#8211; 10:45 <a href=\"https:\/\/science.curie.fr\/members\/raphael-rodriguez-phd\/\">Rapha\u00ebl Rodriguez<\/a>\u00a0&#8211; Institut Curie, Paris (France)<br \/>\n<strong>&#8220;Reprogramming the reactivity of iron in cancer&#8221; <\/strong>&#8211; <a href=\"https:\/\/project.inria.fr\/ucancer2020\/files\/2020\/02\/Abstract_Rodriguez.pdf\">Abstract<\/a><strong><br \/>\n<\/strong><\/li>\n<li>10:45 &#8211; 11:10 <a href=\"http:\/\/ibv.unice.fr\/research-team\/virolle\/\">Thierry Virolle<\/a> &#8211; Institut de Biologie Valrose, Nice (France)<br \/>\n&#8220;<strong>Targeting Glioblastoma stem cell plasticity : toward an innovative and efficient anti-cancer stem cell therapy<\/strong>&#8221; &#8211; <a href=\"https:\/\/project.inria.fr\/ucancer2020\/files\/2020\/02\/Abstract_Virolle.pdf\">Abstract<\/a><\/li>\n<li>11:10 &#8211; 11:35 <a href=\"https:\/\/team.inria.fr\/abs\/homepage-meline-simsir\/\">M\u00e9lin\u00e9 Simsir<\/a>\u00a0&#8211; Institut de Pharmacologie Mol\u00e9culaire et Cellulaire &amp; Inria, Sophia Antipolis (France)<br \/>\n<strong>&#8220;On the drug export mechanism by efflux pump Patched&#8221;<\/strong> &#8211; <a href=\"https:\/\/project.inria.fr\/ucancer2020\/files\/2020\/02\/Abstract_Simsir.pdf\" target=\"_blank\" rel=\"noopener\">Abstract<\/a><\/li>\n<li>11:35 -11:45 Le <a href=\"https:\/\/canceropole-paca.com\/\" target=\"_blank\" rel=\"noopener\">Cancerop\u00f4le PACA<\/a><\/li>\n<li>11:45 &#8211; 11:55 <a href=\"https:\/\/sfc.asso.fr\/\" target=\"_blank\" rel=\"noopener\">Soci\u00e9t\u00e9 Fran\u00e7aise du Cancer<\/a><\/li>\n<\/ul>\n<p>Lunch<\/p>\n<p><strong><span style=\"background-color: #ccffff;\"><em>Session 2: Personalized and translational medicine<\/em><\/span><\/strong><\/p>\n<ul>\n<li>13:30 &#8211; 14:15 <a href=\"https:\/\/www.bsc.es\/valencia-alfonso\">Alfonso Valencia<\/a>\u00a0&#8211; Barcelona Supercomputing Center, Barcelona (Spain)<br \/>\n&#8220;<strong>Molecular basis of disease comorbidities<\/strong>&#8221; &#8211; Abstract<\/li>\n<li>14:15 &#8211; 15:00 <a href=\"http:\/\/www.markowetzlab.org\/florian\/\" target=\"_blank\" rel=\"noopener\">Florian Markowetz<\/a>\u00a0&#8211; University of Cambridge, Cambridge (UK)<br \/>\n&#8220;<strong>A pan-cancer compendium of chromosomal instability<\/strong>&#8220;<\/li>\n<\/ul>\n<p>Break<\/p>\n<p><span style=\"background-color: #ccffff;\"><strong><em>Session 3: Mathematical models of tumor growth<\/em><\/strong><\/span><\/p>\n<ul>\n<li>15:20 &#8211; 16:05\u00a0<a href=\"http:\/\/ms.izbi.uni-leipzig.de\/index.php\/members\/9-uncategorised\/82-personal-page-dirk-drasdo\">Dirk Drasdo<\/a>\u00a0&#8211; Inria, Paris (France)<br \/>\n<strong>&#8220;Quantitative single-cell-based modeling reveals predictable response of growing tumor spheroids on external mechanical stress&#8221;<\/strong> &#8211; <a href=\"https:\/\/project.inria.fr\/ucancer2020\/files\/2020\/02\/Abstract_Drasdo.pdf\">Abstract<\/a><\/li>\n<li>16:05 &#8211; 16:30\u00a0<a href=\"https:\/\/sites.google.com\/view\/kevin-atsou\" target=\"_blank\" rel=\"noopener\">K\u00e9vin Atsou<\/a>\u00a0&#8211; Inria, Sophia Antipolis &amp; Laboratoire J.-A. Dieudonn\u00e9, Nice (France)<br \/>\n<strong>&#8220;A size and space structured model for tumors and immune cell interactions&#8221;<\/strong> &#8211; <a href=\"https:\/\/project.inria.fr\/ucancer2020\/files\/2020\/02\/Abstract_Atsou.pdf\">Abstract<\/a><\/li>\n<li>16:30 &#8211; 16:55\u00a0<a href=\"https:\/\/benzekry.perso.math.cnrs.fr\/\">S\u00e9bastien Benzekry<\/a> &#8211; Inria, Sophia Antipolis &amp; Centre de Recherche en Canc\u00e9rologie de Marseille, Marseille (France)<br \/>\n<strong>&#8220;Quantitative modeling of metastasis: cancer at the organism scale&#8221;<\/strong> &#8211; <a href=\"https:\/\/project.inria.fr\/ucancer2020\/files\/2020\/03\/Abstract_Benzekry.pdf\">Abstract<\/a><\/li>\n<\/ul>\n<hr \/>\n<h1 style=\"text-align: left;\"><span style=\"background-color: #ffffff;\">Tuesday October 26<\/span><\/h1>\n<p><span style=\"background-color: #ccffff;\"><strong><em>Session 4: Network and systems biology of cancer<\/em><\/strong><\/span><\/p>\n<ul>\n<li>9:15 &#8211; 10:00 <a href=\"https:\/\/team.inria.fr\/abs\/team-members\/former-members\/homepage-noel-malod-dognin\/\">No\u00ebl Malod-Dognin<\/a>\u00a0&#8211; Barcelona Supercomputing Center, Barcelona (Spain)<br \/>\n<strong>&#8220;Towards a data-integrated cell&#8221;<\/strong> &#8211; <a href=\"https:\/\/project.inria.fr\/ucancer2020\/program\/abstract_malod\/\" rel=\"attachment wp-att-158\">Abstract<\/a><\/li>\n<li>10:00 &#8211; 10:45 <a href=\"https:\/\/www.marseille-medical-genetics.org\/a-baudot\">Ana\u00efs Baudot<\/a>\u00a0&#8211; Marseille Medical Genetics, Marseille (France)<br \/>\n<strong>&#8220;Mining and modeling networks to study diseases&#8221;<\/strong> &#8211; <a href=\"https:\/\/project.inria.fr\/ucancer2020\/files\/2020\/02\/Abstract__Baudot.pdf\">Abstract<\/a><\/li>\n<\/ul>\n<p>Break<\/p>\n<p><span style=\"background-color: #ccffff;\"><strong><em>Session 5: Response to cancer treatment<\/em><\/strong><\/span><\/p>\n<ul>\n<li>11:00 &#8211; 11:45\u00a0<a href=\"https:\/\/who.rocq.inria.fr\/Jean.Clairambault\/Jean_Clairambault_en.html\">Jean Clairambault<\/a>\u00a0&#8211; Inria, Paris (France)<br \/>\n<strong>&#8220;A modelling view on drug resistance in cancer, reversible or not, and how to circumvent it&#8221;<\/strong> &#8211; <a href=\"https:\/\/project.inria.fr\/ucancer2020\/files\/2020\/02\/Abstract_Clairambault.pdf\">Abstract<\/a><\/li>\n<li>11:45 &#8211; 12:10\u00a0<a href=\"http:\/\/cvscience.aviesan.fr\/cv\/1687\/jeremie-roux\">J\u00e9r\u00e9mie Roux<\/a>\u00a0&#8211; Institute for Research on Cancer and Aging, Nice (France) \/ <a href=\"https:\/\/www-sop.inria.fr\/members\/Madalena.Chaves\/\">Madalena Chaves<\/a>\u00a0&#8211; Inria, Sophia Antipolis (France)<br \/>\n<strong>&#8220;Modeling cell response heterogeneity to cancer treatment&#8221;<\/strong> &#8211; <a href=\"https:\/\/project.inria.fr\/ucancer2020\/program\/abstract_roux_chaves\/\" rel=\"attachment wp-att-157\">Abstract<\/a><\/li>\n<li>12:10 &#8211; 12:35\u00a0<a href=\"http:\/\/www.i3s.unice.fr\/~bernot\/index.html\">Gilles Bernot<\/a> &amp; <a href=\"http:\/\/www.i3s.unice.fr\/~comet\/\">Jean-Paul Comet<\/a> &#8211;\u00a0Laboratoire d&#8217;Informatique, Signaux et Syst\u00e8mes, Sophia Antipolis (France)<br \/>\n<strong>&#8220;Towards a qualitative understanding of Cancer metabolism&#8221;<\/strong> &#8211; <a href=\"https:\/\/project.inria.fr\/ucancer2020\/files\/2021\/10\/abstract_bernot_comet.pdf\">Abstract<\/a><\/li>\n<\/ul>\n<p>Lunch<\/p>\n<p><span style=\"background-color: #ccffff;\"><em>Session 6: Industrial transfer: local success stories<\/em><\/span><\/p>\n<ul>\n<li>14:00 &#8211; 14:25\u00a0<a href=\"https:\/\/fr.linkedin.com\/in\/fr%C3%A9d%C3%A9ric-dayan-9733b01b\">Fr\u00e9d\u00e9ric Dayan<\/a>\u00a0&#8211; ExactCure, Nice (France)<\/li>\n<li>14:25 &#8211; 14:50\u00a0<a href=\"http:\/\/univ-cotedazur.fr\/fr\/contents\/chercheurs\/benhida-rachid\">Rachid Benhida<\/a>\u00a0&#8211; Yukin Therapeutics, Nice (France)<\/li>\n<\/ul>\n","protected":false},"excerpt":{"rendered":"<p>Sessions: long talks (45\u2019 including questions) and short talks (25\u2019 including questions). Monday October 25 9:30 &#8211; 10:00 Welcome Session 1: Chemical biology for cancer therapy 10:00 &#8211; 10:45 Rapha\u00ebl Rodriguez\u00a0&#8211; Institut Curie, Paris (France) &#8220;Reprogramming the reactivity of iron in cancer&#8221; &#8211; Abstract 10:45 &#8211; 11:10 Thierry Virolle &#8211;\u2026<\/p>\n<p> <a class=\"continue-reading-link\" href=\"https:\/\/project.inria.fr\/ucancer2020\/program\/\"><span>Continue reading<\/span><i class=\"crycon-right-dir\"><\/i><\/a> <\/p>\n","protected":false},"author":539,"featured_media":0,"parent":0,"menu_order":0,"comment_status":"closed","ping_status":"closed","template":"","meta":{"footnotes":""},"class_list":["post-111","page","type-page","status-publish","hentry"],"_links":{"self":[{"href":"https:\/\/project.inria.fr\/ucancer2020\/wp-json\/wp\/v2\/pages\/111","targetHints":{"allow":["GET"]}}],"collection":[{"href":"https:\/\/project.inria.fr\/ucancer2020\/wp-json\/wp\/v2\/pages"}],"about":[{"href":"https:\/\/project.inria.fr\/ucancer2020\/wp-json\/wp\/v2\/types\/page"}],"author":[{"embeddable":true,"href":"https:\/\/project.inria.fr\/ucancer2020\/wp-json\/wp\/v2\/users\/539"}],"replies":[{"embeddable":true,"href":"https:\/\/project.inria.fr\/ucancer2020\/wp-json\/wp\/v2\/comments?post=111"}],"version-history":[{"count":39,"href":"https:\/\/project.inria.fr\/ucancer2020\/wp-json\/wp\/v2\/pages\/111\/revisions"}],"predecessor-version":[{"id":232,"href":"https:\/\/project.inria.fr\/ucancer2020\/wp-json\/wp\/v2\/pages\/111\/revisions\/232"}],"wp:attachment":[{"href":"https:\/\/project.inria.fr\/ucancer2020\/wp-json\/wp\/v2\/media?parent=111"}],"curies":[{"name":"wp","href":"https:\/\/api.w.org\/{rel}","templated":true}]}}