

{"id":65,"date":"2020-02-11T16:59:26","date_gmt":"2020-02-11T15:59:26","guid":{"rendered":"https:\/\/project.inria.fr\/ucancer2020\/?page_id=65"},"modified":"2020-02-11T16:59:26","modified_gmt":"2020-02-11T15:59:26","slug":"committees","status":"publish","type":"page","link":"https:\/\/project.inria.fr\/ucancer2020\/committees\/","title":{"rendered":"Committees"},"content":{"rendered":"<p>Organizing committee<\/p>\n<ul>\n<li>V\u00e9ronique Braud (IPMC)<\/li>\n<li>Fr\u00e9d\u00e9ric Cazals (Inria)<\/li>\n<li>Maria Duca (ICN)<\/li>\n<li>Isabelle Mus-Veteau (IPMC)<\/li>\n<li>Claude Pasquier (I3S)<\/li>\n<li>Olivier Soriani (iBV)<\/li>\n<\/ul>\n<p><\/p>","protected":false},"excerpt":{"rendered":"<p>Organizing committee V\u00e9ronique Braud (IPMC) Fr\u00e9d\u00e9ric Cazals (Inria) Maria Duca (ICN) Isabelle Mus-Veteau (IPMC) Claude Pasquier (I3S) Olivier Soriani (iBV)<\/p>\n<p> <a class=\"continue-reading-link\" href=\"https:\/\/project.inria.fr\/ucancer2020\/committees\/\"><span>Continue reading<\/span><i class=\"crycon-right-dir\"><\/i><\/a> <\/p>\n","protected":false},"author":539,"featured_media":0,"parent":0,"menu_order":0,"comment_status":"closed","ping_status":"closed","template":"","meta":{"footnotes":""},"class_list":["post-65","page","type-page","status-publish","hentry"],"_links":{"self":[{"href":"https:\/\/project.inria.fr\/ucancer2020\/wp-json\/wp\/v2\/pages\/65","targetHints":{"allow":["GET"]}}],"collection":[{"href":"https:\/\/project.inria.fr\/ucancer2020\/wp-json\/wp\/v2\/pages"}],"about":[{"href":"https:\/\/project.inria.fr\/ucancer2020\/wp-json\/wp\/v2\/types\/page"}],"author":[{"embeddable":true,"href":"https:\/\/project.inria.fr\/ucancer2020\/wp-json\/wp\/v2\/users\/539"}],"replies":[{"embeddable":true,"href":"https:\/\/project.inria.fr\/ucancer2020\/wp-json\/wp\/v2\/comments?post=65"}],"version-history":[{"count":1,"href":"https:\/\/project.inria.fr\/ucancer2020\/wp-json\/wp\/v2\/pages\/65\/revisions"}],"predecessor-version":[{"id":66,"href":"https:\/\/project.inria.fr\/ucancer2020\/wp-json\/wp\/v2\/pages\/65\/revisions\/66"}],"wp:attachment":[{"href":"https:\/\/project.inria.fr\/ucancer2020\/wp-json\/wp\/v2\/media?parent=65"}],"curies":[{"name":"wp","href":"https:\/\/api.w.org\/{rel}","templated":true}]}}