

{"id":69,"date":"2025-08-07T17:08:20","date_gmt":"2025-08-07T15:08:20","guid":{"rendered":"https:\/\/project.inria.fr\/uchic\/?page_id=69"},"modified":"2025-09-18T15:25:35","modified_gmt":"2025-09-18T13:25:35","slug":"publications","status":"publish","type":"page","link":"https:\/\/project.inria.fr\/uchic\/publications\/","title":{"rendered":"Publications"},"content":{"rendered":"\n<ol class=\"wp-block-list\">\n<li>Beno\u00eet Parrein, Cyprien Aoustin, Jean-Marc Rousset, Laurent Toutain. Des nouvelles du fond de la mer. <em>CORES 2025 &#8211; 10\u00e8mes Rencontres Francophones sur la Conception de Protocoles, l&#8217;Evaluation de Performances et l&#8217;Exp\u00e9rimentation des R\u00e9seaux de Communication<\/em>, Jun 2025, Saint Val\u00e9ry sur Somme, France. <a href=\"https:\/\/hal.science\/hal-05035207v2\" target=\"_blank\" rel=\"noreferrer noopener\">\u27e8hal-05035207v2\u27e9<\/a><\/li>\n<\/ol>\n","protected":false},"excerpt":{"rendered":"<p> <a class=\"continue-reading-link\" href=\"https:\/\/project.inria.fr\/uchic\/publications\/\"><span>Continue reading<\/span><i class=\"crycon-right-dir\"><\/i><\/a> <\/p>\n","protected":false},"author":2373,"featured_media":0,"parent":0,"menu_order":0,"comment_status":"closed","ping_status":"closed","template":"","meta":{"footnotes":""},"class_list":["post-69","page","type-page","status-publish","hentry"],"_links":{"self":[{"href":"https:\/\/project.inria.fr\/uchic\/wp-json\/wp\/v2\/pages\/69","targetHints":{"allow":["GET"]}}],"collection":[{"href":"https:\/\/project.inria.fr\/uchic\/wp-json\/wp\/v2\/pages"}],"about":[{"href":"https:\/\/project.inria.fr\/uchic\/wp-json\/wp\/v2\/types\/page"}],"author":[{"embeddable":true,"href":"https:\/\/project.inria.fr\/uchic\/wp-json\/wp\/v2\/users\/2373"}],"replies":[{"embeddable":true,"href":"https:\/\/project.inria.fr\/uchic\/wp-json\/wp\/v2\/comments?post=69"}],"version-history":[{"count":3,"href":"https:\/\/project.inria.fr\/uchic\/wp-json\/wp\/v2\/pages\/69\/revisions"}],"predecessor-version":[{"id":107,"href":"https:\/\/project.inria.fr\/uchic\/wp-json\/wp\/v2\/pages\/69\/revisions\/107"}],"wp:attachment":[{"href":"https:\/\/project.inria.fr\/uchic\/wp-json\/wp\/v2\/media?parent=69"}],"curies":[{"name":"wp","href":"https:\/\/api.w.org\/{rel}","templated":true}]}}