

{"id":64,"date":"2020-10-09T18:40:34","date_gmt":"2020-10-09T16:40:34","guid":{"rendered":"https:\/\/project.inria.fr\/wassap\/?page_id=64"},"modified":"2025-06-19T17:22:40","modified_gmt":"2025-06-19T15:22:40","slug":"publications","status":"publish","type":"page","link":"https:\/\/project.inria.fr\/wassap\/publications\/","title":{"rendered":"Publications"},"content":{"rendered":"<p><\/p>\n<p style=\"text-align: center;\"><strong>Book chapters<\/strong><\/p>\n<ol>\n<li>M. Ali, A. Rivera-Lavado, \u00c1.-J. Pascual-Gracia, D. Gonz\u00e1lez-Ovejero, R. Sauleau, L.-E. Garc\u00eda-Mu\u00f1oz, and G. Carpintero, \u201cAntenna arrays for beamforming,\u201d in <em>THz Communications \u2013 Paving the way towards wireless Tbps<\/em>, T. Kurner, D. Mittleman and T. Nagatsuma, Eds. Springer, 2022.\u00a0<a href=\"https:\/\/doi.org\/10.1007\/978-3-030-73738-2_18\">https:\/\/doi.org\/10.1007\/978-3-030-73738-2_18<\/a><\/li>\n<\/ol>\n<p style=\"text-align: center;\"><strong>Peer-reviewed journal papers<\/strong><\/p>\n<ol>\n<li>\u00c1. J. Pascual, M. Ali, T. Batt\u00e9, F. Ferrero, L. Brochier, O. de Sagazan, F. van Dijk, L. E. Garc\u00eda Mu\u00f1oz, G. Carpintero Del Barrio, R. Sauleau,and D. Gonz\u00e1lez-Ovejero, \u201cPhotonic-enabled beam switching mm-wave antenna array,\u201d <em>J. Lightwave Technol.<\/em>, vol. 40, no. 3, pp. 632-639, Feb. 2022, 2021. <span class=\" aw5Odc\"><a class=\"XqQF9c\" href=\"https:\/\/doi.org\/10.1109\/JLT.2021.3124092\" target=\"_blank\" rel=\"noopener\">https:\/\/doi.org\/10.1109\/JLT.2021.3124092<\/a> . <a href=\"https:\/\/hal.archives-ouvertes.fr\/hal-03480488\/document\">Open access here<\/a>.<\/span><\/li>\n<li>P. Desombre, H. Far\u00e8s and Y. Lou\u00ebt, &#8220;Continuous phase modulation proposal for photonics-wireless sub-THz transmissions,&#8221; <em>IEEE Access<\/em>, vol. 12, pp. 100217-100229, 2024, <a href=\"https:\/\/doi.org\/10.1109\/ACCESS.2024.3431275\">https:\/\/doi.org\/10.1109\/ACCESS.2024.3431275<\/a>.<\/li>\n<li>P. Desombre\u00a0<em>et al<\/em>., &#8220;Corrections to \u201cContinuous Phase Modulation Proposal for Photonics-Wireless Sub-THz Transmissions\u201d,&#8221; <em>IEEE Access<\/em>, vol. 12, pp. 176880-176883, 2024, <a href=\"https:\/\/doi.org\/10.1109\/ACCESS.2024.3502932\">https:\/\/doi.org\/10.1109\/ACCESS.2024.3502932<\/a>.<\/li>\n<li>J. Taillieu\u00a0<em>et al<\/em>., &#8220;High-Data-Rate and Resilient Wireless Links at the W-Band Enabled by All-Metal Spline Horns,&#8221; <em>IEEE Trans. Antennas Propag.<\/em>, vol. 73, no. 3, pp. 1834-1839, March 2025, <a href=\"https:\/\/doi.org\/10.1109\/TAP.2024.3524724\">https:\/\/doi.org\/10.1109\/TAP.2024.3524724<\/a>. <a href=\"https:\/\/univ-rennes.hal.science\/hal-04921450\/\">Open access here<\/a>.<\/li>\n<\/ol>\n<p style=\"text-align: center;\"><strong>International conference papers<\/strong><\/p>\n<ol>\n<li>P. Desombre, H. Far\u00e8s and Y. Lou\u00ebt, \u201cPerformance Comparison of Digital Modulations in the Presence of Gaussian Phase Noise in the Sub-THz Context,\u201d <em>4th Int. Workshop Mobile THz Systems (IWMTS)<\/em>, Essen, Germany, Aug. 2021, pp. 1-5, doi: <a href=\"https:\/\/doi.org\/10.1109\/IWMTS51331.2021.9486786\">https:\/\/doi.org\/10.1109\/IWMTS51331.2021.9486786<\/a>\u00a0.\u00a0<a href=\"https:\/\/hal.archives-ouvertes.fr\/hal-03323900\/document\">Open access here<\/a>.<\/li>\n<li>P. Desombre, H. Far\u00e8s, and Y. Lou\u00ebt \u201cWaveform comparison in the presence of Gaussian Phase Noise in the sub-THz context,\u201d <em>URSI-GASS<\/em>, Aug 2021, Roma, Italy. <a href=\"https:\/\/hal.archives-ouvertes.fr\/hal-03337752\/file\/URSI%20GASS%202021_Extended_Abstract.pdf\">Open access here<\/a>.<\/li>\n<li>J. Taillieu, R. Sauleau, M. Alouini and D. Gonz\u00e1lez-Ovejero, \u201cCavity-backed broadband microstrip antenna array for photonic beam steering at W-band,\u201d\u00a0 <em>16th Eur. Conf. Antennas Propag. (EuCAP)<\/em>, Madrid, Spain, 27 Mar\u00a0&#8211; 1 Apr., 2022.<\/li>\n<li>S. Pakovi\u0107, A.-J. Pascual, W. Fuscaldo, M. Ettorre and D. Gonz\u00e1lez-Ovejero, \u201cExperimental Demonstration of Bessel-Beams Self-Healing at W-Band,\u201d <em>16th Eur. Conf. Antennas Propag. (EuCAP)<\/em>, Madrid, Spain, 27 Mar &#8211; 1 Apr., 2022.<\/li>\n<li>P. Desombre\u00a0<em>et al<\/em>., &#8220;Continuous Phase Modulations for Sub-THz Wireless Communications,&#8221;\u00a0<em>2023 XXXVth General Assembly Sci. Symp. Int. Union Radio Sci. (URSI GASS)<\/em>, Sapporo, Japan, 2023, pp. 1-3, doi: https:\/\/doi.org\/10.23919\/URSIGASS57860.2023.10265666.<\/li>\n<li>J. Taillieu, R. Sauleau, M. Alouini and D. Gonz\u00e1lez-Ovejero, &#8220;Modulated metasurface array for photonic beam steering at W band,&#8221; <em>17th Eur. Conf. Antennas Propag. (EuCAP)<\/em>, Florence, Italy, 2023, pp. 1-4, doi: <a href=\"https:\/\/doi.org\/10.23919\/EuCAP57121.2023.10133650\">https:\/\/doi.org\/10.23919\/EuCAP57121.2023.10133650<\/a>.<\/li>\n<li>J. Taillieu <em>et al.<\/em>, \u201cHigh data-rate sub-THz coherent near-field wireless links enabled by spline-profile Bessel launchers\u201d, <em>18th Eur. Conf. Antennas Propag. (EuCAP)<\/em>, Glasgow, Scotland. <a href=\"https:\/\/www.eucap2024.org\/nomineesoftheeucapbestpaperawards\">Nominated for Best Paper Award<\/a>.<\/li>\n<li>J. Taillieu <em>et al.<\/em>, &#8220;High data-rate sub-THz coherent near-field wireless links enabled by spline-profile Bessel launchers,&#8221; <em>4th URSI AT-RASC<\/em>, Gran Canaria, 19 \u2013 24 May 2024. <a href=\"https:\/\/www.ursi.org\/proceedings\/procAT24\/papers\/0789.pdf\">https:\/\/www.ursi.org\/proceedings\/procAT24\/papers\/0789.pdf<\/a><\/li>\n<\/ol>\n<p style=\"text-align: center;\"><strong>National conference papers<\/strong><\/p>\n<ol>\n<li>R. Cane, J. Taillieu, D. Gonzalez-Ovejero, R. Sauleau, and M. Alouini, \u201cCellule elementaire controlable optiquement pour reseau-transmetteurs en bande X,\u201d <em>Optique Dijon 2021<\/em>, Soci\u00e9t\u00e9 Fran\u00e7aise d&#8217;Optique, Jul 2021, Dijon, France. <a href=\"https:\/\/hal.archives-ouvertes.fr\/hal-03294136\/document\">Open access here<\/a>.<\/li>\n<li>J. Taillieu <em>et al.<\/em>, \u201cR\u00e9seau d\u2019antennes \u00e0 photo-m\u00e9lange pour commutation photonique de faisceau en ondes milim\u00e9triques,\u201d XXII\u00e8mes Journ\u00e9es Nationales Microondes (JNM), 8-10 June 2022, Limoges, France. <a href=\"https:\/\/hal.science\/hal-03700274v1\">Open acces here<\/a>.<\/li>\n<li>J. Taillieu <em>et al.<\/em>, \u201cFaisceaux de Bessel \u00e0 courbes de spline pour les liens sub-milim\u00e9triques coh\u00e9rents en champ proche \u00e0 tr\u00e8s haut d\u00e9bit,\u201d XXIII\u00e8mes Journ\u00e9es Nationales Microondes (JNM), 5\u20137 june 2024 &#8211; Antibes Juan-Les-Pins, France.<\/li>\n<\/ol>\n<p><\/p>","protected":false},"excerpt":{"rendered":"<p>Book chapters M. Ali, A. Rivera-Lavado, \u00c1.-J. Pascual-Gracia, D. Gonz\u00e1lez-Ovejero, R. Sauleau, L.-E. Garc\u00eda-Mu\u00f1oz, and G. Carpintero, \u201cAntenna arrays for beamforming,\u201d in THz Communications \u2013\u2026<\/p>\n<p> <a class=\"continue-reading-link\" href=\"https:\/\/project.inria.fr\/wassap\/publications\/\"><span>Continue reading<\/span><i class=\"crycon-right-dir\"><\/i><\/a> <\/p>\n","protected":false},"author":1754,"featured_media":0,"parent":0,"menu_order":0,"comment_status":"closed","ping_status":"closed","template":"","meta":{"footnotes":""},"class_list":["post-64","page","type-page","status-publish","hentry"],"_links":{"self":[{"href":"https:\/\/project.inria.fr\/wassap\/wp-json\/wp\/v2\/pages\/64","targetHints":{"allow":["GET"]}}],"collection":[{"href":"https:\/\/project.inria.fr\/wassap\/wp-json\/wp\/v2\/pages"}],"about":[{"href":"https:\/\/project.inria.fr\/wassap\/wp-json\/wp\/v2\/types\/page"}],"author":[{"embeddable":true,"href":"https:\/\/project.inria.fr\/wassap\/wp-json\/wp\/v2\/users\/1754"}],"replies":[{"embeddable":true,"href":"https:\/\/project.inria.fr\/wassap\/wp-json\/wp\/v2\/comments?post=64"}],"version-history":[{"count":12,"href":"https:\/\/project.inria.fr\/wassap\/wp-json\/wp\/v2\/pages\/64\/revisions"}],"predecessor-version":[{"id":295,"href":"https:\/\/project.inria.fr\/wassap\/wp-json\/wp\/v2\/pages\/64\/revisions\/295"}],"wp:attachment":[{"href":"https:\/\/project.inria.fr\/wassap\/wp-json\/wp\/v2\/media?parent=64"}],"curies":[{"name":"wp","href":"https:\/\/api.w.org\/{rel}","templated":true}]}}